{"id":6817,"date":"2025-05-14T12:02:34","date_gmt":"2025-05-14T10:02:34","guid":{"rendered":"https:\/\/staging.visitorsa.se\/accommodation-in-orsa\/fryksas-hotel-gestgifveri\/"},"modified":"2025-05-14T12:08:12","modified_gmt":"2025-05-14T10:08:12","slug":"fryksas-hotel-gestgifveri","status":"publish","type":"page","link":"https:\/\/visitorsa.se\/en\/accommodation-in-orsa\/fryksas-hotel-gestgifveri\/","title":{"rendered":"Fryks\u00e5s Hotel &amp; Gestgifveri"},"content":{"rendered":"\n<style type=\"text\/css\" data-created_by=\"avia_inline_auto\" id=\"style-css-av-4ae4w-df72feb9ee13182ef8fa353b23813b86\">\n.flex_column.av-4ae4w-df72feb9ee13182ef8fa353b23813b86{\n-webkit-border-radius:0px 0px 0px 0px;\n-moz-border-radius:0px 0px 0px 0px;\nborder-radius:0px 0px 0px 0px;\npadding:0px 0px 0px 0px;\n}\n<\/style>\n<div class='flex_column av-4ae4w-df72feb9ee13182ef8fa353b23813b86 av_one_half  avia-builder-el-0  el_before_av_one_half  avia-builder-el-first  first flex_column_div av-zero-column-padding '     ><style type=\"text\/css\" data-created_by=\"avia_inline_auto\" id=\"style-css-av-kgf1874x-acf6f44e104fcb9a4e2b6f7fc2a63318\">\n.avia-image-container.av-kgf1874x-acf6f44e104fcb9a4e2b6f7fc2a63318 img.avia_image{\nbox-shadow:none;\n}\n.avia-image-container.av-kgf1874x-acf6f44e104fcb9a4e2b6f7fc2a63318 .av-image-caption-overlay-center{\ncolor:#ffffff;\n}\n<\/style>\n<div  class='avia-image-container av-kgf1874x-acf6f44e104fcb9a4e2b6f7fc2a63318 av-styling- avia-align-center  avia-builder-el-1  avia-builder-el-no-sibling '   itemprop=\"image\" itemscope=\"itemscope\" itemtype=\"https:\/\/schema.org\/ImageObject\" ><div class=\"avia-image-container-inner\"><div class=\"avia-image-overlay-wrap\"><img decoding=\"async\" class='wp-image-200925 avia-img-lazy-loading-not-200925 avia_image ' src=\"https:\/\/visitorsa.se\/app\/uploads\/2023\/10\/Fryksas-hotell-1-scaled.jpg\" alt='' title='Fryks\u00e5s hotell 1'  height=\"1440\" width=\"2560\"  itemprop=\"thumbnailUrl\" srcset=\"https:\/\/visitorsa.se\/app\/uploads\/2023\/10\/Fryksas-hotell-1-scaled.jpg 2560w, https:\/\/visitorsa.se\/app\/uploads\/2023\/10\/Fryksas-hotell-1-300x169.jpg 300w, https:\/\/visitorsa.se\/app\/uploads\/2023\/10\/Fryksas-hotell-1-1030x579.jpg 1030w, https:\/\/visitorsa.se\/app\/uploads\/2023\/10\/Fryksas-hotell-1-768x432.jpg 768w, https:\/\/visitorsa.se\/app\/uploads\/2023\/10\/Fryksas-hotell-1-1536x864.jpg 1536w, https:\/\/visitorsa.se\/app\/uploads\/2023\/10\/Fryksas-hotell-1-2048x1152.jpg 2048w, https:\/\/visitorsa.se\/app\/uploads\/2023\/10\/Fryksas-hotell-1-1500x844.jpg 1500w, https:\/\/visitorsa.se\/app\/uploads\/2023\/10\/Fryksas-hotell-1-705x397.jpg 705w\" sizes=\"(max-width: 2560px) 100vw, 2560px\" \/><\/div><\/div><\/div><\/div>\n\n<style type=\"text\/css\" data-created_by=\"avia_inline_auto\" id=\"style-css-av-aupcw0-b252b444939f1c6223e79e5b57074446\">\n.flex_column.av-aupcw0-b252b444939f1c6223e79e5b57074446{\n-webkit-border-radius:0px 0px 0px 0px;\n-moz-border-radius:0px 0px 0px 0px;\nborder-radius:0px 0px 0px 0px;\npadding:0px 0px 0px 0px;\n}\n<\/style>\n<div class='flex_column av-aupcw0-b252b444939f1c6223e79e5b57074446 av_one_half  avia-builder-el-2  el_after_av_one_half  el_before_av_one_full  flex_column_div av-zero-column-padding '     ><section  class='av_textblock_section av-kgf1e6kl-b5e14719b34d36133fc039acb7a114af'  itemscope=\"itemscope\" itemtype=\"https:\/\/schema.org\/CreativeWork\" ><div class='avia_textblock'  itemprop=\"text\" ><h1 class=\"w44 bcf cn\">Fryks\u00e5s Hotell &amp; Gestgifveri<\/h1>\n<h2>&#8211; tradition och nya upplevelser<\/h2>\n<p>I historisk f\u00e4bodmilj\u00f6, med en storslagen utsikt \u00f6ver sj\u00f6ar och bl\u00e5nande berg och med naturen utanf\u00f6r knuten, \u00e4r Fryks\u00e5s Hotell &amp; Gestgifveri den perfekta basen f\u00f6r nya upplevelser i traditionsrika Dalarna.<br \/>\nSedan januari 2023 \u00e4gs och drivs hotellet av meriterade kocken Mathias Herlev Hansson och VD Petter Kylberg i Ekensdal Restauranger. Den dagliga verksamheten leds av Restaurangchef Linda Markusson och K\u00f6kschef Erik Redemo. V\u00e5r ambition \u00e4r att forts\u00e4tta bygga p\u00e5 den tradition av riktigt bra mat och engagerad service som k\u00e4nnetecknar hotellet, och att utveckla boendet<br \/>\noch m\u00f6tesplatsen till att bli en favorit hos s\u00e5v\u00e4l f\u00f6retag som semesterfirare och restaurangbes\u00f6kare.<br \/>\nOavsett om du letar efter en kulturell, smakrik, avkopplande eller aktiv semester, en fantastisk milj\u00f6 f\u00f6r att fira en h\u00f6gtid eller en inspirerande milj\u00f6 f\u00f6r dig och dina kollegor, hj\u00e4lper vi g\u00e4rna till att f\u00f6rverkliga dina dr\u00f6mmar och planer.<br \/>\nV\u00e5rt m\u00e5l \u00e4r att ge dig en vistelse att minnas. V\u00e4lkommen!<\/p>\n<p><strong>Telefon<\/strong> 0250-46020<br \/>\n<strong>Epost: <\/strong>info@fryksashotell.se<\/p>\n<p><strong>Adress<\/strong><br \/>\nFryks\u00e5s<br \/>\n794 90 Orsa<\/p>\n<p><strong>Koordinater till GPS-enhet<br \/>\n<\/strong>Latitude: 61,193234<br \/>\nLongitude: 14,531089<\/p>\n<\/div><\/section><br \/>\n<br \/>\n<div  class='avia-button-wrap avia-button-center  avia-builder-el-5  el_after_av_codeblock  avia-builder-el-last ' >\n<style type=\"text\/css\" data-created_by=\"avia_inline_auto\" id=\"style-css-av-kgf1wc7j-1941feedb3d3aa635fe03fc9e7aec589\">\n#top #wrap_all .avia-button.av-kgf1wc7j-1941feedb3d3aa635fe03fc9e7aec589{\ncolor:#ffffff;\n-webkit-transition:all 0.4s ease-in-out;\n-moz-transition:all 0.4s ease-in-out;\n-ms-transition:all 0.4s ease-in-out;\n-o-transition:all 0.4s ease-in-out;\ntransition:all 0.4s ease-in-out;\n}\n#top #wrap_all .avia-button.av-kgf1wc7j-1941feedb3d3aa635fe03fc9e7aec589:hover{\ncolor:#ffffff;\n-webkit-transition:all 0.4s ease-in-out;\n-moz-transition:all 0.4s ease-in-out;\n-ms-transition:all 0.4s ease-in-out;\n-o-transition:all 0.4s ease-in-out;\ntransition:all 0.4s ease-in-out;\n}\n<\/style>\n<a href='https:\/\/fryksashotell.se\/' class='avia-color-theme-color avia-button avia-button-fullwidth av-kgf1wc7j-1941feedb3d3aa635fe03fc9e7aec589 avia-icon_select-yes-left-icon avia-color-theme-color' ><span class='avia_button_icon avia_button_icon_left' aria-hidden='true' data-av_icon='\ue832' data-av_iconfont='entypo-fontello'><\/span><span class='avia_iconbox_title' >  Visit our website<\/span><span class='avia_button_background avia-button avia-button-fullwidth avia-color-theme-color-highlight'><\/span><\/a><\/div><\/p><\/div>\n\n<style type=\"text\/css\" data-created_by=\"avia_inline_auto\" id=\"style-css-av-6d4ygg-db790e9493201a1d2f9d8b3dfe30decc\">\n.flex_column.av-6d4ygg-db790e9493201a1d2f9d8b3dfe30decc{\n-webkit-border-radius:0px 0px 0px 0px;\n-moz-border-radius:0px 0px 0px 0px;\nborder-radius:0px 0px 0px 0px;\npadding:0px 0px 0px 0px;\n}\n<\/style>\n<div class='flex_column av-6d4ygg-db790e9493201a1d2f9d8b3dfe30decc av_one_full  avia-builder-el-6  el_after_av_one_half  avia-builder-el-last  first flex_column_div av-zero-column-padding column-top-margin'     ><p>\n<style type=\"text\/css\" data-created_by=\"avia_inline_auto\" id=\"style-css-av-kgf1j3ru-45722911f5d176594373ba7742623bb2\">\n#top .avia-gallery.av-kgf1j3ru-45722911f5d176594373ba7742623bb2 .avia-gallery-thumb a{\nwidth:25%;\n}\n<\/style>\n<div  class='avia-gallery av-kgf1j3ru-45722911f5d176594373ba7742623bb2 avia_animate_when_visible  avia-builder-el-7  el_before_av_hr  avia-builder-el-first  avia_lazyload avia-gallery-animate avia-gallery-1'  itemprop=\"image\" itemscope=\"itemscope\" itemtype=\"https:\/\/schema.org\/ImageObject\" ><meta itemprop=\"contentURL\" content=\"https:\/\/visitorsa.se\/en\/accommodation-in-orsa\/fryksas-hotel-gestgifveri\/\"><div class='avia-gallery-thumb'><a href=\"https:\/\/visitorsa.se\/app\/uploads\/2023\/10\/Fryksas-hotell-4-820x1030.png\" data-srcset=\"https:\/\/visitorsa.se\/app\/uploads\/2023\/10\/Fryksas-hotell-4-820x1030.png 820w, https:\/\/visitorsa.se\/app\/uploads\/2023\/10\/Fryksas-hotell-4-239x300.png 239w, https:\/\/visitorsa.se\/app\/uploads\/2023\/10\/Fryksas-hotell-4-768x965.png 768w, https:\/\/visitorsa.se\/app\/uploads\/2023\/10\/Fryksas-hotell-4-1223x1536.png 1223w, https:\/\/visitorsa.se\/app\/uploads\/2023\/10\/Fryksas-hotell-4-1194x1500.png 1194w, https:\/\/visitorsa.se\/app\/uploads\/2023\/10\/Fryksas-hotell-4-561x705.png 561w, https:\/\/visitorsa.se\/app\/uploads\/2023\/10\/Fryksas-hotell-4.png 1604w\" data-sizes=\"(max-width: 820px) 100vw, 820px\" data-rel='gallery-1' data-prev-img='https:\/\/visitorsa.se\/app\/uploads\/2023\/10\/Fryksas-hotell-4-495x400.png' class='first_thumb lightbox ' data-onclick='1' title='Fryks\u00e5s hotell 4'  itemprop=\"thumbnailUrl\"  ><img decoding=\"async\" class=\"wp-image-200935 avia-img-lazy-loading-not-200935\"   src=\"https:\/\/visitorsa.se\/app\/uploads\/2023\/10\/Fryksas-hotell-4-495x400.png\" width=\"495\" height=\"400\"  title='Fryks\u00e5s hotell 4' alt='Visit Orsa' srcset=\"https:\/\/visitorsa.se\/app\/uploads\/2023\/10\/Fryksas-hotell-4-495x400.png 495w, https:\/\/visitorsa.se\/app\/uploads\/2023\/10\/Fryksas-hotell-4-845x684.png 845w\" sizes=\"(max-width: 495px) 100vw, 495px\" \/><div class='big-prev-fake'><img loading=\"lazy\" decoding=\"async\" class=\"wp-image-200935 avia-img-lazy-loading-200935\"  width=\"495\" height=\"400\" src=\"https:\/\/visitorsa.se\/app\/uploads\/2023\/10\/Fryksas-hotell-4-495x400.png\" title='Fryks\u00e5s hotell 4' alt='Visit Orsa' srcset=\"https:\/\/visitorsa.se\/app\/uploads\/2023\/10\/Fryksas-hotell-4-495x400.png 495w, https:\/\/visitorsa.se\/app\/uploads\/2023\/10\/Fryksas-hotell-4-845x684.png 845w\" sizes=\"auto, (max-width: 495px) 100vw, 495px\" \/><\/div><\/a><a href=\"https:\/\/visitorsa.se\/app\/uploads\/2023\/10\/Fryksas-hotell-3-773x1030.jpg\" data-srcset=\"https:\/\/visitorsa.se\/app\/uploads\/2023\/10\/Fryksas-hotell-3-773x1030.jpg 773w, https:\/\/visitorsa.se\/app\/uploads\/2023\/10\/Fryksas-hotell-3-225x300.jpg 225w, https:\/\/visitorsa.se\/app\/uploads\/2023\/10\/Fryksas-hotell-3-768x1024.jpg 768w, https:\/\/visitorsa.se\/app\/uploads\/2023\/10\/Fryksas-hotell-3-1152x1536.jpg 1152w, https:\/\/visitorsa.se\/app\/uploads\/2023\/10\/Fryksas-hotell-3-1536x2048.jpg 1536w, https:\/\/visitorsa.se\/app\/uploads\/2023\/10\/Fryksas-hotell-3-1125x1500.jpg 1125w, https:\/\/visitorsa.se\/app\/uploads\/2023\/10\/Fryksas-hotell-3-529x705.jpg 529w, https:\/\/visitorsa.se\/app\/uploads\/2023\/10\/Fryksas-hotell-3-scaled.jpg 1920w\" data-sizes=\"(max-width: 773px) 100vw, 773px\" data-rel='gallery-1' data-prev-img='https:\/\/visitorsa.se\/app\/uploads\/2023\/10\/Fryksas-hotell-3-495x400.jpg' class='lightbox ' data-onclick='2' title='Fryks\u00e5s hotell 3'  itemprop=\"thumbnailUrl\"  ><img decoding=\"async\" class=\"wp-image-200932 avia-img-lazy-loading-not-200932\"   src=\"https:\/\/visitorsa.se\/app\/uploads\/2023\/10\/Fryksas-hotell-3-495x400.jpg\" width=\"495\" height=\"400\"  title='Fryks\u00e5s hotell 3' alt='Visit Orsa' srcset=\"https:\/\/visitorsa.se\/app\/uploads\/2023\/10\/Fryksas-hotell-3-495x400.jpg 495w, https:\/\/visitorsa.se\/app\/uploads\/2023\/10\/Fryksas-hotell-3-845x684.jpg 845w\" sizes=\"(max-width: 495px) 100vw, 495px\" \/><div class='big-prev-fake'><img loading=\"lazy\" decoding=\"async\" class=\"wp-image-200932 avia-img-lazy-loading-200932\"  width=\"495\" height=\"400\" src=\"https:\/\/visitorsa.se\/app\/uploads\/2023\/10\/Fryksas-hotell-3-495x400.jpg\" title='Fryks\u00e5s hotell 3' alt='Visit Orsa' srcset=\"https:\/\/visitorsa.se\/app\/uploads\/2023\/10\/Fryksas-hotell-3-495x400.jpg 495w, https:\/\/visitorsa.se\/app\/uploads\/2023\/10\/Fryksas-hotell-3-845x684.jpg 845w\" sizes=\"auto, (max-width: 495px) 100vw, 495px\" \/><\/div><\/a><a href=\"https:\/\/visitorsa.se\/app\/uploads\/2023\/10\/Fryksas-hotell-2-1030x687.jpg\" data-srcset=\"https:\/\/visitorsa.se\/app\/uploads\/2023\/10\/Fryksas-hotell-2-1030x687.jpg 1030w, https:\/\/visitorsa.se\/app\/uploads\/2023\/10\/Fryksas-hotell-2-300x200.jpg 300w, https:\/\/visitorsa.se\/app\/uploads\/2023\/10\/Fryksas-hotell-2-768x512.jpg 768w, https:\/\/visitorsa.se\/app\/uploads\/2023\/10\/Fryksas-hotell-2-705x470.jpg 705w, https:\/\/visitorsa.se\/app\/uploads\/2023\/10\/Fryksas-hotell-2.jpg 1200w\" data-sizes=\"(max-width: 1030px) 100vw, 1030px\" data-rel='gallery-1' data-prev-img='https:\/\/visitorsa.se\/app\/uploads\/2023\/10\/Fryksas-hotell-2-495x400.jpg' class='lightbox ' data-onclick='3' title='Fryks\u00e5s hotell 2'  itemprop=\"thumbnailUrl\"  ><img decoding=\"async\" class=\"wp-image-200929 avia-img-lazy-loading-not-200929\"   src=\"https:\/\/visitorsa.se\/app\/uploads\/2023\/10\/Fryksas-hotell-2-495x400.jpg\" width=\"495\" height=\"400\"  title='Fryks\u00e5s hotell 2' alt='Visit Orsa' srcset=\"https:\/\/visitorsa.se\/app\/uploads\/2023\/10\/Fryksas-hotell-2-495x400.jpg 495w, https:\/\/visitorsa.se\/app\/uploads\/2023\/10\/Fryksas-hotell-2-845x684.jpg 845w\" sizes=\"(max-width: 495px) 100vw, 495px\" \/><div class='big-prev-fake'><img loading=\"lazy\" decoding=\"async\" class=\"wp-image-200929 avia-img-lazy-loading-200929\"  width=\"495\" height=\"400\" src=\"https:\/\/visitorsa.se\/app\/uploads\/2023\/10\/Fryksas-hotell-2-495x400.jpg\" title='Fryks\u00e5s hotell 2' alt='Visit Orsa' srcset=\"https:\/\/visitorsa.se\/app\/uploads\/2023\/10\/Fryksas-hotell-2-495x400.jpg 495w, https:\/\/visitorsa.se\/app\/uploads\/2023\/10\/Fryksas-hotell-2-845x684.jpg 845w\" sizes=\"auto, (max-width: 495px) 100vw, 495px\" \/><\/div><\/a><a href=\"https:\/\/visitorsa.se\/app\/uploads\/2023\/10\/Fryksas-hotell-5-1030x687.jpg\" data-srcset=\"https:\/\/visitorsa.se\/app\/uploads\/2023\/10\/Fryksas-hotell-5-1030x687.jpg 1030w, https:\/\/visitorsa.se\/app\/uploads\/2023\/10\/Fryksas-hotell-5-300x200.jpg 300w, https:\/\/visitorsa.se\/app\/uploads\/2023\/10\/Fryksas-hotell-5-768x512.jpg 768w, https:\/\/visitorsa.se\/app\/uploads\/2023\/10\/Fryksas-hotell-5-705x470.jpg 705w, https:\/\/visitorsa.se\/app\/uploads\/2023\/10\/Fryksas-hotell-5.jpg 1200w\" data-sizes=\"(max-width: 1030px) 100vw, 1030px\" data-rel='gallery-1' data-prev-img='https:\/\/visitorsa.se\/app\/uploads\/2023\/10\/Fryksas-hotell-5-495x400.jpg' class='lightbox ' data-onclick='4' title='Fryks\u00e5s hotell 5'  itemprop=\"thumbnailUrl\"  ><img decoding=\"async\" class=\"wp-image-200970 avia-img-lazy-loading-not-200970\"   src=\"https:\/\/visitorsa.se\/app\/uploads\/2023\/10\/Fryksas-hotell-5-495x400.jpg\" width=\"495\" height=\"400\"  title='Fryks\u00e5s hotell 5' alt='Visit Orsa' srcset=\"https:\/\/visitorsa.se\/app\/uploads\/2023\/10\/Fryksas-hotell-5-495x400.jpg 495w, https:\/\/visitorsa.se\/app\/uploads\/2023\/10\/Fryksas-hotell-5-845x684.jpg 845w\" sizes=\"(max-width: 495px) 100vw, 495px\" \/><div class='big-prev-fake'><img loading=\"lazy\" decoding=\"async\" class=\"wp-image-200970 avia-img-lazy-loading-200970\"  width=\"495\" height=\"400\" src=\"https:\/\/visitorsa.se\/app\/uploads\/2023\/10\/Fryksas-hotell-5-495x400.jpg\" title='Fryks\u00e5s hotell 5' alt='Visit Orsa' srcset=\"https:\/\/visitorsa.se\/app\/uploads\/2023\/10\/Fryksas-hotell-5-495x400.jpg 495w, https:\/\/visitorsa.se\/app\/uploads\/2023\/10\/Fryksas-hotell-5-845x684.jpg 845w\" sizes=\"auto, (max-width: 495px) 100vw, 495px\" \/><\/div><\/a><a href=\"https:\/\/visitorsa.se\/app\/uploads\/2023\/10\/Fryksas-hotell-6-1030x687.jpg\" data-srcset=\"https:\/\/visitorsa.se\/app\/uploads\/2023\/10\/Fryksas-hotell-6-1030x687.jpg 1030w, https:\/\/visitorsa.se\/app\/uploads\/2023\/10\/Fryksas-hotell-6-300x200.jpg 300w, https:\/\/visitorsa.se\/app\/uploads\/2023\/10\/Fryksas-hotell-6-768x512.jpg 768w, https:\/\/visitorsa.se\/app\/uploads\/2023\/10\/Fryksas-hotell-6-705x470.jpg 705w, https:\/\/visitorsa.se\/app\/uploads\/2023\/10\/Fryksas-hotell-6.jpg 1200w\" data-sizes=\"(max-width: 1030px) 100vw, 1030px\" data-rel='gallery-1' data-prev-img='https:\/\/visitorsa.se\/app\/uploads\/2023\/10\/Fryksas-hotell-6-495x400.jpg' class='first_thumb lightbox ' data-onclick='5' title='Fryks\u00e5s hotell 6'  itemprop=\"thumbnailUrl\"  ><img decoding=\"async\" class=\"wp-image-200975 avia-img-lazy-loading-not-200975\"   src=\"https:\/\/visitorsa.se\/app\/uploads\/2023\/10\/Fryksas-hotell-6-495x400.jpg\" width=\"495\" height=\"400\"  title='Fryks\u00e5s hotell 6' alt='Visit Orsa' srcset=\"https:\/\/visitorsa.se\/app\/uploads\/2023\/10\/Fryksas-hotell-6-495x400.jpg 495w, https:\/\/visitorsa.se\/app\/uploads\/2023\/10\/Fryksas-hotell-6-845x684.jpg 845w\" sizes=\"(max-width: 495px) 100vw, 495px\" \/><div class='big-prev-fake'><img loading=\"lazy\" decoding=\"async\" class=\"wp-image-200975 avia-img-lazy-loading-200975\"  width=\"495\" height=\"400\" src=\"https:\/\/visitorsa.se\/app\/uploads\/2023\/10\/Fryksas-hotell-6-495x400.jpg\" title='Fryks\u00e5s hotell 6' alt='Visit Orsa' srcset=\"https:\/\/visitorsa.se\/app\/uploads\/2023\/10\/Fryksas-hotell-6-495x400.jpg 495w, https:\/\/visitorsa.se\/app\/uploads\/2023\/10\/Fryksas-hotell-6-845x684.jpg 845w\" sizes=\"auto, (max-width: 495px) 100vw, 495px\" \/><\/div><\/a><\/div><\/div><br \/>\n<div  class='hr av-q02kg-929231cc3f5975b5640180b17a981cbc hr-default  avia-builder-el-8  el_after_av_gallery  avia-builder-el-last '><span class='hr-inner '><span class=\"hr-inner-style\"><\/span><\/span><\/div><\/p><\/div>\n","protected":false},"excerpt":{"rendered":"","protected":false},"author":1,"featured_media":200925,"parent":6427,"menu_order":0,"comment_status":"closed","ping_status":"closed","template":"","meta":{"footnotes":""},"categories":[83],"tags":[116],"class_list":["post-6817","page","type-page","status-publish","has-post-thumbnail","hentry","category-accommodation-in-orsa","tag-hotel-en"],"_links":{"self":[{"href":"https:\/\/visitorsa.se\/en\/wp-json\/wp\/v2\/pages\/6817","targetHints":{"allow":["GET"]}}],"collection":[{"href":"https:\/\/visitorsa.se\/en\/wp-json\/wp\/v2\/pages"}],"about":[{"href":"https:\/\/visitorsa.se\/en\/wp-json\/wp\/v2\/types\/page"}],"author":[{"embeddable":true,"href":"https:\/\/visitorsa.se\/en\/wp-json\/wp\/v2\/users\/1"}],"replies":[{"embeddable":true,"href":"https:\/\/visitorsa.se\/en\/wp-json\/wp\/v2\/comments?post=6817"}],"version-history":[{"count":21,"href":"https:\/\/visitorsa.se\/en\/wp-json\/wp\/v2\/pages\/6817\/revisions"}],"predecessor-version":[{"id":213333,"href":"https:\/\/visitorsa.se\/en\/wp-json\/wp\/v2\/pages\/6817\/revisions\/213333"}],"up":[{"embeddable":true,"href":"https:\/\/visitorsa.se\/en\/wp-json\/wp\/v2\/pages\/6427"}],"wp:featuredmedia":[{"embeddable":true,"href":"https:\/\/visitorsa.se\/en\/wp-json\/wp\/v2\/media\/200925"}],"wp:attachment":[{"href":"https:\/\/visitorsa.se\/en\/wp-json\/wp\/v2\/media?parent=6817"}],"wp:term":[{"taxonomy":"category","embeddable":true,"href":"https:\/\/visitorsa.se\/en\/wp-json\/wp\/v2\/categories?post=6817"},{"taxonomy":"post_tag","embeddable":true,"href":"https:\/\/visitorsa.se\/en\/wp-json\/wp\/v2\/tags?post=6817"}],"curies":[{"name":"wp","href":"https:\/\/api.w.org\/{rel}","templated":true}]}}