{"id":6769,"date":"2025-05-14T12:02:39","date_gmt":"2025-05-14T10:02:39","guid":{"rendered":"https:\/\/staging.visitorsa.se\/tourist-attractions\/"},"modified":"2025-05-14T12:06:25","modified_gmt":"2025-05-14T10:06:25","slug":"tourist-attractions","status":"publish","type":"page","link":"https:\/\/visitorsa.se\/en\/tourist-attractions\/","title":{"rendered":"Tourist sights"},"content":{"rendered":"\n<style type=\"text\/css\" data-created_by=\"avia_inline_auto\" id=\"style-css-av-3i7rem-1964ddf4bec88c048fa50c0f8cd13ada\">\n.flex_column.av-3i7rem-1964ddf4bec88c048fa50c0f8cd13ada{\n-webkit-border-radius:0px 0px 0px 0px;\n-moz-border-radius:0px 0px 0px 0px;\nborder-radius:0px 0px 0px 0px;\npadding:0px 0px 0px 0px;\n}\n<\/style>\n<div class='flex_column av-3i7rem-1964ddf4bec88c048fa50c0f8cd13ada av_one_full  avia-builder-el-0  el_before_av_masonry_entries  avia-builder-el-no-sibling  first flex_column_div av-zero-column-padding '     ><section  class='av_textblock_section av-kgght6t2-8211c234dcd6b5a6980d927586733147'  itemscope=\"itemscope\" itemtype=\"https:\/\/schema.org\/CreativeWork\" ><div class='avia_textblock'  itemprop=\"text\" ><h3>Tourist attractions<\/h3>\n<p>Here you have found just right! Orsa and the surrounding area is mainly popular for its magnificent nature. Here, visitors can take part in the power of nature in mountains close to the mountains, sea life around Orsasj\u00f6n, in nature reserves and miles of forest landscapes with many easily accessible excursion destinations. &#8220;The soul fits so well in Orsa&#8217;s air&#8221;, as one local resident puts it.<\/p>\n<\/div><\/section><\/div>\n<div id='av-masonry-1' class='av-masonry av-kgghagwd-d61814114bd00d985c53fafa9900efcc noHover av-fixed-size av-large-gap av-hover-overlay-active av-masonry-animation-active av-masonry-col-4 av-caption-always av-caption-style- av-masonry-entries av-medium-columns-overwrite av-medium-columns-4 av-small-columns-overwrite av-small-columns-3 av-mini-columns-overwrite av-mini-columns-2 '><div class=\"av-masonry-container isotope av-js-disabled\"><div class='av-masonry-entry isotope-item av-masonry-item-no-image all_sort activities-in-orsa_sort  in-and-around-orsa_sort '><\/div><a href=\"https:\/\/visitorsa.se\/en\/activities-in-orsa\/enans-valley\/\"  id='av-masonry-1-item-6738' data-av-masonry-item='6738' class='av-masonry-entry isotope-item post-6738 page type-page status-publish hentry category-activities-in-orsa category-in-and-around-orsa tag-activities tag-tourist-attractions all_sort activities-in-orsa_sort  in-and-around-orsa_sort  av-masonry-item-no-image' title=\"En\u00e5ns dalg\u00e5ng\"   itemscope=\"itemscope\" itemtype=\"https:\/\/schema.org\/CreativeWork\" ><div class='av-inner-masonry-sizer'><\/div><figure class='av-inner-masonry main_color'><figcaption class='av-inner-masonry-content site-background'><div class='av-inner-masonry-content-pos'><div class='av-inner-masonry-content-pos-content'><div class='avia-arrow'><\/div><h3 class='av-masonry-entry-title entry-title '  itemprop=\"headline\" >En\u00e5ns dalg\u00e5ng<\/h3><\/div><\/div><\/figcaption><\/figure><\/a><!--end av-masonry entry--><a href=\"https:\/\/visitorsa.se\/en\/fagelsjo-gammelgard\/\"  id='av-masonry-1-item-6496' data-av-masonry-item='6496' class='av-masonry-entry isotope-item post-6496 page type-page status-publish has-post-thumbnail hentry category-in-and-around-orsa all_sort in-and-around-orsa_sort  av-masonry-item-with-image' title=\"F\u00e5gelsj\u00f6 gammelg\u00e5rd 1\"   itemscope=\"itemscope\" itemtype=\"https:\/\/schema.org\/CreativeWork\" ><div class='av-inner-masonry-sizer'><\/div><figure class='av-inner-masonry main_color'><div class=\"av-masonry-outerimage-container\"><div class='av-masonry-image-container' style=\"background-image: url(https:\/\/visitorsa.se\/app\/uploads\/2022\/06\/Fagelsjo-gammelgard-1-705x494.webp);\"  title=\"F\u00e5gelsj\u00f6 gammelg\u00e5rd 1\"   alt=\"Visit Orsa\" ><\/div><\/div><figcaption class='av-inner-masonry-content site-background'><div class='av-inner-masonry-content-pos'><div class='av-inner-masonry-content-pos-content'><div class='avia-arrow'><\/div><h3 class='av-masonry-entry-title entry-title '  itemprop=\"headline\" >F\u00e5gelsj\u00f6 Gammelg\u00e5rd<\/h3><\/div><\/div><\/figcaption><\/figure><\/a><!--end av-masonry entry--><a href=\"https:\/\/visitorsa.se\/en\/activities-in-orsa\/hells-case\/\"  id='av-masonry-1-item-6706' data-av-masonry-item='6706' class='av-masonry-entry isotope-item post-6706 page type-page status-publish hentry category-activities-in-orsa category-in-and-around-orsa tag-activities all_sort activities-in-orsa_sort  in-and-around-orsa_sort  av-masonry-item-no-image' title=\"Helvetesfallet\"   itemscope=\"itemscope\" itemtype=\"https:\/\/schema.org\/CreativeWork\" ><div class='av-inner-masonry-sizer'><\/div><figure class='av-inner-masonry main_color'><figcaption class='av-inner-masonry-content site-background'><div class='av-inner-masonry-content-pos'><div class='av-inner-masonry-content-pos-content'><div class='avia-arrow'><\/div><h3 class='av-masonry-entry-title entry-title '  itemprop=\"headline\" >Helvetesfallet<\/h3><\/div><\/div><\/figcaption><\/figure><\/a><!--end av-masonry entry--><a href=\"https:\/\/visitorsa.se\/en\/lindanget\/\"  id='av-masonry-1-item-53531' data-av-masonry-item='53531' class='av-masonry-entry isotope-item post-53531 page type-page status-publish has-post-thumbnail hentry category-activities-in-orsa category-in-and-around-orsa all_sort activities-in-orsa_sort  in-and-around-orsa_sort  av-masonry-item-with-image' title=\"MaxResDefault\"   itemscope=\"itemscope\" itemtype=\"https:\/\/schema.org\/CreativeWork\" ><div class='av-inner-masonry-sizer'><\/div><figure class='av-inner-masonry main_color'><div class=\"av-masonry-outerimage-container\"><div class='av-masonry-image-container' style=\"background-image: url(https:\/\/visitorsa.se\/app\/uploads\/2022\/08\/maxresdefault-705x397.jpg);\"  title=\"MaxResDefault\"  ><\/div><\/div><figcaption class='av-inner-masonry-content site-background'><div class='av-inner-masonry-content-pos'><div class='av-inner-masonry-content-pos-content'><div class='avia-arrow'><\/div><h3 class='av-masonry-entry-title entry-title '  itemprop=\"headline\" >Lind\u00e4nget<\/h3><\/div><\/div><\/figcaption><\/figure><\/a><!--end av-masonry entry--><a href=\"https:\/\/visitorsa.se\/en\/tourist-attractions\/orsa-hembygdsgard\/\"  id='av-masonry-1-item-6751' data-av-masonry-item='6751' class='av-masonry-entry isotope-item post-6751 page type-page status-publish hentry category-in-and-around-orsa tag-activities all_sort in-and-around-orsa_sort  av-masonry-item-no-image' title=\"Orsa Hembygdsg\u00e5rd\"   itemscope=\"itemscope\" itemtype=\"https:\/\/schema.org\/CreativeWork\" ><div class='av-inner-masonry-sizer'><\/div><figure class='av-inner-masonry main_color'><figcaption class='av-inner-masonry-content site-background'><div class='av-inner-masonry-content-pos'><div class='av-inner-masonry-content-pos-content'><div class='avia-arrow'><\/div><h3 class='av-masonry-entry-title entry-title '  itemprop=\"headline\" >Orsa Hembygdsg\u00e5rd<\/h3><\/div><\/div><\/figcaption><\/figure><\/a><!--end av-masonry entry--><a href=\"https:\/\/visitorsa.se\/en\/orsa-parish-society\/\"  id='av-masonry-1-item-6518' data-av-masonry-item='6518' class='av-masonry-entry isotope-item post-6518 page type-page status-publish has-post-thumbnail hentry category-in-and-around-orsa all_sort in-and-around-orsa_sort  av-masonry-item-with-image' title=\"Orsa Parish 2\"   itemscope=\"itemscope\" itemtype=\"https:\/\/schema.org\/CreativeWork\" ><div class='av-inner-masonry-sizer'><\/div><figure class='av-inner-masonry main_color'><div class=\"av-masonry-outerimage-container\"><div class='av-masonry-image-container' style=\"background-image: url(https:\/\/visitorsa.se\/app\/uploads\/2022\/05\/Orsa-sockens-2-705x529.jpg);\"  title=\"Orsa Parish 2\"  ><\/div><\/div><figcaption class='av-inner-masonry-content site-background'><div class='av-inner-masonry-content-pos'><div class='av-inner-masonry-content-pos-content'><div class='avia-arrow'><\/div><h3 class='av-masonry-entry-title entry-title '  itemprop=\"headline\" >Orsa sockens samf\u00e4llinghetsf\u00f6rening<\/h3><\/div><\/div><\/figcaption><\/figure><\/a><!--end av-masonry entry--><a href=\"https:\/\/visitorsa.se\/en\/east-grunuberg-living-shack\/\"  id='av-masonry-1-item-6511' data-av-masonry-item='6511' class='av-masonry-entry isotope-item post-6511 page type-page status-publish has-post-thumbnail hentry category-activities-in-orsa category-in-and-around-orsa all_sort activities-in-orsa_sort  in-and-around-orsa_sort  av-masonry-item-with-image' title=\"East Grunuberg mountain hut\"   itemscope=\"itemscope\" itemtype=\"https:\/\/schema.org\/CreativeWork\" ><div class='av-inner-masonry-sizer'><\/div><figure class='av-inner-masonry main_color'><div class=\"av-masonry-outerimage-container\"><div class='av-masonry-image-container' style=\"background-image: url(https:\/\/visitorsa.se\/app\/uploads\/2022\/01\/Ostra-Grunuberg-fabod-1-705x282.png);\"  title=\"East Grunuberg mountain hut\"   alt=\"Visit Orsa\" ><\/div><\/div><figcaption class='av-inner-masonry-content site-background'><div class='av-inner-masonry-content-pos'><div class='av-inner-masonry-content-pos-content'><div class='avia-arrow'><\/div><h3 class='av-masonry-entry-title entry-title '  itemprop=\"headline\" >\u00d6stra Grunuberg levande f\u00e4bod<\/h3><\/div><\/div><\/figcaption><\/figure><\/a><!--end av-masonry entry--><a href=\"https:\/\/visitorsa.se\/en\/tourist-attractions\/willow-calampinoppi\/\"  id='av-masonry-1-item-6741' data-av-masonry-item='6741' class='av-masonry-entry isotope-item post-6741 page type-page status-publish hentry category-activities-in-orsa category-in-and-around-orsa tag-activities tag-tourist-attractions all_sort activities-in-orsa_sort  in-and-around-orsa_sort  av-masonry-item-no-image' title=\"Pilkalampinoppi\"   itemscope=\"itemscope\" itemtype=\"https:\/\/schema.org\/CreativeWork\" ><div class='av-inner-masonry-sizer'><\/div><figure class='av-inner-masonry main_color'><figcaption class='av-inner-masonry-content site-background'><div class='av-inner-masonry-content-pos'><div class='av-inner-masonry-content-pos-content'><div class='avia-arrow'><\/div><h3 class='av-masonry-entry-title entry-title '  itemprop=\"headline\" >Pilkalampinoppi<\/h3><\/div><\/div><\/figcaption><\/figure><\/a><!--end av-masonry entry--><a href=\"https:\/\/visitorsa.se\/en\/tourist-attractions\/slipstensmuseum-massbacken\/\"  id='av-masonry-1-item-6786' data-av-masonry-item='6786' class='av-masonry-entry isotope-item post-6786 page type-page status-publish hentry category-in-and-around-orsa all_sort in-and-around-orsa_sort  av-masonry-item-no-image' title=\"Slipstensmuseum M\u00e4ssbacken\"   itemscope=\"itemscope\" itemtype=\"https:\/\/schema.org\/CreativeWork\" ><div class='av-inner-masonry-sizer'><\/div><figure class='av-inner-masonry main_color'><figcaption class='av-inner-masonry-content site-background'><div class='av-inner-masonry-content-pos'><div class='av-inner-masonry-content-pos-content'><div class='avia-arrow'><\/div><h3 class='av-masonry-entry-title entry-title '  itemprop=\"headline\" >Slipstensmuseum M\u00e4ssbacken<\/h3><\/div><\/div><\/figcaption><\/figure><\/a><!--end av-masonry entry--><a href=\"https:\/\/visitorsa.se\/en\/activities-in-orsa\/storstupet\/\"  id='av-masonry-1-item-6680' data-av-masonry-item='6680' class='av-masonry-entry isotope-item post-6680 page type-page status-publish hentry category-activities-in-orsa category-in-and-around-orsa tag-activities all_sort activities-in-orsa_sort  in-and-around-orsa_sort  av-masonry-item-no-image' title=\"Storstupet\"   itemscope=\"itemscope\" itemtype=\"https:\/\/schema.org\/CreativeWork\" ><div class='av-inner-masonry-sizer'><\/div><figure class='av-inner-masonry main_color'><figcaption class='av-inner-masonry-content site-background'><div class='av-inner-masonry-content-pos'><div class='av-inner-masonry-content-pos-content'><div class='avia-arrow'><\/div><h3 class='av-masonry-entry-title entry-title '  itemprop=\"headline\" >Storstupet<\/h3><\/div><\/div><\/figcaption><\/figure><\/a><!--end av-masonry entry--><\/div><\/div>\n","protected":false},"excerpt":{"rendered":"","protected":false},"author":1,"featured_media":0,"parent":0,"menu_order":0,"comment_status":"closed","ping_status":"closed","template":"","meta":{"footnotes":""},"categories":[],"tags":[119],"class_list":["post-6769","page","type-page","status-publish","hentry","tag-member-category"],"_links":{"self":[{"href":"https:\/\/visitorsa.se\/en\/wp-json\/wp\/v2\/pages\/6769","targetHints":{"allow":["GET"]}}],"collection":[{"href":"https:\/\/visitorsa.se\/en\/wp-json\/wp\/v2\/pages"}],"about":[{"href":"https:\/\/visitorsa.se\/en\/wp-json\/wp\/v2\/types\/page"}],"author":[{"embeddable":true,"href":"https:\/\/visitorsa.se\/en\/wp-json\/wp\/v2\/users\/1"}],"replies":[{"embeddable":true,"href":"https:\/\/visitorsa.se\/en\/wp-json\/wp\/v2\/comments?post=6769"}],"version-history":[{"count":12,"href":"https:\/\/visitorsa.se\/en\/wp-json\/wp\/v2\/pages\/6769\/revisions"}],"predecessor-version":[{"id":7849,"href":"https:\/\/visitorsa.se\/en\/wp-json\/wp\/v2\/pages\/6769\/revisions\/7849"}],"wp:attachment":[{"href":"https:\/\/visitorsa.se\/en\/wp-json\/wp\/v2\/media?parent=6769"}],"wp:term":[{"taxonomy":"category","embeddable":true,"href":"https:\/\/visitorsa.se\/en\/wp-json\/wp\/v2\/categories?post=6769"},{"taxonomy":"post_tag","embeddable":true,"href":"https:\/\/visitorsa.se\/en\/wp-json\/wp\/v2\/tags?post=6769"}],"curies":[{"name":"wp","href":"https:\/\/api.w.org\/{rel}","templated":true}]}}