{"id":6766,"date":"2025-05-14T12:12:54","date_gmt":"2025-05-14T10:12:54","guid":{"rendered":"https:\/\/staging.visitorsa.se\/activities-in-orsa\/orsa-iron-design-art-forging\/"},"modified":"2025-05-14T12:12:54","modified_gmt":"2025-05-14T10:12:54","slug":"orsa-iron-design-art-forging","status":"publish","type":"page","link":"https:\/\/visitorsa.se\/en\/activities-in-orsa\/orsa-iron-design-art-forging\/","title":{"rendered":"Orsa J\u00e4rn &#038; design\u2013konstsmide"},"content":{"rendered":"\n<style type=\"text\/css\" data-created_by=\"avia_inline_auto\" id=\"style-css-av-6d4ygg-db790e9493201a1d2f9d8b3dfe30decc\">\n.flex_column.av-6d4ygg-db790e9493201a1d2f9d8b3dfe30decc{\n-webkit-border-radius:0px 0px 0px 0px;\n-moz-border-radius:0px 0px 0px 0px;\nborder-radius:0px 0px 0px 0px;\npadding:0px 0px 0px 0px;\n}\n<\/style>\n<div class='flex_column av-6d4ygg-db790e9493201a1d2f9d8b3dfe30decc av_one_full  avia-builder-el-0  el_before_av_one_half  avia-builder-el-first  first flex_column_div av-zero-column-padding '     ><\/div>\n\n<style type=\"text\/css\" data-created_by=\"avia_inline_auto\" id=\"style-css-av-aupcw0-034727ff4178265a807e03e0bbca9dc3\">\n.flex_column.av-aupcw0-034727ff4178265a807e03e0bbca9dc3{\n-webkit-border-radius:0px 0px 0px 0px;\n-moz-border-radius:0px 0px 0px 0px;\nborder-radius:0px 0px 0px 0px;\npadding:0px 0px 0px 0px;\n}\n<\/style>\n<div class='flex_column av-aupcw0-034727ff4178265a807e03e0bbca9dc3 av_one_half  avia-builder-el-2  el_after_av_one_full  el_before_av_one_half  first flex_column_div av-zero-column-padding column-top-margin'     ><section  class='av_textblock_section av-kgf1e6kl-253ba1d13068f8db85f0ad3cf08f701d'  itemscope=\"itemscope\" itemtype=\"https:\/\/schema.org\/CreativeWork\" ><div class='avia_textblock'  itemprop=\"text\" ><h3 id=\"ft\" class=\"f i f3\"><span class=\"bd\">Smide, konstsmide, smides- verktyg och smidiga kurser<\/span><\/h3>\n<p class=\"f i f3\">Klassiskt j\u00e4rnsmide som det ska vara fr\u00e5n g\u00e5rds-smedjan i Dalarna.<\/p>\n<div id=\"ip\">Orsa J\u00e4rn &amp; Design startades 2003 och tillverkar, j\u00e4rnsmide &amp; vikingasmycken.<br \/>\nLeverant\u00f6r av smidesverktyg och smidesmaskiner. Arbetet i smedjan med klassiskt svartsmide brukar dela upp sig i lite olika s\u00e4songer. Konstsmide, ljusstakar och presentartiklar under vinterhalv\u00e5ret, Sommartid s\u00e5 \u00e4r det mer specialbest\u00e4llningar, renoveringar och byggnadsv\u00e5rdssmide som g\u00e4ller. Under \u00e5ret blir det ocks\u00e5 n\u00e5gra smideskurser.<\/p>\n<p class=\"c f bd\">&#8220;Det \u00e4r h\u00e4rligt att se hur en j\u00e4rnbit under uppv\u00e4rmning blir formbar och sakta \u00e4ndrar form till en sk\u00f6n skapelse och det hoppas jag visar sig i mina alster.&#8221;<\/p>\n<\/div>\n<\/div><\/section><br \/>\n<\/p><\/div>\n\n<style type=\"text\/css\" data-created_by=\"avia_inline_auto\" id=\"style-css-av-aupcw0-b252b444939f1c6223e79e5b57074446\">\n.flex_column.av-aupcw0-b252b444939f1c6223e79e5b57074446{\n-webkit-border-radius:0px 0px 0px 0px;\n-moz-border-radius:0px 0px 0px 0px;\nborder-radius:0px 0px 0px 0px;\npadding:0px 0px 0px 0px;\n}\n<\/style>\n<div class='flex_column av-aupcw0-b252b444939f1c6223e79e5b57074446 av_one_half  avia-builder-el-5  el_after_av_one_half  avia-builder-el-last  flex_column_div av-zero-column-padding column-top-margin'     ><section  class='av_textblock_section av-kgf1e6kl-253ba1d13068f8db85f0ad3cf08f701d'  itemscope=\"itemscope\" itemtype=\"https:\/\/schema.org\/CreativeWork\" ><div class='avia_textblock'  itemprop=\"text\" ><div>\n<div id=\"ms\">\n<h3 class=\"f1\">Contact us<\/h3>\n<p><strong><br \/>\n  <span class=\"t8 c av\">Phone <\/span><br \/>\n<\/strong><span class=\"t8 c av\">073-0329699<\/span><strong><br \/>\n  <span class=\"t8 c av\"><\/p>\n<p>Address<\/span><br \/>\n<\/strong><span class=\"t8 aw\"><br \/>\n<\/span><span class=\"c\"><span class=\"t8 ah\">Anna&#8217;s Road 2,<\/span><br \/>\n79432 Orsa<\/span><\/p>\n<p>Forging course page and blog: <a href=\"http:\/\/smideskurs.se\">http:\/\/smideskurs.se<\/a><\/p>\n<\/div>\n<\/div>\n<\/div><\/section><br \/>\n<br \/>\n<div  class='avia-button-wrap avia-button-center  avia-builder-el-8  el_after_av_codeblock  avia-builder-el-last ' >\n<style type=\"text\/css\" data-created_by=\"avia_inline_auto\" id=\"style-css-av-kgf1wc7j-63f732deaa8a96da37becc0086e41207\">\n#top #wrap_all .avia-button.av-kgf1wc7j-63f732deaa8a96da37becc0086e41207{\ncolor:#ffffff;\n-webkit-transition:all 0.4s ease-in-out;\n-moz-transition:all 0.4s ease-in-out;\n-ms-transition:all 0.4s ease-in-out;\n-o-transition:all 0.4s ease-in-out;\ntransition:all 0.4s ease-in-out;\n}\n#top #wrap_all .avia-button.av-kgf1wc7j-63f732deaa8a96da37becc0086e41207:hover{\ncolor:#ffffff;\n-webkit-transition:all 0.4s ease-in-out;\n-moz-transition:all 0.4s ease-in-out;\n-ms-transition:all 0.4s ease-in-out;\n-o-transition:all 0.4s ease-in-out;\ntransition:all 0.4s ease-in-out;\n}\n<\/style>\n<a href='https:\/\/svartsmide.se\/' class='avia-color-theme-color avia-button avia-button-fullwidth av-kgf1wc7j-63f732deaa8a96da37becc0086e41207 avia-icon_select-yes-left-icon avia-color-theme-color' ><span class='avia_button_icon avia_button_icon_left' aria-hidden='true' data-av_icon='\ue832' data-av_iconfont='entypo-fontello'><\/span><span class='avia_iconbox_title' >  Visit our website<\/span><span class='avia_button_background avia-button avia-button-fullwidth avia-color-theme-color-highlight'><\/span><\/a><\/div><\/p><\/div>\n","protected":false},"excerpt":{"rendered":"","protected":false},"author":1,"featured_media":0,"parent":6410,"menu_order":0,"comment_status":"closed","ping_status":"closed","template":"","meta":{"footnotes":""},"categories":[75,78],"tags":[89,107],"class_list":["post-6766","page","type-page","status-publish","hentry","category-the-craftsman-of-the-village","category-trade-crafts","tag-activities","tag-shopping-en"],"_links":{"self":[{"href":"https:\/\/visitorsa.se\/en\/wp-json\/wp\/v2\/pages\/6766","targetHints":{"allow":["GET"]}}],"collection":[{"href":"https:\/\/visitorsa.se\/en\/wp-json\/wp\/v2\/pages"}],"about":[{"href":"https:\/\/visitorsa.se\/en\/wp-json\/wp\/v2\/types\/page"}],"author":[{"embeddable":true,"href":"https:\/\/visitorsa.se\/en\/wp-json\/wp\/v2\/users\/1"}],"replies":[{"embeddable":true,"href":"https:\/\/visitorsa.se\/en\/wp-json\/wp\/v2\/comments?post=6766"}],"version-history":[{"count":3,"href":"https:\/\/visitorsa.se\/en\/wp-json\/wp\/v2\/pages\/6766\/revisions"}],"predecessor-version":[{"id":7545,"href":"https:\/\/visitorsa.se\/en\/wp-json\/wp\/v2\/pages\/6766\/revisions\/7545"}],"up":[{"embeddable":true,"href":"https:\/\/visitorsa.se\/en\/wp-json\/wp\/v2\/pages\/6410"}],"wp:attachment":[{"href":"https:\/\/visitorsa.se\/en\/wp-json\/wp\/v2\/media?parent=6766"}],"wp:term":[{"taxonomy":"category","embeddable":true,"href":"https:\/\/visitorsa.se\/en\/wp-json\/wp\/v2\/categories?post=6766"},{"taxonomy":"post_tag","embeddable":true,"href":"https:\/\/visitorsa.se\/en\/wp-json\/wp\/v2\/tags?post=6766"}],"curies":[{"name":"wp","href":"https:\/\/api.w.org\/{rel}","templated":true}]}}