{"id":6710,"date":"2021-03-25T09:57:18","date_gmt":"2021-03-25T08:57:18","guid":{"rendered":"https:\/\/staging.visitorsa.se\/fiske-orsa-besparingsskogs-fvof\/"},"modified":"2022-07-10T22:09:26","modified_gmt":"2022-07-10T20:09:26","slug":"fiske-orsa-besparingsskogs-fvof","status":"publish","type":"page","link":"https:\/\/visitorsa.se\/en\/fiske-orsa-besparingsskogs-fvof\/","title":{"rendered":"Fiske- Orsa Besparingsskogs FVOF"},"content":{"rendered":"\n<style type=\"text\/css\" data-created_by=\"avia_inline_auto\" id=\"style-css-av-6d4ygg-db790e9493201a1d2f9d8b3dfe30decc\">\n.flex_column.av-6d4ygg-db790e9493201a1d2f9d8b3dfe30decc{\n-webkit-border-radius:0px 0px 0px 0px;\n-moz-border-radius:0px 0px 0px 0px;\nborder-radius:0px 0px 0px 0px;\npadding:0px 0px 0px 0px;\n}\n<\/style>\n<div class='flex_column av-6d4ygg-db790e9493201a1d2f9d8b3dfe30decc av_one_full  avia-builder-el-0  el_before_av_one_half  avia-builder-el-first  first flex_column_div av-zero-column-padding '     ><style type=\"text\/css\" data-created_by=\"avia_inline_auto\" id=\"style-css-av-kgf1j3ru-2e4509f6fc22e4959a910ac8fc47271d\">\n#top .avia-gallery.av-kgf1j3ru-2e4509f6fc22e4959a910ac8fc47271d .avia-gallery-thumb a{\nwidth:25%;\n}\n<\/style>\n<div  class='avia-gallery av-kgf1j3ru-2e4509f6fc22e4959a910ac8fc47271d avia_animate_when_visible  avia-builder-el-1  avia-builder-el-no-sibling  avia_lazyload avia-gallery-animate avia-gallery-1'  itemprop=\"image\" itemscope=\"itemscope\" itemtype=\"https:\/\/schema.org\/ImageObject\" ><meta itemprop=\"contentURL\" content=\"https:\/\/visitorsa.se\/en\/fiske-orsa-besparingsskogs-fvof\/\"><div class='avia-gallery-thumb'><a href=\"https:\/\/visitorsa.se\/app\/uploads\/2021\/03\/OFVOF-3.jpg\" data-srcset=\"https:\/\/visitorsa.se\/app\/uploads\/2021\/03\/OFVOF-3.jpg 800w, https:\/\/visitorsa.se\/app\/uploads\/2021\/03\/OFVOF-3-300x200.jpg 300w, https:\/\/visitorsa.se\/app\/uploads\/2021\/03\/OFVOF-3-768x512.jpg 768w, https:\/\/visitorsa.se\/app\/uploads\/2021\/03\/OFVOF-3-705x470.jpg 705w\" data-sizes=\"(max-width: 800px) 100vw, 800px\" data-rel='gallery-1' data-prev-img='https:\/\/visitorsa.se\/app\/uploads\/2021\/03\/OFVOF-3-495x400.jpg' class='first_thumb lightbox ' data-onclick='1' title='OFVOF'  itemprop=\"thumbnailUrl\"  ><img decoding=\"async\" class=\"wp-image-5811 avia-img-lazy-loading-not-5811\"   src=\"https:\/\/visitorsa.se\/app\/uploads\/2021\/03\/OFVOF-3-495x400.jpg\" width=\"495\" height=\"400\"  title='OFVOF' alt='Visit Orsa' \/><div class='big-prev-fake'><img loading=\"lazy\" decoding=\"async\" class=\"wp-image-5811 avia-img-lazy-loading-5811\"  width=\"495\" height=\"400\" src=\"https:\/\/visitorsa.se\/app\/uploads\/2021\/03\/OFVOF-3-495x400.jpg\" title='OFVOF' alt='Visit Orsa' \/><\/div><\/a><a href=\"https:\/\/visitorsa.se\/app\/uploads\/2021\/03\/OFVOF-4.jpg\" data-srcset=\"https:\/\/visitorsa.se\/app\/uploads\/2021\/03\/OFVOF-4.jpg 800w, https:\/\/visitorsa.se\/app\/uploads\/2021\/03\/OFVOF-4-300x200.jpg 300w, https:\/\/visitorsa.se\/app\/uploads\/2021\/03\/OFVOF-4-768x513.jpg 768w, https:\/\/visitorsa.se\/app\/uploads\/2021\/03\/OFVOF-4-705x471.jpg 705w\" data-sizes=\"(max-width: 800px) 100vw, 800px\" data-rel='gallery-1' data-prev-img='https:\/\/visitorsa.se\/app\/uploads\/2021\/03\/OFVOF-4-495x400.jpg' class='lightbox ' data-onclick='2' title='OFVOF'  itemprop=\"thumbnailUrl\"  ><img decoding=\"async\" class=\"wp-image-5813 avia-img-lazy-loading-not-5813\"   src=\"https:\/\/visitorsa.se\/app\/uploads\/2021\/03\/OFVOF-4-495x400.jpg\" width=\"495\" height=\"400\"  title='OFVOF' alt='Visit Orsa' \/><div class='big-prev-fake'><img loading=\"lazy\" decoding=\"async\" class=\"wp-image-5813 avia-img-lazy-loading-5813\"  width=\"495\" height=\"400\" src=\"https:\/\/visitorsa.se\/app\/uploads\/2021\/03\/OFVOF-4-495x400.jpg\" title='OFVOF' alt='Visit Orsa' \/><\/div><\/a><a href=\"https:\/\/visitorsa.se\/app\/uploads\/2021\/03\/OFVOF-5.jpg\" data-srcset=\"https:\/\/visitorsa.se\/app\/uploads\/2021\/03\/OFVOF-5.jpg 800w, https:\/\/visitorsa.se\/app\/uploads\/2021\/03\/OFVOF-5-300x200.jpg 300w, https:\/\/visitorsa.se\/app\/uploads\/2021\/03\/OFVOF-5-768x512.jpg 768w, https:\/\/visitorsa.se\/app\/uploads\/2021\/03\/OFVOF-5-705x470.jpg 705w\" data-sizes=\"(max-width: 800px) 100vw, 800px\" data-rel='gallery-1' data-prev-img='https:\/\/visitorsa.se\/app\/uploads\/2021\/03\/OFVOF-5-495x400.jpg' class='lightbox ' data-onclick='3' title='OFVOF'  itemprop=\"thumbnailUrl\"  ><img decoding=\"async\" class=\"wp-image-5815 avia-img-lazy-loading-not-5815\"   src=\"https:\/\/visitorsa.se\/app\/uploads\/2021\/03\/OFVOF-5-495x400.jpg\" width=\"495\" height=\"400\"  title='OFVOF' alt='Visit Orsa' \/><div class='big-prev-fake'><img loading=\"lazy\" decoding=\"async\" class=\"wp-image-5815 avia-img-lazy-loading-5815\"  width=\"495\" height=\"400\" src=\"https:\/\/visitorsa.se\/app\/uploads\/2021\/03\/OFVOF-5-495x400.jpg\" title='OFVOF' alt='Visit Orsa' \/><\/div><\/a><\/div><\/div><\/div>\n\n<style type=\"text\/css\" data-created_by=\"avia_inline_auto\" id=\"style-css-av-aupcw0-034727ff4178265a807e03e0bbca9dc3\">\n.flex_column.av-aupcw0-034727ff4178265a807e03e0bbca9dc3{\n-webkit-border-radius:0px 0px 0px 0px;\n-moz-border-radius:0px 0px 0px 0px;\nborder-radius:0px 0px 0px 0px;\npadding:0px 0px 0px 0px;\n}\n<\/style>\n<div class='flex_column av-aupcw0-034727ff4178265a807e03e0bbca9dc3 av_one_half  avia-builder-el-2  el_after_av_one_full  el_before_av_one_half  first flex_column_div av-zero-column-padding column-top-margin'     ><section  class='av_textblock_section av-kgf1e6kl-253ba1d13068f8db85f0ad3cf08f701d'  itemscope=\"itemscope\" itemtype=\"https:\/\/schema.org\/CreativeWork\" ><div class='avia_textblock'  itemprop=\"text\" ><h3 class=\"w44 bcm cn\">Fiske- Orsa Besparingsskogs FVOF<\/h3>\n<div class=\"fusion-text fusion-text-2\">\n<p>Fiskevattnen p\u00e5 Besparingsskogens mark f\u00f6rvaltas av Orsa\u00a0 Besparingsskogs fiskev\u00e5rdsomr\u00e5desf\u00f6rening.\u00a0\u00a0F\u00f6reningen har funnits sedan 1992 och erbjuder ett 100-tal sj\u00f6ar och tj\u00e4rnar med en areal av cirka 1500 hektar. H\u00e4r finns fiske f\u00f6r alla smaker. Du kan kasta fr\u00e5n bryggan ett stenkast fr\u00e5n stugan, meta i b\u00e4ckar, bes\u00f6ka den l\u00e4ttillg\u00e4ngliga put and take-sj\u00f6n eller bege dig ut i b\u00e5t f\u00f6r att lura storg\u00e4ddan med wobblern. Har man av olika anledningar sv\u00e5rt att ta sig ut n\u00e4ra vattnet finns det en handikappanpassat l\u00e5ngbrygga i Tallsj\u00f6n.<u><\/u><u><\/u><\/p>\n<p>Vintertid \u00e4r det pimpelfiske som lockar m\u00e5nga. Det \u00e4r mycket som erbjuds i denna vackra milj\u00f6 med djupa skogar, stora myrmarker, h\u00f6ga berg och mytomspunnen kultur.\u00a0Var \u00e4n du \u00e5ker i omr\u00e5det eller\u00a0l\u00e4ser p\u00e5 kartan\u00a0kan du se finsk-klingande namn till exempel Korsilampi och Pilkalampinoppi, dessa namn h\u00e4rr\u00f6r fr\u00e5n den finska kolonisationen p\u00e5 1600-talet<u><\/u><u><\/u><\/p>\n<p><strong>H\u00e4r k\u00f6per du fiskekort:<br \/>\n<\/strong>Fiskekortsf\u00f6rs\u00e4ljning sker via iFiske-online eller vid n\u00e5got av v\u00e5ra ombud; Orsa Outdoor, Orsa Fiskecenter eller Skattunge handel. (Fiskekort kan \u00e4ven l\u00f6sas vid Besparingsskogens kontor under ordinarie \u00f6ppettider- g\u00e4ller ej nu under Coronapandemin)<u><\/u><u><\/u><\/p>\n<p>Anv\u00e4nd g\u00e4rna\u00a0 iFiske online f\u00f6r att l\u00f6sa fiskekort eller hitta information om tillg\u00e4ngliga vatten och fiskeregler.(se l\u00e4nk nedan)<u><\/u><u><\/u><\/p>\n<p>TIPS! Swisha fiskekortsbetalningen innan du \u00e5ker ut p\u00e5 skogen om du har m\u00f6jlighet eftersom t\u00e4ckningen kan vara d\u00e5lig p\u00e5 en del omr\u00e5den.<\/p>\n<p><a href=\"https:\/\/www.ifiske.se\/fiske-tallsjon-sundsjon-orealv-m-fl-vatten.htm\">L\u00e4nk till iFiske<\/a><\/p>\n<\/div>\n<\/div><\/section><br \/>\n<\/p><\/div>\n<style type=\"text\/css\" data-created_by=\"avia_inline_auto\" id=\"style-css-av-aupcw0-b252b444939f1c6223e79e5b57074446\">\n.flex_column.av-aupcw0-b252b444939f1c6223e79e5b57074446{\n-webkit-border-radius:0px 0px 0px 0px;\n-moz-border-radius:0px 0px 0px 0px;\nborder-radius:0px 0px 0px 0px;\npadding:0px 0px 0px 0px;\n}\n<\/style>\n<div class='flex_column av-aupcw0-b252b444939f1c6223e79e5b57074446 av_one_half  avia-builder-el-5  el_after_av_one_half  avia-builder-el-last  flex_column_div av-zero-column-padding column-top-margin'     ><section  class='av_textblock_section av-kgf1e6kl-253ba1d13068f8db85f0ad3cf08f701d'  itemscope=\"itemscope\" itemtype=\"https:\/\/schema.org\/CreativeWork\" ><div class='avia_textblock'  itemprop=\"text\" ><h3><strong>Contact us<\/strong><\/h3>\n<p><strong><br \/>\n  <span class=\"ah\">Phone<\/span><br \/>\n<\/strong><span class=\"ah\"> Magnus Lewenhaupt +46 (0)250-552603<\/span><\/p>\n<p><strong><br \/>\n  <span class=\"ah\">Email<\/span><br \/>\n<\/strong><span class=\"ah\"> magnus.lewenhaupt@orsabesparingsskog.se<\/span><\/p>\n<p><strong>Address<br \/>\n<\/strong> Box 55,<br \/>\n794 21 Orsa<\/p>\n<div id=\"mh\">\n<div id=\"mm\"><\/div>\n<\/div>\n<\/div><\/section><br \/>\n<br \/>\n<div  class='avia-button-wrap avia-button-center  avia-builder-el-8  el_after_av_codeblock  avia-builder-el-last ' >\n<style type=\"text\/css\" data-created_by=\"avia_inline_auto\" id=\"style-css-av-kgf1wc7j-7298ae1be1f40cb52c1ca7848add7229\">\n#top #wrap_all .avia-button.av-kgf1wc7j-7298ae1be1f40cb52c1ca7848add7229{\ncolor:#ffffff;\n-webkit-transition:all 0.4s ease-in-out;\n-moz-transition:all 0.4s ease-in-out;\n-ms-transition:all 0.4s ease-in-out;\n-o-transition:all 0.4s ease-in-out;\ntransition:all 0.4s ease-in-out;\n}\n#top #wrap_all .avia-button.av-kgf1wc7j-7298ae1be1f40cb52c1ca7848add7229:hover{\ncolor:#ffffff;\n-webkit-transition:all 0.4s ease-in-out;\n-moz-transition:all 0.4s ease-in-out;\n-ms-transition:all 0.4s ease-in-out;\n-o-transition:all 0.4s ease-in-out;\ntransition:all 0.4s ease-in-out;\n}\n<\/style>\n<a href='https:\/\/www.ifiske.se\/fiske-tallsjon-sundsjon-orealv-m-fl-vatten.htm' class='avia-color-theme-color avia-button avia-button-fullwidth av-kgf1wc7j-7298ae1be1f40cb52c1ca7848add7229 avia-icon_select-yes-left-icon avia-color-theme-color' ><span class='avia_button_icon avia_button_icon_left' aria-hidden='true' data-av_icon='\ue832' data-av_iconfont='entypo-fontello'><\/span><span class='avia_iconbox_title' >  Visit Orsa Besparingsskogs FVOF at iFISKE<\/span><span class='avia_button_background avia-button avia-button-fullwidth avia-color-theme-color-highlight'><\/span><\/a><\/div><\/p><\/div><\/p>\n","protected":false},"excerpt":{"rendered":"","protected":false},"author":3,"featured_media":5743,"parent":0,"menu_order":0,"comment_status":"closed","ping_status":"closed","template":"","meta":{"footnotes":""},"categories":[69],"tags":[],"class_list":["post-6710","page","type-page","status-publish","has-post-thumbnail","hentry","category-activities-in-orsa"],"_links":{"self":[{"href":"https:\/\/visitorsa.se\/en\/wp-json\/wp\/v2\/pages\/6710","targetHints":{"allow":["GET"]}}],"collection":[{"href":"https:\/\/visitorsa.se\/en\/wp-json\/wp\/v2\/pages"}],"about":[{"href":"https:\/\/visitorsa.se\/en\/wp-json\/wp\/v2\/types\/page"}],"author":[{"embeddable":true,"href":"https:\/\/visitorsa.se\/en\/wp-json\/wp\/v2\/users\/3"}],"replies":[{"embeddable":true,"href":"https:\/\/visitorsa.se\/en\/wp-json\/wp\/v2\/comments?post=6710"}],"version-history":[{"count":2,"href":"https:\/\/visitorsa.se\/en\/wp-json\/wp\/v2\/pages\/6710\/revisions"}],"predecessor-version":[{"id":7806,"href":"https:\/\/visitorsa.se\/en\/wp-json\/wp\/v2\/pages\/6710\/revisions\/7806"}],"wp:featuredmedia":[{"embeddable":true,"href":"https:\/\/visitorsa.se\/en\/wp-json\/wp\/v2\/media\/5743"}],"wp:attachment":[{"href":"https:\/\/visitorsa.se\/en\/wp-json\/wp\/v2\/media?parent=6710"}],"wp:term":[{"taxonomy":"category","embeddable":true,"href":"https:\/\/visitorsa.se\/en\/wp-json\/wp\/v2\/categories?post=6710"},{"taxonomy":"post_tag","embeddable":true,"href":"https:\/\/visitorsa.se\/en\/wp-json\/wp\/v2\/tags?post=6710"}],"curies":[{"name":"wp","href":"https:\/\/api.w.org\/{rel}","templated":true}]}}