{"id":6692,"date":"2025-05-14T12:02:43","date_gmt":"2025-05-14T10:02:43","guid":{"rendered":"https:\/\/staging.visitorsa.se\/orsa-municipality\/"},"modified":"2025-05-14T12:07:32","modified_gmt":"2025-05-14T10:07:32","slug":"orsa-municipality","status":"publish","type":"page","link":"https:\/\/visitorsa.se\/en\/orsa-municipality\/","title":{"rendered":"Orsa Municipality"},"content":{"rendered":"<div id='av_section_1'  class='avia-section av-2y33rw-142e54137718938a6d1ab2bd938c4c06 main_color avia-section-default avia-no-border-styling  avia-builder-el-0  avia-builder-el-no-sibling  avia-bg-style-scroll container_wrap fullsize'  ><div class='container av-section-cont-open' ><main  role=\"main\" itemprop=\"mainContentOfPage\"  class='template-page content  av-content-full alpha units'><div class='post-entry post-entry-type-page post-entry-6692'><div class='entry-content-wrapper clearfix'>\n\n<style type=\"text\/css\" data-created_by=\"avia_inline_auto\" id=\"style-css-av-av_heading-b3ceb67a4efe024ad170e7a0025e4bb7\">\n#top .av-special-heading.av-av_heading-b3ceb67a4efe024ad170e7a0025e4bb7{\npadding-bottom:10px;\n}\nbody .av-special-heading.av-av_heading-b3ceb67a4efe024ad170e7a0025e4bb7 .av-special-heading-tag .heading-char{\nfont-size:25px;\n}\n.av-special-heading.av-av_heading-b3ceb67a4efe024ad170e7a0025e4bb7 .av-subheading{\nfont-size:15px;\n}\n<\/style>\n<div  class='av-special-heading av-av_heading-b3ceb67a4efe024ad170e7a0025e4bb7 av-special-heading-h1 blockquote modern-quote modern-centered  avia-builder-el-1  el_before_av_one_half  avia-builder-el-first '><h1 class='av-special-heading-tag'  itemprop=\"headline\"  >Orsa Kommun<\/h1><div class=\"special-heading-border\"><div class=\"special-heading-inner-border\"><\/div><\/div><\/div>\n\n<style type=\"text\/css\" data-created_by=\"avia_inline_auto\" id=\"style-css-av-43pxvf-ac6aae6e597a6cde3e29d7d82161157f\">\n.flex_column.av-43pxvf-ac6aae6e597a6cde3e29d7d82161157f{\n-webkit-border-radius:0px 0px 0px 0px;\n-moz-border-radius:0px 0px 0px 0px;\nborder-radius:0px 0px 0px 0px;\npadding:0px 0px 0px 0px;\n}\n<\/style>\n<div class='flex_column av-43pxvf-ac6aae6e597a6cde3e29d7d82161157f av_one_half  avia-builder-el-2  el_after_av_heading  el_before_av_one_half  first flex_column_div av-zero-column-padding '     ><div  class='avia-video av-kq7rvenh-eed7e8c4a68add0ce69ef9a59b740925 avia-video-16-9 av-no-preview-image avia-video-load-always av-lazyload-immediate av-lazyload-video-embed'  itemprop=\"video\" itemtype=\"https:\/\/schema.org\/VideoObject\"  data-original_url='https:\/\/youtu.be\/YQLk8WPMNic'><script type='text\/html' class='av-video-tmpl'><div class='avia-iframe-wrap'><iframe loading=\"lazy\" title=\"Orsa N\u00e4ringslivsfilm 2021\" width=\"1500\" height=\"844\" src=\"https:\/\/www.youtube.com\/embed\/YQLk8WPMNic?feature=oembed&autoplay=0&loop=0&controls=0&mute=0\" frameborder=\"0\" allow=\"accelerometer; autoplay; clipboard-write; encrypted-media; gyroscope; picture-in-picture\" allowfullscreen><\/iframe><\/div><\/script><div class='av-click-to-play-overlay'><div class=\"avia_playpause_icon\"><\/div><\/div><\/div><\/div>\n<style type=\"text\/css\" data-created_by=\"avia_inline_auto\" id=\"style-css-av-2dhi0b-aac7fe70e2e06101375ed5d100024413\">\n.flex_column.av-2dhi0b-aac7fe70e2e06101375ed5d100024413{\n-webkit-border-radius:0px 0px 0px 0px;\n-moz-border-radius:0px 0px 0px 0px;\nborder-radius:0px 0px 0px 0px;\npadding:0px 0px 0px 0px;\n}\n<\/style>\n<div class='flex_column av-2dhi0b-aac7fe70e2e06101375ed5d100024413 av_one_half  avia-builder-el-4  el_after_av_one_half  avia-builder-el-last  flex_column_div av-zero-column-padding '     ><section  class='av_textblock_section av-kh515heo-0451bddb9d2567f95539012733c8ecb4'  itemscope=\"itemscope\" itemtype=\"https:\/\/schema.org\/CreativeWork\" ><div class='avia_textblock'  itemprop=\"text\" ><p>Orsa kommun i Dalarnas l\u00e4n ligger vid Ore\u00e4lvens utlopp i Orsasj\u00f6n i norra delen av Siljansbygden och naturgeografiskt i norrlandsterr\u00e4ng. P\u00e5 grund av den osannolika h\u00e4ndelsen att en meteorit slagit ner i denna norrlandsterr\u00e4ng har en ring av mjuka och kalkrika bergarter bildats, kallad Siljansringen. Utmed kalkringen har en f\u00f6rt\u00e4tad bondebygd utvecklat sig sedan tidig medeltid. Utanf\u00f6r kalkringen v\u00e4xer barrskog.<br \/>\nOrsa har ett brett utbud av natur- och kulturupplevelser, sp\u00e4nnande aktiviteter, storslagen natur och ett rikt friluftsliv. I Orsa \u00e4r naturen alltid tillg\u00e4nglig och synlig, oavsett om du s\u00f6ker lugnet och stillheten i den or\u00f6rda vildmarken eller om du \u00e4r ute efter sp\u00e4nnande och aktiva upplevelser.<br \/>\nOrsa har en fot i historien och en i framtiden. H\u00e4r finns en kulturbygd med en s\u00e4rskild k\u00e4nsla och anda. H\u00e4r finns hus som ber\u00e4ttar v\u00e5r historia och nya h\u00e5llbara boenden som sticker ut. \u00c5r 1901 f\u00f6rst\u00f6rdes stora delar av gamla Orsa centrum genom en eldsv\u00e5da. I samband med \u00e5teruppbyggnaden v\u00e4xte en ny centrumbebyggelse upp invid j\u00e4rnv\u00e4gen som hade \u00f6ppnat f\u00f6r trafik tio \u00e5r tidigare, bland annat stationshuset och det st\u00e5tliga j\u00e4rnv\u00e4gshotellet.<br \/>\nI Orsa finns ocks\u00e5 popul\u00e4ra Orsa camping, som startade redan 1932, med sin kilometerl\u00e5nga sandstrand invid Orsasj\u00f6n. Genom Orsa g\u00e5r Inlandsbanan och Europav\u00e4g 45.<\/p>\n<\/div><\/section><\/div>\n","protected":false},"excerpt":{"rendered":"","protected":false},"author":1,"featured_media":0,"parent":0,"menu_order":0,"comment_status":"closed","ping_status":"closed","template":"","meta":{"footnotes":""},"categories":[],"tags":[],"class_list":["post-6692","page","type-page","status-publish","hentry"],"_links":{"self":[{"href":"https:\/\/visitorsa.se\/en\/wp-json\/wp\/v2\/pages\/6692","targetHints":{"allow":["GET"]}}],"collection":[{"href":"https:\/\/visitorsa.se\/en\/wp-json\/wp\/v2\/pages"}],"about":[{"href":"https:\/\/visitorsa.se\/en\/wp-json\/wp\/v2\/types\/page"}],"author":[{"embeddable":true,"href":"https:\/\/visitorsa.se\/en\/wp-json\/wp\/v2\/users\/1"}],"replies":[{"embeddable":true,"href":"https:\/\/visitorsa.se\/en\/wp-json\/wp\/v2\/comments?post=6692"}],"version-history":[{"count":2,"href":"https:\/\/visitorsa.se\/en\/wp-json\/wp\/v2\/pages\/6692\/revisions"}],"predecessor-version":[{"id":249890,"href":"https:\/\/visitorsa.se\/en\/wp-json\/wp\/v2\/pages\/6692\/revisions\/249890"}],"wp:attachment":[{"href":"https:\/\/visitorsa.se\/en\/wp-json\/wp\/v2\/media?parent=6692"}],"wp:term":[{"taxonomy":"category","embeddable":true,"href":"https:\/\/visitorsa.se\/en\/wp-json\/wp\/v2\/categories?post=6692"},{"taxonomy":"post_tag","embeddable":true,"href":"https:\/\/visitorsa.se\/en\/wp-json\/wp\/v2\/tags?post=6692"}],"curies":[{"name":"wp","href":"https:\/\/api.w.org\/{rel}","templated":true}]}}