{"id":6680,"date":"2025-05-14T12:02:41","date_gmt":"2025-05-14T10:02:41","guid":{"rendered":"https:\/\/staging.visitorsa.se\/activities-in-orsa\/storstupet\/"},"modified":"2025-05-14T12:14:33","modified_gmt":"2025-05-14T10:14:33","slug":"storstupet","status":"publish","type":"page","link":"https:\/\/visitorsa.se\/en\/activities-in-orsa\/storstupet\/","title":{"rendered":"Storstupet"},"content":{"rendered":"\n<style type=\"text\/css\" data-created_by=\"avia_inline_auto\" id=\"style-css-av-43pxvf-ac6aae6e597a6cde3e29d7d82161157f\">\n.flex_column.av-43pxvf-ac6aae6e597a6cde3e29d7d82161157f{\n-webkit-border-radius:0px 0px 0px 0px;\n-moz-border-radius:0px 0px 0px 0px;\nborder-radius:0px 0px 0px 0px;\npadding:0px 0px 0px 0px;\n}\n<\/style>\n<div class='flex_column av-43pxvf-ac6aae6e597a6cde3e29d7d82161157f av_one_full  avia-builder-el-0  el_before_av_one_half  avia-builder-el-first  first flex_column_div av-zero-column-padding '     ><div  class='avia-video av-kh50xplt-c679ab982711aef46e65b9d2b0fb2003 avia-video-16-9 av-no-preview-image avia-video-load-always av-lazyload-immediate av-lazyload-video-embed'  itemprop=\"video\" itemtype=\"https:\/\/schema.org\/VideoObject\"  data-original_url='https:\/\/www.youtube.com\/watch?v=Q_ENOk-beAI'><script type='text\/html' class='av-video-tmpl'><div class='avia-iframe-wrap'><iframe loading=\"lazy\" title=\"Visit Orsa - Storstupet\" width=\"1500\" height=\"844\" src=\"https:\/\/www.youtube.com\/embed\/Q_ENOk-beAI?feature=oembed&autoplay=0&loop=0&controls=1&mute=0\" frameborder=\"0\" allow=\"accelerometer; autoplay; clipboard-write; encrypted-media; gyroscope; picture-in-picture\" allowfullscreen><\/iframe><\/div><\/script><div class='av-click-to-play-overlay'><div class=\"avia_playpause_icon\"><\/div><\/div><\/div><\/div>\n\n<style type=\"text\/css\" data-created_by=\"avia_inline_auto\" id=\"style-css-av-2dhi0b-e69cc003a2eca356c71de79726ac373f\">\n.flex_column.av-2dhi0b-e69cc003a2eca356c71de79726ac373f{\n-webkit-border-radius:0px 0px 0px 0px;\n-moz-border-radius:0px 0px 0px 0px;\nborder-radius:0px 0px 0px 0px;\npadding:0px 0px 0px 0px;\n}\n<\/style>\n<div class='flex_column av-2dhi0b-e69cc003a2eca356c71de79726ac373f av_one_half  avia-builder-el-2  el_after_av_one_full  el_before_av_one_half  first flex_column_div av-zero-column-padding column-top-margin'     ><section  class='av_textblock_section av-kh515heo-0451bddb9d2567f95539012733c8ecb4'  itemscope=\"itemscope\" itemtype=\"https:\/\/schema.org\/CreativeWork\" ><div class='avia_textblock'  itemprop=\"text\" ><h3 class=\"bd\">Storstupet is a deep canyon along \u00c4m\u00e5n&#8217;s course north of Orsa<\/h3>\n<p>On a narrow railway bridge, the Inlandsbanan passes over \u00c4m\u00e5n 34 meters above the water surface. The bridge was built in 1902 by Axel Bj\u00f6rkman. There are many nice vantage points where you can look out over the gorge, the fall and the railway bridge.<\/p>\n<p>From the parking lot it is about 50 m down to Storstupet. The area is steep, there are loose rocks and it is far down to the water so be careful when walking here.<\/p>\n<p>The mountain walls of the canyon consist of red sandstone, reddish-brown porphyry and gray-black diabase and shift in different shades.<\/p>\n<\/div><\/section><\/div>\n\n<style type=\"text\/css\" data-created_by=\"avia_inline_auto\" id=\"style-css-av-2dhi0b-aac7fe70e2e06101375ed5d100024413\">\n.flex_column.av-2dhi0b-aac7fe70e2e06101375ed5d100024413{\n-webkit-border-radius:0px 0px 0px 0px;\n-moz-border-radius:0px 0px 0px 0px;\nborder-radius:0px 0px 0px 0px;\npadding:0px 0px 0px 0px;\n}\n<\/style>\n<div class='flex_column av-2dhi0b-aac7fe70e2e06101375ed5d100024413 av_one_half  avia-builder-el-4  el_after_av_one_half  avia-builder-el-last  flex_column_div av-zero-column-padding column-top-margin'     ><section  class='av_textblock_section av-kh515heo-0451bddb9d2567f95539012733c8ecb4'  itemscope=\"itemscope\" itemtype=\"https:\/\/schema.org\/CreativeWork\" ><div class='avia_textblock'  itemprop=\"text\" ><p><strong>Directions:<\/strong> Head north from Orsa road 45 about 3 km &#8211; take road 296 right towards Skattungbyn-Voxna. In M\u00e4ssbacken (after about 4 km) turn left at the sign Orsa Tallheds Airport \/ Storstupet. Follow the road over the airfield, then signs to Storstupet.<\/p>\n<p><strong><span class=\"style-scope yt-formatted-string\" dir=\"auto\">Remember to follow Visit Orsa on social media<\/span><\/strong><\/p>\n<p><a href=\"https:\/\/www.instagram.com\/visitorsa\/\">https:\/\/www.instagram.com\/visitorsa\/  <\/a><br \/>\n<a href=\"https:\/\/www.facebook.com\/visitorsa\">https:\/\/www.facebook.com\/visitorsa<\/a><br \/>\n<a href=\"https:\/\/www.youtube.com\/channel\/UCw3TBy170pUWV5P3SK_7nPQ\/\">https:\/\/www.youtube.com\/channel\/visitorsa<\/a><\/p>\n<h6><strong>#VisitOrsa<\/strong><\/h6>\n<\/div><\/section><\/div>\n","protected":false},"excerpt":{"rendered":"","protected":false},"author":1,"featured_media":0,"parent":6410,"menu_order":0,"comment_status":"closed","ping_status":"closed","template":"","meta":{"footnotes":""},"categories":[69,74],"tags":[89],"class_list":["post-6680","page","type-page","status-publish","hentry","category-activities-in-orsa","category-in-and-around-orsa","tag-activities"],"_links":{"self":[{"href":"https:\/\/visitorsa.se\/en\/wp-json\/wp\/v2\/pages\/6680","targetHints":{"allow":["GET"]}}],"collection":[{"href":"https:\/\/visitorsa.se\/en\/wp-json\/wp\/v2\/pages"}],"about":[{"href":"https:\/\/visitorsa.se\/en\/wp-json\/wp\/v2\/types\/page"}],"author":[{"embeddable":true,"href":"https:\/\/visitorsa.se\/en\/wp-json\/wp\/v2\/users\/1"}],"replies":[{"embeddable":true,"href":"https:\/\/visitorsa.se\/en\/wp-json\/wp\/v2\/comments?post=6680"}],"version-history":[{"count":5,"href":"https:\/\/visitorsa.se\/en\/wp-json\/wp\/v2\/pages\/6680\/revisions"}],"predecessor-version":[{"id":249889,"href":"https:\/\/visitorsa.se\/en\/wp-json\/wp\/v2\/pages\/6680\/revisions\/249889"}],"up":[{"embeddable":true,"href":"https:\/\/visitorsa.se\/en\/wp-json\/wp\/v2\/pages\/6410"}],"wp:attachment":[{"href":"https:\/\/visitorsa.se\/en\/wp-json\/wp\/v2\/media?parent=6680"}],"wp:term":[{"taxonomy":"category","embeddable":true,"href":"https:\/\/visitorsa.se\/en\/wp-json\/wp\/v2\/categories?post=6680"},{"taxonomy":"post_tag","embeddable":true,"href":"https:\/\/visitorsa.se\/en\/wp-json\/wp\/v2\/tags?post=6680"}],"curies":[{"name":"wp","href":"https:\/\/api.w.org\/{rel}","templated":true}]}}