{"id":6596,"date":"2021-06-22T20:30:30","date_gmt":"2021-06-22T18:30:30","guid":{"rendered":"https:\/\/staging.visitorsa.se\/orsa-outdoor\/"},"modified":"2022-07-07T11:13:38","modified_gmt":"2022-07-07T09:13:38","slug":"orsa-outdoor","status":"publish","type":"page","link":"https:\/\/visitorsa.se\/en\/orsa-outdoor\/","title":{"rendered":"Orsa Outdoor"},"content":{"rendered":"\n<style type=\"text\/css\" data-created_by=\"avia_inline_auto\" id=\"style-css-av-6d4ygg-db790e9493201a1d2f9d8b3dfe30decc\">\n.flex_column.av-6d4ygg-db790e9493201a1d2f9d8b3dfe30decc{\n-webkit-border-radius:0px 0px 0px 0px;\n-moz-border-radius:0px 0px 0px 0px;\nborder-radius:0px 0px 0px 0px;\npadding:0px 0px 0px 0px;\n}\n<\/style>\n<div class='flex_column av-6d4ygg-db790e9493201a1d2f9d8b3dfe30decc av_one_full  avia-builder-el-0  el_before_av_one_half  avia-builder-el-first  first flex_column_div av-zero-column-padding '     ><style type=\"text\/css\" data-created_by=\"avia_inline_auto\" id=\"style-css-av-kgf1j3ru-6d2c18ae06616f0c7960a6ccd7488b0a\">\n#top .avia-gallery.av-kgf1j3ru-6d2c18ae06616f0c7960a6ccd7488b0a .avia-gallery-thumb a{\nwidth:25%;\n}\n<\/style>\n<div  class='avia-gallery av-kgf1j3ru-6d2c18ae06616f0c7960a6ccd7488b0a avia_animate_when_visible  avia-builder-el-1  avia-builder-el-no-sibling  avia_lazyload avia-gallery-animate avia-gallery-1'  itemprop=\"image\" itemscope=\"itemscope\" itemtype=\"https:\/\/schema.org\/ImageObject\" ><meta itemprop=\"contentURL\" content=\"https:\/\/visitorsa.se\/en\/orsa-outdoor\/\"><div class='avia-gallery-thumb'><a href=\"https:\/\/visitorsa.se\/app\/uploads\/2021\/06\/Jaktia-1-1030x536.jpg\" data-srcset=\"https:\/\/visitorsa.se\/app\/uploads\/2021\/06\/Jaktia-1-1030x536.jpg 1030w, https:\/\/visitorsa.se\/app\/uploads\/2021\/06\/Jaktia-1-300x156.jpg 300w, https:\/\/visitorsa.se\/app\/uploads\/2021\/06\/Jaktia-1-768x400.jpg 768w, https:\/\/visitorsa.se\/app\/uploads\/2021\/06\/Jaktia-1-1536x799.jpg 1536w, https:\/\/visitorsa.se\/app\/uploads\/2021\/06\/Jaktia-1-2048x1066.jpg 2048w, https:\/\/visitorsa.se\/app\/uploads\/2021\/06\/Jaktia-1-1500x780.jpg 1500w, https:\/\/visitorsa.se\/app\/uploads\/2021\/06\/Jaktia-1-705x367.jpg 705w\" data-sizes=\"(max-width: 1030px) 100vw, 1030px\" data-rel='gallery-1' data-prev-img='https:\/\/visitorsa.se\/app\/uploads\/2021\/06\/Jaktia-1-495x400.jpg' class='first_thumb lightbox ' data-onclick='1' title='Jaktia 1'  itemprop=\"thumbnailUrl\"  ><img decoding=\"async\" class=\"wp-image-5999 avia-img-lazy-loading-not-5999\"   src=\"https:\/\/visitorsa.se\/app\/uploads\/2021\/06\/Jaktia-1-495x400.jpg\" width=\"495\" height=\"400\"  title='Jaktia 1' alt='' srcset=\"https:\/\/visitorsa.se\/app\/uploads\/2021\/06\/Jaktia-1-495x400.jpg 495w, https:\/\/visitorsa.se\/app\/uploads\/2021\/06\/Jaktia-1-845x684.jpg 845w\" sizes=\"(max-width: 495px) 100vw, 495px\" \/><div class='big-prev-fake'><img loading=\"lazy\" decoding=\"async\" class=\"wp-image-5999 avia-img-lazy-loading-5999\"  width=\"495\" height=\"400\" src=\"https:\/\/visitorsa.se\/app\/uploads\/2021\/06\/Jaktia-1-495x400.jpg\" title='Jaktia 1' alt='' srcset=\"https:\/\/visitorsa.se\/app\/uploads\/2021\/06\/Jaktia-1-495x400.jpg 495w, https:\/\/visitorsa.se\/app\/uploads\/2021\/06\/Jaktia-1-845x684.jpg 845w\" sizes=\"auto, (max-width: 495px) 100vw, 495px\" \/><\/div><\/a><a href=\"https:\/\/visitorsa.se\/app\/uploads\/2021\/06\/Jaktia-3-1030x536.jpg\" data-srcset=\"https:\/\/visitorsa.se\/app\/uploads\/2021\/06\/Jaktia-3-1030x536.jpg 1030w, https:\/\/visitorsa.se\/app\/uploads\/2021\/06\/Jaktia-3-300x156.jpg 300w, https:\/\/visitorsa.se\/app\/uploads\/2021\/06\/Jaktia-3-768x400.jpg 768w, https:\/\/visitorsa.se\/app\/uploads\/2021\/06\/Jaktia-3-1536x799.jpg 1536w, https:\/\/visitorsa.se\/app\/uploads\/2021\/06\/Jaktia-3-2048x1066.jpg 2048w, https:\/\/visitorsa.se\/app\/uploads\/2021\/06\/Jaktia-3-1500x780.jpg 1500w, https:\/\/visitorsa.se\/app\/uploads\/2021\/06\/Jaktia-3-705x367.jpg 705w\" data-sizes=\"(max-width: 1030px) 100vw, 1030px\" data-rel='gallery-1' data-prev-img='https:\/\/visitorsa.se\/app\/uploads\/2021\/06\/Jaktia-3-495x400.jpg' class='lightbox ' data-onclick='2' title='Jaktia 3'  itemprop=\"thumbnailUrl\"  ><img decoding=\"async\" class=\"wp-image-6003 avia-img-lazy-loading-not-6003\"   src=\"https:\/\/visitorsa.se\/app\/uploads\/2021\/06\/Jaktia-3-495x400.jpg\" width=\"495\" height=\"400\"  title='Jaktia 3' alt='' srcset=\"https:\/\/visitorsa.se\/app\/uploads\/2021\/06\/Jaktia-3-495x400.jpg 495w, https:\/\/visitorsa.se\/app\/uploads\/2021\/06\/Jaktia-3-845x684.jpg 845w\" sizes=\"(max-width: 495px) 100vw, 495px\" \/><div class='big-prev-fake'><img loading=\"lazy\" decoding=\"async\" class=\"wp-image-6003 avia-img-lazy-loading-6003\"  width=\"495\" height=\"400\" src=\"https:\/\/visitorsa.se\/app\/uploads\/2021\/06\/Jaktia-3-495x400.jpg\" title='Jaktia 3' alt='' srcset=\"https:\/\/visitorsa.se\/app\/uploads\/2021\/06\/Jaktia-3-495x400.jpg 495w, https:\/\/visitorsa.se\/app\/uploads\/2021\/06\/Jaktia-3-845x684.jpg 845w\" sizes=\"auto, (max-width: 495px) 100vw, 495px\" \/><\/div><\/a><a href=\"https:\/\/visitorsa.se\/app\/uploads\/2021\/06\/Jaktia-4-1030x536.jpg\" data-srcset=\"https:\/\/visitorsa.se\/app\/uploads\/2021\/06\/Jaktia-4-1030x536.jpg 1030w, https:\/\/visitorsa.se\/app\/uploads\/2021\/06\/Jaktia-4-300x156.jpg 300w, https:\/\/visitorsa.se\/app\/uploads\/2021\/06\/Jaktia-4-768x400.jpg 768w, https:\/\/visitorsa.se\/app\/uploads\/2021\/06\/Jaktia-4-1536x799.jpg 1536w, https:\/\/visitorsa.se\/app\/uploads\/2021\/06\/Jaktia-4-2048x1066.jpg 2048w, https:\/\/visitorsa.se\/app\/uploads\/2021\/06\/Jaktia-4-1500x780.jpg 1500w, https:\/\/visitorsa.se\/app\/uploads\/2021\/06\/Jaktia-4-705x367.jpg 705w\" data-sizes=\"(max-width: 1030px) 100vw, 1030px\" data-rel='gallery-1' data-prev-img='https:\/\/visitorsa.se\/app\/uploads\/2021\/06\/Jaktia-4-495x400.jpg' class='lightbox ' data-onclick='3' title='Jaktia 4'  itemprop=\"thumbnailUrl\"  ><img decoding=\"async\" class=\"wp-image-6005 avia-img-lazy-loading-not-6005\"   src=\"https:\/\/visitorsa.se\/app\/uploads\/2021\/06\/Jaktia-4-495x400.jpg\" width=\"495\" height=\"400\"  title='Jaktia 4' alt='' srcset=\"https:\/\/visitorsa.se\/app\/uploads\/2021\/06\/Jaktia-4-495x400.jpg 495w, https:\/\/visitorsa.se\/app\/uploads\/2021\/06\/Jaktia-4-845x684.jpg 845w\" sizes=\"(max-width: 495px) 100vw, 495px\" \/><div class='big-prev-fake'><img loading=\"lazy\" decoding=\"async\" class=\"wp-image-6005 avia-img-lazy-loading-6005\"  width=\"495\" height=\"400\" src=\"https:\/\/visitorsa.se\/app\/uploads\/2021\/06\/Jaktia-4-495x400.jpg\" title='Jaktia 4' alt='' srcset=\"https:\/\/visitorsa.se\/app\/uploads\/2021\/06\/Jaktia-4-495x400.jpg 495w, https:\/\/visitorsa.se\/app\/uploads\/2021\/06\/Jaktia-4-845x684.jpg 845w\" sizes=\"auto, (max-width: 495px) 100vw, 495px\" \/><\/div><\/a><a href=\"https:\/\/visitorsa.se\/app\/uploads\/2021\/06\/jaktia-5-1030x536.jpg\" data-srcset=\"https:\/\/visitorsa.se\/app\/uploads\/2021\/06\/jaktia-5-1030x536.jpg 1030w, https:\/\/visitorsa.se\/app\/uploads\/2021\/06\/jaktia-5-300x156.jpg 300w, https:\/\/visitorsa.se\/app\/uploads\/2021\/06\/jaktia-5-768x400.jpg 768w, https:\/\/visitorsa.se\/app\/uploads\/2021\/06\/jaktia-5-1536x799.jpg 1536w, https:\/\/visitorsa.se\/app\/uploads\/2021\/06\/jaktia-5-2048x1066.jpg 2048w, https:\/\/visitorsa.se\/app\/uploads\/2021\/06\/jaktia-5-1500x780.jpg 1500w, https:\/\/visitorsa.se\/app\/uploads\/2021\/06\/jaktia-5-705x367.jpg 705w\" data-sizes=\"(max-width: 1030px) 100vw, 1030px\" data-rel='gallery-1' data-prev-img='https:\/\/visitorsa.se\/app\/uploads\/2021\/06\/jaktia-5-495x400.jpg' class='lightbox ' data-onclick='4' title='jaktia 5'  itemprop=\"thumbnailUrl\"  ><img decoding=\"async\" class=\"wp-image-6007 avia-img-lazy-loading-not-6007\"   src=\"https:\/\/visitorsa.se\/app\/uploads\/2021\/06\/jaktia-5-495x400.jpg\" width=\"495\" height=\"400\"  title='jaktia 5' alt='' srcset=\"https:\/\/visitorsa.se\/app\/uploads\/2021\/06\/jaktia-5-495x400.jpg 495w, https:\/\/visitorsa.se\/app\/uploads\/2021\/06\/jaktia-5-845x684.jpg 845w\" sizes=\"(max-width: 495px) 100vw, 495px\" \/><div class='big-prev-fake'><img loading=\"lazy\" decoding=\"async\" class=\"wp-image-6007 avia-img-lazy-loading-6007\"  width=\"495\" height=\"400\" src=\"https:\/\/visitorsa.se\/app\/uploads\/2021\/06\/jaktia-5-495x400.jpg\" title='jaktia 5' alt='' srcset=\"https:\/\/visitorsa.se\/app\/uploads\/2021\/06\/jaktia-5-495x400.jpg 495w, https:\/\/visitorsa.se\/app\/uploads\/2021\/06\/jaktia-5-845x684.jpg 845w\" sizes=\"auto, (max-width: 495px) 100vw, 495px\" \/><\/div><\/a><\/div><\/div><\/div>\n<style type=\"text\/css\" data-created_by=\"avia_inline_auto\" id=\"style-css-av-aupcw0-034727ff4178265a807e03e0bbca9dc3\">\n.flex_column.av-aupcw0-034727ff4178265a807e03e0bbca9dc3{\n-webkit-border-radius:0px 0px 0px 0px;\n-moz-border-radius:0px 0px 0px 0px;\nborder-radius:0px 0px 0px 0px;\npadding:0px 0px 0px 0px;\n}\n<\/style>\n<div class='flex_column av-aupcw0-034727ff4178265a807e03e0bbca9dc3 av_one_half  avia-builder-el-2  el_after_av_one_full  el_before_av_one_half  first flex_column_div av-zero-column-padding column-top-margin'     ><section  class='av_textblock_section av-kgf1e6kl-253ba1d13068f8db85f0ad3cf08f701d'  itemscope=\"itemscope\" itemtype=\"https:\/\/schema.org\/CreativeWork\" ><div class='avia_textblock'  itemprop=\"text\" ><p style=\"font-weight: 400\"><strong>Jaktia Orsa Outdoor<\/strong><\/p>\n<p style=\"font-weight: 400\">Den mysiga outdoor butiken p\u00e5 600 m2, cirka 2 km utanf\u00f6r Orsa. Hos oss hittar du allt fr\u00e5n gr\u00e4sklippare och sn\u00f6slungor, till vapen och ammunition. Vi har verkstad f\u00f6r b\u00e5de maskiner och vapen. Vi har \u00e4ven fiske- och jakttillbeh\u00f6r och kl\u00e4der f\u00f6r allt inom uteliv.<\/p>\n<p style=\"font-weight: 400\">Hos oss f\u00e5r du r\u00e5d, tips, kunskap och bra service!<\/p>\n<p style=\"font-weight: 400\"><em>Att vistas i naturen skall vara en upplevelse, har man r\u00e4tt utrustning kommer man den ultimata upplevelsen n\u00e4rmare.<\/em><\/p>\n<p style=\"font-weight: 400\"><em>Kom in till oss s\u00e5 hj\u00e4lper vi dig att hitta den!<\/em><\/p>\n<p style=\"font-weight: 400\">\u00d6ppet: m\u00e5n\u2013fre 9\u201318. L\u00f6r 10\u201314.<\/p>\n<\/div><\/section><br \/>\n<\/p><\/div>\n<style type=\"text\/css\" data-created_by=\"avia_inline_auto\" id=\"style-css-av-aupcw0-b252b444939f1c6223e79e5b57074446\">\n.flex_column.av-aupcw0-b252b444939f1c6223e79e5b57074446{\n-webkit-border-radius:0px 0px 0px 0px;\n-moz-border-radius:0px 0px 0px 0px;\nborder-radius:0px 0px 0px 0px;\npadding:0px 0px 0px 0px;\n}\n<\/style>\n<div class='flex_column av-aupcw0-b252b444939f1c6223e79e5b57074446 av_one_half  avia-builder-el-5  el_after_av_one_half  avia-builder-el-last  flex_column_div av-zero-column-padding column-top-margin'     ><section  class='av_textblock_section av-kgf1e6kl-253ba1d13068f8db85f0ad3cf08f701d'  itemscope=\"itemscope\" itemtype=\"https:\/\/schema.org\/CreativeWork\" ><div class='avia_textblock'  itemprop=\"text\" ><h3><strong>Kontakta oss<\/strong><\/h3>\n<p><strong><span class=\"ah\">Telefon<\/span><\/strong><span class=\"ah\"> 0250-406 78<\/span><\/p>\n<p><strong>Adress<br \/>\n<\/strong><\/p>\n<p style=\"font-weight: 400\">Jaktia Orsa Outdoor AB<br \/>\nBorn<br \/>\n794 32 Orsa<\/p>\n<div id=\"mh\">\n<div id=\"mm\"><\/div>\n<\/div>\n<\/div><\/section><br \/>\n<br \/>\n<div  class='avia-button-wrap avia-button-center  avia-builder-el-8  el_after_av_codeblock  avia-builder-el-last ' >\n<style type=\"text\/css\" data-created_by=\"avia_inline_auto\" id=\"style-css-av-kgf1wc7j-0803221139f1ba0adab0e53ba9aebcc6\">\n#top #wrap_all .avia-button.av-kgf1wc7j-0803221139f1ba0adab0e53ba9aebcc6{\ncolor:#ffffff;\n-webkit-transition:all 0.4s ease-in-out;\n-moz-transition:all 0.4s ease-in-out;\n-ms-transition:all 0.4s ease-in-out;\n-o-transition:all 0.4s ease-in-out;\ntransition:all 0.4s ease-in-out;\n}\n#top #wrap_all .avia-button.av-kgf1wc7j-0803221139f1ba0adab0e53ba9aebcc6:hover{\ncolor:#ffffff;\n-webkit-transition:all 0.4s ease-in-out;\n-moz-transition:all 0.4s ease-in-out;\n-ms-transition:all 0.4s ease-in-out;\n-o-transition:all 0.4s ease-in-out;\ntransition:all 0.4s ease-in-out;\n}\n<\/style>\n<a href='http:\/\/www.orsaoutdoor.se\/' class='avia-color-theme-color avia-button avia-button-fullwidth av-kgf1wc7j-0803221139f1ba0adab0e53ba9aebcc6 avia-icon_select-yes-left-icon avia-color-theme-color' ><span class='avia_button_icon avia_button_icon_left' aria-hidden='true' data-av_icon='\ue832' data-av_iconfont='entypo-fontello'><\/span><span class='avia_iconbox_title' >  Visit our website<\/span><span class='avia_button_background avia-button avia-button-fullwidth avia-color-theme-color-highlight'><\/span><\/a><\/div><\/p><\/div><\/p>\n","protected":false},"excerpt":{"rendered":"","protected":false},"author":3,"featured_media":6001,"parent":0,"menu_order":0,"comment_status":"closed","ping_status":"closed","template":"","meta":{"footnotes":""},"categories":[78],"tags":[],"class_list":["post-6596","page","type-page","status-publish","has-post-thumbnail","hentry","category-trade-crafts"],"_links":{"self":[{"href":"https:\/\/visitorsa.se\/en\/wp-json\/wp\/v2\/pages\/6596","targetHints":{"allow":["GET"]}}],"collection":[{"href":"https:\/\/visitorsa.se\/en\/wp-json\/wp\/v2\/pages"}],"about":[{"href":"https:\/\/visitorsa.se\/en\/wp-json\/wp\/v2\/types\/page"}],"author":[{"embeddable":true,"href":"https:\/\/visitorsa.se\/en\/wp-json\/wp\/v2\/users\/3"}],"replies":[{"embeddable":true,"href":"https:\/\/visitorsa.se\/en\/wp-json\/wp\/v2\/comments?post=6596"}],"version-history":[{"count":2,"href":"https:\/\/visitorsa.se\/en\/wp-json\/wp\/v2\/pages\/6596\/revisions"}],"predecessor-version":[{"id":7250,"href":"https:\/\/visitorsa.se\/en\/wp-json\/wp\/v2\/pages\/6596\/revisions\/7250"}],"wp:featuredmedia":[{"embeddable":true,"href":"https:\/\/visitorsa.se\/en\/wp-json\/wp\/v2\/media\/6001"}],"wp:attachment":[{"href":"https:\/\/visitorsa.se\/en\/wp-json\/wp\/v2\/media?parent=6596"}],"wp:term":[{"taxonomy":"category","embeddable":true,"href":"https:\/\/visitorsa.se\/en\/wp-json\/wp\/v2\/categories?post=6596"},{"taxonomy":"post_tag","embeddable":true,"href":"https:\/\/visitorsa.se\/en\/wp-json\/wp\/v2\/tags?post=6596"}],"curies":[{"name":"wp","href":"https:\/\/api.w.org\/{rel}","templated":true}]}}