{"id":6588,"date":"2021-06-14T20:19:07","date_gmt":"2021-06-14T18:19:07","guid":{"rendered":"https:\/\/staging.visitorsa.se\/my-orsa\/"},"modified":"2022-07-10T22:15:57","modified_gmt":"2022-07-10T20:15:57","slug":"my-orsa","status":"publish","type":"page","link":"https:\/\/visitorsa.se\/en\/my-orsa\/","title":{"rendered":"My Orsa"},"content":{"rendered":"\n<style type=\"text\/css\" data-created_by=\"avia_inline_auto\" id=\"style-css-av-6d4ygg-db790e9493201a1d2f9d8b3dfe30decc\">\n.flex_column.av-6d4ygg-db790e9493201a1d2f9d8b3dfe30decc{\n-webkit-border-radius:0px 0px 0px 0px;\n-moz-border-radius:0px 0px 0px 0px;\nborder-radius:0px 0px 0px 0px;\npadding:0px 0px 0px 0px;\n}\n<\/style>\n<div class='flex_column av-6d4ygg-db790e9493201a1d2f9d8b3dfe30decc av_one_full  avia-builder-el-0  el_before_av_one_half  avia-builder-el-first  first flex_column_div av-zero-column-padding '     ><style type=\"text\/css\" data-created_by=\"avia_inline_auto\" id=\"style-css-av-kgf1j3ru-1386d115a130abf1fd99d33c39d4375c\">\n#top .avia-gallery.av-kgf1j3ru-1386d115a130abf1fd99d33c39d4375c .avia-gallery-thumb a{\nwidth:25%;\n}\n<\/style>\n<div  class='avia-gallery av-kgf1j3ru-1386d115a130abf1fd99d33c39d4375c avia_animate_when_visible  avia-builder-el-1  avia-builder-el-no-sibling  avia_lazyload avia-gallery-animate avia-gallery-1'  itemprop=\"image\" itemscope=\"itemscope\" itemtype=\"https:\/\/schema.org\/ImageObject\" ><meta itemprop=\"contentURL\" content=\"https:\/\/visitorsa.se\/en\/my-orsa\/\"><div class='avia-gallery-thumb'><a href=\"https:\/\/visitorsa.se\/app\/uploads\/2021\/06\/Mitt-Orsa-1.jpg\" data-srcset=\"https:\/\/visitorsa.se\/app\/uploads\/2021\/06\/Mitt-Orsa-1.jpg 960w, https:\/\/visitorsa.se\/app\/uploads\/2021\/06\/Mitt-Orsa-1-300x200.jpg 300w, https:\/\/visitorsa.se\/app\/uploads\/2021\/06\/Mitt-Orsa-1-768x511.jpg 768w, https:\/\/visitorsa.se\/app\/uploads\/2021\/06\/Mitt-Orsa-1-705x469.jpg 705w\" data-sizes=\"(max-width: 960px) 100vw, 960px\" data-rel='gallery-1' data-prev-img='https:\/\/visitorsa.se\/app\/uploads\/2021\/06\/Mitt-Orsa-1-495x400.jpg' class='first_thumb lightbox ' data-onclick='1' title='My Orsa'  itemprop=\"thumbnailUrl\"  ><img decoding=\"async\" class=\"wp-image-5977 avia-img-lazy-loading-not-5977\"   src=\"https:\/\/visitorsa.se\/app\/uploads\/2021\/06\/Mitt-Orsa-1-495x400.jpg\" width=\"495\" height=\"400\"  title='My Orsa' alt='Visit Orsa' \/><div class='big-prev-fake'><img loading=\"lazy\" decoding=\"async\" class=\"wp-image-5977 avia-img-lazy-loading-5977\"  width=\"495\" height=\"400\" src=\"https:\/\/visitorsa.se\/app\/uploads\/2021\/06\/Mitt-Orsa-1-495x400.jpg\" title='My Orsa' alt='Visit Orsa' \/><\/div><\/a><a href=\"https:\/\/visitorsa.se\/app\/uploads\/2021\/06\/Mitt-Orsa-2.jpg\" data-srcset=\"https:\/\/visitorsa.se\/app\/uploads\/2021\/06\/Mitt-Orsa-2.jpg 960w, https:\/\/visitorsa.se\/app\/uploads\/2021\/06\/Mitt-Orsa-2-300x200.jpg 300w, https:\/\/visitorsa.se\/app\/uploads\/2021\/06\/Mitt-Orsa-2-768x511.jpg 768w, https:\/\/visitorsa.se\/app\/uploads\/2021\/06\/Mitt-Orsa-2-705x469.jpg 705w\" data-sizes=\"(max-width: 960px) 100vw, 960px\" data-rel='gallery-1' data-prev-img='https:\/\/visitorsa.se\/app\/uploads\/2021\/06\/Mitt-Orsa-2-495x400.jpg' class='lightbox ' data-onclick='2' title='My Orsa'  itemprop=\"thumbnailUrl\"  ><img decoding=\"async\" class=\"wp-image-5979 avia-img-lazy-loading-not-5979\"   src=\"https:\/\/visitorsa.se\/app\/uploads\/2021\/06\/Mitt-Orsa-2-495x400.jpg\" width=\"495\" height=\"400\"  title='My Orsa' alt='Visit Orsa' \/><div class='big-prev-fake'><img loading=\"lazy\" decoding=\"async\" class=\"wp-image-5979 avia-img-lazy-loading-5979\"  width=\"495\" height=\"400\" src=\"https:\/\/visitorsa.se\/app\/uploads\/2021\/06\/Mitt-Orsa-2-495x400.jpg\" title='My Orsa' alt='Visit Orsa' \/><\/div><\/a><a href=\"https:\/\/visitorsa.se\/app\/uploads\/2021\/06\/Mitt-Orsa-3.jpg\" data-srcset=\"https:\/\/visitorsa.se\/app\/uploads\/2021\/06\/Mitt-Orsa-3.jpg 960w, https:\/\/visitorsa.se\/app\/uploads\/2021\/06\/Mitt-Orsa-3-300x200.jpg 300w, https:\/\/visitorsa.se\/app\/uploads\/2021\/06\/Mitt-Orsa-3-768x511.jpg 768w, https:\/\/visitorsa.se\/app\/uploads\/2021\/06\/Mitt-Orsa-3-705x469.jpg 705w\" data-sizes=\"(max-width: 960px) 100vw, 960px\" data-rel='gallery-1' data-prev-img='https:\/\/visitorsa.se\/app\/uploads\/2021\/06\/Mitt-Orsa-3-495x400.jpg' class='lightbox ' data-onclick='3' title='My Orsa'  itemprop=\"thumbnailUrl\"  ><img decoding=\"async\" class=\"wp-image-5981 avia-img-lazy-loading-not-5981\"   src=\"https:\/\/visitorsa.se\/app\/uploads\/2021\/06\/Mitt-Orsa-3-495x400.jpg\" width=\"495\" height=\"400\"  title='My Orsa' alt='Visit Orsa' \/><div class='big-prev-fake'><img loading=\"lazy\" decoding=\"async\" class=\"wp-image-5981 avia-img-lazy-loading-5981\"  width=\"495\" height=\"400\" src=\"https:\/\/visitorsa.se\/app\/uploads\/2021\/06\/Mitt-Orsa-3-495x400.jpg\" title='My Orsa' alt='Visit Orsa' \/><\/div><\/a><a href=\"https:\/\/visitorsa.se\/app\/uploads\/2021\/06\/Mitt-Orsa-5.jpg\" data-srcset=\"https:\/\/visitorsa.se\/app\/uploads\/2021\/06\/Mitt-Orsa-5.jpg 960w, https:\/\/visitorsa.se\/app\/uploads\/2021\/06\/Mitt-Orsa-5-300x200.jpg 300w, https:\/\/visitorsa.se\/app\/uploads\/2021\/06\/Mitt-Orsa-5-768x511.jpg 768w, https:\/\/visitorsa.se\/app\/uploads\/2021\/06\/Mitt-Orsa-5-705x469.jpg 705w\" data-sizes=\"(max-width: 960px) 100vw, 960px\" data-rel='gallery-1' data-prev-img='https:\/\/visitorsa.se\/app\/uploads\/2021\/06\/Mitt-Orsa-5-495x400.jpg' class='lightbox ' data-onclick='4' title='My Orsa'  itemprop=\"thumbnailUrl\"  ><img decoding=\"async\" class=\"wp-image-5985 avia-img-lazy-loading-not-5985\"   src=\"https:\/\/visitorsa.se\/app\/uploads\/2021\/06\/Mitt-Orsa-5-495x400.jpg\" width=\"495\" height=\"400\"  title='My Orsa' alt='Visit Orsa' \/><div class='big-prev-fake'><img loading=\"lazy\" decoding=\"async\" class=\"wp-image-5985 avia-img-lazy-loading-5985\"  width=\"495\" height=\"400\" src=\"https:\/\/visitorsa.se\/app\/uploads\/2021\/06\/Mitt-Orsa-5-495x400.jpg\" title='My Orsa' alt='Visit Orsa' \/><\/div><\/a><\/div><\/div><\/div>\n\n<style type=\"text\/css\" data-created_by=\"avia_inline_auto\" id=\"style-css-av-aupcw0-034727ff4178265a807e03e0bbca9dc3\">\n.flex_column.av-aupcw0-034727ff4178265a807e03e0bbca9dc3{\n-webkit-border-radius:0px 0px 0px 0px;\n-moz-border-radius:0px 0px 0px 0px;\nborder-radius:0px 0px 0px 0px;\npadding:0px 0px 0px 0px;\n}\n<\/style>\n<div class='flex_column av-aupcw0-034727ff4178265a807e03e0bbca9dc3 av_one_half  avia-builder-el-2  el_after_av_one_full  el_before_av_one_half  first flex_column_div av-zero-column-padding column-top-margin'     ><section  class='av_textblock_section av-kgf1e6kl-253ba1d13068f8db85f0ad3cf08f701d'  itemscope=\"itemscope\" itemtype=\"https:\/\/schema.org\/CreativeWork\" ><div class='avia_textblock'  itemprop=\"text\" ><h3>Mitt Orsa<\/h3>\n<p>Ida-Therese heter jag och \u00e4r f\u00f6dd och uppvuxen i Orsa och det \u00e4r jag som driver Mitt Orsa.<\/p>\n<p>2017 startade jag Mitt Orsa, som \u00e4r min personliga guide ut i min vackra hembygds v\u00e4rdefulla natur. P\u00e5 min hemsida MittOrsa.se och via Facebook\/Instagram guidar jag dig till Orsas dolda utsiktsplatser, naturminnen, naturreservat, vandringsleder, vattenfall och mycket mer.<\/p>\n<p>2019 tilldelades jag Orsa Kommuns milj\u00f6pris med motivationen:<br \/>\n&#8220;F\u00f6r sitt arbete med webbplatsen\u00a0<a href=\"http:\/\/mittorsa.se\/\" target=\"_blank\" rel=\"noopener noreferrer\" data-saferedirecturl=\"https:\/\/www.google.com\/url?q=http:\/\/mittorsa.se&amp;source=gmail&amp;ust=1623705787599000&amp;usg=AFQjCNGmqG3ILNrVLiJ3LluNlozAnAmNxA\">mittorsa.se<\/a>\u00a0som marknadsf\u00f6r b\u00e5de<br \/>\nk\u00e4nda och ok\u00e4nda smultronst\u00e4llen p\u00e5 ett s\u00e4tt som inspirerar till milj\u00f6v\u00e4nlig<br \/>\nhemester och bidrar till en st\u00f6rre f\u00f6rst\u00e5else och respekt f\u00f6r v\u00e5r v\u00e4rdefulla natur&#8221;<\/p>\n<p>2021 kom min efterl\u00e4ngtade Orsakarta fr\u00e5n tryckeriet. Jag och m\u00e5nga fler har l\u00e4nge saknat en tydlig karta med utplacerade bes\u00f6ksm\u00e5l, och nu \u00e4r den \u00e4ntligen h\u00e4r! Du kan best\u00e4lla den via\u00a0<a href=\"http:\/\/mittorsa.se\/\" target=\"_blank\" rel=\"noopener noreferrer\" data-saferedirecturl=\"https:\/\/www.google.com\/url?q=http:\/\/mittorsa.se&amp;source=gmail&amp;ust=1623705787599000&amp;usg=AFQjCNGmqG3ILNrVLiJ3LluNlozAnAmNxA\">mittorsa.se<\/a>\u00a0eller k\u00f6pa den direkt p\u00e5 flera st\u00e4llen runt om i Orsa. Kartan har snabbt blivit popul\u00e4r och mycket uppskattad.<\/p>\n<p>Jag brinner f\u00f6r min hembygd och att visa livet h\u00e4r i Orsa. Vad som kommer h\u00e4r n\u00e4st \u00e5terst\u00e5r att se, f\u00f6lj med mig och min hund Mojje p\u00e5 resan i Mitt Orsa!<\/p>\n<\/div><\/section><br \/>\n<\/p><\/div>\n\n<style type=\"text\/css\" data-created_by=\"avia_inline_auto\" id=\"style-css-av-aupcw0-b252b444939f1c6223e79e5b57074446\">\n.flex_column.av-aupcw0-b252b444939f1c6223e79e5b57074446{\n-webkit-border-radius:0px 0px 0px 0px;\n-moz-border-radius:0px 0px 0px 0px;\nborder-radius:0px 0px 0px 0px;\npadding:0px 0px 0px 0px;\n}\n<\/style>\n<div class='flex_column av-aupcw0-b252b444939f1c6223e79e5b57074446 av_one_half  avia-builder-el-5  el_after_av_one_half  avia-builder-el-last  flex_column_div av-zero-column-padding column-top-margin'     ><section  class='av_textblock_section av-kgf1e6kl-253ba1d13068f8db85f0ad3cf08f701d'  itemscope=\"itemscope\" itemtype=\"https:\/\/schema.org\/CreativeWork\" ><div class='avia_textblock'  itemprop=\"text\" ><h3>Mitt Orsa<\/h3>\n<p><strong>E-postadress:<\/strong><br \/>\n<a href=\"mailto:info@mittorsa.se\" target=\"_blank\" rel=\"noopener noreferrer\">info@mittorsa.se<\/a><\/p>\n<p><strong>Facebook:<\/strong><br \/>\n<a href=\"https:\/\/www.facebook.com\/mittorsa\" target=\"_blank\" rel=\"noopener noreferrer\" data-saferedirecturl=\"https:\/\/www.google.com\/url?q=https:\/\/www.facebook.com\/mittorsa&amp;source=gmail&amp;ust=1623705787599000&amp;usg=AFQjCNG_Pb0hL9GgOUdF5ZEnvMYGLGbikA\">https:\/\/www.facebook.com\/mittorsa<\/a><\/p>\n<\/div><\/section><br \/>\n<br \/>\n<div  class='avia-button-wrap avia-button-center  avia-builder-el-8  el_after_av_codeblock  avia-builder-el-last ' >\n<style type=\"text\/css\" data-created_by=\"avia_inline_auto\" id=\"style-css-av-kgf1wc7j-bf74b573bafa3e261c053d8b38c8b26e\">\n#top #wrap_all .avia-button.av-kgf1wc7j-bf74b573bafa3e261c053d8b38c8b26e{\ncolor:#ffffff;\n-webkit-transition:all 0.4s ease-in-out;\n-moz-transition:all 0.4s ease-in-out;\n-ms-transition:all 0.4s ease-in-out;\n-o-transition:all 0.4s ease-in-out;\ntransition:all 0.4s ease-in-out;\n}\n#top #wrap_all .avia-button.av-kgf1wc7j-bf74b573bafa3e261c053d8b38c8b26e:hover{\ncolor:#ffffff;\n-webkit-transition:all 0.4s ease-in-out;\n-moz-transition:all 0.4s ease-in-out;\n-ms-transition:all 0.4s ease-in-out;\n-o-transition:all 0.4s ease-in-out;\ntransition:all 0.4s ease-in-out;\n}\n<\/style>\n<a href='https:\/\/mittorsa.se\/' class='avia-color-theme-color avia-button avia-button-fullwidth av-kgf1wc7j-bf74b573bafa3e261c053d8b38c8b26e avia-icon_select-yes-left-icon avia-color-theme-color' ><span class='avia_button_icon avia_button_icon_left' aria-hidden='true' data-av_icon='\ue832' data-av_iconfont='entypo-fontello'><\/span><span class='avia_iconbox_title' >  Visit our website<\/span><span class='avia_button_background avia-button avia-button-fullwidth avia-color-theme-color-highlight'><\/span><\/a><\/div><\/p><\/div>\n","protected":false},"excerpt":{"rendered":"","protected":false},"author":3,"featured_media":5983,"parent":0,"menu_order":0,"comment_status":"closed","ping_status":"closed","template":"","meta":{"footnotes":""},"categories":[69],"tags":[],"class_list":["post-6588","page","type-page","status-publish","has-post-thumbnail","hentry","category-activities-in-orsa"],"_links":{"self":[{"href":"https:\/\/visitorsa.se\/en\/wp-json\/wp\/v2\/pages\/6588","targetHints":{"allow":["GET"]}}],"collection":[{"href":"https:\/\/visitorsa.se\/en\/wp-json\/wp\/v2\/pages"}],"about":[{"href":"https:\/\/visitorsa.se\/en\/wp-json\/wp\/v2\/types\/page"}],"author":[{"embeddable":true,"href":"https:\/\/visitorsa.se\/en\/wp-json\/wp\/v2\/users\/3"}],"replies":[{"embeddable":true,"href":"https:\/\/visitorsa.se\/en\/wp-json\/wp\/v2\/comments?post=6588"}],"version-history":[{"count":4,"href":"https:\/\/visitorsa.se\/en\/wp-json\/wp\/v2\/pages\/6588\/revisions"}],"predecessor-version":[{"id":7823,"href":"https:\/\/visitorsa.se\/en\/wp-json\/wp\/v2\/pages\/6588\/revisions\/7823"}],"wp:featuredmedia":[{"embeddable":true,"href":"https:\/\/visitorsa.se\/en\/wp-json\/wp\/v2\/media\/5983"}],"wp:attachment":[{"href":"https:\/\/visitorsa.se\/en\/wp-json\/wp\/v2\/media?parent=6588"}],"wp:term":[{"taxonomy":"category","embeddable":true,"href":"https:\/\/visitorsa.se\/en\/wp-json\/wp\/v2\/categories?post=6588"},{"taxonomy":"post_tag","embeddable":true,"href":"https:\/\/visitorsa.se\/en\/wp-json\/wp\/v2\/tags?post=6588"}],"curies":[{"name":"wp","href":"https:\/\/api.w.org\/{rel}","templated":true}]}}