{"id":6511,"date":"2022-01-28T10:15:54","date_gmt":"2022-01-28T09:15:54","guid":{"rendered":"https:\/\/staging.visitorsa.se\/east-grunuberg-living-shack\/"},"modified":"2022-07-08T12:21:09","modified_gmt":"2022-07-08T10:21:09","slug":"east-grunuberg-living-shack","status":"publish","type":"page","link":"https:\/\/visitorsa.se\/en\/east-grunuberg-living-shack\/","title":{"rendered":"\u00d6stra Grunuberg levande f\u00e4bod"},"content":{"rendered":"\n<style type=\"text\/css\" data-created_by=\"avia_inline_auto\" id=\"style-css-av-6d4ygg-db790e9493201a1d2f9d8b3dfe30decc\">\n.flex_column.av-6d4ygg-db790e9493201a1d2f9d8b3dfe30decc{\n-webkit-border-radius:0px 0px 0px 0px;\n-moz-border-radius:0px 0px 0px 0px;\nborder-radius:0px 0px 0px 0px;\npadding:0px 0px 0px 0px;\n}\n<\/style>\n<div class='flex_column av-6d4ygg-db790e9493201a1d2f9d8b3dfe30decc av_one_full  avia-builder-el-0  el_before_av_one_half  avia-builder-el-first  first flex_column_div av-zero-column-padding '     ><style type=\"text\/css\" data-created_by=\"avia_inline_auto\" id=\"style-css-av-kgf1j3ru-c9b6dd3876e05deedcd77f629056c175\">\n#top .avia-gallery.av-kgf1j3ru-c9b6dd3876e05deedcd77f629056c175 .avia-gallery-thumb a{\nwidth:25%;\n}\n<\/style>\n<div  class='avia-gallery av-kgf1j3ru-c9b6dd3876e05deedcd77f629056c175 avia_animate_when_visible  avia-builder-el-1  avia-builder-el-no-sibling  avia_lazyload avia-gallery-animate avia-gallery-1'  itemprop=\"image\" itemscope=\"itemscope\" itemtype=\"https:\/\/schema.org\/ImageObject\" ><meta itemprop=\"contentURL\" content=\"https:\/\/visitorsa.se\/en\/east-grunuberg-living-shack\/\"><div class='avia-gallery-thumb'><a href=\"https:\/\/visitorsa.se\/app\/uploads\/2022\/01\/Ostra-Grunuberg-fabod-2.png\" data-srcset=\"https:\/\/visitorsa.se\/app\/uploads\/2022\/01\/Ostra-Grunuberg-fabod-2.png 1000w, https:\/\/visitorsa.se\/app\/uploads\/2022\/01\/Ostra-Grunuberg-fabod-2-300x120.png 300w, https:\/\/visitorsa.se\/app\/uploads\/2022\/01\/Ostra-Grunuberg-fabod-2-768x307.png 768w, https:\/\/visitorsa.se\/app\/uploads\/2022\/01\/Ostra-Grunuberg-fabod-2-705x282.png 705w\" data-sizes=\"(max-width: 1000px) 100vw, 1000px\" data-rel='gallery-1' data-prev-img='https:\/\/visitorsa.se\/app\/uploads\/2022\/01\/Ostra-Grunuberg-fabod-2-495x400.png' class='first_thumb lightbox ' data-onclick='1' title='\u00d6stra Grunuberg f\u00e4bod 2'  itemprop=\"thumbnailUrl\"  ><img decoding=\"async\" class=\"wp-image-6141 avia-img-lazy-loading-not-6141\"   src=\"https:\/\/visitorsa.se\/app\/uploads\/2022\/01\/Ostra-Grunuberg-fabod-2-495x400.png\" width=\"495\" height=\"400\"  title='\u00d6stra Grunuberg f\u00e4bod 2' alt='' \/><div class='big-prev-fake'><img loading=\"lazy\" decoding=\"async\" class=\"wp-image-6141 avia-img-lazy-loading-6141\"  width=\"495\" height=\"400\" src=\"https:\/\/visitorsa.se\/app\/uploads\/2022\/01\/Ostra-Grunuberg-fabod-2-495x400.png\" title='\u00d6stra Grunuberg f\u00e4bod 2' alt='' \/><\/div><\/a><a href=\"https:\/\/visitorsa.se\/app\/uploads\/2022\/01\/Ostra-Grunuberg-fabod-3.png\" data-srcset=\"https:\/\/visitorsa.se\/app\/uploads\/2022\/01\/Ostra-Grunuberg-fabod-3.png 1000w, https:\/\/visitorsa.se\/app\/uploads\/2022\/01\/Ostra-Grunuberg-fabod-3-300x120.png 300w, https:\/\/visitorsa.se\/app\/uploads\/2022\/01\/Ostra-Grunuberg-fabod-3-768x307.png 768w, https:\/\/visitorsa.se\/app\/uploads\/2022\/01\/Ostra-Grunuberg-fabod-3-705x282.png 705w\" data-sizes=\"(max-width: 1000px) 100vw, 1000px\" data-rel='gallery-1' data-prev-img='https:\/\/visitorsa.se\/app\/uploads\/2022\/01\/Ostra-Grunuberg-fabod-3-495x400.png' class='lightbox ' data-onclick='2' title='\u00d6stra Grunuberg f\u00e4bod 3'  itemprop=\"thumbnailUrl\"  ><img decoding=\"async\" class=\"wp-image-6143 avia-img-lazy-loading-not-6143\"   src=\"https:\/\/visitorsa.se\/app\/uploads\/2022\/01\/Ostra-Grunuberg-fabod-3-495x400.png\" width=\"495\" height=\"400\"  title='\u00d6stra Grunuberg f\u00e4bod 3' alt='' \/><div class='big-prev-fake'><img loading=\"lazy\" decoding=\"async\" class=\"wp-image-6143 avia-img-lazy-loading-6143\"  width=\"495\" height=\"400\" src=\"https:\/\/visitorsa.se\/app\/uploads\/2022\/01\/Ostra-Grunuberg-fabod-3-495x400.png\" title='\u00d6stra Grunuberg f\u00e4bod 3' alt='' \/><\/div><\/a><a href=\"https:\/\/visitorsa.se\/app\/uploads\/2022\/01\/Ostra-Grunuberg-fabod-4.png\" data-srcset=\"https:\/\/visitorsa.se\/app\/uploads\/2022\/01\/Ostra-Grunuberg-fabod-4.png 1000w, https:\/\/visitorsa.se\/app\/uploads\/2022\/01\/Ostra-Grunuberg-fabod-4-300x120.png 300w, https:\/\/visitorsa.se\/app\/uploads\/2022\/01\/Ostra-Grunuberg-fabod-4-768x307.png 768w, https:\/\/visitorsa.se\/app\/uploads\/2022\/01\/Ostra-Grunuberg-fabod-4-705x282.png 705w\" data-sizes=\"(max-width: 1000px) 100vw, 1000px\" data-rel='gallery-1' data-prev-img='https:\/\/visitorsa.se\/app\/uploads\/2022\/01\/Ostra-Grunuberg-fabod-4-495x400.png' class='lightbox ' data-onclick='3' title='\u00d6stra Grunuberg shack 4'  itemprop=\"thumbnailUrl\"  ><img decoding=\"async\" class=\"wp-image-6145 avia-img-lazy-loading-not-6145\"   src=\"https:\/\/visitorsa.se\/app\/uploads\/2022\/01\/Ostra-Grunuberg-fabod-4-495x400.png\" width=\"495\" height=\"400\"  title='\u00d6stra Grunuberg shack 4' alt='' \/><div class='big-prev-fake'><img loading=\"lazy\" decoding=\"async\" class=\"wp-image-6145 avia-img-lazy-loading-6145\"  width=\"495\" height=\"400\" src=\"https:\/\/visitorsa.se\/app\/uploads\/2022\/01\/Ostra-Grunuberg-fabod-4-495x400.png\" title='\u00d6stra Grunuberg shack 4' alt='' \/><\/div><\/a><a href=\"https:\/\/visitorsa.se\/app\/uploads\/2022\/01\/Ostra-Grunuberg-fabod-5.png\" data-srcset=\"https:\/\/visitorsa.se\/app\/uploads\/2022\/01\/Ostra-Grunuberg-fabod-5.png 1000w, https:\/\/visitorsa.se\/app\/uploads\/2022\/01\/Ostra-Grunuberg-fabod-5-300x120.png 300w, https:\/\/visitorsa.se\/app\/uploads\/2022\/01\/Ostra-Grunuberg-fabod-5-768x307.png 768w, https:\/\/visitorsa.se\/app\/uploads\/2022\/01\/Ostra-Grunuberg-fabod-5-705x282.png 705w\" data-sizes=\"(max-width: 1000px) 100vw, 1000px\" data-rel='gallery-1' data-prev-img='https:\/\/visitorsa.se\/app\/uploads\/2022\/01\/Ostra-Grunuberg-fabod-5-495x400.png' class='lightbox ' data-onclick='4' title='\u00d6stra Grunuberg f\u00e4bod 5'  itemprop=\"thumbnailUrl\"  ><img decoding=\"async\" class=\"wp-image-6147 avia-img-lazy-loading-not-6147\"   src=\"https:\/\/visitorsa.se\/app\/uploads\/2022\/01\/Ostra-Grunuberg-fabod-5-495x400.png\" width=\"495\" height=\"400\"  title='\u00d6stra Grunuberg f\u00e4bod 5' alt='' \/><div class='big-prev-fake'><img loading=\"lazy\" decoding=\"async\" class=\"wp-image-6147 avia-img-lazy-loading-6147\"  width=\"495\" height=\"400\" src=\"https:\/\/visitorsa.se\/app\/uploads\/2022\/01\/Ostra-Grunuberg-fabod-5-495x400.png\" title='\u00d6stra Grunuberg f\u00e4bod 5' alt='' \/><\/div><\/a><\/div><\/div><\/div>\n<style type=\"text\/css\" data-created_by=\"avia_inline_auto\" id=\"style-css-av-aupcw0-034727ff4178265a807e03e0bbca9dc3\">\n.flex_column.av-aupcw0-034727ff4178265a807e03e0bbca9dc3{\n-webkit-border-radius:0px 0px 0px 0px;\n-moz-border-radius:0px 0px 0px 0px;\nborder-radius:0px 0px 0px 0px;\npadding:0px 0px 0px 0px;\n}\n<\/style>\n<div class='flex_column av-aupcw0-034727ff4178265a807e03e0bbca9dc3 av_one_half  avia-builder-el-2  el_after_av_one_full  el_before_av_one_half  first flex_column_div av-zero-column-padding column-top-margin'     ><section  class='av_textblock_section av-kgf1e6kl-253ba1d13068f8db85f0ad3cf08f701d'  itemscope=\"itemscope\" itemtype=\"https:\/\/schema.org\/CreativeWork\" ><div class='avia_textblock'  itemprop=\"text\" ><h3>\u00d6stra Grunuberg levande f\u00e4bod<\/h3>\n<p>\u00d6stra Grunuberg \u00e4r en levande f\u00e4bod bel\u00e4gen ca 1,2 mil \u00f6ster \u00f6m Oljonsbyn i Orsa kommun. F\u00e4boden drivs av Karl-Gustaf Hedling och kor, h\u00e4star, f\u00e5r, getter, hundar och katter samt ett brett utbud av h\u00f6ns har h\u00e4r sin sommarvistelse.<\/p>\n<p>Sedan 1979 har KG (som Karl-Gustav kallas av alla) successivt byggt fram en boendemilj\u00f6 och driver en &#8220;Bed &amp; Breakfast&#8221; verksamhet sommartid.<br \/>\nSillafton och grillfest med underh\u00e5llning av lokala musiker,<\/p>\n<p>Sillaftnarna i augusti \u00e4r ett mycket popul\u00e4rt fredagsn\u00f6je som v\u00e4ckt stor uppskattning bland bes\u00f6karna. Musiker underh\u00e5ller \u2013 en del k\u00e4nda, andra lite mindre k\u00e4nda. Den som spelar n\u00e5got \u00e4r alltid v\u00e4lkommen att ta med sitt instrument och vara med. Kanske bjuder n\u00e5gon upp till dans! Vi \u00e4r inomhus i stora festsalen.<\/p>\n<p>Kom g\u00e4rna och bes\u00f6k f\u00e4boden, Grunuberg har med sin biotop mycket bra marker f\u00f6r b\u00e4r och svampplockning. Eller varf\u00f6r inte bara g\u00f6ra en utflykt hit f\u00f6r att se om n\u00e5got av skogens vilt vill visa upp sig.<\/p>\n<\/div><\/section><br \/>\n<\/p><\/div>\n<style type=\"text\/css\" data-created_by=\"avia_inline_auto\" id=\"style-css-av-aupcw0-b252b444939f1c6223e79e5b57074446\">\n.flex_column.av-aupcw0-b252b444939f1c6223e79e5b57074446{\n-webkit-border-radius:0px 0px 0px 0px;\n-moz-border-radius:0px 0px 0px 0px;\nborder-radius:0px 0px 0px 0px;\npadding:0px 0px 0px 0px;\n}\n<\/style>\n<div class='flex_column av-aupcw0-b252b444939f1c6223e79e5b57074446 av_one_half  avia-builder-el-5  el_after_av_one_half  avia-builder-el-last  flex_column_div av-zero-column-padding column-top-margin'     ><section  class='av_textblock_section av-kgf1e6kl-253ba1d13068f8db85f0ad3cf08f701d'  itemscope=\"itemscope\" itemtype=\"https:\/\/schema.org\/CreativeWork\" ><div class='avia_textblock'  itemprop=\"text\" ><h3>Reservation<\/h3>\n<p>When booking or questions, you are welcome to contact<br \/>\nKarl\u2013Gustaf by phone +46 (0)76\u2013841 61 21.<\/p>\n<p>Sometimes there is a lack of coverage on the mobile, then it works better to send a text message.<\/p>\n<p>Email: <a href=\"mailto:oljonsbybonden@hotmail.se\" target=\"_blank\" rel=\"noopener\">oljonsbybonden@hotmail.se<\/a><\/p>\n<h3>Directions:<\/h3>\n<p>From Orsa: Head east at the roundabout at E45 towards Sl\u00e4ttberg, then turn right towards Viborg. After the bridge keep left and follow the road for about 1.5 km. Turn left at sign island Grunuberg 11 km.<\/p>\n<p>From Mora: Take the E45 towards Orsa and turn right at the roundabout at Mora hospital towards Bergkarl\u00e5s. After about 13 km turn right at the sign island Grunuberg 11 km.<\/p>\n<\/div><\/section><br \/>\n<br \/>\n<div  class='avia-button-wrap avia-button-center  avia-builder-el-8  el_after_av_codeblock  el_before_av_button_big ' >\n<style type=\"text\/css\" data-created_by=\"avia_inline_auto\" id=\"style-css-av-kgf1wc7j-b2157ac6bfe1c0be01052b78bfb7e4ad\">\n#top #wrap_all .avia-button.av-kgf1wc7j-b2157ac6bfe1c0be01052b78bfb7e4ad{\ncolor:#ffffff;\n-webkit-transition:all 0.4s ease-in-out;\n-moz-transition:all 0.4s ease-in-out;\n-ms-transition:all 0.4s ease-in-out;\n-o-transition:all 0.4s ease-in-out;\ntransition:all 0.4s ease-in-out;\n}\n#top #wrap_all .avia-button.av-kgf1wc7j-b2157ac6bfe1c0be01052b78bfb7e4ad:hover{\ncolor:#ffffff;\n-webkit-transition:all 0.4s ease-in-out;\n-moz-transition:all 0.4s ease-in-out;\n-ms-transition:all 0.4s ease-in-out;\n-o-transition:all 0.4s ease-in-out;\ntransition:all 0.4s ease-in-out;\n}\n<\/style>\n<a href='https:\/\/www.grunuberg.se\/' class='avia-color-theme-color avia-button avia-button-fullwidth av-kgf1wc7j-b2157ac6bfe1c0be01052b78bfb7e4ad avia-icon_select-yes-left-icon avia-color-theme-color' ><span class='avia_button_icon avia_button_icon_left' aria-hidden='true' data-av_icon='\ue832' data-av_iconfont='entypo-fontello'><\/span><span class='avia_iconbox_title' >  Visit our website<\/span><span class='avia_button_background avia-button avia-button-fullwidth avia-color-theme-color-highlight'><\/span><\/a><\/div><br \/>\n<div  class='avia-button-wrap avia-button-center  avia-builder-el-9  el_after_av_button_big  avia-builder-el-last ' >\n<style type=\"text\/css\" data-created_by=\"avia_inline_auto\" id=\"style-css-av-kgf1wc7j-5941364823be9564dec187d98397e1e1\">\n#top #wrap_all .avia-button.av-kgf1wc7j-5941364823be9564dec187d98397e1e1{\ncolor:#ffffff;\n-webkit-transition:all 0.4s ease-in-out;\n-moz-transition:all 0.4s ease-in-out;\n-ms-transition:all 0.4s ease-in-out;\n-o-transition:all 0.4s ease-in-out;\ntransition:all 0.4s ease-in-out;\n}\n#top #wrap_all .avia-button.av-kgf1wc7j-5941364823be9564dec187d98397e1e1:hover{\ncolor:#ffffff;\n-webkit-transition:all 0.4s ease-in-out;\n-moz-transition:all 0.4s ease-in-out;\n-ms-transition:all 0.4s ease-in-out;\n-o-transition:all 0.4s ease-in-out;\ntransition:all 0.4s ease-in-out;\n}\n<\/style>\n<a href='https:\/\/www.facebook.com\/grunuberg' class='avia-color-theme-color avia-button avia-button-fullwidth av-kgf1wc7j-5941364823be9564dec187d98397e1e1 avia-icon_select-yes-left-icon avia-color-theme-color' ><span class='avia_button_icon avia_button_icon_left' aria-hidden='true' data-av_icon='\ue832' data-av_iconfont='entypo-fontello'><\/span><span class='avia_iconbox_title' >  Visit our facebook page<\/span><span class='avia_button_background avia-button avia-button-fullwidth avia-color-theme-color-highlight'><\/span><\/a><\/div><\/p><\/div><\/p>\n","protected":false},"excerpt":{"rendered":"","protected":false},"author":3,"featured_media":6149,"parent":0,"menu_order":0,"comment_status":"closed","ping_status":"closed","template":"","meta":{"footnotes":""},"categories":[69,74],"tags":[],"class_list":["post-6511","page","type-page","status-publish","has-post-thumbnail","hentry","category-activities-in-orsa","category-in-and-around-orsa"],"_links":{"self":[{"href":"https:\/\/visitorsa.se\/en\/wp-json\/wp\/v2\/pages\/6511","targetHints":{"allow":["GET"]}}],"collection":[{"href":"https:\/\/visitorsa.se\/en\/wp-json\/wp\/v2\/pages"}],"about":[{"href":"https:\/\/visitorsa.se\/en\/wp-json\/wp\/v2\/types\/page"}],"author":[{"embeddable":true,"href":"https:\/\/visitorsa.se\/en\/wp-json\/wp\/v2\/users\/3"}],"replies":[{"embeddable":true,"href":"https:\/\/visitorsa.se\/en\/wp-json\/wp\/v2\/comments?post=6511"}],"version-history":[{"count":3,"href":"https:\/\/visitorsa.se\/en\/wp-json\/wp\/v2\/pages\/6511\/revisions"}],"predecessor-version":[{"id":7554,"href":"https:\/\/visitorsa.se\/en\/wp-json\/wp\/v2\/pages\/6511\/revisions\/7554"}],"wp:featuredmedia":[{"embeddable":true,"href":"https:\/\/visitorsa.se\/en\/wp-json\/wp\/v2\/media\/6149"}],"wp:attachment":[{"href":"https:\/\/visitorsa.se\/en\/wp-json\/wp\/v2\/media?parent=6511"}],"wp:term":[{"taxonomy":"category","embeddable":true,"href":"https:\/\/visitorsa.se\/en\/wp-json\/wp\/v2\/categories?post=6511"},{"taxonomy":"post_tag","embeddable":true,"href":"https:\/\/visitorsa.se\/en\/wp-json\/wp\/v2\/tags?post=6511"}],"curies":[{"name":"wp","href":"https:\/\/api.w.org\/{rel}","templated":true}]}}