{"id":6501,"date":"2022-04-25T11:21:42","date_gmt":"2022-04-25T09:21:42","guid":{"rendered":"https:\/\/staging.visitorsa.se\/massage-skattungbyn\/"},"modified":"2022-07-10T22:19:38","modified_gmt":"2022-07-10T20:19:38","slug":"massage-skattungbyn","status":"publish","type":"page","link":"https:\/\/visitorsa.se\/en\/massage-skattungbyn\/","title":{"rendered":"Massage Skattungbyn"},"content":{"rendered":"\n<style type=\"text\/css\" data-created_by=\"avia_inline_auto\" id=\"style-css-av-6d4ygg-db790e9493201a1d2f9d8b3dfe30decc\">\n.flex_column.av-6d4ygg-db790e9493201a1d2f9d8b3dfe30decc{\n-webkit-border-radius:0px 0px 0px 0px;\n-moz-border-radius:0px 0px 0px 0px;\nborder-radius:0px 0px 0px 0px;\npadding:0px 0px 0px 0px;\n}\n<\/style>\n<div class='flex_column av-6d4ygg-db790e9493201a1d2f9d8b3dfe30decc av_one_full  avia-builder-el-0  el_before_av_one_half  avia-builder-el-first  first flex_column_div av-zero-column-padding '     ><style type=\"text\/css\" data-created_by=\"avia_inline_auto\" id=\"style-css-av-kgf1j3ru-6c5aa17e9b7eab7aa5333728a07146c3\">\n#top .avia-gallery.av-kgf1j3ru-6c5aa17e9b7eab7aa5333728a07146c3 .avia-gallery-thumb a{\nwidth:25%;\n}\n<\/style>\n<div  class='avia-gallery av-kgf1j3ru-6c5aa17e9b7eab7aa5333728a07146c3 avia_animate_when_visible  avia-builder-el-1  avia-builder-el-no-sibling  avia_lazyload avia-gallery-animate avia-gallery-1'  itemprop=\"image\" itemscope=\"itemscope\" itemtype=\"https:\/\/schema.org\/ImageObject\" ><meta itemprop=\"contentURL\" content=\"https:\/\/visitorsa.se\/en\/massage-skattungbyn\/\"><div class='avia-gallery-thumb'><a href=\"https:\/\/visitorsa.se\/app\/uploads\/2022\/04\/Massage-Skattungbyn-2-773x1030.jpg\" data-srcset=\"https:\/\/visitorsa.se\/app\/uploads\/2022\/04\/Massage-Skattungbyn-2-773x1030.jpg 773w, https:\/\/visitorsa.se\/app\/uploads\/2022\/04\/Massage-Skattungbyn-2-225x300.jpg 225w, https:\/\/visitorsa.se\/app\/uploads\/2022\/04\/Massage-Skattungbyn-2-768x1024.jpg 768w, https:\/\/visitorsa.se\/app\/uploads\/2022\/04\/Massage-Skattungbyn-2-1152x1536.jpg 1152w, https:\/\/visitorsa.se\/app\/uploads\/2022\/04\/Massage-Skattungbyn-2-1536x2048.jpg 1536w, https:\/\/visitorsa.se\/app\/uploads\/2022\/04\/Massage-Skattungbyn-2-1125x1500.jpg 1125w, https:\/\/visitorsa.se\/app\/uploads\/2022\/04\/Massage-Skattungbyn-2-529x705.jpg 529w, https:\/\/visitorsa.se\/app\/uploads\/2022\/04\/Massage-Skattungbyn-2-scaled.jpg 1920w\" data-sizes=\"(max-width: 773px) 100vw, 773px\" data-rel='gallery-1' data-prev-img='https:\/\/visitorsa.se\/app\/uploads\/2022\/04\/Massage-Skattungbyn-2-495x400.jpg' class='first_thumb lightbox ' data-onclick='1' title='Massage Skattungbyn'  itemprop=\"thumbnailUrl\"  ><img decoding=\"async\" class=\"wp-image-6215 avia-img-lazy-loading-not-6215\"   src=\"https:\/\/visitorsa.se\/app\/uploads\/2022\/04\/Massage-Skattungbyn-2-495x400.jpg\" width=\"495\" height=\"400\"  title='Massage Skattungbyn' alt='Visit Orsa' srcset=\"https:\/\/visitorsa.se\/app\/uploads\/2022\/04\/Massage-Skattungbyn-2-495x400.jpg 495w, https:\/\/visitorsa.se\/app\/uploads\/2022\/04\/Massage-Skattungbyn-2-845x684.jpg 845w\" sizes=\"(max-width: 495px) 100vw, 495px\" \/><div class='big-prev-fake'><img loading=\"lazy\" decoding=\"async\" class=\"wp-image-6215 avia-img-lazy-loading-6215\"  width=\"495\" height=\"400\" src=\"https:\/\/visitorsa.se\/app\/uploads\/2022\/04\/Massage-Skattungbyn-2-495x400.jpg\" title='Massage Skattungbyn' alt='Visit Orsa' srcset=\"https:\/\/visitorsa.se\/app\/uploads\/2022\/04\/Massage-Skattungbyn-2-495x400.jpg 495w, https:\/\/visitorsa.se\/app\/uploads\/2022\/04\/Massage-Skattungbyn-2-845x684.jpg 845w\" sizes=\"auto, (max-width: 495px) 100vw, 495px\" \/><\/div><\/a><a href=\"https:\/\/visitorsa.se\/app\/uploads\/2022\/04\/Massage-Skattungbyn-3-773x1030.jpg\" data-srcset=\"https:\/\/visitorsa.se\/app\/uploads\/2022\/04\/Massage-Skattungbyn-3-773x1030.jpg 773w, https:\/\/visitorsa.se\/app\/uploads\/2022\/04\/Massage-Skattungbyn-3-225x300.jpg 225w, https:\/\/visitorsa.se\/app\/uploads\/2022\/04\/Massage-Skattungbyn-3-768x1024.jpg 768w, https:\/\/visitorsa.se\/app\/uploads\/2022\/04\/Massage-Skattungbyn-3-1152x1536.jpg 1152w, https:\/\/visitorsa.se\/app\/uploads\/2022\/04\/Massage-Skattungbyn-3-1536x2048.jpg 1536w, https:\/\/visitorsa.se\/app\/uploads\/2022\/04\/Massage-Skattungbyn-3-1125x1500.jpg 1125w, https:\/\/visitorsa.se\/app\/uploads\/2022\/04\/Massage-Skattungbyn-3-529x705.jpg 529w, https:\/\/visitorsa.se\/app\/uploads\/2022\/04\/Massage-Skattungbyn-3-scaled.jpg 1920w\" data-sizes=\"(max-width: 773px) 100vw, 773px\" data-rel='gallery-1' data-prev-img='https:\/\/visitorsa.se\/app\/uploads\/2022\/04\/Massage-Skattungbyn-3-495x400.jpg' class='lightbox ' data-onclick='2' title='Massage Skattungbyn 3'  itemprop=\"thumbnailUrl\"  ><img decoding=\"async\" class=\"wp-image-6217 avia-img-lazy-loading-not-6217\"   src=\"https:\/\/visitorsa.se\/app\/uploads\/2022\/04\/Massage-Skattungbyn-3-495x400.jpg\" width=\"495\" height=\"400\"  title='Massage Skattungbyn 3' alt='' srcset=\"https:\/\/visitorsa.se\/app\/uploads\/2022\/04\/Massage-Skattungbyn-3-495x400.jpg 495w, https:\/\/visitorsa.se\/app\/uploads\/2022\/04\/Massage-Skattungbyn-3-845x684.jpg 845w\" sizes=\"(max-width: 495px) 100vw, 495px\" \/><div class='big-prev-fake'><img loading=\"lazy\" decoding=\"async\" class=\"wp-image-6217 avia-img-lazy-loading-6217\"  width=\"495\" height=\"400\" src=\"https:\/\/visitorsa.se\/app\/uploads\/2022\/04\/Massage-Skattungbyn-3-495x400.jpg\" title='Massage Skattungbyn 3' alt='' srcset=\"https:\/\/visitorsa.se\/app\/uploads\/2022\/04\/Massage-Skattungbyn-3-495x400.jpg 495w, https:\/\/visitorsa.se\/app\/uploads\/2022\/04\/Massage-Skattungbyn-3-845x684.jpg 845w\" sizes=\"auto, (max-width: 495px) 100vw, 495px\" \/><\/div><\/a><a href=\"https:\/\/visitorsa.se\/app\/uploads\/2022\/04\/Massage-Skattungbyn-4-773x1030.jpg\" data-srcset=\"https:\/\/visitorsa.se\/app\/uploads\/2022\/04\/Massage-Skattungbyn-4-773x1030.jpg 773w, https:\/\/visitorsa.se\/app\/uploads\/2022\/04\/Massage-Skattungbyn-4-225x300.jpg 225w, https:\/\/visitorsa.se\/app\/uploads\/2022\/04\/Massage-Skattungbyn-4-768x1024.jpg 768w, https:\/\/visitorsa.se\/app\/uploads\/2022\/04\/Massage-Skattungbyn-4-1152x1536.jpg 1152w, https:\/\/visitorsa.se\/app\/uploads\/2022\/04\/Massage-Skattungbyn-4-1536x2048.jpg 1536w, https:\/\/visitorsa.se\/app\/uploads\/2022\/04\/Massage-Skattungbyn-4-1125x1500.jpg 1125w, https:\/\/visitorsa.se\/app\/uploads\/2022\/04\/Massage-Skattungbyn-4-529x705.jpg 529w, https:\/\/visitorsa.se\/app\/uploads\/2022\/04\/Massage-Skattungbyn-4-scaled.jpg 1920w\" data-sizes=\"(max-width: 773px) 100vw, 773px\" data-rel='gallery-1' data-prev-img='https:\/\/visitorsa.se\/app\/uploads\/2022\/04\/Massage-Skattungbyn-4-495x400.jpg' class='lightbox ' data-onclick='3' title='Massage Skattungbyn'  itemprop=\"thumbnailUrl\"  ><img decoding=\"async\" class=\"wp-image-6219 avia-img-lazy-loading-not-6219\"   src=\"https:\/\/visitorsa.se\/app\/uploads\/2022\/04\/Massage-Skattungbyn-4-495x400.jpg\" width=\"495\" height=\"400\"  title='Massage Skattungbyn' alt='Visit Orsa' srcset=\"https:\/\/visitorsa.se\/app\/uploads\/2022\/04\/Massage-Skattungbyn-4-495x400.jpg 495w, https:\/\/visitorsa.se\/app\/uploads\/2022\/04\/Massage-Skattungbyn-4-845x684.jpg 845w\" sizes=\"(max-width: 495px) 100vw, 495px\" \/><div class='big-prev-fake'><img loading=\"lazy\" decoding=\"async\" class=\"wp-image-6219 avia-img-lazy-loading-6219\"  width=\"495\" height=\"400\" src=\"https:\/\/visitorsa.se\/app\/uploads\/2022\/04\/Massage-Skattungbyn-4-495x400.jpg\" title='Massage Skattungbyn' alt='Visit Orsa' srcset=\"https:\/\/visitorsa.se\/app\/uploads\/2022\/04\/Massage-Skattungbyn-4-495x400.jpg 495w, https:\/\/visitorsa.se\/app\/uploads\/2022\/04\/Massage-Skattungbyn-4-845x684.jpg 845w\" sizes=\"auto, (max-width: 495px) 100vw, 495px\" \/><\/div><\/a><a href=\"https:\/\/visitorsa.se\/app\/uploads\/2022\/04\/Massage-Skattungbyn-5-1030x579.png\" data-srcset=\"https:\/\/visitorsa.se\/app\/uploads\/2022\/04\/Massage-Skattungbyn-5-1030x579.png 1030w, https:\/\/visitorsa.se\/app\/uploads\/2022\/04\/Massage-Skattungbyn-5-300x169.png 300w, https:\/\/visitorsa.se\/app\/uploads\/2022\/04\/Massage-Skattungbyn-5-768x432.png 768w, https:\/\/visitorsa.se\/app\/uploads\/2022\/04\/Massage-Skattungbyn-5-1536x864.png 1536w, https:\/\/visitorsa.se\/app\/uploads\/2022\/04\/Massage-Skattungbyn-5-2048x1152.png 2048w, https:\/\/visitorsa.se\/app\/uploads\/2022\/04\/Massage-Skattungbyn-5-1500x844.png 1500w, https:\/\/visitorsa.se\/app\/uploads\/2022\/04\/Massage-Skattungbyn-5-705x397.png 705w\" data-sizes=\"(max-width: 1030px) 100vw, 1030px\" data-rel='gallery-1' data-prev-img='https:\/\/visitorsa.se\/app\/uploads\/2022\/04\/Massage-Skattungbyn-5-495x400.png' class='lightbox ' data-onclick='4' title='Massage Skattungbyn 5'  itemprop=\"thumbnailUrl\"  ><img decoding=\"async\" class=\"wp-image-6221 avia-img-lazy-loading-not-6221\"   src=\"https:\/\/visitorsa.se\/app\/uploads\/2022\/04\/Massage-Skattungbyn-5-495x400.png\" width=\"495\" height=\"400\"  title='Massage Skattungbyn 5' alt='' srcset=\"https:\/\/visitorsa.se\/app\/uploads\/2022\/04\/Massage-Skattungbyn-5-495x400.png 495w, https:\/\/visitorsa.se\/app\/uploads\/2022\/04\/Massage-Skattungbyn-5-845x684.png 845w\" sizes=\"(max-width: 495px) 100vw, 495px\" \/><div class='big-prev-fake'><img loading=\"lazy\" decoding=\"async\" class=\"wp-image-6221 avia-img-lazy-loading-6221\"  width=\"495\" height=\"400\" src=\"https:\/\/visitorsa.se\/app\/uploads\/2022\/04\/Massage-Skattungbyn-5-495x400.png\" title='Massage Skattungbyn 5' alt='' srcset=\"https:\/\/visitorsa.se\/app\/uploads\/2022\/04\/Massage-Skattungbyn-5-495x400.png 495w, https:\/\/visitorsa.se\/app\/uploads\/2022\/04\/Massage-Skattungbyn-5-845x684.png 845w\" sizes=\"auto, (max-width: 495px) 100vw, 495px\" \/><\/div><\/a><\/div><\/div><\/div>\n<style type=\"text\/css\" data-created_by=\"avia_inline_auto\" id=\"style-css-av-aupcw0-034727ff4178265a807e03e0bbca9dc3\">\n.flex_column.av-aupcw0-034727ff4178265a807e03e0bbca9dc3{\n-webkit-border-radius:0px 0px 0px 0px;\n-moz-border-radius:0px 0px 0px 0px;\nborder-radius:0px 0px 0px 0px;\npadding:0px 0px 0px 0px;\n}\n<\/style>\n<div class='flex_column av-aupcw0-034727ff4178265a807e03e0bbca9dc3 av_one_half  avia-builder-el-2  el_after_av_one_full  el_before_av_one_half  first flex_column_div av-zero-column-padding column-top-margin'     ><section  class='av_textblock_section av-kgf1e6kl-253ba1d13068f8db85f0ad3cf08f701d'  itemscope=\"itemscope\" itemtype=\"https:\/\/schema.org\/CreativeWork\" ><div class='avia_textblock'  itemprop=\"text\" ><h3>Massage Skattungbyn<\/h3>\n<p class=\"main-heading\">N\u00e4r du beh\u00f6ver en stunds avkoppling eller har \u00f6mma axlar, nacke eller rygg \u00e4r detta en perfekt plats f\u00f6r behandling.<br \/>\nVarm och vacker milj\u00f6 och inrett som ett litet relax f\u00f6r kontemplation och \u00e5rterh\u00e4mtning.<br \/>\nErbjuder dig olika typer av behandlingar efter \u00f6nskem\u00e5l.<br \/>\nEfter\u00e5t finns det tid f\u00f6r vedeldad bastu, japansk tvagning och regndusch.<br \/>\nBoka via hemsidan\u00a0<a href=\"http:\/\/www.massageskattungbyn.se\/\" target=\"_blank\" rel=\"noopener\" data-saferedirecturl=\"https:\/\/www.google.com\/url?q=http:\/\/www.massageskattungbyn.se&amp;source=gmail&amp;ust=1650960161943000&amp;usg=AOvVaw0bUq6LExba4LuDlfdlX2b1\">www.massageskattungbyn.se<\/a><br \/>\nVarmt v\u00e4lkommen!<\/p>\n<\/div><\/section><br \/>\n<\/p><\/div>\n<style type=\"text\/css\" data-created_by=\"avia_inline_auto\" id=\"style-css-av-aupcw0-b252b444939f1c6223e79e5b57074446\">\n.flex_column.av-aupcw0-b252b444939f1c6223e79e5b57074446{\n-webkit-border-radius:0px 0px 0px 0px;\n-moz-border-radius:0px 0px 0px 0px;\nborder-radius:0px 0px 0px 0px;\npadding:0px 0px 0px 0px;\n}\n<\/style>\n<div class='flex_column av-aupcw0-b252b444939f1c6223e79e5b57074446 av_one_half  avia-builder-el-5  el_after_av_one_half  avia-builder-el-last  flex_column_div av-zero-column-padding column-top-margin'     ><p><section  class='av_textblock_section av-kgf1e6kl-253ba1d13068f8db85f0ad3cf08f701d'  itemscope=\"itemscope\" itemtype=\"https:\/\/schema.org\/CreativeWork\" ><div class='avia_textblock'  itemprop=\"text\" ><p><strong>E-mail address:<\/strong><br \/>\n<a href=\"mailto:anders@massageskattungbyn.se\" target=\"_blank\" rel=\"noopener\">anders@massageskattungbyn.se<\/a><\/p>\n<p><strong>Telephone:<\/strong><br \/>\n0731803571<\/p>\n<p><strong>Address:<\/strong><br \/>\nTr\u00f6skladev\u00e4gen 10<br \/>\n79495 Skattungbyn<\/p>\n<\/div><\/section><br \/>\n<br \/>\n<div  class='avia-button-wrap avia-button-center  avia-builder-el-8  el_after_av_codeblock  el_before_av_button_big ' >\n<style type=\"text\/css\" data-created_by=\"avia_inline_auto\" id=\"style-css-av-kgf1wc7j-9ba8d6809be0e79b94b4d6261b967341\">\n#top #wrap_all .avia-button.av-kgf1wc7j-9ba8d6809be0e79b94b4d6261b967341{\ncolor:#ffffff;\n-webkit-transition:all 0.4s ease-in-out;\n-moz-transition:all 0.4s ease-in-out;\n-ms-transition:all 0.4s ease-in-out;\n-o-transition:all 0.4s ease-in-out;\ntransition:all 0.4s ease-in-out;\n}\n#top #wrap_all .avia-button.av-kgf1wc7j-9ba8d6809be0e79b94b4d6261b967341:hover{\ncolor:#ffffff;\n-webkit-transition:all 0.4s ease-in-out;\n-moz-transition:all 0.4s ease-in-out;\n-ms-transition:all 0.4s ease-in-out;\n-o-transition:all 0.4s ease-in-out;\ntransition:all 0.4s ease-in-out;\n}\n<\/style>\n<a href='https:\/\/www.massageskattungbyn.se\/' class='avia-color-theme-color avia-button avia-button-fullwidth av-kgf1wc7j-9ba8d6809be0e79b94b4d6261b967341 avia-icon_select-yes-left-icon avia-color-theme-color' ><span class='avia_button_icon avia_button_icon_left' aria-hidden='true' data-av_icon='\ue832' data-av_iconfont='entypo-fontello'><\/span><span class='avia_iconbox_title' >  Visit our website<\/span><span class='avia_button_background avia-button avia-button-fullwidth avia-color-theme-color-highlight'><\/span><\/a><\/div><br \/>\n<div  class='avia-button-wrap avia-button-center  avia-builder-el-9  el_after_av_button_big  el_before_av_button_big ' >\n<style type=\"text\/css\" data-created_by=\"avia_inline_auto\" id=\"style-css-av-kgf1wc7j-a7e356347c9529dffe0256b7db9fa2a3\">\n#top #wrap_all .avia-button.av-kgf1wc7j-a7e356347c9529dffe0256b7db9fa2a3{\ncolor:#ffffff;\n-webkit-transition:all 0.4s ease-in-out;\n-moz-transition:all 0.4s ease-in-out;\n-ms-transition:all 0.4s ease-in-out;\n-o-transition:all 0.4s ease-in-out;\ntransition:all 0.4s ease-in-out;\n}\n#top #wrap_all .avia-button.av-kgf1wc7j-a7e356347c9529dffe0256b7db9fa2a3:hover{\ncolor:#ffffff;\n-webkit-transition:all 0.4s ease-in-out;\n-moz-transition:all 0.4s ease-in-out;\n-ms-transition:all 0.4s ease-in-out;\n-o-transition:all 0.4s ease-in-out;\ntransition:all 0.4s ease-in-out;\n}\n<\/style>\n<a href='https:\/\/www.facebook.com\/massage.skattungbyn' class='avia-color-theme-color avia-button avia-button-fullwidth av-kgf1wc7j-a7e356347c9529dffe0256b7db9fa2a3 avia-icon_select-yes-left-icon avia-color-theme-color' ><span class='avia_button_icon avia_button_icon_left' aria-hidden='true' data-av_icon='\ue832' data-av_iconfont='entypo-fontello'><\/span><span class='avia_iconbox_title' >  Visit us on facebook<\/span><span class='avia_button_background avia-button avia-button-fullwidth avia-color-theme-color-highlight'><\/span><\/a><\/div><br \/>\n<div  class='avia-button-wrap avia-button-center  avia-builder-el-10  el_after_av_button_big  avia-builder-el-last ' >\n<style type=\"text\/css\" data-created_by=\"avia_inline_auto\" id=\"style-css-av-kgf1wc7j-4ac2dbafb52ed75233261f805969d147\">\n#top #wrap_all .avia-button.av-kgf1wc7j-4ac2dbafb52ed75233261f805969d147{\ncolor:#ffffff;\n-webkit-transition:all 0.4s ease-in-out;\n-moz-transition:all 0.4s ease-in-out;\n-ms-transition:all 0.4s ease-in-out;\n-o-transition:all 0.4s ease-in-out;\ntransition:all 0.4s ease-in-out;\n}\n#top #wrap_all .avia-button.av-kgf1wc7j-4ac2dbafb52ed75233261f805969d147:hover{\ncolor:#ffffff;\n-webkit-transition:all 0.4s ease-in-out;\n-moz-transition:all 0.4s ease-in-out;\n-ms-transition:all 0.4s ease-in-out;\n-o-transition:all 0.4s ease-in-out;\ntransition:all 0.4s ease-in-out;\n}\n<\/style>\n<a href='https:\/\/www.instagram.com\/massage.skattungbyn\/' class='avia-color-theme-color avia-button avia-button-fullwidth av-kgf1wc7j-4ac2dbafb52ed75233261f805969d147 avia-icon_select-yes-left-icon avia-color-theme-color' ><span class='avia_button_icon avia_button_icon_left' aria-hidden='true' data-av_icon='\ue832' data-av_iconfont='entypo-fontello'><\/span><span class='avia_iconbox_title' >  Visit us on instagram<\/span><span class='avia_button_background avia-button avia-button-fullwidth avia-color-theme-color-highlight'><\/span><\/a><\/div><\/p><\/div><\/p>\n","protected":false},"excerpt":{"rendered":"","protected":false},"author":3,"featured_media":6225,"parent":0,"menu_order":0,"comment_status":"closed","ping_status":"closed","template":"","meta":{"footnotes":""},"categories":[69,71],"tags":[],"class_list":["post-6501","page","type-page","status-publish","has-post-thumbnail","hentry","category-activities-in-orsa","category-body-soul"],"_links":{"self":[{"href":"https:\/\/visitorsa.se\/en\/wp-json\/wp\/v2\/pages\/6501","targetHints":{"allow":["GET"]}}],"collection":[{"href":"https:\/\/visitorsa.se\/en\/wp-json\/wp\/v2\/pages"}],"about":[{"href":"https:\/\/visitorsa.se\/en\/wp-json\/wp\/v2\/types\/page"}],"author":[{"embeddable":true,"href":"https:\/\/visitorsa.se\/en\/wp-json\/wp\/v2\/users\/3"}],"replies":[{"embeddable":true,"href":"https:\/\/visitorsa.se\/en\/wp-json\/wp\/v2\/comments?post=6501"}],"version-history":[{"count":8,"href":"https:\/\/visitorsa.se\/en\/wp-json\/wp\/v2\/pages\/6501\/revisions"}],"predecessor-version":[{"id":7842,"href":"https:\/\/visitorsa.se\/en\/wp-json\/wp\/v2\/pages\/6501\/revisions\/7842"}],"wp:featuredmedia":[{"embeddable":true,"href":"https:\/\/visitorsa.se\/en\/wp-json\/wp\/v2\/media\/6225"}],"wp:attachment":[{"href":"https:\/\/visitorsa.se\/en\/wp-json\/wp\/v2\/media?parent=6501"}],"wp:term":[{"taxonomy":"category","embeddable":true,"href":"https:\/\/visitorsa.se\/en\/wp-json\/wp\/v2\/categories?post=6501"},{"taxonomy":"post_tag","embeddable":true,"href":"https:\/\/visitorsa.se\/en\/wp-json\/wp\/v2\/tags?post=6501"}],"curies":[{"name":"wp","href":"https:\/\/api.w.org\/{rel}","templated":true}]}}