{"id":6496,"date":"2022-06-01T11:28:26","date_gmt":"2022-06-01T09:28:26","guid":{"rendered":"https:\/\/staging.visitorsa.se\/fagelsjo-gammelgard\/"},"modified":"2022-08-02T21:39:38","modified_gmt":"2022-08-02T19:39:38","slug":"fagelsjo-gammelgard","status":"publish","type":"page","link":"https:\/\/visitorsa.se\/en\/fagelsjo-gammelgard\/","title":{"rendered":"F\u00e5gelsj\u00f6 Gammelg\u00e5rd"},"content":{"rendered":"\n<style type=\"text\/css\" data-created_by=\"avia_inline_auto\" id=\"style-css-av-6d4ygg-db790e9493201a1d2f9d8b3dfe30decc\">\n.flex_column.av-6d4ygg-db790e9493201a1d2f9d8b3dfe30decc{\n-webkit-border-radius:0px 0px 0px 0px;\n-moz-border-radius:0px 0px 0px 0px;\nborder-radius:0px 0px 0px 0px;\npadding:0px 0px 0px 0px;\n}\n<\/style>\n<div class='flex_column av-6d4ygg-db790e9493201a1d2f9d8b3dfe30decc av_one_full  avia-builder-el-0  el_before_av_one_half  avia-builder-el-first  first flex_column_div av-zero-column-padding '     ><style type=\"text\/css\" data-created_by=\"avia_inline_auto\" id=\"style-css-av-kgf1j3ru-698016c4ea2f7f75a53fa73310fb37a4\">\n#top .avia-gallery.av-kgf1j3ru-698016c4ea2f7f75a53fa73310fb37a4 .avia-gallery-thumb a{\nwidth:25%;\n}\n<\/style>\n<div  class='avia-gallery av-kgf1j3ru-698016c4ea2f7f75a53fa73310fb37a4 avia_animate_when_visible  avia-builder-el-1  avia-builder-el-no-sibling  avia_lazyload avia-gallery-animate avia-gallery-1'  itemprop=\"image\" itemscope=\"itemscope\" itemtype=\"https:\/\/schema.org\/ImageObject\" ><meta itemprop=\"contentURL\" content=\"https:\/\/visitorsa.se\/en\/fagelsjo-gammelgard\/\"><div class='avia-gallery-thumb'><a href=\"https:\/\/visitorsa.se\/app\/uploads\/2022\/06\/Fagelsjo-gammelgard-1.webp\" data-srcset=\"https:\/\/visitorsa.se\/app\/uploads\/2022\/06\/Fagelsjo-gammelgard-1.webp 864w, https:\/\/visitorsa.se\/app\/uploads\/2022\/06\/Fagelsjo-gammelgard-1-300x210.webp 300w, https:\/\/visitorsa.se\/app\/uploads\/2022\/06\/Fagelsjo-gammelgard-1-768x539.webp 768w, https:\/\/visitorsa.se\/app\/uploads\/2022\/06\/Fagelsjo-gammelgard-1-705x494.webp 705w\" data-sizes=\"(max-width: 864px) 100vw, 864px\" data-rel='gallery-1' data-prev-img='https:\/\/visitorsa.se\/app\/uploads\/2022\/06\/Fagelsjo-gammelgard-1-495x400.webp' class='first_thumb lightbox ' data-onclick='1' title='F\u00e5gelsj\u00f6 gammelg\u00e5rd 1'  itemprop=\"thumbnailUrl\"  ><img decoding=\"async\" class=\"wp-image-6277 avia-img-lazy-loading-not-6277\"   src=\"https:\/\/visitorsa.se\/app\/uploads\/2022\/06\/Fagelsjo-gammelgard-1-495x400.webp\" width=\"495\" height=\"400\"  title='F\u00e5gelsj\u00f6 gammelg\u00e5rd 1' alt='Visit Orsa' \/><div class='big-prev-fake'><img loading=\"lazy\" decoding=\"async\" class=\"wp-image-6277 avia-img-lazy-loading-6277\"  width=\"495\" height=\"400\" src=\"https:\/\/visitorsa.se\/app\/uploads\/2022\/06\/Fagelsjo-gammelgard-1-495x400.webp\" title='F\u00e5gelsj\u00f6 gammelg\u00e5rd 1' alt='Visit Orsa' \/><\/div><\/a><a href=\"https:\/\/visitorsa.se\/app\/uploads\/2022\/06\/Fagelsjo-gammelgard-2.webp\" data-srcset=\"https:\/\/visitorsa.se\/app\/uploads\/2022\/06\/Fagelsjo-gammelgard-2.webp 618w, https:\/\/visitorsa.se\/app\/uploads\/2022\/06\/Fagelsjo-gammelgard-2-271x300.webp 271w\" data-sizes=\"(max-width: 618px) 100vw, 618px\" data-rel='gallery-1' data-prev-img='https:\/\/visitorsa.se\/app\/uploads\/2022\/06\/Fagelsjo-gammelgard-2-495x400.webp' class='lightbox ' data-onclick='2' title='F\u00e5gelsj\u00f6 gammelg\u00e5rd 2'  itemprop=\"thumbnailUrl\"  ><img decoding=\"async\" class=\"wp-image-6279 avia-img-lazy-loading-not-6279\"   src=\"https:\/\/visitorsa.se\/app\/uploads\/2022\/06\/Fagelsjo-gammelgard-2-495x400.webp\" width=\"495\" height=\"400\"  title='F\u00e5gelsj\u00f6 gammelg\u00e5rd 2' alt='' \/><div class='big-prev-fake'><img loading=\"lazy\" decoding=\"async\" class=\"wp-image-6279 avia-img-lazy-loading-6279\"  width=\"495\" height=\"400\" src=\"https:\/\/visitorsa.se\/app\/uploads\/2022\/06\/Fagelsjo-gammelgard-2-495x400.webp\" title='F\u00e5gelsj\u00f6 gammelg\u00e5rd 2' alt='' \/><\/div><\/a><a href=\"https:\/\/visitorsa.se\/app\/uploads\/2022\/06\/Fagelsjo-gammelgard-3.webp\" data-srcset=\"https:\/\/visitorsa.se\/app\/uploads\/2022\/06\/Fagelsjo-gammelgard-3.webp 474w, https:\/\/visitorsa.se\/app\/uploads\/2022\/06\/Fagelsjo-gammelgard-3-242x300.webp 242w\" data-sizes=\"(max-width: 474px) 100vw, 474px\" data-rel='gallery-1' data-prev-img='https:\/\/visitorsa.se\/app\/uploads\/2022\/06\/Fagelsjo-gammelgard-3-474x400.webp' class='lightbox ' data-onclick='3' title='F\u00e5gelsj\u00f6 gammelg\u00e5rd 3'  itemprop=\"thumbnailUrl\"  ><img decoding=\"async\" class=\"wp-image-6281 avia-img-lazy-loading-not-6281\"   src=\"https:\/\/visitorsa.se\/app\/uploads\/2022\/06\/Fagelsjo-gammelgard-3-474x400.webp\" width=\"474\" height=\"400\"  title='F\u00e5gelsj\u00f6 gammelg\u00e5rd 3' alt='Visit Orsa' \/><div class='big-prev-fake'><img loading=\"lazy\" decoding=\"async\" class=\"wp-image-6281 avia-img-lazy-loading-6281\"  width=\"474\" height=\"400\" src=\"https:\/\/visitorsa.se\/app\/uploads\/2022\/06\/Fagelsjo-gammelgard-3-474x400.webp\" title='F\u00e5gelsj\u00f6 gammelg\u00e5rd 3' alt='Visit Orsa' \/><\/div><\/a><a href=\"https:\/\/visitorsa.se\/app\/uploads\/2022\/06\/Fagelsjo-gammelgard-4.webp\" data-srcset=\"https:\/\/visitorsa.se\/app\/uploads\/2022\/06\/Fagelsjo-gammelgard-4.webp 428w, https:\/\/visitorsa.se\/app\/uploads\/2022\/06\/Fagelsjo-gammelgard-4-200x300.webp 200w\" data-sizes=\"(max-width: 428px) 100vw, 428px\" data-rel='gallery-1' data-prev-img='https:\/\/visitorsa.se\/app\/uploads\/2022\/06\/Fagelsjo-gammelgard-4-428x400.webp' class='lightbox ' data-onclick='4' title='F\u00e5gelsj\u00f6 gammelg\u00e5rd 4'  itemprop=\"thumbnailUrl\"  ><img decoding=\"async\" class=\"wp-image-6283 avia-img-lazy-loading-not-6283\"   src=\"https:\/\/visitorsa.se\/app\/uploads\/2022\/06\/Fagelsjo-gammelgard-4-428x400.webp\" width=\"428\" height=\"400\"  title='F\u00e5gelsj\u00f6 gammelg\u00e5rd 4' alt='Visit Orsa' \/><div class='big-prev-fake'><img loading=\"lazy\" decoding=\"async\" class=\"wp-image-6283 avia-img-lazy-loading-6283\"  width=\"428\" height=\"400\" src=\"https:\/\/visitorsa.se\/app\/uploads\/2022\/06\/Fagelsjo-gammelgard-4-428x400.webp\" title='F\u00e5gelsj\u00f6 gammelg\u00e5rd 4' alt='Visit Orsa' \/><\/div><\/a><\/div><\/div><\/div>\n<style type=\"text\/css\" data-created_by=\"avia_inline_auto\" id=\"style-css-av-aupcw0-034727ff4178265a807e03e0bbca9dc3\">\n.flex_column.av-aupcw0-034727ff4178265a807e03e0bbca9dc3{\n-webkit-border-radius:0px 0px 0px 0px;\n-moz-border-radius:0px 0px 0px 0px;\nborder-radius:0px 0px 0px 0px;\npadding:0px 0px 0px 0px;\n}\n<\/style>\n<div class='flex_column av-aupcw0-034727ff4178265a807e03e0bbca9dc3 av_one_half  avia-builder-el-2  el_after_av_one_full  el_before_av_one_half  first flex_column_div av-zero-column-padding column-top-margin'     ><section  class='av_textblock_section av-kgf1e6kl-253ba1d13068f8db85f0ad3cf08f701d'  itemscope=\"itemscope\" itemtype=\"https:\/\/schema.org\/CreativeWork\" ><div class='avia_textblock'  itemprop=\"text\" ><h3>F\u00e5gelsj\u00f6 gammelg\u00e5rd &#8211; Wikipedia<\/h3>\n<p class=\"font_8\">F\u00e5gelsj\u00f6 Gammelg\u00e5rd is a well-preserved cultural environment dating back to the Finnish<br \/>\nimmigration in the 17th century. The forest Finns who settled in F\u00e5gelsj\u00f6 around<br \/>\n1670 had already lived in Sweden for two generations and came most recently from<br \/>\nTandsj\u00f6borg, about 15 km south of F\u00e5gelsj\u00f6.<\/p>\n<p class=\"font_8\">The village is located in the borderland between Dalarna, H\u00e4lsingland and H\u00e4rjedalen. It belonged until about 1840 to Mora parish and is listed there in the church records under the heading &#8220;Mora Finnmark&#8221;. After a short period of affinity with Sveg, F\u00e5gelsj\u00f6 was transferred in 1856 to Loos parish, which had been formed a decade earlier. Since then, F\u00e5gelsj\u00f6 belongs to G\u00e4vleborg County, although the village is located in Dalarna.<\/p>\n<p class=\"font_8\">Gammelg\u00e5rden is an invaluable source of knowledge about building condition, self-sufficiency, craft techniques and folk art. The fact that the farm stands in its original place helps to make it very valuable.<\/p>\n<p class=\"font_8\">The farm also includes the farmhouse, loft shed, baker&#8217;s cottage and a gun forge, which is one of the farm&#8217;s main attractions. H\u00e4rbred\u00f6rren&#8217;s seven different locks testify to great knowledge of the art of forging. Some of the buildings are dated to the 18th century.<\/p>\n<p class=\"font_8\">F\u00e5gelsj\u00f6 Gammelg\u00e5rd Beyond \u00c5a is one of the H\u00e4lsingland farms that in 2012 was listed on the UNESCO World Heritage List. It was then since 2004 declared a listed building by the County Administrative Board of G\u00e4vleborg.<\/p>\n<\/div><\/section><br \/>\n<\/p><\/div><\/p>\n\n<style type=\"text\/css\" data-created_by=\"avia_inline_auto\" id=\"style-css-av-aupcw0-b252b444939f1c6223e79e5b57074446\">\n.flex_column.av-aupcw0-b252b444939f1c6223e79e5b57074446{\n-webkit-border-radius:0px 0px 0px 0px;\n-moz-border-radius:0px 0px 0px 0px;\nborder-radius:0px 0px 0px 0px;\npadding:0px 0px 0px 0px;\n}\n<\/style>\n<div class='flex_column av-aupcw0-b252b444939f1c6223e79e5b57074446 av_one_half  avia-builder-el-5  el_after_av_one_half  avia-builder-el-last  flex_column_div av-zero-column-padding column-top-margin'     ><section  class='av_textblock_section av-kgf1e6kl-253ba1d13068f8db85f0ad3cf08f701d'  itemscope=\"itemscope\" itemtype=\"https:\/\/schema.org\/CreativeWork\" ><div class='avia_textblock'  itemprop=\"text\" ><h3><strong>Contact us<\/strong><\/h3>\n<p class=\"font_0\">F\u00e5gelsj\u00f6 is located in Orsa Finnmark, in the border area between H\u00e4lsingland, Dalarna and H\u00e4rjedalen. European route 45, Inlandsv\u00e4gen, passes about 3 km from the village. Inlandsbanan has a stop in F\u00e5gelsj\u00f6, about 3 km from Gammelg\u00e5rden.<\/p>\n<p><strong>Tel.:<\/strong> 0657 30030<\/p>\n<p><strong>Address:<\/strong> F\u00e5gelsj\u00f6 Gammelg\u00e5rd Beyond \u00c5a, 827 70 Loos<\/p>\n<p><strong>Email: <\/strong><a href=\"mailto:info@fagelsjo.nu\" data-auto-recognition=\"true\">info@fagelsjo.nu<\/a><\/p>\n<\/div><\/section><br \/>\n<br \/>\n<div  class='avia-button-wrap avia-button-center  avia-builder-el-8  el_after_av_codeblock  avia-builder-el-last ' >\n<style type=\"text\/css\" data-created_by=\"avia_inline_auto\" id=\"style-css-av-kgf1wc7j-ef98d46435f19841e735ede758691b7c\">\n#top #wrap_all .avia-button.av-kgf1wc7j-ef98d46435f19841e735ede758691b7c{\ncolor:#ffffff;\n-webkit-transition:all 0.4s ease-in-out;\n-moz-transition:all 0.4s ease-in-out;\n-ms-transition:all 0.4s ease-in-out;\n-o-transition:all 0.4s ease-in-out;\ntransition:all 0.4s ease-in-out;\n}\n#top #wrap_all .avia-button.av-kgf1wc7j-ef98d46435f19841e735ede758691b7c:hover{\ncolor:#ffffff;\n-webkit-transition:all 0.4s ease-in-out;\n-moz-transition:all 0.4s ease-in-out;\n-ms-transition:all 0.4s ease-in-out;\n-o-transition:all 0.4s ease-in-out;\ntransition:all 0.4s ease-in-out;\n}\n<\/style>\n<a href='https:\/\/www.fagelsjo.nu\/' class='avia-color-theme-color avia-button avia-button-fullwidth av-kgf1wc7j-ef98d46435f19841e735ede758691b7c avia-icon_select-yes-left-icon avia-color-theme-color' ><span class='avia_button_icon avia_button_icon_left' aria-hidden='true' data-av_icon='\ue832' data-av_iconfont='entypo-fontello'><\/span><span class='avia_iconbox_title' >  Visit our website<\/span><span class='avia_button_background avia-button avia-button-fullwidth avia-color-theme-color-highlight'><\/span><\/a><\/div><\/p><\/div>\n","protected":false},"excerpt":{"rendered":"","protected":false},"author":3,"featured_media":6277,"parent":0,"menu_order":0,"comment_status":"closed","ping_status":"closed","template":"","meta":{"footnotes":""},"categories":[74],"tags":[],"class_list":["post-6496","page","type-page","status-publish","has-post-thumbnail","hentry","category-in-and-around-orsa"],"_links":{"self":[{"href":"https:\/\/visitorsa.se\/en\/wp-json\/wp\/v2\/pages\/6496","targetHints":{"allow":["GET"]}}],"collection":[{"href":"https:\/\/visitorsa.se\/en\/wp-json\/wp\/v2\/pages"}],"about":[{"href":"https:\/\/visitorsa.se\/en\/wp-json\/wp\/v2\/types\/page"}],"author":[{"embeddable":true,"href":"https:\/\/visitorsa.se\/en\/wp-json\/wp\/v2\/users\/3"}],"replies":[{"embeddable":true,"href":"https:\/\/visitorsa.se\/en\/wp-json\/wp\/v2\/comments?post=6496"}],"version-history":[{"count":2,"href":"https:\/\/visitorsa.se\/en\/wp-json\/wp\/v2\/pages\/6496\/revisions"}],"predecessor-version":[{"id":8025,"href":"https:\/\/visitorsa.se\/en\/wp-json\/wp\/v2\/pages\/6496\/revisions\/8025"}],"wp:featuredmedia":[{"embeddable":true,"href":"https:\/\/visitorsa.se\/en\/wp-json\/wp\/v2\/media\/6277"}],"wp:attachment":[{"href":"https:\/\/visitorsa.se\/en\/wp-json\/wp\/v2\/media?parent=6496"}],"wp:term":[{"taxonomy":"category","embeddable":true,"href":"https:\/\/visitorsa.se\/en\/wp-json\/wp\/v2\/categories?post=6496"},{"taxonomy":"post_tag","embeddable":true,"href":"https:\/\/visitorsa.se\/en\/wp-json\/wp\/v2\/tags?post=6496"}],"curies":[{"name":"wp","href":"https:\/\/api.w.org\/{rel}","templated":true}]}}