{"id":6427,"date":"2025-05-14T12:02:34","date_gmt":"2025-05-14T10:02:34","guid":{"rendered":"https:\/\/staging.visitorsa.se\/accommodation-in-orsa\/"},"modified":"2025-05-14T12:08:10","modified_gmt":"2025-05-14T10:08:10","slug":"accommodation-in-orsa","status":"publish","type":"page","link":"https:\/\/visitorsa.se\/en\/accommodation-in-orsa\/","title":{"rendered":"Stay &amp; Rent"},"content":{"rendered":"\n<style type=\"text\/css\" data-created_by=\"avia_inline_auto\" id=\"style-css-av-42oupt-30bcae16162246e256c45a26364330ba\">\n.flex_column.av-42oupt-30bcae16162246e256c45a26364330ba{\n-webkit-border-radius:0px 0px 0px 0px;\n-moz-border-radius:0px 0px 0px 0px;\nborder-radius:0px 0px 0px 0px;\npadding:0px 0px 0px 0px;\n}\n<\/style>\n<div class='flex_column av-42oupt-30bcae16162246e256c45a26364330ba av_one_full  avia-builder-el-0  el_before_av_masonry_entries  avia-builder-el-no-sibling  first flex_column_div av-zero-column-padding '     ><section  class='av_textblock_section av-kgght6t2-2407d8784e689651f0e4249c1f16a26a'  itemscope=\"itemscope\" itemtype=\"https:\/\/schema.org\/CreativeWork\" ><div class='avia_textblock'  itemprop=\"text\" ><h1>Accommodation in Orsa<\/h1>\n<p>Finally arrived in Orsa! Here you will find cozy cottages, nice hostels, affordable family hotels and bed and breakfasts to book. Dream away to a pleasant weekend at the elegant railway hotel or in a comfortable manor house environment. Experience the silence in a summer cottage or the simplicity of a cabin on the campsite, also called the Dalarna Riviera, by beautiful Lake Orsa.<\/p>\n<\/div><\/section><\/div><div id='av-masonry-1' class='av-masonry av-kgghagwd-efe1300c41fdef934b168699c4c75dce noHover av-fixed-size av-large-gap av-hover-overlay-active av-masonry-animation-active av-masonry-col-4 av-caption-always av-caption-style- av-masonry-entries av-medium-columns-overwrite av-medium-columns-4 av-small-columns-overwrite av-small-columns-3 av-mini-columns-overwrite av-mini-columns-2 '><div class=\"av-masonry-container isotope av-js-disabled\"><div class='av-masonry-entry isotope-item av-masonry-item-no-image '><\/div><a href=\"https:\/\/visitorsa.se\/en\/fagelsjo-gammelgard-2\/\"  id='av-masonry-1-item-152728' data-av-masonry-item='152728' class='av-masonry-entry isotope-item post-152728 page type-page status-publish has-post-thumbnail hentry category-accommodation-in-orsa category-food  av-masonry-item-with-image' title=\"P1180429\"   itemscope=\"itemscope\" itemtype=\"https:\/\/schema.org\/CreativeWork\" ><div class='av-inner-masonry-sizer'><\/div><figure class='av-inner-masonry main_color'><div class=\"av-masonry-outerimage-container\"><div class='av-masonry-image-container' style=\"background-image: url(https:\/\/visitorsa.se\/app\/uploads\/2022\/12\/P1180429-705x494.jpg);\"  title=\"P1180429\"  ><\/div><\/div><figcaption class='av-inner-masonry-content site-background'><div class='av-inner-masonry-content-pos'><div class='av-inner-masonry-content-pos-content'><div class='avia-arrow'><\/div><h3 class='av-masonry-entry-title entry-title '  itemprop=\"headline\" >F\u00e5gelsj\u00f6 Gammelg\u00e5rd<\/h3><\/div><\/div><\/figcaption><\/figure><\/a><!--end av-masonry entry--><a href=\"https:\/\/visitorsa.se\/en\/fastighetsbyran-norra-dalarna-ab\/\"  id='av-masonry-1-item-6558' data-av-masonry-item='6558' class='av-masonry-entry isotope-item post-6558 page type-page status-publish has-post-thumbnail hentry category-accommodation-in-orsa  av-masonry-item-with-image' title=\"Real Estate Village\"   itemscope=\"itemscope\" itemtype=\"https:\/\/schema.org\/CreativeWork\" ><div class='av-inner-masonry-sizer'><\/div><figure class='av-inner-masonry main_color'><div class=\"av-masonry-outerimage-container\"><div class='av-masonry-image-container' style=\"background-image: url(https:\/\/visitorsa.se\/app\/uploads\/2021\/06\/Fastighetsbyran-bild-2.jpg);\"  title=\"Real Estate Village\"   alt=\"Visit Orsa\" ><\/div><\/div><figcaption class='av-inner-masonry-content site-background'><div class='av-inner-masonry-content-pos'><div class='av-inner-masonry-content-pos-content'><div class='avia-arrow'><\/div><h3 class='av-masonry-entry-title entry-title '  itemprop=\"headline\" >Fastighetsbyr\u00e5n Norra Dalarna AB<\/h3><\/div><\/div><\/figcaption><\/figure><\/a><!--end av-masonry entry--><a href=\"https:\/\/visitorsa.se\/en\/finngarden-fabodar-fryksas\/\"  id='av-masonry-1-item-152715' data-av-masonry-item='152715' class='av-masonry-entry isotope-item post-152715 page type-page status-publish has-post-thumbnail hentry category-accommodation-in-orsa  av-masonry-item-with-image' title=\"Finng\u00e5rdar F\u00e4bod 4\"   itemscope=\"itemscope\" itemtype=\"https:\/\/schema.org\/CreativeWork\" ><div class='av-inner-masonry-sizer'><\/div><figure class='av-inner-masonry main_color'><div class=\"av-masonry-outerimage-container\"><div class='av-masonry-image-container' style=\"background-image: url(https:\/\/visitorsa.se\/app\/uploads\/2023\/03\/Finngardar-Fabod-4.png);\"  title=\"Finng\u00e5rdar F\u00e4bod 4\"  ><\/div><\/div><figcaption class='av-inner-masonry-content site-background'><div class='av-inner-masonry-content-pos'><div class='av-inner-masonry-content-pos-content'><div class='avia-arrow'><\/div><h3 class='av-masonry-entry-title entry-title '  itemprop=\"headline\" >Finng\u00e5rden F\u00e4bodar Fryks\u00e5s<\/h3><\/div><\/div><\/figcaption><\/figure><\/a><!--end av-masonry entry--><a href=\"https:\/\/visitorsa.se\/en\/accommodation-in-orsa\/orsa-camping\/\"  id='av-masonry-1-item-6772' data-av-masonry-item='6772' class='av-masonry-entry isotope-item post-6772 page type-page status-publish hentry category-accommodation-in-orsa category-activities-in-orsa tag-accommodation tag-camping-en tag-sights  av-masonry-item-no-image' title=\"First Camp Orsa\"   itemscope=\"itemscope\" itemtype=\"https:\/\/schema.org\/CreativeWork\" ><div class='av-inner-masonry-sizer'><\/div><figure class='av-inner-masonry main_color'><figcaption class='av-inner-masonry-content site-background'><div class='av-inner-masonry-content-pos'><div class='av-inner-masonry-content-pos-content'><div class='avia-arrow'><\/div><h3 class='av-masonry-entry-title entry-title '  itemprop=\"headline\" >First Camp Orsa<\/h3><\/div><\/div><\/figcaption><\/figure><\/a><!--end av-masonry entry--><a href=\"https:\/\/visitorsa.se\/en\/accommodation-in-orsa\/fryksas-hotel-gestgifveri\/\"  id='av-masonry-1-item-6817' data-av-masonry-item='6817' class='av-masonry-entry isotope-item post-6817 page type-page status-publish has-post-thumbnail hentry category-accommodation-in-orsa tag-hotel-en  av-masonry-item-with-image' title=\"Fryks\u00e5s hotell 1\"   itemscope=\"itemscope\" itemtype=\"https:\/\/schema.org\/CreativeWork\" ><div class='av-inner-masonry-sizer'><\/div><figure class='av-inner-masonry main_color'><div class=\"av-masonry-outerimage-container\"><div class='av-masonry-image-container' style=\"background-image: url(https:\/\/visitorsa.se\/app\/uploads\/2023\/10\/Fryksas-hotell-1-705x397.jpg);\"  title=\"Fryks\u00e5s hotell 1\"  ><\/div><\/div><figcaption class='av-inner-masonry-content site-background'><div class='av-inner-masonry-content-pos'><div class='av-inner-masonry-content-pos-content'><div class='avia-arrow'><\/div><h3 class='av-masonry-entry-title entry-title '  itemprop=\"headline\" >Fryks\u00e5s Hotel &amp; Gestgifveri<\/h3><\/div><\/div><\/figcaption><\/figure><\/a><!--end av-masonry entry--><a href=\"https:\/\/visitorsa.se\/en\/accommodation-in-orsa\/happy-bengts-cottage-in-fryksas\/\"  id='av-masonry-1-item-6815' data-av-masonry-item='6815' class='av-masonry-entry isotope-item post-6815 page type-page status-publish hentry category-accommodation-in-orsa tag-cottages  av-masonry-item-no-image' title=\"Happy Bengts cottage in Fryks\u00e5s\"   itemscope=\"itemscope\" itemtype=\"https:\/\/schema.org\/CreativeWork\" ><div class='av-inner-masonry-sizer'><\/div><figure class='av-inner-masonry main_color'><figcaption class='av-inner-masonry-content site-background'><div class='av-inner-masonry-content-pos'><div class='av-inner-masonry-content-pos-content'><div class='avia-arrow'><\/div><h3 class='av-masonry-entry-title entry-title '  itemprop=\"headline\" >Happy Bengts cottage in Fryks\u00e5s<\/h3><\/div><\/div><\/figcaption><\/figure><\/a><!--end av-masonry entry--><a href=\"https:\/\/visitorsa.se\/en\/accommodation-in-orsa\/harabacken-in-skattungbyn\/\"  id='av-masonry-1-item-6802' data-av-masonry-item='6802' class='av-masonry-entry isotope-item post-6802 page type-page status-publish hentry category-accommodation-in-orsa tag-cottages  av-masonry-item-no-image' title=\"Harabacken in Skattungbyn\"   itemscope=\"itemscope\" itemtype=\"https:\/\/schema.org\/CreativeWork\" ><div class='av-inner-masonry-sizer'><\/div><figure class='av-inner-masonry main_color'><figcaption class='av-inner-masonry-content site-background'><div class='av-inner-masonry-content-pos'><div class='av-inner-masonry-content-pos-content'><div class='avia-arrow'><\/div><h3 class='av-masonry-entry-title entry-title '  itemprop=\"headline\" >Harabacken in Skattungbyn<\/h3><\/div><\/div><\/figcaption><\/figure><\/a><!--end av-masonry entry--><a href=\"https:\/\/visitorsa.se\/en\/accommodation-in-orsa\/hotel-strandvillan-in-orsa-city-center\/\"  id='av-masonry-1-item-6829' data-av-masonry-item='6829' class='av-masonry-entry isotope-item post-6829 page type-page status-publish has-post-thumbnail hentry category-accommodation-in-orsa tag-hotel-en  av-masonry-item-with-image' title=\"1-presentationsbild\"   itemscope=\"itemscope\" itemtype=\"https:\/\/schema.org\/CreativeWork\" ><div class='av-inner-masonry-sizer'><\/div><figure class='av-inner-masonry main_color'><div class=\"av-masonry-outerimage-container\"><div class='av-masonry-image-container' style=\"background-image: url(https:\/\/visitorsa.se\/app\/uploads\/2026\/03\/1-presentationsbild-705x529.jpg);\"  title=\"1-presentationsbild\"  ><\/div><\/div><figcaption class='av-inner-masonry-content site-background'><div class='av-inner-masonry-content-pos'><div class='av-inner-masonry-content-pos-content'><div class='avia-arrow'><\/div><h3 class='av-masonry-entry-title entry-title '  itemprop=\"headline\" >Hotel Strandvillan in Orsa<\/h3><\/div><\/div><\/figcaption><\/figure><\/a><!--end av-masonry entry--><a href=\"https:\/\/visitorsa.se\/en\/accommodation-in-orsa\/kungshaga-hotels\/\"  id='av-masonry-1-item-6828' data-av-masonry-item='6828' class='av-masonry-entry isotope-item post-6828 page type-page status-publish hentry category-accommodation-in-orsa tag-hotel-en  av-masonry-item-no-image' title=\"Kungshaga Hotell\"   itemscope=\"itemscope\" itemtype=\"https:\/\/schema.org\/CreativeWork\" ><div class='av-inner-masonry-sizer'><\/div><figure class='av-inner-masonry main_color'><figcaption class='av-inner-masonry-content site-background'><div class='av-inner-masonry-content-pos'><div class='av-inner-masonry-content-pos-content'><div class='avia-arrow'><\/div><h3 class='av-masonry-entry-title entry-title '  itemprop=\"headline\" >Kungshaga Hotell<\/h3><\/div><\/div><\/figcaption><\/figure><\/a><!--end av-masonry entry--><a href=\"https:\/\/visitorsa.se\/en\/activities-in-orsa\/orsa-gronklitt\/\"  id='av-masonry-1-item-6750' data-av-masonry-item='6750' class='av-masonry-entry isotope-item post-6750 page type-page status-publish hentry category-accommodation-in-orsa category-activities-in-orsa tag-accommodation tag-activities  av-masonry-item-no-image' title=\"Orsa Gr\u00f6nklitt\"   itemscope=\"itemscope\" itemtype=\"https:\/\/schema.org\/CreativeWork\" ><div class='av-inner-masonry-sizer'><\/div><figure class='av-inner-masonry main_color'><figcaption class='av-inner-masonry-content site-background'><div class='av-inner-masonry-content-pos'><div class='av-inner-masonry-content-pos-content'><div class='avia-arrow'><\/div><h3 class='av-masonry-entry-title entry-title '  itemprop=\"headline\" >Orsa Gr\u00f6nklitt<\/h3><\/div><\/div><\/figcaption><\/figure><\/a><!--end av-masonry entry--><a href=\"https:\/\/visitorsa.se\/en\/orsa-hornberga-farm\/\"  id='av-masonry-1-item-6623' data-av-masonry-item='6623' class='av-masonry-entry isotope-item post-6623 page type-page status-publish has-post-thumbnail hentry category-accommodation-in-orsa category-food  av-masonry-item-with-image' title=\"Hornberga Farm\"   itemscope=\"itemscope\" itemtype=\"https:\/\/schema.org\/CreativeWork\" ><div class='av-inner-masonry-sizer'><\/div><figure class='av-inner-masonry main_color'><div class=\"av-masonry-outerimage-container\"><div class='av-masonry-image-container' style=\"background-image: url(https:\/\/visitorsa.se\/app\/uploads\/2021\/04\/Hornberga-gard-4.jpg);\"  title=\"Hornberga Farm\"   alt=\"Visit Orsa\" ><\/div><\/div><figcaption class='av-inner-masonry-content site-background'><div class='av-inner-masonry-content-pos'><div class='av-inner-masonry-content-pos-content'><div class='avia-arrow'><\/div><h3 class='av-masonry-entry-title entry-title '  itemprop=\"headline\" >Orsa Hornberga g\u00e5rd<\/h3><\/div><\/div><\/figcaption><\/figure><\/a><!--end av-masonry entry--><a href=\"https:\/\/visitorsa.se\/en\/accommodation-in-orsa\/orsa-railway-hotel-restaurant\/\"  id='av-masonry-1-item-6724' data-av-masonry-item='6724' class='av-masonry-entry isotope-item post-6724 page type-page status-publish hentry category-accommodation-in-orsa category-food tag-accommodation tag-food  av-masonry-item-no-image' title=\"Orsa J\u00e4rnv\u00e4gshotell &#038; restaurant\"   itemscope=\"itemscope\" itemtype=\"https:\/\/schema.org\/CreativeWork\" ><div class='av-inner-masonry-sizer'><\/div><figure class='av-inner-masonry main_color'><figcaption class='av-inner-masonry-content site-background'><div class='av-inner-masonry-content-pos'><div class='av-inner-masonry-content-pos-content'><div class='avia-arrow'><\/div><h3 class='av-masonry-entry-title entry-title '  itemprop=\"headline\" >Orsa J\u00e4rnv\u00e4gshotell &#038; restaurant<\/h3><\/div><\/div><\/figcaption><\/figure><\/a><!--end av-masonry entry--><a href=\"https:\/\/visitorsa.se\/en\/accommodation-in-orsa\/orsa-station-bed-breakfast\/\"  id='av-masonry-1-item-6785' data-av-masonry-item='6785' class='av-masonry-entry isotope-item post-6785 page type-page status-publish hentry category-accommodation-in-orsa tag-hostel  av-masonry-item-no-image' title=\"Orsa Station Bed &amp; Breakfast\"   itemscope=\"itemscope\" itemtype=\"https:\/\/schema.org\/CreativeWork\" ><div class='av-inner-masonry-sizer'><\/div><figure class='av-inner-masonry main_color'><figcaption class='av-inner-masonry-content site-background'><div class='av-inner-masonry-content-pos'><div class='av-inner-masonry-content-pos-content'><div class='avia-arrow'><\/div><h3 class='av-masonry-entry-title entry-title '  itemprop=\"headline\" >Orsa Station Bed &amp; Breakfast<\/h3><\/div><\/div><\/figcaption><\/figure><\/a><!--end av-masonry entry--><a href=\"https:\/\/visitorsa.se\/en\/accommodation-in-orsa\/orsa-hostels\/\"  id='av-masonry-1-item-6796' data-av-masonry-item='6796' class='av-masonry-entry isotope-item post-6796 page type-page status-publish hentry category-accommodation-in-orsa tag-hostel  av-masonry-item-no-image' title=\"Orsa Vandrarhem &#8211; hostel\"   itemscope=\"itemscope\" itemtype=\"https:\/\/schema.org\/CreativeWork\" ><div class='av-inner-masonry-sizer'><\/div><figure class='av-inner-masonry main_color'><figcaption class='av-inner-masonry-content site-background'><div class='av-inner-masonry-content-pos'><div class='av-inner-masonry-content-pos-content'><div class='avia-arrow'><\/div><h3 class='av-masonry-entry-title entry-title '  itemprop=\"headline\" >Orsa Vandrarhem &#8211; hostel<\/h3><\/div><\/div><\/figcaption><\/figure><\/a><!--end av-masonry entry--><a href=\"https:\/\/visitorsa.se\/en\/accommodation-in-orsa\/smidgarden-in-fryksas\/\"  id='av-masonry-1-item-6808' data-av-masonry-item='6808' class='av-masonry-entry isotope-item post-6808 page type-page status-publish hentry category-accommodation-in-orsa tag-cottages  av-masonry-item-no-image' title=\"Smidg\u00e5rden in Fryks\u00e5s\"   itemscope=\"itemscope\" itemtype=\"https:\/\/schema.org\/CreativeWork\" ><div class='av-inner-masonry-sizer'><\/div><figure class='av-inner-masonry main_color'><figcaption class='av-inner-masonry-content site-background'><div class='av-inner-masonry-content-pos'><div class='av-inner-masonry-content-pos-content'><div class='avia-arrow'><\/div><h3 class='av-masonry-entry-title entry-title '  itemprop=\"headline\" >Smidg\u00e5rden in Fryks\u00e5s<\/h3><\/div><\/div><\/figcaption><\/figure><\/a><!--end av-masonry entry--><a href=\"https:\/\/visitorsa.se\/en\/cottage-rental-orsa-besparingsskog\/\"  id='av-masonry-1-item-6720' data-av-masonry-item='6720' class='av-masonry-entry isotope-item post-6720 page type-page status-publish has-post-thumbnail hentry category-accommodation-in-orsa  av-masonry-item-with-image' title=\"Cottage rental savings forest\"   itemscope=\"itemscope\" itemtype=\"https:\/\/schema.org\/CreativeWork\" ><div class='av-inner-masonry-sizer'><\/div><figure class='av-inner-masonry main_color'><div class=\"av-masonry-outerimage-container\"><div class='av-masonry-image-container' style=\"background-image: url(https:\/\/visitorsa.se\/app\/uploads\/2021\/03\/Stuguthyrning-besparingsskog-6-705x470.jpg);\"  title=\"Cottage rental savings forest\"   alt=\"Visit Orsa\" ><\/div><\/div><figcaption class='av-inner-masonry-content site-background'><div class='av-inner-masonry-content-pos'><div class='av-inner-masonry-content-pos-content'><div class='avia-arrow'><\/div><h3 class='av-masonry-entry-title entry-title '  itemprop=\"headline\" >Stuguthyrning \u2013 Orsa Besparingsskog<\/h3><\/div><\/div><\/figcaption><\/figure><\/a><!--end av-masonry entry--><a href=\"https:\/\/visitorsa.se\/en\/accommodation-in-orsa\/tallhed-cottages-nature\/\"  id='av-masonry-1-item-6781' data-av-masonry-item='6781' class='av-masonry-entry isotope-item post-6781 page type-page status-publish hentry category-accommodation-in-orsa  av-masonry-item-no-image' title=\"Tallhed stugor &#038; natur\"   itemscope=\"itemscope\" itemtype=\"https:\/\/schema.org\/CreativeWork\" ><div class='av-inner-masonry-sizer'><\/div><figure class='av-inner-masonry main_color'><figcaption class='av-inner-masonry-content site-background'><div class='av-inner-masonry-content-pos'><div class='av-inner-masonry-content-pos-content'><div class='avia-arrow'><\/div><h3 class='av-masonry-entry-title entry-title '  itemprop=\"headline\" >Tallhed stugor &#038; natur<\/h3><\/div><\/div><\/figcaption><\/figure><\/a><!--end av-masonry entry--><a href=\"https:\/\/visitorsa.se\/en\/accommodation-in-orsa\/trunna-hostel-conference\/\"  id='av-masonry-1-item-6797' data-av-masonry-item='6797' class='av-masonry-entry isotope-item post-6797 page type-page status-publish hentry category-accommodation-in-orsa tag-hostel  av-masonry-item-no-image' title=\"Trunna Hostel &amp; Conference\"   itemscope=\"itemscope\" itemtype=\"https:\/\/schema.org\/CreativeWork\" ><div class='av-inner-masonry-sizer'><\/div><figure class='av-inner-masonry main_color'><figcaption class='av-inner-masonry-content site-background'><div class='av-inner-masonry-content-pos'><div class='av-inner-masonry-content-pos-content'><div class='avia-arrow'><\/div><h3 class='av-masonry-entry-title entry-title '  itemprop=\"headline\" >Trunna Hostel &amp; Conference<\/h3><\/div><\/div><\/figcaption><\/figure><\/a><!--end av-masonry entry--><\/div><div class='av-masonry-pagination av-masonry-pagination-pagination'><nav class='pagination'><span class='pagination-meta'>Page 1 of 0<\/span><\/nav>\n<\/div><\/div><\/p>\n","protected":false},"excerpt":{"rendered":"","protected":false},"author":1,"featured_media":5713,"parent":0,"menu_order":0,"comment_status":"closed","ping_status":"closed","template":"","meta":{"footnotes":""},"categories":[],"tags":[119],"class_list":["post-6427","page","type-page","status-publish","has-post-thumbnail","hentry","tag-member-category"],"_links":{"self":[{"href":"https:\/\/visitorsa.se\/en\/wp-json\/wp\/v2\/pages\/6427","targetHints":{"allow":["GET"]}}],"collection":[{"href":"https:\/\/visitorsa.se\/en\/wp-json\/wp\/v2\/pages"}],"about":[{"href":"https:\/\/visitorsa.se\/en\/wp-json\/wp\/v2\/types\/page"}],"author":[{"embeddable":true,"href":"https:\/\/visitorsa.se\/en\/wp-json\/wp\/v2\/users\/1"}],"replies":[{"embeddable":true,"href":"https:\/\/visitorsa.se\/en\/wp-json\/wp\/v2\/comments?post=6427"}],"version-history":[{"count":39,"href":"https:\/\/visitorsa.se\/en\/wp-json\/wp\/v2\/pages\/6427\/revisions"}],"predecessor-version":[{"id":8121,"href":"https:\/\/visitorsa.se\/en\/wp-json\/wp\/v2\/pages\/6427\/revisions\/8121"}],"wp:featuredmedia":[{"embeddable":true,"href":"https:\/\/visitorsa.se\/en\/wp-json\/wp\/v2\/media\/5713"}],"wp:attachment":[{"href":"https:\/\/visitorsa.se\/en\/wp-json\/wp\/v2\/media?parent=6427"}],"wp:term":[{"taxonomy":"category","embeddable":true,"href":"https:\/\/visitorsa.se\/en\/wp-json\/wp\/v2\/categories?post=6427"},{"taxonomy":"post_tag","embeddable":true,"href":"https:\/\/visitorsa.se\/en\/wp-json\/wp\/v2\/tags?post=6427"}],"curies":[{"name":"wp","href":"https:\/\/api.w.org\/{rel}","templated":true}]}}