{"id":6409,"date":"2025-05-14T12:02:38","date_gmt":"2025-05-14T10:02:38","guid":{"rendered":"https:\/\/staging.visitorsa.se\/food\/"},"modified":"2025-05-14T12:08:15","modified_gmt":"2025-05-14T10:08:15","slug":"food","status":"publish","type":"page","link":"https:\/\/visitorsa.se\/en\/food\/","title":{"rendered":"Food &#038; Drinks"},"content":{"rendered":"\n<style type=\"text\/css\" data-created_by=\"avia_inline_auto\" id=\"style-css-av-4rxuiw-e37cbb6f6348960c6911d0d4a8394f0a\">\n.flex_column.av-4rxuiw-e37cbb6f6348960c6911d0d4a8394f0a{\n-webkit-border-radius:0px 0px 0px 0px;\n-moz-border-radius:0px 0px 0px 0px;\nborder-radius:0px 0px 0px 0px;\npadding:0px 0px 0px 0px;\n}\n<\/style>\n<div class='flex_column av-4rxuiw-e37cbb6f6348960c6911d0d4a8394f0a av_one_full  avia-builder-el-0  el_before_av_masonry_entries  avia-builder-el-no-sibling  first flex_column_div av-zero-column-padding '     ><section  class='av_textblock_section av-kgght6t2-2407d8784e689651f0e4249c1f16a26a'  itemscope=\"itemscope\" itemtype=\"https:\/\/schema.org\/CreativeWork\" ><div class='avia_textblock'  itemprop=\"text\" ><h1 class=\"w44 bcm cn\">Food &amp; Drinks<\/h1>\n<p>Eating good food is part of the stay and the journey. Orsa and the surrounding area offers good food for all tastes, often prepared with local ingredients. In the center there are restaurants, cafes, market hall, grocery stores and a stone&#8217;s throw away farm shops with locally grown. After the nature experience at Orsasj\u00f6n, in the forest or up on the mountain in a summer residence environment, it is close to a gofika or a tasty lunch.<\/p>\n<\/div><\/section><\/div><div id='av-masonry-1' class='av-masonry av-kgghagwd-50cb586919c0b73a7658aaf5ab7599f1 noHover av-fixed-size av-large-gap av-hover-overlay-active av-masonry-animation-active av-masonry-col-4 av-caption-always av-caption-style- av-masonry-entries av-medium-columns-overwrite av-medium-columns-4 av-small-columns-overwrite av-small-columns-3 av-mini-columns-overwrite av-mini-columns-2 '><div class=\"av-masonry-container isotope av-js-disabled\"><div class='av-masonry-entry isotope-item av-masonry-item-no-image all_sort food_sort  trade-crafts_sort  accommodation-in-orsa_sort '><\/div><a href=\"https:\/\/visitorsa.se\/en\/acropolis-restaurant\/\"  id='av-masonry-1-item-6648' data-av-masonry-item='6648' class='av-masonry-entry isotope-item post-6648 page type-page status-publish has-post-thumbnail hentry category-food all_sort food_sort  av-masonry-item-with-image' title=\"Acropolis\"   itemscope=\"itemscope\" itemtype=\"https:\/\/schema.org\/CreativeWork\" ><div class='av-inner-masonry-sizer'><\/div><figure class='av-inner-masonry main_color'><div class=\"av-masonry-outerimage-container\"><div class='av-masonry-image-container' style=\"background-image: url(https:\/\/visitorsa.se\/app\/uploads\/2021\/03\/Akropolis-2-470x705.jpg);\"  title=\"Acropolis\"   alt=\"Visit Orsa\" ><\/div><\/div><figcaption class='av-inner-masonry-content site-background'><div class='av-inner-masonry-content-pos'><div class='av-inner-masonry-content-pos-content'><div class='avia-arrow'><\/div><h3 class='av-masonry-entry-title entry-title '  itemprop=\"headline\" >Acropolis Restaurant<\/h3><\/div><\/div><\/figcaption><\/figure><\/a><!--end av-masonry entry--><a href=\"https:\/\/visitorsa.se\/en\/commerce-shopping\/born-bbq-kitchen\/\"  id='av-masonry-1-item-6767' data-av-masonry-item='6767' class='av-masonry-entry isotope-item post-6767 page type-page status-publish hentry category-food category-trade-crafts all_sort food_sort  trade-crafts_sort  av-masonry-item-no-image' title=\"Born bbq &#038; k\u00f6k\"   itemscope=\"itemscope\" itemtype=\"https:\/\/schema.org\/CreativeWork\" ><div class='av-inner-masonry-sizer'><\/div><figure class='av-inner-masonry main_color'><figcaption class='av-inner-masonry-content site-background'><div class='av-inner-masonry-content-pos'><div class='av-inner-masonry-content-pos-content'><div class='avia-arrow'><\/div><h3 class='av-masonry-entry-title entry-title '  itemprop=\"headline\" >Born bbq &#038; k\u00f6k<\/h3><\/div><\/div><\/figcaption><\/figure><\/a><!--end av-masonry entry--><a href=\"https:\/\/visitorsa.se\/en\/cafe-alvhojden\/\"  id='av-masonry-1-item-6568' data-av-masonry-item='6568' class='av-masonry-entry isotope-item post-6568 page type-page status-publish has-post-thumbnail hentry category-food all_sort food_sort  av-masonry-item-with-image' title=\"Cafe \u00e4lvhojden 3\"   itemscope=\"itemscope\" itemtype=\"https:\/\/schema.org\/CreativeWork\" ><div class='av-inner-masonry-sizer'><\/div><figure class='av-inner-masonry main_color'><div class=\"av-masonry-outerimage-container\"><div class='av-masonry-image-container' style=\"background-image: url(https:\/\/visitorsa.se\/app\/uploads\/2021\/06\/Cafe-alvhojden-3-1-705x677.jpg);\"  title=\"Cafe \u00e4lvhojden 3\"   alt=\"Visit Orsa\" ><\/div><\/div><figcaption class='av-inner-masonry-content site-background'><div class='av-inner-masonry-content-pos'><div class='av-inner-masonry-content-pos-content'><div class='avia-arrow'><\/div><h3 class='av-masonry-entry-title entry-title '  itemprop=\"headline\" >Cafe \u00c4lvhojden<\/h3><\/div><\/div><\/figcaption><\/figure><\/a><!--end av-masonry entry--><a href=\"https:\/\/visitorsa.se\/en\/central-grill\/\"  id='av-masonry-1-item-6575' data-av-masonry-item='6575' class='av-masonry-entry isotope-item post-6575 page type-page status-publish has-post-thumbnail hentry category-food all_sort food_sort  av-masonry-item-with-image' title=\"central grill 1\"   itemscope=\"itemscope\" itemtype=\"https:\/\/schema.org\/CreativeWork\" ><div class='av-inner-masonry-sizer'><\/div><figure class='av-inner-masonry main_color'><div class=\"av-masonry-outerimage-container\"><div class='av-masonry-image-container' style=\"background-image: url(https:\/\/visitorsa.se\/app\/uploads\/2021\/06\/centralgrill-1-705x332.jpeg);\"  title=\"central grill 1\"   alt=\"Visit Orsa\" ><\/div><\/div><figcaption class='av-inner-masonry-content site-background'><div class='av-inner-masonry-content-pos'><div class='av-inner-masonry-content-pos-content'><div class='avia-arrow'><\/div><h3 class='av-masonry-entry-title entry-title '  itemprop=\"headline\" >Central Grillen<\/h3><\/div><\/div><\/figcaption><\/figure><\/a><!--end av-masonry entry--><a href=\"https:\/\/visitorsa.se\/en\/fagelsjo-gammelgard-2\/\"  id='av-masonry-1-item-152728' data-av-masonry-item='152728' class='av-masonry-entry isotope-item post-152728 page type-page status-publish has-post-thumbnail hentry category-accommodation-in-orsa category-food all_sort accommodation-in-orsa_sort  food_sort  av-masonry-item-with-image' title=\"P1180429\"   itemscope=\"itemscope\" itemtype=\"https:\/\/schema.org\/CreativeWork\" ><div class='av-inner-masonry-sizer'><\/div><figure class='av-inner-masonry main_color'><div class=\"av-masonry-outerimage-container\"><div class='av-masonry-image-container' style=\"background-image: url(https:\/\/visitorsa.se\/app\/uploads\/2022\/12\/P1180429-705x494.jpg);\"  title=\"P1180429\"  ><\/div><\/div><figcaption class='av-inner-masonry-content site-background'><div class='av-inner-masonry-content-pos'><div class='av-inner-masonry-content-pos-content'><div class='avia-arrow'><\/div><h3 class='av-masonry-entry-title entry-title '  itemprop=\"headline\" >F\u00e5gelsj\u00f6 Gammelg\u00e5rd<\/h3><\/div><\/div><\/figcaption><\/figure><\/a><!--end av-masonry entry--><a href=\"https:\/\/visitorsa.se\/en\/hansjo-glass-chapel\/\"  id='av-masonry-1-item-7985' data-av-masonry-item='7985' class='av-masonry-entry isotope-item post-7985 page type-page status-publish has-post-thumbnail hentry category-food category-trade-crafts all_sort food_sort  trade-crafts_sort  av-masonry-item-with-image' title=\"chapel-visitorsa-min\"   itemscope=\"itemscope\" itemtype=\"https:\/\/schema.org\/CreativeWork\" ><div class='av-inner-masonry-sizer'><\/div><figure class='av-inner-masonry main_color'><div class=\"av-masonry-outerimage-container\"><div class='av-masonry-image-container' style=\"background-image: url(https:\/\/visitorsa.se\/app\/uploads\/2022\/08\/kapell-visitorsa-min-705x343.jpg);\"  title=\"chapel-visitorsa-min\"  ><\/div><\/div><figcaption class='av-inner-masonry-content site-background'><div class='av-inner-masonry-content-pos'><div class='av-inner-masonry-content-pos-content'><div class='avia-arrow'><\/div><h3 class='av-masonry-entry-title entry-title '  itemprop=\"headline\" >Hansj\u00f6 Glass Chapel<\/h3><\/div><\/div><\/figcaption><\/figure><\/a><!--end av-masonry entry--><a href=\"https:\/\/visitorsa.se\/en\/hansjo-mejeri\/\"  id='av-masonry-1-item-6691' data-av-masonry-item='6691' class='av-masonry-entry isotope-item post-6691 page type-page status-publish has-post-thumbnail hentry category-food category-trade-crafts all_sort food_sort  trade-crafts_sort  av-masonry-item-with-image' title=\"Hansj\u00f6mejeri &#8211; Wikipedia\"   itemscope=\"itemscope\" itemtype=\"https:\/\/schema.org\/CreativeWork\" ><div class='av-inner-masonry-sizer'><\/div><figure class='av-inner-masonry main_color'><div class=\"av-masonry-outerimage-container\"><div class='av-masonry-image-container' style=\"background-image: url(https:\/\/visitorsa.se\/app\/uploads\/2021\/03\/Hansjomejeri-1-705x429.jpg);\"  title=\"Hansj\u00f6mejeri &#8211; Wikipedia\"   alt=\"Visit Orsa\" ><\/div><\/div><figcaption class='av-inner-masonry-content site-background'><div class='av-inner-masonry-content-pos'><div class='av-inner-masonry-content-pos-content'><div class='avia-arrow'><\/div><h3 class='av-masonry-entry-title entry-title '  itemprop=\"headline\" >Hansj\u00f6 Mejeri<\/h3><\/div><\/div><\/figcaption><\/figure><\/a><!--end av-masonry entry--><a href=\"https:\/\/visitorsa.se\/en\/leve-brod-hantverksbageri\/\"  id='av-masonry-1-item-152641' data-av-masonry-item='152641' class='av-masonry-entry isotope-item post-152641 page type-page status-publish has-post-thumbnail hentry category-food all_sort food_sort  av-masonry-item-with-image' title=\"Levebr\u00f6d 1\"   itemscope=\"itemscope\" itemtype=\"https:\/\/schema.org\/CreativeWork\" ><div class='av-inner-masonry-sizer'><\/div><figure class='av-inner-masonry main_color'><div class=\"av-masonry-outerimage-container\"><div class='av-masonry-image-container' style=\"background-image: url(https:\/\/visitorsa.se\/app\/uploads\/2023\/03\/Levebrod-1-705x470.jpg);\"  title=\"Levebr\u00f6d 1\"   alt=\"Visit Orsa\" ><\/div><\/div><figcaption class='av-inner-masonry-content site-background'><div class='av-inner-masonry-content-pos'><div class='av-inner-masonry-content-pos-content'><div class='avia-arrow'><\/div><h3 class='av-masonry-entry-title entry-title '  itemprop=\"headline\" >Leve Br\u00f6d Hantverksbageri<\/h3><\/div><\/div><\/figcaption><\/figure><\/a><!--end av-masonry entry--><a href=\"https:\/\/visitorsa.se\/en\/little-society\/\"  id='av-masonry-1-item-6689' data-av-masonry-item='6689' class='av-masonry-entry isotope-item post-6689 page type-page status-publish has-post-thumbnail hentry category-food all_sort food_sort  av-masonry-item-with-image' title=\"Little Society\"   itemscope=\"itemscope\" itemtype=\"https:\/\/schema.org\/CreativeWork\" ><div class='av-inner-masonry-sizer'><\/div><figure class='av-inner-masonry main_color'><div class=\"av-masonry-outerimage-container\"><div class='av-masonry-image-container' style=\"background-image: url(https:\/\/visitorsa.se\/app\/uploads\/2021\/03\/Lilla-sallskapet-1-1-529x705.jpg);\"  title=\"Little Society\"   alt=\"Visit Orsa\" ><\/div><\/div><figcaption class='av-inner-masonry-content site-background'><div class='av-inner-masonry-content-pos'><div class='av-inner-masonry-content-pos-content'><div class='avia-arrow'><\/div><h3 class='av-masonry-entry-title entry-title '  itemprop=\"headline\" >Little Society wine &amp; deli<\/h3><\/div><\/div><\/figcaption><\/figure><\/a><!--end av-masonry entry--><a href=\"https:\/\/visitorsa.se\/en\/commerce-shopping\/new-market-hall-in-orsa\/\"  id='av-masonry-1-item-6662' data-av-masonry-item='6662' class='av-masonry-entry isotope-item post-6662 page type-page status-publish hentry category-food category-trade-crafts tag-trade all_sort food_sort  trade-crafts_sort  av-masonry-item-no-image' title=\"Nya Saluhallen i Orsa\"   itemscope=\"itemscope\" itemtype=\"https:\/\/schema.org\/CreativeWork\" ><div class='av-inner-masonry-sizer'><\/div><figure class='av-inner-masonry main_color'><figcaption class='av-inner-masonry-content site-background'><div class='av-inner-masonry-content-pos'><div class='av-inner-masonry-content-pos-content'><div class='avia-arrow'><\/div><h3 class='av-masonry-entry-title entry-title '  itemprop=\"headline\" >Nya Saluhallen i Orsa<\/h3><\/div><\/div><\/figcaption><\/figure><\/a><!--end av-masonry entry--><a href=\"https:\/\/visitorsa.se\/en\/orsa-fabodssnaps\/\"  id='av-masonry-1-item-152779' data-av-masonry-item='152779' class='av-masonry-entry isotope-item post-152779 page type-page status-publish has-post-thumbnail hentry category-food all_sort food_sort  av-masonry-item-with-image' title=\"Orsa f\u00e4bodssnaps 5\"   itemscope=\"itemscope\" itemtype=\"https:\/\/schema.org\/CreativeWork\" ><div class='av-inner-masonry-sizer'><\/div><figure class='av-inner-masonry main_color'><div class=\"av-masonry-outerimage-container\"><div class='av-masonry-image-container' style=\"background-image: url(https:\/\/visitorsa.se\/app\/uploads\/2022\/12\/Orsa-fabodssnaps-5.jpeg);\"  title=\"Orsa f\u00e4bodssnaps 5\"  ><\/div><\/div><figcaption class='av-inner-masonry-content site-background'><div class='av-inner-masonry-content-pos'><div class='av-inner-masonry-content-pos-content'><div class='avia-arrow'><\/div><h3 class='av-masonry-entry-title entry-title '  itemprop=\"headline\" >Orsa F\u00e4bodssnaps<\/h3><\/div><\/div><\/figcaption><\/figure><\/a><!--end av-masonry entry--><a href=\"https:\/\/visitorsa.se\/en\/orsa-hornberga-farm\/\"  id='av-masonry-1-item-6623' data-av-masonry-item='6623' class='av-masonry-entry isotope-item post-6623 page type-page status-publish has-post-thumbnail hentry category-accommodation-in-orsa category-food all_sort accommodation-in-orsa_sort  food_sort  av-masonry-item-with-image' title=\"Hornberga Farm\"   itemscope=\"itemscope\" itemtype=\"https:\/\/schema.org\/CreativeWork\" ><div class='av-inner-masonry-sizer'><\/div><figure class='av-inner-masonry main_color'><div class=\"av-masonry-outerimage-container\"><div class='av-masonry-image-container' style=\"background-image: url(https:\/\/visitorsa.se\/app\/uploads\/2021\/04\/Hornberga-gard-4.jpg);\"  title=\"Hornberga Farm\"   alt=\"Visit Orsa\" ><\/div><\/div><figcaption class='av-inner-masonry-content site-background'><div class='av-inner-masonry-content-pos'><div class='av-inner-masonry-content-pos-content'><div class='avia-arrow'><\/div><h3 class='av-masonry-entry-title entry-title '  itemprop=\"headline\" >Orsa Hornberga g\u00e5rd<\/h3><\/div><\/div><\/figcaption><\/figure><\/a><!--end av-masonry entry--><a href=\"https:\/\/visitorsa.se\/en\/accommodation-in-orsa\/orsa-railway-hotel-restaurant\/\"  id='av-masonry-1-item-6724' data-av-masonry-item='6724' class='av-masonry-entry isotope-item post-6724 page type-page status-publish hentry category-accommodation-in-orsa category-food tag-accommodation tag-food all_sort accommodation-in-orsa_sort  food_sort  av-masonry-item-no-image' title=\"Orsa J\u00e4rnv\u00e4gshotell &#038; restaurant\"   itemscope=\"itemscope\" itemtype=\"https:\/\/schema.org\/CreativeWork\" ><div class='av-inner-masonry-sizer'><\/div><figure class='av-inner-masonry main_color'><figcaption class='av-inner-masonry-content site-background'><div class='av-inner-masonry-content-pos'><div class='av-inner-masonry-content-pos-content'><div class='avia-arrow'><\/div><h3 class='av-masonry-entry-title entry-title '  itemprop=\"headline\" >Orsa J\u00e4rnv\u00e4gshotell &#038; restaurant<\/h3><\/div><\/div><\/figcaption><\/figure><\/a><!--end av-masonry entry--><a href=\"https:\/\/visitorsa.se\/en\/food\/orsa-coffee-house\/\"  id='av-masonry-1-item-6732' data-av-masonry-item='6732' class='av-masonry-entry isotope-item post-6732 page type-page status-publish hentry category-food all_sort food_sort  av-masonry-item-no-image' title=\"Orsa Kaffestuga\"   itemscope=\"itemscope\" itemtype=\"https:\/\/schema.org\/CreativeWork\" ><div class='av-inner-masonry-sizer'><\/div><figure class='av-inner-masonry main_color'><figcaption class='av-inner-masonry-content site-background'><div class='av-inner-masonry-content-pos'><div class='av-inner-masonry-content-pos-content'><div class='avia-arrow'><\/div><h3 class='av-masonry-entry-title entry-title '  itemprop=\"headline\" >Orsa Kaffestuga<\/h3><\/div><\/div><\/figcaption><\/figure><\/a><!--end av-masonry entry--><a href=\"https:\/\/visitorsa.se\/en\/food\/pizzeria-amore-in-orsa\/\"  id='av-masonry-1-item-6752' data-av-masonry-item='6752' class='av-masonry-entry isotope-item post-6752 page type-page status-publish hentry category-food tag-food all_sort food_sort  av-masonry-item-no-image' title=\"Pizzeria Amore in Orsa\"   itemscope=\"itemscope\" itemtype=\"https:\/\/schema.org\/CreativeWork\" ><div class='av-inner-masonry-sizer'><\/div><figure class='av-inner-masonry main_color'><figcaption class='av-inner-masonry-content site-background'><div class='av-inner-masonry-content-pos'><div class='av-inner-masonry-content-pos-content'><div class='avia-arrow'><\/div><h3 class='av-masonry-entry-title entry-title '  itemprop=\"headline\" >Pizzeria Amore in Orsa<\/h3><\/div><\/div><\/figcaption><\/figure><\/a><!--end av-masonry entry--><a href=\"https:\/\/visitorsa.se\/en\/food\/restaurant-fryksas-hotels\/\"  id='av-masonry-1-item-6825' data-av-masonry-item='6825' class='av-masonry-entry isotope-item post-6825 page type-page status-publish hentry category-food all_sort food_sort  av-masonry-item-no-image' title=\"Restaurant Fryks\u00e5s Hotels\"   itemscope=\"itemscope\" itemtype=\"https:\/\/schema.org\/CreativeWork\" ><div class='av-inner-masonry-sizer'><\/div><figure class='av-inner-masonry main_color'><figcaption class='av-inner-masonry-content site-background'><div class='av-inner-masonry-content-pos'><div class='av-inner-masonry-content-pos-content'><div class='avia-arrow'><\/div><h3 class='av-masonry-entry-title entry-title '  itemprop=\"headline\" >Restaurant Fryks\u00e5s Hotels<\/h3><\/div><\/div><\/figcaption><\/figure><\/a><!--end av-masonry entry--><a href=\"https:\/\/visitorsa.se\/en\/restaurant-gruvan\/\"  id='av-masonry-1-item-152819' data-av-masonry-item='152819' class='av-masonry-entry isotope-item post-152819 page type-page status-publish has-post-thumbnail hentry category-food all_sort food_sort  av-masonry-item-with-image' title=\"Restaurang gruvan 2\"   itemscope=\"itemscope\" itemtype=\"https:\/\/schema.org\/CreativeWork\" ><div class='av-inner-masonry-sizer'><\/div><figure class='av-inner-masonry main_color'><div class=\"av-masonry-outerimage-container\"><div class='av-masonry-image-container' style=\"background-image: url(https:\/\/visitorsa.se\/app\/uploads\/2023\/04\/Restaurang-gruvan-2-705x410.jpeg);\"  title=\"Restaurang gruvan 2\"  ><\/div><\/div><figcaption class='av-inner-masonry-content site-background'><div class='av-inner-masonry-content-pos'><div class='av-inner-masonry-content-pos-content'><div class='avia-arrow'><\/div><h3 class='av-masonry-entry-title entry-title '  itemprop=\"headline\" >Restaurant Gruvan<\/h3><\/div><\/div><\/figcaption><\/figure><\/a><!--end av-masonry entry--><a href=\"https:\/\/visitorsa.se\/en\/sausage-factory-in-skattungbyn\/\"  id='av-masonry-1-item-6591' data-av-masonry-item='6591' class='av-masonry-entry isotope-item post-6591 page type-page status-publish has-post-thumbnail hentry category-food category-trade-crafts all_sort food_sort  trade-crafts_sort  av-masonry-item-with-image' title=\"Sausage Factory 1\"   itemscope=\"itemscope\" itemtype=\"https:\/\/schema.org\/CreativeWork\" ><div class='av-inner-masonry-sizer'><\/div><figure class='av-inner-masonry main_color'><div class=\"av-masonry-outerimage-container\"><div class='av-masonry-image-container' style=\"background-image: url(https:\/\/visitorsa.se\/app\/uploads\/2021\/05\/Korvfabriken-1-705x286.jpeg);\"  title=\"Sausage Factory 1\"   alt=\"Visit Orsa\" ><\/div><\/div><figcaption class='av-inner-masonry-content site-background'><div class='av-inner-masonry-content-pos'><div class='av-inner-masonry-content-pos-content'><div class='avia-arrow'><\/div><h3 class='av-masonry-entry-title entry-title '  itemprop=\"headline\" >Sausage factory in Skattungbyn<\/h3><\/div><\/div><\/figcaption><\/figure><\/a><!--end av-masonry entry--><a href=\"https:\/\/visitorsa.se\/en\/food\/smidgarden-restaurant-cafe\/\"  id='av-masonry-1-item-6726' data-av-masonry-item='6726' class='av-masonry-entry isotope-item post-6726 page type-page status-publish hentry category-food tag-food all_sort food_sort  av-masonry-item-no-image' title=\"Smidg\u00e5rden Restaurant &amp; Caf\u00e9\"   itemscope=\"itemscope\" itemtype=\"https:\/\/schema.org\/CreativeWork\" ><div class='av-inner-masonry-sizer'><\/div><figure class='av-inner-masonry main_color'><figcaption class='av-inner-masonry-content site-background'><div class='av-inner-masonry-content-pos'><div class='av-inner-masonry-content-pos-content'><div class='avia-arrow'><\/div><h3 class='av-masonry-entry-title entry-title '  itemprop=\"headline\" >Smidg\u00e5rden Restaurant &amp; Caf\u00e9<\/h3><\/div><\/div><\/figcaption><\/figure><\/a><!--end av-masonry entry--><a href=\"https:\/\/visitorsa.se\/en\/solsyran-2\/\"  id='av-masonry-1-item-7448' data-av-masonry-item='7448' class='av-masonry-entry isotope-item post-7448 page type-page status-publish has-post-thumbnail hentry category-food all_sort food_sort  av-masonry-item-with-image' title=\"Solsyran 2\"   itemscope=\"itemscope\" itemtype=\"https:\/\/schema.org\/CreativeWork\" ><div class='av-inner-masonry-sizer'><\/div><figure class='av-inner-masonry main_color'><div class=\"av-masonry-outerimage-container\"><div class='av-masonry-image-container' style=\"background-image: url(https:\/\/visitorsa.se\/app\/uploads\/2021\/04\/Solsyran-2-529x705.jpg);\"  title=\"Solsyran 2\"   alt=\"Visit Orsa\" ><\/div><\/div><figcaption class='av-inner-masonry-content site-background'><div class='av-inner-masonry-content-pos'><div class='av-inner-masonry-content-pos-content'><div class='avia-arrow'><\/div><h3 class='av-masonry-entry-title entry-title '  itemprop=\"headline\" >Solsyran<\/h3><\/div><\/div><\/figcaption><\/figure><\/a><!--end av-masonry entry--><a href=\"https:\/\/visitorsa.se\/en\/solsyran\/\"  id='av-masonry-1-item-6597' data-av-masonry-item='6597' class='av-masonry-entry isotope-item post-6597 page type-page status-publish has-post-thumbnail hentry category-food category-trade-crafts all_sort food_sort  trade-crafts_sort  av-masonry-item-with-image' title=\"Solsyran 1\"   itemscope=\"itemscope\" itemtype=\"https:\/\/schema.org\/CreativeWork\" ><div class='av-inner-masonry-sizer'><\/div><figure class='av-inner-masonry main_color'><div class=\"av-masonry-outerimage-container\"><div class='av-masonry-image-container' style=\"background-image: url(https:\/\/visitorsa.se\/app\/uploads\/2021\/04\/Solsyran-1-470x705.jpg);\"  title=\"Solsyran 1\"   alt=\"Visit Orsa\" ><\/div><\/div><figcaption class='av-inner-masonry-content site-background'><div class='av-inner-masonry-content-pos'><div class='av-inner-masonry-content-pos-content'><div class='avia-arrow'><\/div><h3 class='av-masonry-entry-title entry-title '  itemprop=\"headline\" >Solsyran<\/h3><\/div><\/div><\/figcaption><\/figure><\/a><!--end av-masonry entry--><a href=\"https:\/\/visitorsa.se\/en\/food\/the-owl-the-bear\/\"  id='av-masonry-1-item-6681' data-av-masonry-item='6681' class='av-masonry-entry isotope-item post-6681 page type-page status-publish hentry category-food tag-food all_sort food_sort  av-masonry-item-no-image' title=\"The Owl &amp; The Bear Restaurant\"   itemscope=\"itemscope\" itemtype=\"https:\/\/schema.org\/CreativeWork\" ><div class='av-inner-masonry-sizer'><\/div><figure class='av-inner-masonry main_color'><figcaption class='av-inner-masonry-content site-background'><div class='av-inner-masonry-content-pos'><div class='av-inner-masonry-content-pos-content'><div class='avia-arrow'><\/div><h3 class='av-masonry-entry-title entry-title '  itemprop=\"headline\" >The Owl &amp; The Bear Restaurant<\/h3><\/div><\/div><\/figcaption><\/figure><\/a><!--end av-masonry entry--><a href=\"https:\/\/visitorsa.se\/en\/food\/toppstugan-gronklitt\/\"  id='av-masonry-1-item-6654' data-av-masonry-item='6654' class='av-masonry-entry isotope-item post-6654 page type-page status-publish hentry category-food tag-food all_sort food_sort  av-masonry-item-no-image' title=\"Toppstugan Gr\u00f6nklitt\"   itemscope=\"itemscope\" itemtype=\"https:\/\/schema.org\/CreativeWork\" ><div class='av-inner-masonry-sizer'><\/div><figure class='av-inner-masonry main_color'><figcaption class='av-inner-masonry-content site-background'><div class='av-inner-masonry-content-pos'><div class='av-inner-masonry-content-pos-content'><div class='avia-arrow'><\/div><h3 class='av-masonry-entry-title entry-title '  itemprop=\"headline\" >Toppstugan Gr\u00f6nklitt<\/h3><\/div><\/div><\/figcaption><\/figure><\/a><!--end av-masonry entry--><\/div><div class='av-masonry-pagination av-masonry-pagination-pagination'><nav class='pagination'><span class='pagination-meta'>Page 1 of 0<\/span><\/nav>\n<\/div><\/div><\/p>\n","protected":false},"excerpt":{"rendered":"","protected":false},"author":1,"featured_media":0,"parent":0,"menu_order":0,"comment_status":"closed","ping_status":"closed","template":"","meta":{"footnotes":""},"categories":[],"tags":[119],"class_list":["post-6409","page","type-page","status-publish","hentry","tag-member-category"],"_links":{"self":[{"href":"https:\/\/visitorsa.se\/en\/wp-json\/wp\/v2\/pages\/6409","targetHints":{"allow":["GET"]}}],"collection":[{"href":"https:\/\/visitorsa.se\/en\/wp-json\/wp\/v2\/pages"}],"about":[{"href":"https:\/\/visitorsa.se\/en\/wp-json\/wp\/v2\/types\/page"}],"author":[{"embeddable":true,"href":"https:\/\/visitorsa.se\/en\/wp-json\/wp\/v2\/users\/1"}],"replies":[{"embeddable":true,"href":"https:\/\/visitorsa.se\/en\/wp-json\/wp\/v2\/comments?post=6409"}],"version-history":[{"count":7,"href":"https:\/\/visitorsa.se\/en\/wp-json\/wp\/v2\/pages\/6409\/revisions"}],"predecessor-version":[{"id":7522,"href":"https:\/\/visitorsa.se\/en\/wp-json\/wp\/v2\/pages\/6409\/revisions\/7522"}],"wp:attachment":[{"href":"https:\/\/visitorsa.se\/en\/wp-json\/wp\/v2\/media?parent=6409"}],"wp:term":[{"taxonomy":"category","embeddable":true,"href":"https:\/\/visitorsa.se\/en\/wp-json\/wp\/v2\/categories?post=6409"},{"taxonomy":"post_tag","embeddable":true,"href":"https:\/\/visitorsa.se\/en\/wp-json\/wp\/v2\/tags?post=6409"}],"curies":[{"name":"wp","href":"https:\/\/api.w.org\/{rel}","templated":true}]}}