{"id":53530,"date":"2022-10-05T20:37:09","date_gmt":"2022-10-05T18:37:09","guid":{"rendered":"https:\/\/visitorsa.se\/orsa-opera-company\/"},"modified":"2023-10-03T08:02:56","modified_gmt":"2023-10-03T06:02:56","slug":"orsa-opera-company","status":"publish","type":"page","link":"https:\/\/visitorsa.se\/en\/orsa-opera-company\/","title":{"rendered":"Orsa Operas\u00e4llskap"},"content":{"rendered":"\n<style type=\"text\/css\" data-created_by=\"avia_inline_auto\" id=\"style-css-av-6d4ygg-db790e9493201a1d2f9d8b3dfe30decc\">\n.flex_column.av-6d4ygg-db790e9493201a1d2f9d8b3dfe30decc{\n-webkit-border-radius:0px 0px 0px 0px;\n-moz-border-radius:0px 0px 0px 0px;\nborder-radius:0px 0px 0px 0px;\npadding:0px 0px 0px 0px;\n}\n<\/style>\n<div class='flex_column av-6d4ygg-db790e9493201a1d2f9d8b3dfe30decc av_one_full  avia-builder-el-0  el_before_av_one_half  avia-builder-el-first  first flex_column_div av-zero-column-padding '     ><style type=\"text\/css\" data-created_by=\"avia_inline_auto\" id=\"style-css-av-kgf1j3ru-6d0f9789dafb3468690912d072ec2fb2\">\n#top .avia-gallery.av-kgf1j3ru-6d0f9789dafb3468690912d072ec2fb2 .avia-gallery-thumb a{\nwidth:25%;\n}\n<\/style>\n<div  class='avia-gallery av-kgf1j3ru-6d0f9789dafb3468690912d072ec2fb2 avia_animate_when_visible  avia-builder-el-1  avia-builder-el-no-sibling  avia_lazyload avia-gallery-animate avia-gallery-1'  itemprop=\"image\" itemscope=\"itemscope\" itemtype=\"https:\/\/schema.org\/ImageObject\" ><meta itemprop=\"contentURL\" content=\"https:\/\/visitorsa.se\/en\/orsa-opera-company\/\"><div class='avia-gallery-thumb'><a href=\"https:\/\/visitorsa.se\/app\/uploads\/2022\/10\/OrsaOpera-loggatyp-1030x1030.jpg\" data-srcset=\"https:\/\/visitorsa.se\/app\/uploads\/2022\/10\/OrsaOpera-loggatyp-1030x1030.jpg 1030w, https:\/\/visitorsa.se\/app\/uploads\/2022\/10\/OrsaOpera-loggatyp-300x300.jpg 300w, https:\/\/visitorsa.se\/app\/uploads\/2022\/10\/OrsaOpera-loggatyp-80x80.jpg 80w, https:\/\/visitorsa.se\/app\/uploads\/2022\/10\/OrsaOpera-loggatyp-768x768.jpg 768w, https:\/\/visitorsa.se\/app\/uploads\/2022\/10\/OrsaOpera-loggatyp-36x36.jpg 36w, https:\/\/visitorsa.se\/app\/uploads\/2022\/10\/OrsaOpera-loggatyp-180x180.jpg 180w, https:\/\/visitorsa.se\/app\/uploads\/2022\/10\/OrsaOpera-loggatyp-705x705.jpg 705w, https:\/\/visitorsa.se\/app\/uploads\/2022\/10\/OrsaOpera-loggatyp.jpg 1160w\" data-sizes=\"(max-width: 1030px) 100vw, 1030px\" data-rel='gallery-1' data-prev-img='https:\/\/visitorsa.se\/app\/uploads\/2022\/10\/OrsaOpera-loggatyp-495x400.jpg' class='first_thumb lightbox ' data-onclick='1' title='Orsa Opera Company'  itemprop=\"thumbnailUrl\"  ><img decoding=\"async\" class=\"wp-image-29170 avia-img-lazy-loading-not-29170\"   src=\"https:\/\/visitorsa.se\/app\/uploads\/2022\/10\/OrsaOpera-loggatyp-495x400.jpg\" width=\"495\" height=\"400\"  title='Orsa Opera Company' alt='Visit Orsa' srcset=\"https:\/\/visitorsa.se\/app\/uploads\/2022\/10\/OrsaOpera-loggatyp-495x400.jpg 495w, https:\/\/visitorsa.se\/app\/uploads\/2022\/10\/OrsaOpera-loggatyp-845x684.jpg 845w\" sizes=\"(max-width: 495px) 100vw, 495px\" \/><div class='big-prev-fake'><img loading=\"lazy\" decoding=\"async\" class=\"wp-image-29170 avia-img-lazy-loading-29170\"  width=\"495\" height=\"400\" src=\"https:\/\/visitorsa.se\/app\/uploads\/2022\/10\/OrsaOpera-loggatyp-495x400.jpg\" title='Orsa Opera Company' alt='Visit Orsa' srcset=\"https:\/\/visitorsa.se\/app\/uploads\/2022\/10\/OrsaOpera-loggatyp-495x400.jpg 495w, https:\/\/visitorsa.se\/app\/uploads\/2022\/10\/OrsaOpera-loggatyp-845x684.jpg 845w\" sizes=\"auto, (max-width: 495px) 100vw, 495px\" \/><\/div><\/a><a href=\"https:\/\/visitorsa.se\/app\/uploads\/2023\/02\/Pausservering-opera-1030x773.jpg\" data-srcset=\"https:\/\/visitorsa.se\/app\/uploads\/2023\/02\/Pausservering-opera-1030x773.jpg 1030w, https:\/\/visitorsa.se\/app\/uploads\/2023\/02\/Pausservering-opera-300x225.jpg 300w, https:\/\/visitorsa.se\/app\/uploads\/2023\/02\/Pausservering-opera-768x576.jpg 768w, https:\/\/visitorsa.se\/app\/uploads\/2023\/02\/Pausservering-opera-1536x1152.jpg 1536w, https:\/\/visitorsa.se\/app\/uploads\/2023\/02\/Pausservering-opera-1500x1125.jpg 1500w, https:\/\/visitorsa.se\/app\/uploads\/2023\/02\/Pausservering-opera-705x529.jpg 705w, https:\/\/visitorsa.se\/app\/uploads\/2023\/02\/Pausservering-opera.jpg 1600w\" data-sizes=\"(max-width: 1030px) 100vw, 1030px\" data-rel='gallery-1' data-prev-img='https:\/\/visitorsa.se\/app\/uploads\/2023\/02\/Pausservering-opera-495x400.jpg' class='lightbox ' data-onclick='2' title='Pausservering opera'  itemprop=\"thumbnailUrl\"  ><img decoding=\"async\" class=\"wp-image-115837 avia-img-lazy-loading-not-115837\"   src=\"https:\/\/visitorsa.se\/app\/uploads\/2023\/02\/Pausservering-opera-495x400.jpg\" width=\"495\" height=\"400\"  title='Pausservering opera' alt='' srcset=\"https:\/\/visitorsa.se\/app\/uploads\/2023\/02\/Pausservering-opera-495x400.jpg 495w, https:\/\/visitorsa.se\/app\/uploads\/2023\/02\/Pausservering-opera-845x684.jpg 845w\" sizes=\"(max-width: 495px) 100vw, 495px\" \/><div class='big-prev-fake'><img loading=\"lazy\" decoding=\"async\" class=\"wp-image-115837 avia-img-lazy-loading-115837\"  width=\"495\" height=\"400\" src=\"https:\/\/visitorsa.se\/app\/uploads\/2023\/02\/Pausservering-opera-495x400.jpg\" title='Pausservering opera' alt='' srcset=\"https:\/\/visitorsa.se\/app\/uploads\/2023\/02\/Pausservering-opera-495x400.jpg 495w, https:\/\/visitorsa.se\/app\/uploads\/2023\/02\/Pausservering-opera-845x684.jpg 845w\" sizes=\"auto, (max-width: 495px) 100vw, 495px\" \/><\/div><\/a><\/div><\/div><\/div>\n\n<style type=\"text\/css\" data-created_by=\"avia_inline_auto\" id=\"style-css-av-aupcw0-034727ff4178265a807e03e0bbca9dc3\">\n.flex_column.av-aupcw0-034727ff4178265a807e03e0bbca9dc3{\n-webkit-border-radius:0px 0px 0px 0px;\n-moz-border-radius:0px 0px 0px 0px;\nborder-radius:0px 0px 0px 0px;\npadding:0px 0px 0px 0px;\n}\n<\/style>\n<div class='flex_column av-aupcw0-034727ff4178265a807e03e0bbca9dc3 av_one_half  avia-builder-el-2  el_after_av_one_full  el_before_av_one_half  first flex_column_div av-zero-column-padding column-top-margin'     ><section  class='av_textblock_section av-kgf1e6kl-b5e14719b34d36133fc039acb7a114af'  itemscope=\"itemscope\" itemtype=\"https:\/\/schema.org\/CreativeWork\" ><div class='avia_textblock'  itemprop=\"text\" ><h3>Orsa Operas\u00e4llskap<\/h3>\n<div><\/div>\n<div>\n<div>\n<div>\n<div class=\"nH\">\n<div class=\"nH\">\n<div class=\"nH aqk aql bkL\">\n<div class=\"nH bkK\">\n<div class=\"nH\">\n<div class=\"nH ar4 B\">\n<div class=\"aeI\">\n<div class=\"AO\">\n<div id=\":3\" class=\"Tm aeJ\">\n<div id=\":1\" class=\"aeF\">\n<div class=\"nH\">\n<div class=\"nH\" role=\"main\">\n<div class=\"nH g\">\n<table class=\"Bs nH iY bAt\" role=\"presentation\" cellpadding=\"0\">\n<tbody>\n<tr class=\"aTN\">\n<td class=\"Bu\">\n<div class=\"nH a98 iY\">\n<div class=\"nH aHU\">\n<div class=\"nH hx\">\n<div class=\"nH\" role=\"list\">\n<div class=\"h7\" role=\"listitem\" aria-expanded=\"true\">\n<div class=\"Bk\">\n<div class=\"G3 G2\">\n<div>\n<div id=\":1rt\">\n<div class=\"adn ads\" data-message-id=\"#msg-f:1778675571148858612\" data-legacy-message-id=\"18af200214fe24f4\">\n<div class=\"gs\">\n<div class=\"\">\n<div id=\":1rw\" class=\"ii gt\">\n<div id=\":1rv\" class=\"a3s aiL \">\n<div dir=\"auto\">\n<div>\n<blockquote>\n<div dir=\"ltr\">Orsa Operas\u00e4llskap Orsa Operas\u00e4llskap \u00e4r en ideell f\u00f6rening som bildades 2013. F\u00f6reningen har till syfte att fr\u00e4mja intresset f\u00f6r och kunskapen om konstformen musikteater (opera, operett, musikal, balett).<\/div>\n<\/blockquote>\n<blockquote>\n<div dir=\"ltr\">Vi visar f\u00f6rst och fr\u00e4mst direkts\u00e4nd opera fr\u00e5n Metropolitan Opera i New York p\u00e5 R\u00f6da Kvarn Bio i Orsa. F\u00f6reningen \u00e4r medlem i Folkets Hus o Parker och samarbetar bl.a. med IOGT-NTO i Orsa och Studiefr\u00e4mjandet.<\/div>\n<\/blockquote>\n<blockquote>\n<div dir=\"ltr\">Operav\u00e4nner, st\u00f6d g\u00e4rna Orsa Operas\u00e4llskap och f\u00e5 v\u00e5ra nyhetsbrev genom att bli medlem. Avgift 100 kr. Ange vem betalningen g\u00e4ller samt e-postadress. Swish 123 690 7943 eller bankgiro 198-5811.<\/div>\n<\/blockquote>\n<blockquote>\n<div dir=\"ltr\">F\u00f6lj oss p\u00e5\u00a0<a href=\"http:\/\/www.facebook.com\/orsaopera\" target=\"_blank\" rel=\"noopener\" data-saferedirecturl=\"https:\/\/www.google.com\/url?q=http:\/\/www.facebook.com\/orsaopera&amp;source=gmail&amp;ust=1696399054403000&amp;usg=AOvVaw20w-ofsOhR884MmfXA0K79\">www.facebook.com\/orsaopera<\/a><\/div>\n<\/blockquote>\n<blockquote>\n<div dir=\"ltr\">Kontakta oss p\u00e5:\u00a0<a href=\"mailto:orsaopera@gmail.com\" target=\"_blank\" rel=\"noopener\">orsaopera@gmail.com<\/a>\u00a0Biljettpris: 270 kr. 200 kr upp till 26 \u00e5r.<\/div>\n<\/blockquote>\n<blockquote>\n<div dir=\"ltr\">Orsa Operas\u00e4llskaps program f\u00f6r 2023\/2024 \u00a021\/10 -23 Il Giustino &#8211; Antonio Vivaldi. Inspelad opera fr\u00e5n Drottningholmsteatern 9\/12 -24 Florencia en el Amazonas &#8211; Daniel Cat\u00e1ns Fr\u00e5n Metropolitan 27\/1 -24 Carmen &#8211; Georges Bizet fr\u00e5n Metropolitan 9\/3 -24 \u00d6dets makt &#8211; Giuseppe Verdi fr\u00e5n Metropolitan 13\/4 -24 Romeo och Julia- Charles Gounod fr\u00e5n Metropolitan 11\/5 -24 Madame Butterfly &#8211; Giacomo Puccini fr\u00e5n Metropolitan \u00a0V\u00e4lkommen!<\/div>\n<\/blockquote>\n<\/div>\n<\/div>\n<\/div>\n<\/div>\n<\/div>\n<\/div>\n<\/div>\n<\/div>\n<\/div>\n<\/div>\n<\/div>\n<\/div>\n<\/div>\n<\/div>\n<\/div>\n<\/div>\n<\/td>\n<\/tr>\n<\/tbody>\n<\/table>\n<\/div>\n<\/div>\n<\/div>\n<\/div>\n<\/div>\n<\/div>\n<\/div>\n<\/div>\n<\/div>\n<\/div>\n<\/div>\n<\/div>\n<\/div>\n<\/div>\n<\/div>\n<\/div>\n<\/div><\/section><br \/>\n<\/p><\/div>\n<style type=\"text\/css\" data-created_by=\"avia_inline_auto\" id=\"style-css-av-aupcw0-4-a358b9851506dd5ea453d0a7a3ff1dc3\">\n.flex_column.av-aupcw0-4-a358b9851506dd5ea453d0a7a3ff1dc3{\n-webkit-border-radius:0px 0px 0px 0px;\n-moz-border-radius:0px 0px 0px 0px;\nborder-radius:0px 0px 0px 0px;\npadding:0px 0px 0px 0px;\n}\n<\/style>\n<div class='flex_column av-aupcw0-4-a358b9851506dd5ea453d0a7a3ff1dc3 av_one_half  avia-builder-el-5  el_after_av_one_half  avia-builder-el-last  flex_column_div av-zero-column-padding column-top-margin'     ><p><section  class='av_textblock_section av-kgf1e6kl-3-e2c811124134b5c01722d872d807fa10'  itemscope=\"itemscope\" itemtype=\"https:\/\/schema.org\/CreativeWork\" ><div class='avia_textblock'  itemprop=\"text\" ><p>Orsa Opera Society&#8217;s programme for winter\/spring 2023<\/p>\n<p>18\/3 Lohengrin is shown by Wagner<\/p>\n<p>15\/4 the Der Rosenkavalier by Strauss is shown<\/p>\n<p>20\/5 Don Giovanni by Mozart is shown<\/p>\n<p>Welcome!<\/p>\n<\/div><\/section><br \/>\n<br \/>\n<div  class='avia-button-wrap avia-button-center  avia-builder-el-8  el_after_av_codeblock  avia-builder-el-last ' >\n<style type=\"text\/css\" data-created_by=\"avia_inline_auto\" id=\"style-css-av-kgf1wc7j-c796bfa86d1fbecb051e582b49b15c07\">\n#top #wrap_all .avia-button.av-kgf1wc7j-c796bfa86d1fbecb051e582b49b15c07:hover{\ncolor:white;\n-webkit-transition:all 0.4s ease-in-out;\n-moz-transition:all 0.4s ease-in-out;\n-ms-transition:all 0.4s ease-in-out;\n-o-transition:all 0.4s ease-in-out;\ntransition:all 0.4s ease-in-out;\n}\n<\/style>\n<a href='https:\/\/www.facebook.com\/orsaopera' class='avia-color-theme-color avia-font-color-theme-color avia-button avia-button-fullwidth av-kgf1wc7j-c796bfa86d1fbecb051e582b49b15c07 avia-icon_select-yes-left-icon avia-color-theme-color' ><span class='avia_button_icon avia_button_icon_left' aria-hidden='true' data-av_icon='\ue832' data-av_iconfont='entypo-fontello'><\/span><span class='avia_iconbox_title' > Visit us on facebook<\/span><span class='avia_button_background avia-button avia-button-fullwidth avia-color-theme-color-highlight'><\/span><\/a><\/div><\/p><\/div><\/p>\n","protected":false},"excerpt":{"rendered":"","protected":false},"author":3,"featured_media":29170,"parent":0,"menu_order":0,"comment_status":"closed","ping_status":"closed","template":"","meta":{"footnotes":""},"categories":[69],"tags":[],"class_list":["post-53530","page","type-page","status-publish","has-post-thumbnail","hentry","category-activities-in-orsa"],"_links":{"self":[{"href":"https:\/\/visitorsa.se\/en\/wp-json\/wp\/v2\/pages\/53530","targetHints":{"allow":["GET"]}}],"collection":[{"href":"https:\/\/visitorsa.se\/en\/wp-json\/wp\/v2\/pages"}],"about":[{"href":"https:\/\/visitorsa.se\/en\/wp-json\/wp\/v2\/types\/page"}],"author":[{"embeddable":true,"href":"https:\/\/visitorsa.se\/en\/wp-json\/wp\/v2\/users\/3"}],"replies":[{"embeddable":true,"href":"https:\/\/visitorsa.se\/en\/wp-json\/wp\/v2\/comments?post=53530"}],"version-history":[{"count":7,"href":"https:\/\/visitorsa.se\/en\/wp-json\/wp\/v2\/pages\/53530\/revisions"}],"predecessor-version":[{"id":197604,"href":"https:\/\/visitorsa.se\/en\/wp-json\/wp\/v2\/pages\/53530\/revisions\/197604"}],"wp:featuredmedia":[{"embeddable":true,"href":"https:\/\/visitorsa.se\/en\/wp-json\/wp\/v2\/media\/29170"}],"wp:attachment":[{"href":"https:\/\/visitorsa.se\/en\/wp-json\/wp\/v2\/media?parent=53530"}],"wp:term":[{"taxonomy":"category","embeddable":true,"href":"https:\/\/visitorsa.se\/en\/wp-json\/wp\/v2\/categories?post=53530"},{"taxonomy":"post_tag","embeddable":true,"href":"https:\/\/visitorsa.se\/en\/wp-json\/wp\/v2\/tags?post=53530"}],"curies":[{"name":"wp","href":"https:\/\/api.w.org\/{rel}","templated":true}]}}