{"id":152748,"date":"2022-11-24T12:20:17","date_gmt":"2022-11-24T11:20:17","guid":{"rendered":"https:\/\/visitorsa.se\/dogsled\/"},"modified":"2023-05-03T19:20:12","modified_gmt":"2023-05-03T17:20:12","slug":"dogsled","status":"publish","type":"page","link":"https:\/\/visitorsa.se\/en\/dogsled\/","title":{"rendered":"Dogsled"},"content":{"rendered":"\n<style type=\"text\/css\" data-created_by=\"avia_inline_auto\" id=\"style-css-av-43pxvf-ac6aae6e597a6cde3e29d7d82161157f\">\n.flex_column.av-43pxvf-ac6aae6e597a6cde3e29d7d82161157f{\n-webkit-border-radius:0px 0px 0px 0px;\n-moz-border-radius:0px 0px 0px 0px;\nborder-radius:0px 0px 0px 0px;\npadding:0px 0px 0px 0px;\n}\n<\/style>\n<div class='flex_column av-43pxvf-ac6aae6e597a6cde3e29d7d82161157f av_one_full  avia-builder-el-0  el_before_av_one_half  avia-builder-el-first  first flex_column_div av-zero-column-padding '     ><div  class='avia-video av-kh50xplt-d141d7437a91b7978b3bd8e603442306 avia-video-16-9 av-no-preview-image avia-video-load-always av-lazyload-immediate av-lazyload-video-embed'  itemprop=\"video\" itemtype=\"https:\/\/schema.org\/VideoObject\"  data-original_url='https:\/\/www.youtube.com\/watch?v=lWo6IVL1jX0'><script type='text\/html' class='av-video-tmpl'><div class='avia-iframe-wrap'><iframe loading=\"lazy\" title=\"Visit Orsa - Malin Sundin Grindal, m\u00e5ngfaldig VM-medalj\u00f6r fr\u00e5n Orsa\" width=\"1500\" height=\"844\" src=\"https:\/\/www.youtube.com\/embed\/lWo6IVL1jX0?feature=oembed&autoplay=0&loop=0&controls=1&mute=0\" frameborder=\"0\" allow=\"accelerometer; autoplay; clipboard-write; encrypted-media; gyroscope; picture-in-picture; web-share\" allowfullscreen><\/iframe><\/div><\/script><div class='av-click-to-play-overlay'><div class=\"avia_playpause_icon\"><\/div><\/div><\/div><\/div>\n\n<style type=\"text\/css\" data-created_by=\"avia_inline_auto\" id=\"style-css-av-2dhi0b-e69cc003a2eca356c71de79726ac373f\">\n.flex_column.av-2dhi0b-e69cc003a2eca356c71de79726ac373f{\n-webkit-border-radius:0px 0px 0px 0px;\n-moz-border-radius:0px 0px 0px 0px;\nborder-radius:0px 0px 0px 0px;\npadding:0px 0px 0px 0px;\n}\n<\/style>\n<div class='flex_column av-2dhi0b-e69cc003a2eca356c71de79726ac373f av_one_half  avia-builder-el-2  el_after_av_one_full  el_before_av_one_half  first flex_column_div av-zero-column-padding column-top-margin'     ><section  class='av_textblock_section av-kh515heo-16a12493aed03632998c69de69c11db4'  itemscope=\"itemscope\" itemtype=\"https:\/\/schema.org\/CreativeWork\" ><div class='avia_textblock'  itemprop=\"text\" ><h3 class=\"bd\">Hundspann in Dalarna<\/h3>\n<p style=\"font-weight: 400;\"><em>Malin Sundin Grindal<\/em> is a dairy farmer, runs a kennel with polar dogs and competes in sled dog sports. Malin has taken over the farm from her parents, who also had sled dogs. And so it has just continued.<\/p>\n<p style=\"font-weight: 400;\">Malin lives with her family, husband Mattias and two children, in N\u00e4set, Orsa. Above all, it is the variety and diversity of the seasons that she likes the most.<\/p>\n<p style=\"font-weight: 400;\">&#8220;Here is everything you need. One morning in April, I can drive on the skerries with the dog sled at Kopp\u00e5ngen, and later in the afternoon run the spring farm down on the isthmus.<\/p>\n<p style=\"font-weight: 400;\">In addition to work and dogs, Malin likes to read and write. On her own Facebook page, she describes herself as follows: &#8220;proud dairy farmer, mother, author and kennel owner&#8221;. Maybe another book by Malin Sundin Grindal will be published soon?<\/p>\n<p style=\"font-weight: 400;\">Malin has won several World Championship gold medals and silvers in her sled dog sport sled dog style. She mainly runs medium and long distances with 8-12 dogs in the team and usually runs from 80 km up to 400 km.<\/p>\n<p style=\"font-weight: 400;\">\u2013 I appreciate purebred dogs, it is a hardy breed that fits perfectly with what I like. The sport of sled dogs naturally gives me a rich and varied outdoor life.<\/p>\n<p style=\"font-weight: 400;\">In the video, Malin talks about her Siberian husky and about Orsa&#8217;s beautiful nature.<\/p>\n<p style=\"font-weight: 400;\">Watch a longer film about Malin and her sled dogs on Visitorsa&#8217;s youtube channel and <a href=\"http:\/\/visitorsa.se\/\" data-saferedirecturl=\"https:\/\/www.google.com\/url?q=http:\/\/visitorsa.se&amp;source=gmail&amp;ust=1669370817070000&amp;usg=AOvVaw3rg80BnjGdDgWYWHj-Nltx\">visitorsa.se<\/a>. More about Malin @ylajarvis.<\/p>\n<p style=\"font-weight: 400;\">Video: @Julius Aspman Media<\/p>\n<\/div><\/section><\/div>\n\n<style type=\"text\/css\" data-created_by=\"avia_inline_auto\" id=\"style-css-av-2dhi0b-2-1e5353b3695743bdf3758ab90e4cb4b6\">\n.flex_column.av-2dhi0b-2-1e5353b3695743bdf3758ab90e4cb4b6{\n-webkit-border-radius:0px 0px 0px 0px;\n-moz-border-radius:0px 0px 0px 0px;\nborder-radius:0px 0px 0px 0px;\npadding:0px 0px 0px 0px;\n}\n<\/style>\n<div class='flex_column av-2dhi0b-2-1e5353b3695743bdf3758ab90e4cb4b6 av_one_half  avia-builder-el-4  el_after_av_one_half  avia-builder-el-last  flex_column_div av-zero-column-padding column-top-margin'     ><section  class='av_textblock_section av-kh515heo-1-aa1d5ec2f3c112cccfee7baa3cd29aca'  itemscope=\"itemscope\" itemtype=\"https:\/\/schema.org\/CreativeWork\" ><div class='avia_textblock'  itemprop=\"text\" ><p><strong><span class=\"style-scope yt-formatted-string\" dir=\"auto\">Remember to follow Visit Orsa on social media <\/span><\/strong><\/p>\n<p><a href=\"https:\/\/www.instagram.com\/visitorsa\/\">https:\/\/www.instagram.com\/visitorsa\/ <\/a><br \/>\n<a href=\"https:\/\/www.facebook.com\/visitorsa\">https:\/\/www.facebook.com\/visitorsa <\/a><\/p>\n<h6><strong>#VisitOrsa<\/strong><\/h6>\n<\/div><\/section><\/div>\n","protected":false},"excerpt":{"rendered":"","protected":false},"author":3,"featured_media":0,"parent":0,"menu_order":0,"comment_status":"closed","ping_status":"closed","template":"","meta":{"footnotes":""},"categories":[69],"tags":[],"class_list":["post-152748","page","type-page","status-publish","hentry","category-activities-in-orsa"],"_links":{"self":[{"href":"https:\/\/visitorsa.se\/en\/wp-json\/wp\/v2\/pages\/152748","targetHints":{"allow":["GET"]}}],"collection":[{"href":"https:\/\/visitorsa.se\/en\/wp-json\/wp\/v2\/pages"}],"about":[{"href":"https:\/\/visitorsa.se\/en\/wp-json\/wp\/v2\/types\/page"}],"author":[{"embeddable":true,"href":"https:\/\/visitorsa.se\/en\/wp-json\/wp\/v2\/users\/3"}],"replies":[{"embeddable":true,"href":"https:\/\/visitorsa.se\/en\/wp-json\/wp\/v2\/comments?post=152748"}],"version-history":[{"count":2,"href":"https:\/\/visitorsa.se\/en\/wp-json\/wp\/v2\/pages\/152748\/revisions"}],"predecessor-version":[{"id":152750,"href":"https:\/\/visitorsa.se\/en\/wp-json\/wp\/v2\/pages\/152748\/revisions\/152750"}],"wp:attachment":[{"href":"https:\/\/visitorsa.se\/en\/wp-json\/wp\/v2\/media?parent=152748"}],"wp:term":[{"taxonomy":"category","embeddable":true,"href":"https:\/\/visitorsa.se\/en\/wp-json\/wp\/v2\/categories?post=152748"},{"taxonomy":"post_tag","embeddable":true,"href":"https:\/\/visitorsa.se\/en\/wp-json\/wp\/v2\/tags?post=152748"}],"curies":[{"name":"wp","href":"https:\/\/api.w.org\/{rel}","templated":true}]}}