{"id":152728,"date":"2022-12-29T08:13:10","date_gmt":"2022-12-29T07:13:10","guid":{"rendered":"https:\/\/visitorsa.se\/fagelsjo-gammelgard-2\/"},"modified":"2023-05-03T19:08:41","modified_gmt":"2023-05-03T17:08:41","slug":"fagelsjo-gammelgard-2","status":"publish","type":"page","link":"https:\/\/visitorsa.se\/en\/fagelsjo-gammelgard-2\/","title":{"rendered":"F\u00e5gelsj\u00f6 Gammelg\u00e5rd"},"content":{"rendered":"\n<style type=\"text\/css\" data-created_by=\"avia_inline_auto\" id=\"style-css-av-4ae4w-df72feb9ee13182ef8fa353b23813b86\">\n.flex_column.av-4ae4w-df72feb9ee13182ef8fa353b23813b86{\n-webkit-border-radius:0px 0px 0px 0px;\n-moz-border-radius:0px 0px 0px 0px;\nborder-radius:0px 0px 0px 0px;\npadding:0px 0px 0px 0px;\n}\n<\/style>\n<div class='flex_column av-4ae4w-df72feb9ee13182ef8fa353b23813b86 av_one_half  avia-builder-el-0  el_before_av_one_half  avia-builder-el-first  first flex_column_div av-zero-column-padding '     ><style type=\"text\/css\" data-created_by=\"avia_inline_auto\" id=\"style-css-av-kgf1874x-8473adedd1e3d5ff770231a93601b70a\">\n.avia-image-container.av-kgf1874x-8473adedd1e3d5ff770231a93601b70a img.avia_image{\nbox-shadow:none;\n}\n.avia-image-container.av-kgf1874x-8473adedd1e3d5ff770231a93601b70a .av-caption-image-overlay-bg{\nopacity:0.4;\nbackground-color:#000000;\n}\n.avia-image-container.av-kgf1874x-8473adedd1e3d5ff770231a93601b70a .av-image-caption-overlay-center{\ncolor:#ffffff;\n}\n<\/style>\n<div  class='avia-image-container av-kgf1874x-8473adedd1e3d5ff770231a93601b70a av-styling- avia-align-center  avia-builder-el-1  avia-builder-el-no-sibling  noHover av-overlay-hover-deactivate'   itemprop=\"image\" itemscope=\"itemscope\" itemtype=\"https:\/\/schema.org\/ImageObject\" ><div class=\"avia-image-container-inner\"><div class=\"avia-image-overlay-wrap\"><div class=\"av-image-caption-overlay\"><div class=\"av-caption-image-overlay-bg\"><\/div><div class=\"av-image-caption-overlay-position\"><div class=\"av-image-caption-overlay-center\"><\/div><\/div><\/div><img decoding=\"async\" class='wp-image-83198 avia-img-lazy-loading-not-83198 avia_image ' src=\"https:\/\/visitorsa.se\/app\/uploads\/2022\/12\/P1180429-300x210.jpg\" alt='' title='P1180429'  height=\"210\" width=\"300\"  itemprop=\"thumbnailUrl\" srcset=\"https:\/\/visitorsa.se\/app\/uploads\/2022\/12\/P1180429-300x210.jpg 300w, https:\/\/visitorsa.se\/app\/uploads\/2022\/12\/P1180429-768x539.jpg 768w, https:\/\/visitorsa.se\/app\/uploads\/2022\/12\/P1180429-705x494.jpg 705w, https:\/\/visitorsa.se\/app\/uploads\/2022\/12\/P1180429.jpg 864w\" sizes=\"(max-width: 300px) 100vw, 300px\" \/><\/div><\/div><\/div><\/div>\n\n<style type=\"text\/css\" data-created_by=\"avia_inline_auto\" id=\"style-css-av-aupcw0-b252b444939f1c6223e79e5b57074446\">\n.flex_column.av-aupcw0-b252b444939f1c6223e79e5b57074446{\n-webkit-border-radius:0px 0px 0px 0px;\n-moz-border-radius:0px 0px 0px 0px;\nborder-radius:0px 0px 0px 0px;\npadding:0px 0px 0px 0px;\n}\n<\/style>\n<div class='flex_column av-aupcw0-b252b444939f1c6223e79e5b57074446 av_one_half  avia-builder-el-2  el_after_av_one_half  el_before_av_one_full  flex_column_div av-zero-column-padding '     ><section  class='av_textblock_section av-kgf1e6kl-b5e14719b34d36133fc039acb7a114af'  itemscope=\"itemscope\" itemtype=\"https:\/\/schema.org\/CreativeWork\" ><div class='avia_textblock'  itemprop=\"text\" ><h1>F\u00e5gelsj\u00f6 Gammelg\u00e5rd<\/h1>\n<div id=\"bgLayers_comp-l9nwt31o\" class=\"MW5IWV\" data-hook=\"bgLayers\">\n<div id=\"bgMedia_comp-l9nwt31o\" class=\"VgO9Yg\"><\/div>\n<\/div>\n<div class=\"\" data-mesh-id=\"comp-l9nwt31oinlineContent\" data-testid=\"inline-content\">\n<div data-mesh-id=\"comp-l9nwt31oinlineContent-gridContainer\" data-testid=\"mesh-container-content\">\n<div id=\"comp-l9nwt31q\" class=\"KcpHeO tz5f0K comp-l9nwt31q\" data-scope=\"\" data-repeater-items-indexes=\"\" data-testid=\"richTextElement\">\n<h2 class=\"font_2\">Accommodation &amp; Amerikahuset Caf\u00e9<\/h2>\n<\/div>\n<div id=\"comp-l9nwt31s\" class=\"KcpHeO tz5f0K comp-l9nwt31s\" data-scope=\"\" data-repeater-items-indexes=\"\" data-testid=\"richTextElement\">\n<p class=\"font_8\"><span class=\"wixGuard\">Opens for the winter season November 4th!<\/span><\/p>\n<p class=\"font_8\">Open all winter every weekend Friday\u2013Sunday 10:00\u201317:00<\/p>\n<p class=\"font_8\">At the caf\u00e9 you will find coffee, buns, cakes and cakes, light dishes and lunch boxes etc. for sale.<br \/>\nWe have tables both indoors and outdoors.<br \/>\nFor bookings of food and coffee for larger groups, contact us for more information.<br \/>\nFor questions or bookings, contact us at <a href=\"mailto:info@fagelsjo.nu\" data-auto-recognition=\"true\">info@fagelsjo.nu<\/a> or 076-1863003<\/p>\n<p class=\"font_8\">Swish caf\u00e9 123 0394346<br \/>\nF\u00e5gelsj\u00f6 Gammelg\u00e5rd Beyond \u00c5a<br \/>\nSE-827 70 Loos<\/p>\n<\/div>\n<\/div>\n<\/div>\n<\/div><\/section><br \/>\n<br \/>\n<div  class='avia-button-wrap avia-button-center  avia-builder-el-5  el_after_av_codeblock  avia-builder-el-last ' >\n<style type=\"text\/css\" data-created_by=\"avia_inline_auto\" id=\"style-css-av-kgf1wc7j-f39e9cc3dab2a80a00f9d8a6f3e5bd31\">\n#top #wrap_all .avia-button.av-kgf1wc7j-f39e9cc3dab2a80a00f9d8a6f3e5bd31:hover{\ncolor:white;\n-webkit-transition:all 0.4s ease-in-out;\n-moz-transition:all 0.4s ease-in-out;\n-ms-transition:all 0.4s ease-in-out;\n-o-transition:all 0.4s ease-in-out;\ntransition:all 0.4s ease-in-out;\n}\n<\/style>\n<a href='https:\/\/www.fagelsjo.nu\/' class='avia-color-theme-color avia-font-color-theme-color avia-button avia-button-fullwidth av-kgf1wc7j-f39e9cc3dab2a80a00f9d8a6f3e5bd31 avia-icon_select-yes-left-icon avia-color-theme-color' ><span class='avia_button_icon avia_button_icon_left' aria-hidden='true' data-av_icon='\ue832' data-av_iconfont='entypo-fontello'><\/span><span class='avia_iconbox_title' > Visit our website<\/span><span class='avia_button_background avia-button avia-button-fullwidth avia-color-theme-color-highlight'><\/span><\/a><\/div><\/p><\/div>\n<style type=\"text\/css\" data-created_by=\"avia_inline_auto\" id=\"style-css-av-6d4ygg-db790e9493201a1d2f9d8b3dfe30decc\">\n.flex_column.av-6d4ygg-db790e9493201a1d2f9d8b3dfe30decc{\n-webkit-border-radius:0px 0px 0px 0px;\n-moz-border-radius:0px 0px 0px 0px;\nborder-radius:0px 0px 0px 0px;\npadding:0px 0px 0px 0px;\n}\n<\/style>\n<div class='flex_column av-6d4ygg-db790e9493201a1d2f9d8b3dfe30decc av_one_full  avia-builder-el-6  el_after_av_one_half  el_before_av_one_full  first flex_column_div av-zero-column-padding column-top-margin'     ><p>\n<style type=\"text\/css\" data-created_by=\"avia_inline_auto\" id=\"style-css-av-kgf1j3ru-8d2d36114214a3920ebb81482cdc4987\">\n#top .avia-gallery.av-kgf1j3ru-8d2d36114214a3920ebb81482cdc4987 .avia-gallery-thumb a{\nwidth:25%;\n}\n<\/style>\n<div  class='avia-gallery av-kgf1j3ru-8d2d36114214a3920ebb81482cdc4987 avia_animate_when_visible  avia-builder-el-7  el_before_av_hr  avia-builder-el-first  avia_lazyload avia-gallery-animate avia-gallery-1'  itemprop=\"image\" itemscope=\"itemscope\" itemtype=\"https:\/\/schema.org\/ImageObject\" ><meta itemprop=\"contentURL\" content=\"https:\/\/visitorsa.se\/en\/fagelsjo-gammelgard-2\/\"><div class='avia-gallery-thumb'><a href=\"https:\/\/visitorsa.se\/app\/uploads\/2022\/12\/P1180429.jpg\" data-srcset=\"https:\/\/visitorsa.se\/app\/uploads\/2022\/12\/P1180429.jpg 864w, https:\/\/visitorsa.se\/app\/uploads\/2022\/12\/P1180429-300x210.jpg 300w, https:\/\/visitorsa.se\/app\/uploads\/2022\/12\/P1180429-768x539.jpg 768w, https:\/\/visitorsa.se\/app\/uploads\/2022\/12\/P1180429-705x494.jpg 705w\" data-sizes=\"(max-width: 864px) 100vw, 864px\" data-rel='gallery-1' data-prev-img='https:\/\/visitorsa.se\/app\/uploads\/2022\/12\/P1180429-495x400.jpg' class='first_thumb lightbox ' data-onclick='1' title='P1180429'  itemprop=\"thumbnailUrl\"  ><img decoding=\"async\" class=\"wp-image-83198 avia-img-lazy-loading-not-83198\"   src=\"https:\/\/visitorsa.se\/app\/uploads\/2022\/12\/P1180429-495x400.jpg\" width=\"495\" height=\"400\"  title='P1180429' alt='' \/><div class='big-prev-fake'><img loading=\"lazy\" decoding=\"async\" class=\"wp-image-83198 avia-img-lazy-loading-83198\"  width=\"495\" height=\"400\" src=\"https:\/\/visitorsa.se\/app\/uploads\/2022\/12\/P1180429-495x400.jpg\" title='P1180429' alt='' \/><\/div><\/a><a href=\"https:\/\/visitorsa.se\/app\/uploads\/2022\/12\/Fagelsjo-gammelgard-1.webp\" data-srcset=\"https:\/\/visitorsa.se\/app\/uploads\/2022\/12\/Fagelsjo-gammelgard-1.webp 412w, https:\/\/visitorsa.se\/app\/uploads\/2022\/12\/Fagelsjo-gammelgard-1-272x300.webp 272w\" data-sizes=\"(max-width: 412px) 100vw, 412px\" data-rel='gallery-1' data-prev-img='https:\/\/visitorsa.se\/app\/uploads\/2022\/12\/Fagelsjo-gammelgard-1-412x400.webp' class='lightbox ' data-onclick='2' title='F\u00e5gelsj\u00f6 gammelg\u00e5rd 1'  itemprop=\"thumbnailUrl\"  ><img decoding=\"async\" class=\"wp-image-83204 avia-img-lazy-loading-not-83204\"   src=\"https:\/\/visitorsa.se\/app\/uploads\/2022\/12\/Fagelsjo-gammelgard-1-412x400.webp\" width=\"412\" height=\"400\"  title='F\u00e5gelsj\u00f6 gammelg\u00e5rd 1' alt='' srcset=\"https:\/\/visitorsa.se\/app\/uploads\/2022\/12\/Fagelsjo-gammelgard-1-412x400.webp 412w, https:\/\/visitorsa.se\/app\/uploads\/2022\/12\/Fagelsjo-gammelgard-1-36x36.webp 36w\" sizes=\"(max-width: 412px) 100vw, 412px\" \/><div class='big-prev-fake'><img loading=\"lazy\" decoding=\"async\" class=\"wp-image-83204 avia-img-lazy-loading-83204\"  width=\"412\" height=\"400\" src=\"https:\/\/visitorsa.se\/app\/uploads\/2022\/12\/Fagelsjo-gammelgard-1-412x400.webp\" title='F\u00e5gelsj\u00f6 gammelg\u00e5rd 1' alt='' srcset=\"https:\/\/visitorsa.se\/app\/uploads\/2022\/12\/Fagelsjo-gammelgard-1-412x400.webp 412w, https:\/\/visitorsa.se\/app\/uploads\/2022\/12\/Fagelsjo-gammelgard-1-36x36.webp 36w\" sizes=\"auto, (max-width: 412px) 100vw, 412px\" \/><\/div><\/a><\/div><\/div><br \/>\n<div  class='hr av-q02kg-929231cc3f5975b5640180b17a981cbc hr-default  avia-builder-el-8  el_after_av_gallery  avia-builder-el-last '><span class='hr-inner '><span class=\"hr-inner-style\"><\/span><\/span><\/div><\/p><\/div><\/p>\n\n<style type=\"text\/css\" data-created_by=\"avia_inline_auto\" id=\"style-css-av-8piq0w-72ce86d9d34e4d6b8bfed66d14dacd08\">\n.flex_column.av-8piq0w-72ce86d9d34e4d6b8bfed66d14dacd08{\n-webkit-border-radius:0px 0px 0px 0px;\n-moz-border-radius:0px 0px 0px 0px;\nborder-radius:0px 0px 0px 0px;\npadding:0px 0px 0px 0px;\n}\n<\/style>\n<div class='flex_column av-8piq0w-72ce86d9d34e4d6b8bfed66d14dacd08 av_one_full  avia-builder-el-9  el_after_av_one_full  avia-builder-el-last  first flex_column_div av-zero-column-padding column-top-margin'     ><\/div>\n","protected":false},"excerpt":{"rendered":"","protected":false},"author":3,"featured_media":83198,"parent":0,"menu_order":0,"comment_status":"closed","ping_status":"closed","template":"","meta":{"footnotes":""},"categories":[83,85],"tags":[],"class_list":["post-152728","page","type-page","status-publish","has-post-thumbnail","hentry","category-accommodation-in-orsa","category-food"],"_links":{"self":[{"href":"https:\/\/visitorsa.se\/en\/wp-json\/wp\/v2\/pages\/152728","targetHints":{"allow":["GET"]}}],"collection":[{"href":"https:\/\/visitorsa.se\/en\/wp-json\/wp\/v2\/pages"}],"about":[{"href":"https:\/\/visitorsa.se\/en\/wp-json\/wp\/v2\/types\/page"}],"author":[{"embeddable":true,"href":"https:\/\/visitorsa.se\/en\/wp-json\/wp\/v2\/users\/3"}],"replies":[{"embeddable":true,"href":"https:\/\/visitorsa.se\/en\/wp-json\/wp\/v2\/comments?post=152728"}],"version-history":[{"count":2,"href":"https:\/\/visitorsa.se\/en\/wp-json\/wp\/v2\/pages\/152728\/revisions"}],"predecessor-version":[{"id":152730,"href":"https:\/\/visitorsa.se\/en\/wp-json\/wp\/v2\/pages\/152728\/revisions\/152730"}],"wp:featuredmedia":[{"embeddable":true,"href":"https:\/\/visitorsa.se\/en\/wp-json\/wp\/v2\/media\/83198"}],"wp:attachment":[{"href":"https:\/\/visitorsa.se\/en\/wp-json\/wp\/v2\/media?parent=152728"}],"wp:term":[{"taxonomy":"category","embeddable":true,"href":"https:\/\/visitorsa.se\/en\/wp-json\/wp\/v2\/categories?post=152728"},{"taxonomy":"post_tag","embeddable":true,"href":"https:\/\/visitorsa.se\/en\/wp-json\/wp\/v2\/tags?post=152728"}],"curies":[{"name":"wp","href":"https:\/\/api.w.org\/{rel}","templated":true}]}}