{"id":152715,"date":"2023-03-29T07:51:52","date_gmt":"2023-03-29T05:51:52","guid":{"rendered":"https:\/\/visitorsa.se\/finngarden-fabodar-fryksas\/"},"modified":"2023-05-03T18:59:56","modified_gmt":"2023-05-03T16:59:56","slug":"finngarden-fabodar-fryksas","status":"publish","type":"page","link":"https:\/\/visitorsa.se\/en\/finngarden-fabodar-fryksas\/","title":{"rendered":"Finng\u00e5rden F\u00e4bodar Fryks\u00e5s"},"content":{"rendered":"\n<style type=\"text\/css\" data-created_by=\"avia_inline_auto\" id=\"style-css-av-4ae4w-df72feb9ee13182ef8fa353b23813b86\">\n.flex_column.av-4ae4w-df72feb9ee13182ef8fa353b23813b86{\n-webkit-border-radius:0px 0px 0px 0px;\n-moz-border-radius:0px 0px 0px 0px;\nborder-radius:0px 0px 0px 0px;\npadding:0px 0px 0px 0px;\n}\n<\/style>\n<div class='flex_column av-4ae4w-df72feb9ee13182ef8fa353b23813b86 av_one_half  avia-builder-el-0  el_before_av_one_half  avia-builder-el-first  first flex_column_div av-zero-column-padding '     ><style type=\"text\/css\" data-created_by=\"avia_inline_auto\" id=\"style-css-av-kgf1j3ru-b69ea5ed64269854fee3e639731c2c78\">\n#top .avia-gallery.av-kgf1j3ru-b69ea5ed64269854fee3e639731c2c78 .avia-gallery-thumb a{\nwidth:25%;\n}\n<\/style>\n<div  class='avia-gallery av-kgf1j3ru-b69ea5ed64269854fee3e639731c2c78 avia_animate_when_visible  avia-builder-el-1  avia-builder-el-no-sibling  avia_lazyload avia-gallery-animate avia-gallery-1'  itemprop=\"image\" itemscope=\"itemscope\" itemtype=\"https:\/\/schema.org\/ImageObject\" ><meta itemprop=\"contentURL\" content=\"https:\/\/visitorsa.se\/en\/finngarden-fabodar-fryksas\/\"><div class='avia-gallery-thumb'><a href=\"https:\/\/visitorsa.se\/app\/uploads\/2023\/03\/Finngardar-Fabod-2-1030x678.jpeg\" data-srcset=\"https:\/\/visitorsa.se\/app\/uploads\/2023\/03\/Finngardar-Fabod-2-1030x678.jpeg 1030w, https:\/\/visitorsa.se\/app\/uploads\/2023\/03\/Finngardar-Fabod-2-300x197.jpeg 300w, https:\/\/visitorsa.se\/app\/uploads\/2023\/03\/Finngardar-Fabod-2-768x505.jpeg 768w, https:\/\/visitorsa.se\/app\/uploads\/2023\/03\/Finngardar-Fabod-2-1536x1011.jpeg 1536w, https:\/\/visitorsa.se\/app\/uploads\/2023\/03\/Finngardar-Fabod-2-1500x987.jpeg 1500w, https:\/\/visitorsa.se\/app\/uploads\/2023\/03\/Finngardar-Fabod-2-705x464.jpeg 705w, https:\/\/visitorsa.se\/app\/uploads\/2023\/03\/Finngardar-Fabod-2.jpeg 1900w\" data-sizes=\"(max-width: 1030px) 100vw, 1030px\" data-rel='gallery-1' data-prev-img='https:\/\/visitorsa.se\/app\/uploads\/2023\/03\/Finngardar-Fabod-2-495x400.jpeg' class='first_thumb lightbox ' data-onclick='1' title='Finng\u00e5rdar F\u00e4bod 2'  itemprop=\"thumbnailUrl\"  ><img decoding=\"async\" class=\"wp-image-135230 avia-img-lazy-loading-not-135230\"   src=\"https:\/\/visitorsa.se\/app\/uploads\/2023\/03\/Finngardar-Fabod-2-495x400.jpeg\" width=\"495\" height=\"400\"  title='Finng\u00e5rdar F\u00e4bod 2' alt='' srcset=\"https:\/\/visitorsa.se\/app\/uploads\/2023\/03\/Finngardar-Fabod-2-495x400.jpeg 495w, https:\/\/visitorsa.se\/app\/uploads\/2023\/03\/Finngardar-Fabod-2-845x684.jpeg 845w\" sizes=\"(max-width: 495px) 100vw, 495px\" \/><div class='big-prev-fake'><img loading=\"lazy\" decoding=\"async\" class=\"wp-image-135230 avia-img-lazy-loading-135230\"  width=\"495\" height=\"400\" src=\"https:\/\/visitorsa.se\/app\/uploads\/2023\/03\/Finngardar-Fabod-2-495x400.jpeg\" title='Finng\u00e5rdar F\u00e4bod 2' alt='' srcset=\"https:\/\/visitorsa.se\/app\/uploads\/2023\/03\/Finngardar-Fabod-2-495x400.jpeg 495w, https:\/\/visitorsa.se\/app\/uploads\/2023\/03\/Finngardar-Fabod-2-845x684.jpeg 845w\" sizes=\"auto, (max-width: 495px) 100vw, 495px\" \/><\/div><\/a><a href=\"https:\/\/visitorsa.se\/app\/uploads\/2023\/03\/Finngardar-Fabod-3-1030x609.png\" data-srcset=\"https:\/\/visitorsa.se\/app\/uploads\/2023\/03\/Finngardar-Fabod-3-1030x609.png 1030w, https:\/\/visitorsa.se\/app\/uploads\/2023\/03\/Finngardar-Fabod-3-300x177.png 300w, https:\/\/visitorsa.se\/app\/uploads\/2023\/03\/Finngardar-Fabod-3-768x454.png 768w, https:\/\/visitorsa.se\/app\/uploads\/2023\/03\/Finngardar-Fabod-3-1536x909.png 1536w, https:\/\/visitorsa.se\/app\/uploads\/2023\/03\/Finngardar-Fabod-3-1500x887.png 1500w, https:\/\/visitorsa.se\/app\/uploads\/2023\/03\/Finngardar-Fabod-3-705x417.png 705w, https:\/\/visitorsa.se\/app\/uploads\/2023\/03\/Finngardar-Fabod-3.png 1572w\" data-sizes=\"(max-width: 1030px) 100vw, 1030px\" data-rel='gallery-1' data-prev-img='https:\/\/visitorsa.se\/app\/uploads\/2023\/03\/Finngardar-Fabod-3-495x400.png' class='lightbox ' data-onclick='2' title='Finng\u00e5rdar F\u00e4bod 3'  itemprop=\"thumbnailUrl\"  ><img decoding=\"async\" class=\"wp-image-135242 avia-img-lazy-loading-not-135242\"   src=\"https:\/\/visitorsa.se\/app\/uploads\/2023\/03\/Finngardar-Fabod-3-495x400.png\" width=\"495\" height=\"400\"  title='Finng\u00e5rdar F\u00e4bod 3' alt='' srcset=\"https:\/\/visitorsa.se\/app\/uploads\/2023\/03\/Finngardar-Fabod-3-495x400.png 495w, https:\/\/visitorsa.se\/app\/uploads\/2023\/03\/Finngardar-Fabod-3-845x684.png 845w\" sizes=\"(max-width: 495px) 100vw, 495px\" \/><div class='big-prev-fake'><img loading=\"lazy\" decoding=\"async\" class=\"wp-image-135242 avia-img-lazy-loading-135242\"  width=\"495\" height=\"400\" src=\"https:\/\/visitorsa.se\/app\/uploads\/2023\/03\/Finngardar-Fabod-3-495x400.png\" title='Finng\u00e5rdar F\u00e4bod 3' alt='' srcset=\"https:\/\/visitorsa.se\/app\/uploads\/2023\/03\/Finngardar-Fabod-3-495x400.png 495w, https:\/\/visitorsa.se\/app\/uploads\/2023\/03\/Finngardar-Fabod-3-845x684.png 845w\" sizes=\"auto, (max-width: 495px) 100vw, 495px\" \/><\/div><\/a><a href=\"https:\/\/visitorsa.se\/app\/uploads\/2023\/03\/Finngardar-Fabod-1.png\" data-srcset=\"https:\/\/visitorsa.se\/app\/uploads\/2023\/03\/Finngardar-Fabod-1.png 492w, https:\/\/visitorsa.se\/app\/uploads\/2023\/03\/Finngardar-Fabod-1-300x199.png 300w\" data-sizes=\"(max-width: 492px) 100vw, 492px\" data-rel='gallery-1' data-prev-img='https:\/\/visitorsa.se\/app\/uploads\/2023\/03\/Finngardar-Fabod-1.png' class='lightbox ' data-onclick='3' title='Finng\u00e5rdar F\u00e4bod 1'  itemprop=\"thumbnailUrl\"  ><img decoding=\"async\" class=\"wp-image-135246 avia-img-lazy-loading-not-135246\"   src=\"https:\/\/visitorsa.se\/app\/uploads\/2023\/03\/Finngardar-Fabod-1.png\" width=\"492\" height=\"326\"  title='Finng\u00e5rdar F\u00e4bod 1' alt='' srcset=\"https:\/\/visitorsa.se\/app\/uploads\/2023\/03\/Finngardar-Fabod-1.png 492w, https:\/\/visitorsa.se\/app\/uploads\/2023\/03\/Finngardar-Fabod-1-300x199.png 300w\" sizes=\"(max-width: 492px) 100vw, 492px\" \/><div class='big-prev-fake'><img loading=\"lazy\" decoding=\"async\" class=\"wp-image-135246 avia-img-lazy-loading-135246\"  width=\"492\" height=\"326\" src=\"https:\/\/visitorsa.se\/app\/uploads\/2023\/03\/Finngardar-Fabod-1.png\" title='Finng\u00e5rdar F\u00e4bod 1' alt='' srcset=\"https:\/\/visitorsa.se\/app\/uploads\/2023\/03\/Finngardar-Fabod-1.png 492w, https:\/\/visitorsa.se\/app\/uploads\/2023\/03\/Finngardar-Fabod-1-300x199.png 300w\" sizes=\"auto, (max-width: 492px) 100vw, 492px\" \/><\/div><\/a><a href=\"https:\/\/visitorsa.se\/app\/uploads\/2023\/03\/Finngardar-Fabod-4.png\" data-srcset=\"https:\/\/visitorsa.se\/app\/uploads\/2023\/03\/Finngardar-Fabod-4.png 486w, https:\/\/visitorsa.se\/app\/uploads\/2023\/03\/Finngardar-Fabod-4-300x200.png 300w\" data-sizes=\"(max-width: 486px) 100vw, 486px\" data-rel='gallery-1' data-prev-img='https:\/\/visitorsa.se\/app\/uploads\/2023\/03\/Finngardar-Fabod-4.png' class='lightbox ' data-onclick='4' title='Finng\u00e5rdar F\u00e4bod 4'  itemprop=\"thumbnailUrl\"  ><img decoding=\"async\" class=\"wp-image-135237 avia-img-lazy-loading-not-135237\"   src=\"https:\/\/visitorsa.se\/app\/uploads\/2023\/03\/Finngardar-Fabod-4.png\" width=\"486\" height=\"324\"  title='Finng\u00e5rdar F\u00e4bod 4' alt='' srcset=\"https:\/\/visitorsa.se\/app\/uploads\/2023\/03\/Finngardar-Fabod-4.png 486w, https:\/\/visitorsa.se\/app\/uploads\/2023\/03\/Finngardar-Fabod-4-300x200.png 300w\" sizes=\"(max-width: 486px) 100vw, 486px\" \/><div class='big-prev-fake'><img loading=\"lazy\" decoding=\"async\" class=\"wp-image-135237 avia-img-lazy-loading-135237\"  width=\"486\" height=\"324\" src=\"https:\/\/visitorsa.se\/app\/uploads\/2023\/03\/Finngardar-Fabod-4.png\" title='Finng\u00e5rdar F\u00e4bod 4' alt='' srcset=\"https:\/\/visitorsa.se\/app\/uploads\/2023\/03\/Finngardar-Fabod-4.png 486w, https:\/\/visitorsa.se\/app\/uploads\/2023\/03\/Finngardar-Fabod-4-300x200.png 300w\" sizes=\"auto, (max-width: 486px) 100vw, 486px\" \/><\/div><\/a><\/div><\/div><\/div>\n\n<style type=\"text\/css\" data-created_by=\"avia_inline_auto\" id=\"style-css-av-aupcw0-b252b444939f1c6223e79e5b57074446\">\n.flex_column.av-aupcw0-b252b444939f1c6223e79e5b57074446{\n-webkit-border-radius:0px 0px 0px 0px;\n-moz-border-radius:0px 0px 0px 0px;\nborder-radius:0px 0px 0px 0px;\npadding:0px 0px 0px 0px;\n}\n<\/style>\n<div class='flex_column av-aupcw0-b252b444939f1c6223e79e5b57074446 av_one_half  avia-builder-el-2  el_after_av_one_half  avia-builder-el-last  flex_column_div av-zero-column-padding '     ><section  class='av_textblock_section av-kgf1e6kl-b5e14719b34d36133fc039acb7a114af'  itemscope=\"itemscope\" itemtype=\"https:\/\/schema.org\/CreativeWork\" ><div class='avia_textblock'  itemprop=\"text\" ><h1>Finng\u00e5rden F\u00e4bodar Fryks\u00e5s<\/h1>\n<p>Finng\u00e5rdens f\u00e4bodar in Fryks\u00e5s offers unique cottages for rent in a traditional mountain environment with magical views of Lake Orsasj\u00f6n. Welcome to book a classic summer cottage, decorated in modern old Dalecarlian style, but modernly equipped with electricity, water, kitchen and bathroom (all but two).<\/p>\n<p>We offer 13 unique accommodations located at the top of Fryks\u00e5s, with ski trails, which are connected to Orsa Gr\u00f6nklitt&#8217;s hiking trails, beautiful nature and restaurants (Fryks\u00e5s hotel and Smidg\u00e5rden) right next door.<\/p>\n<p>From us it is about 2 km to Orsa Gr\u00f6nklitt, 13 km to Orsa and 30 km to Mora.<\/p>\n<p>We have accommodation suitable for both families with children and older visitors. It is also possible to book all our cabins as a group.<\/p>\n<p>Welcome summer, autumn, winter and spring!<\/p>\n<p>Fryks\u00e5s 252<br \/>\n794 90 Orsa<\/p>\n<p><strong>Contact: <\/strong> 0736002817 <a href=\"mailto:kontaktfinngarden@gmail.com\" target=\"_blank\" rel=\"noopener\">kontaktfinngarden@gmail.com<\/a><\/p>\n<\/div><\/section><br \/>\n<br \/>\n<div  class='avia-button-wrap avia-button-center  avia-builder-el-5  el_after_av_codeblock  el_before_av_button_big ' >\n<style type=\"text\/css\" data-created_by=\"avia_inline_auto\" id=\"style-css-av-kgf1wc7j-b5a37635d2c46d32f85e685af8ef9576\">\n#top #wrap_all .avia-button.av-kgf1wc7j-b5a37635d2c46d32f85e685af8ef9576:hover{\ncolor:white;\n-webkit-transition:all 0.4s ease-in-out;\n-moz-transition:all 0.4s ease-in-out;\n-ms-transition:all 0.4s ease-in-out;\n-o-transition:all 0.4s ease-in-out;\ntransition:all 0.4s ease-in-out;\n}\n<\/style>\n<a href='https:\/\/www.finngardenfryksas.com\/' class='avia-color-theme-color avia-font-color-theme-color avia-button avia-button-fullwidth av-kgf1wc7j-b5a37635d2c46d32f85e685af8ef9576 avia-icon_select-yes-left-icon avia-color-theme-color' ><span class='avia_button_icon avia_button_icon_left' aria-hidden='true' data-av_icon='\ue832' data-av_iconfont='entypo-fontello'><\/span><span class='avia_iconbox_title' > Visit our website<\/span><span class='avia_button_background avia-button avia-button-fullwidth avia-color-theme-color-highlight'><\/span><\/a><\/div><br \/>\n<div  class='avia-button-wrap avia-button-center  avia-builder-el-6  el_after_av_button_big  el_before_av_button_big ' >\n<style type=\"text\/css\" data-created_by=\"avia_inline_auto\" id=\"style-css-av-lft9yn7w-45e6dfd0d0e00f4fb9f351322d6238c4\">\n#top #wrap_all .avia-button.av-lft9yn7w-45e6dfd0d0e00f4fb9f351322d6238c4:hover{\ncolor:white;\n-webkit-transition:all 0.4s ease-in-out;\n-moz-transition:all 0.4s ease-in-out;\n-ms-transition:all 0.4s ease-in-out;\n-o-transition:all 0.4s ease-in-out;\ntransition:all 0.4s ease-in-out;\n}\n<\/style>\n<a href='https:\/\/www.facebook.com\/finngardenfryksas' class='avia-color-theme-color avia-font-color-theme-color avia-button avia-button-fullwidth av-lft9yn7w-45e6dfd0d0e00f4fb9f351322d6238c4 avia-icon_select-yes-left-icon avia-color-theme-color' ><span class='avia_button_icon avia_button_icon_left' aria-hidden='true' data-av_icon='\ue832' data-av_iconfont='entypo-fontello'><\/span><span class='avia_iconbox_title' > Visit us on facebook<\/span><span class='avia_button_background avia-button avia-button-fullwidth avia-color-theme-color-highlight'><\/span><\/a><\/div><br \/>\n<div  class='avia-button-wrap avia-button-center  avia-builder-el-7  el_after_av_button_big  avia-builder-el-last ' >\n<style type=\"text\/css\" data-created_by=\"avia_inline_auto\" id=\"style-css-av-lft9zfgr-db49b91b1aadff54c06425abfdc63ddc\">\n#top #wrap_all .avia-button.av-lft9zfgr-db49b91b1aadff54c06425abfdc63ddc:hover{\ncolor:white;\n-webkit-transition:all 0.4s ease-in-out;\n-moz-transition:all 0.4s ease-in-out;\n-ms-transition:all 0.4s ease-in-out;\n-o-transition:all 0.4s ease-in-out;\ntransition:all 0.4s ease-in-out;\n}\n<\/style>\n<a href='https:\/\/www.instagram.com\/finngardens_fabodar\/' class='avia-color-theme-color avia-font-color-theme-color avia-button avia-button-fullwidth av-lft9zfgr-db49b91b1aadff54c06425abfdc63ddc avia-icon_select-yes-left-icon avia-color-theme-color' ><span class='avia_button_icon avia_button_icon_left' aria-hidden='true' data-av_icon='\ue832' data-av_iconfont='entypo-fontello'><\/span><span class='avia_iconbox_title' > Visit us on instagram<\/span><span class='avia_button_background avia-button avia-button-fullwidth avia-color-theme-color-highlight'><\/span><\/a><\/div><\/p><\/div>\n","protected":false},"excerpt":{"rendered":"","protected":false},"author":3,"featured_media":135237,"parent":0,"menu_order":0,"comment_status":"closed","ping_status":"closed","template":"","meta":{"footnotes":""},"categories":[83],"tags":[],"class_list":["post-152715","page","type-page","status-publish","has-post-thumbnail","hentry","category-accommodation-in-orsa"],"_links":{"self":[{"href":"https:\/\/visitorsa.se\/en\/wp-json\/wp\/v2\/pages\/152715","targetHints":{"allow":["GET"]}}],"collection":[{"href":"https:\/\/visitorsa.se\/en\/wp-json\/wp\/v2\/pages"}],"about":[{"href":"https:\/\/visitorsa.se\/en\/wp-json\/wp\/v2\/types\/page"}],"author":[{"embeddable":true,"href":"https:\/\/visitorsa.se\/en\/wp-json\/wp\/v2\/users\/3"}],"replies":[{"embeddable":true,"href":"https:\/\/visitorsa.se\/en\/wp-json\/wp\/v2\/comments?post=152715"}],"version-history":[{"count":2,"href":"https:\/\/visitorsa.se\/en\/wp-json\/wp\/v2\/pages\/152715\/revisions"}],"predecessor-version":[{"id":152717,"href":"https:\/\/visitorsa.se\/en\/wp-json\/wp\/v2\/pages\/152715\/revisions\/152717"}],"wp:featuredmedia":[{"embeddable":true,"href":"https:\/\/visitorsa.se\/en\/wp-json\/wp\/v2\/media\/135237"}],"wp:attachment":[{"href":"https:\/\/visitorsa.se\/en\/wp-json\/wp\/v2\/media?parent=152715"}],"wp:term":[{"taxonomy":"category","embeddable":true,"href":"https:\/\/visitorsa.se\/en\/wp-json\/wp\/v2\/categories?post=152715"},{"taxonomy":"post_tag","embeddable":true,"href":"https:\/\/visitorsa.se\/en\/wp-json\/wp\/v2\/tags?post=152715"}],"curies":[{"name":"wp","href":"https:\/\/api.w.org\/{rel}","templated":true}]}}