{"id":8009,"date":"2022-08-02T14:34:17","date_gmt":"2022-08-02T12:34:17","guid":{"rendered":"https:\/\/visitorsa.se\/treasure-kid-unabhaengige-schule\/"},"modified":"2022-08-02T15:45:22","modified_gmt":"2022-08-02T13:45:22","slug":"treasure-kid-unabhaengige-schule","status":"publish","type":"page","link":"https:\/\/visitorsa.se\/de\/treasure-kid-unabhaengige-schule\/","title":{"rendered":"Treasure Kid Unabh\u00e4ngige Schule"},"content":{"rendered":"\n<style type=\"text\/css\" data-created_by=\"avia_inline_auto\" id=\"style-css-av-5l3bp0-c68e0ac9cdb1c0dbcc507f516aefeaf5\">\n.flex_column.av-5l3bp0-c68e0ac9cdb1c0dbcc507f516aefeaf5{\n-webkit-border-radius:0px 0px 0px 0px;\n-moz-border-radius:0px 0px 0px 0px;\nborder-radius:0px 0px 0px 0px;\npadding:0px 0px 0px 0px;\n}\n<\/style>\n<div class='flex_column av-5l3bp0-c68e0ac9cdb1c0dbcc507f516aefeaf5 av_one_full  avia-builder-el-0  el_before_av_one_half  avia-builder-el-first  first flex_column_div av-zero-column-padding '     ><style type=\"text\/css\" data-created_by=\"avia_inline_auto\" id=\"style-css-av-l6c5uqhb-6b7f63b0edd7bec9919a2f09ad76e579\">\n#top .avia-gallery.av-l6c5uqhb-6b7f63b0edd7bec9919a2f09ad76e579 .avia-gallery-thumb a{\nwidth:25%;\n}\n<\/style>\n<div  class='avia-gallery av-l6c5uqhb-6b7f63b0edd7bec9919a2f09ad76e579 avia_animate_when_visible  avia-builder-el-1  avia-builder-el-no-sibling  avia_lazyload avia-gallery-animate avia-gallery-1'  itemprop=\"image\" itemscope=\"itemscope\" itemtype=\"https:\/\/schema.org\/ImageObject\" ><meta itemprop=\"contentURL\" content=\"https:\/\/visitorsa.se\/de\/treasure-kid-unabhaengige-schule\/\"><div class='avia-gallery-thumb'><a href=\"https:\/\/visitorsa.se\/app\/uploads\/2022\/08\/Sommar-skolbild-min-1030x687.jpg\" data-srcset=\"https:\/\/visitorsa.se\/app\/uploads\/2022\/08\/Sommar-skolbild-min-1030x687.jpg 1030w, https:\/\/visitorsa.se\/app\/uploads\/2022\/08\/Sommar-skolbild-min-300x200.jpg 300w, https:\/\/visitorsa.se\/app\/uploads\/2022\/08\/Sommar-skolbild-min-768x512.jpg 768w, https:\/\/visitorsa.se\/app\/uploads\/2022\/08\/Sommar-skolbild-min-1536x1024.jpg 1536w, https:\/\/visitorsa.se\/app\/uploads\/2022\/08\/Sommar-skolbild-min-2048x1365.jpg 2048w, https:\/\/visitorsa.se\/app\/uploads\/2022\/08\/Sommar-skolbild-min-1500x1000.jpg 1500w, https:\/\/visitorsa.se\/app\/uploads\/2022\/08\/Sommar-skolbild-min-705x470.jpg 705w\" data-sizes=\"(max-width: 1030px) 100vw, 1030px\" data-rel='gallery-1' data-prev-img='https:\/\/visitorsa.se\/app\/uploads\/2022\/08\/Sommar-skolbild-min-495x400.jpg' class='first_thumb lightbox ' data-onclick='1' title='Sommerschule Bild-min'  itemprop=\"thumbnailUrl\"  ><img decoding=\"async\" class=\"wp-image-7955 avia-img-lazy-loading-not-7955\"   src=\"https:\/\/visitorsa.se\/app\/uploads\/2022\/08\/Sommar-skolbild-min-495x400.jpg\" width=\"495\" height=\"400\"  title='Sommerschule Bild-min' alt='' srcset=\"https:\/\/visitorsa.se\/app\/uploads\/2022\/08\/Sommar-skolbild-min-495x400.jpg 495w, https:\/\/visitorsa.se\/app\/uploads\/2022\/08\/Sommar-skolbild-min-845x684.jpg 845w\" sizes=\"(max-width: 495px) 100vw, 495px\" \/><div class='big-prev-fake'><img loading=\"lazy\" decoding=\"async\" class=\"wp-image-7955 avia-img-lazy-loading-7955\"  width=\"495\" height=\"400\" src=\"https:\/\/visitorsa.se\/app\/uploads\/2022\/08\/Sommar-skolbild-min-495x400.jpg\" title='Sommerschule Bild-min' alt='' srcset=\"https:\/\/visitorsa.se\/app\/uploads\/2022\/08\/Sommar-skolbild-min-495x400.jpg 495w, https:\/\/visitorsa.se\/app\/uploads\/2022\/08\/Sommar-skolbild-min-845x684.jpg 845w\" sizes=\"auto, (max-width: 495px) 100vw, 495px\" \/><\/div><\/a><a href=\"https:\/\/visitorsa.se\/app\/uploads\/2022\/08\/Utsikt-folder-min-1030x687.jpg\" data-srcset=\"https:\/\/visitorsa.se\/app\/uploads\/2022\/08\/Utsikt-folder-min-1030x687.jpg 1030w, https:\/\/visitorsa.se\/app\/uploads\/2022\/08\/Utsikt-folder-min-300x200.jpg 300w, https:\/\/visitorsa.se\/app\/uploads\/2022\/08\/Utsikt-folder-min-768x512.jpg 768w, https:\/\/visitorsa.se\/app\/uploads\/2022\/08\/Utsikt-folder-min-1536x1024.jpg 1536w, https:\/\/visitorsa.se\/app\/uploads\/2022\/08\/Utsikt-folder-min-2048x1366.jpg 2048w, https:\/\/visitorsa.se\/app\/uploads\/2022\/08\/Utsikt-folder-min-1500x1000.jpg 1500w, https:\/\/visitorsa.se\/app\/uploads\/2022\/08\/Utsikt-folder-min-705x470.jpg 705w\" data-sizes=\"(max-width: 1030px) 100vw, 1030px\" data-rel='gallery-1' data-prev-img='https:\/\/visitorsa.se\/app\/uploads\/2022\/08\/Utsikt-folder-min-495x400.jpg' class='lightbox ' data-onclick='2' title='Ordner-min anzeigen'  itemprop=\"thumbnailUrl\"  ><img decoding=\"async\" class=\"wp-image-7958 avia-img-lazy-loading-not-7958\"   src=\"https:\/\/visitorsa.se\/app\/uploads\/2022\/08\/Utsikt-folder-min-495x400.jpg\" width=\"495\" height=\"400\"  title='Ordner-min anzeigen' alt='' srcset=\"https:\/\/visitorsa.se\/app\/uploads\/2022\/08\/Utsikt-folder-min-495x400.jpg 495w, https:\/\/visitorsa.se\/app\/uploads\/2022\/08\/Utsikt-folder-min-845x684.jpg 845w\" sizes=\"(max-width: 495px) 100vw, 495px\" \/><div class='big-prev-fake'><img loading=\"lazy\" decoding=\"async\" class=\"wp-image-7958 avia-img-lazy-loading-7958\"  width=\"495\" height=\"400\" src=\"https:\/\/visitorsa.se\/app\/uploads\/2022\/08\/Utsikt-folder-min-495x400.jpg\" title='Ordner-min anzeigen' alt='' srcset=\"https:\/\/visitorsa.se\/app\/uploads\/2022\/08\/Utsikt-folder-min-495x400.jpg 495w, https:\/\/visitorsa.se\/app\/uploads\/2022\/08\/Utsikt-folder-min-845x684.jpg 845w\" sizes=\"auto, (max-width: 495px) 100vw, 495px\" \/><\/div><\/a><a href=\"https:\/\/visitorsa.se\/app\/uploads\/2022\/08\/hatt-min-1030x687.jpg\" data-srcset=\"https:\/\/visitorsa.se\/app\/uploads\/2022\/08\/hatt-min-1030x687.jpg 1030w, https:\/\/visitorsa.se\/app\/uploads\/2022\/08\/hatt-min-300x200.jpg 300w, https:\/\/visitorsa.se\/app\/uploads\/2022\/08\/hatt-min-768x512.jpg 768w, https:\/\/visitorsa.se\/app\/uploads\/2022\/08\/hatt-min-1536x1024.jpg 1536w, https:\/\/visitorsa.se\/app\/uploads\/2022\/08\/hatt-min-2048x1365.jpg 2048w, https:\/\/visitorsa.se\/app\/uploads\/2022\/08\/hatt-min-1500x1000.jpg 1500w, https:\/\/visitorsa.se\/app\/uploads\/2022\/08\/hatt-min-705x470.jpg 705w\" data-sizes=\"(max-width: 1030px) 100vw, 1030px\" data-rel='gallery-1' data-prev-img='https:\/\/visitorsa.se\/app\/uploads\/2022\/08\/hatt-min-495x400.jpg' class='lightbox ' data-onclick='3' title='Hut-Min'  itemprop=\"thumbnailUrl\"  ><img decoding=\"async\" class=\"wp-image-7946 avia-img-lazy-loading-not-7946\"   src=\"https:\/\/visitorsa.se\/app\/uploads\/2022\/08\/hatt-min-495x400.jpg\" width=\"495\" height=\"400\"  title='Hut-Min' alt='' srcset=\"https:\/\/visitorsa.se\/app\/uploads\/2022\/08\/hatt-min-495x400.jpg 495w, https:\/\/visitorsa.se\/app\/uploads\/2022\/08\/hatt-min-845x684.jpg 845w\" sizes=\"(max-width: 495px) 100vw, 495px\" \/><div class='big-prev-fake'><img loading=\"lazy\" decoding=\"async\" class=\"wp-image-7946 avia-img-lazy-loading-7946\"  width=\"495\" height=\"400\" src=\"https:\/\/visitorsa.se\/app\/uploads\/2022\/08\/hatt-min-495x400.jpg\" title='Hut-Min' alt='' srcset=\"https:\/\/visitorsa.se\/app\/uploads\/2022\/08\/hatt-min-495x400.jpg 495w, https:\/\/visitorsa.se\/app\/uploads\/2022\/08\/hatt-min-845x684.jpg 845w\" sizes=\"auto, (max-width: 495px) 100vw, 495px\" \/><\/div><\/a><a href=\"https:\/\/visitorsa.se\/app\/uploads\/2022\/08\/la\u0308sning-min-687x1030.jpg\" data-srcset=\"https:\/\/visitorsa.se\/app\/uploads\/2022\/08\/la\u0308sning-min-687x1030.jpg 687w, https:\/\/visitorsa.se\/app\/uploads\/2022\/08\/la\u0308sning-min-200x300.jpg 200w, https:\/\/visitorsa.se\/app\/uploads\/2022\/08\/la\u0308sning-min-768x1152.jpg 768w, https:\/\/visitorsa.se\/app\/uploads\/2022\/08\/la\u0308sning-min-1024x1536.jpg 1024w, https:\/\/visitorsa.se\/app\/uploads\/2022\/08\/la\u0308sning-min-1365x2048.jpg 1365w, https:\/\/visitorsa.se\/app\/uploads\/2022\/08\/la\u0308sning-min-1000x1500.jpg 1000w, https:\/\/visitorsa.se\/app\/uploads\/2022\/08\/la\u0308sning-min-470x705.jpg 470w, https:\/\/visitorsa.se\/app\/uploads\/2022\/08\/la\u0308sning-min-scaled.jpg 1707w\" data-sizes=\"(max-width: 687px) 100vw, 687px\" data-rel='gallery-1' data-prev-img='https:\/\/visitorsa.se\/app\/uploads\/2022\/08\/la\u0308sning-min-495x400.jpg' class='lightbox ' data-onclick='4' title='reading-my'  itemprop=\"thumbnailUrl\"  ><img decoding=\"async\" class=\"wp-image-7949 avia-img-lazy-loading-not-7949\"   src=\"https:\/\/visitorsa.se\/app\/uploads\/2022\/08\/la\u0308sning-min-495x400.jpg\" width=\"495\" height=\"400\"  title='reading-my' alt='' srcset=\"https:\/\/visitorsa.se\/app\/uploads\/2022\/08\/la\u0308sning-min-495x400.jpg 495w, https:\/\/visitorsa.se\/app\/uploads\/2022\/08\/la\u0308sning-min-845x684.jpg 845w\" sizes=\"(max-width: 495px) 100vw, 495px\" \/><div class='big-prev-fake'><img loading=\"lazy\" decoding=\"async\" class=\"wp-image-7949 avia-img-lazy-loading-7949\"  width=\"495\" height=\"400\" src=\"https:\/\/visitorsa.se\/app\/uploads\/2022\/08\/la\u0308sning-min-495x400.jpg\" title='reading-my' alt='' srcset=\"https:\/\/visitorsa.se\/app\/uploads\/2022\/08\/la\u0308sning-min-495x400.jpg 495w, https:\/\/visitorsa.se\/app\/uploads\/2022\/08\/la\u0308sning-min-845x684.jpg 845w\" sizes=\"auto, (max-width: 495px) 100vw, 495px\" \/><\/div><\/a><a href=\"https:\/\/visitorsa.se\/app\/uploads\/2022\/08\/Skolbild-dro\u0308nare-min-1030x686.jpg\" data-srcset=\"https:\/\/visitorsa.se\/app\/uploads\/2022\/08\/Skolbild-dro\u0308nare-min-1030x686.jpg 1030w, https:\/\/visitorsa.se\/app\/uploads\/2022\/08\/Skolbild-dro\u0308nare-min-300x200.jpg 300w, https:\/\/visitorsa.se\/app\/uploads\/2022\/08\/Skolbild-dro\u0308nare-min-768x511.jpg 768w, https:\/\/visitorsa.se\/app\/uploads\/2022\/08\/Skolbild-dro\u0308nare-min-1536x1023.jpg 1536w, https:\/\/visitorsa.se\/app\/uploads\/2022\/08\/Skolbild-dro\u0308nare-min-2048x1364.jpg 2048w, https:\/\/visitorsa.se\/app\/uploads\/2022\/08\/Skolbild-dro\u0308nare-min-1500x999.jpg 1500w, https:\/\/visitorsa.se\/app\/uploads\/2022\/08\/Skolbild-dro\u0308nare-min-705x470.jpg 705w\" data-sizes=\"(max-width: 1030px) 100vw, 1030px\" data-rel='gallery-1' data-prev-img='https:\/\/visitorsa.se\/app\/uploads\/2022\/08\/Skolbild-dro\u0308nare-min-495x400.jpg' class='first_thumb lightbox ' data-onclick='5' title='Schulbild Drone-min'  itemprop=\"thumbnailUrl\"  ><img decoding=\"async\" class=\"wp-image-7952 avia-img-lazy-loading-not-7952\"   src=\"https:\/\/visitorsa.se\/app\/uploads\/2022\/08\/Skolbild-dro\u0308nare-min-495x400.jpg\" width=\"495\" height=\"400\"  title='Schulbild Drone-min' alt='' srcset=\"https:\/\/visitorsa.se\/app\/uploads\/2022\/08\/Skolbild-dro\u0308nare-min-495x400.jpg 495w, https:\/\/visitorsa.se\/app\/uploads\/2022\/08\/Skolbild-dro\u0308nare-min-845x684.jpg 845w\" sizes=\"(max-width: 495px) 100vw, 495px\" \/><div class='big-prev-fake'><img loading=\"lazy\" decoding=\"async\" class=\"wp-image-7952 avia-img-lazy-loading-7952\"  width=\"495\" height=\"400\" src=\"https:\/\/visitorsa.se\/app\/uploads\/2022\/08\/Skolbild-dro\u0308nare-min-495x400.jpg\" title='Schulbild Drone-min' alt='' srcset=\"https:\/\/visitorsa.se\/app\/uploads\/2022\/08\/Skolbild-dro\u0308nare-min-495x400.jpg 495w, https:\/\/visitorsa.se\/app\/uploads\/2022\/08\/Skolbild-dro\u0308nare-min-845x684.jpg 845w\" sizes=\"auto, (max-width: 495px) 100vw, 495px\" \/><\/div><\/a><a href=\"https:\/\/visitorsa.se\/app\/uploads\/2022\/08\/boll-min-687x1030.jpg\" data-srcset=\"https:\/\/visitorsa.se\/app\/uploads\/2022\/08\/boll-min-687x1030.jpg 687w, https:\/\/visitorsa.se\/app\/uploads\/2022\/08\/boll-min-200x300.jpg 200w, https:\/\/visitorsa.se\/app\/uploads\/2022\/08\/boll-min-768x1152.jpg 768w, https:\/\/visitorsa.se\/app\/uploads\/2022\/08\/boll-min-1024x1536.jpg 1024w, https:\/\/visitorsa.se\/app\/uploads\/2022\/08\/boll-min-1365x2048.jpg 1365w, https:\/\/visitorsa.se\/app\/uploads\/2022\/08\/boll-min-1000x1500.jpg 1000w, https:\/\/visitorsa.se\/app\/uploads\/2022\/08\/boll-min-470x705.jpg 470w, https:\/\/visitorsa.se\/app\/uploads\/2022\/08\/boll-min-scaled.jpg 1707w\" data-sizes=\"(max-width: 687px) 100vw, 687px\" data-rel='gallery-1' data-prev-img='https:\/\/visitorsa.se\/app\/uploads\/2022\/08\/boll-min-495x400.jpg' class='lightbox ' data-onclick='6' title='Ball-Min'  itemprop=\"thumbnailUrl\"  ><img decoding=\"async\" class=\"wp-image-7943 avia-img-lazy-loading-not-7943\"   src=\"https:\/\/visitorsa.se\/app\/uploads\/2022\/08\/boll-min-495x400.jpg\" width=\"495\" height=\"400\"  title='Ball-Min' alt='' srcset=\"https:\/\/visitorsa.se\/app\/uploads\/2022\/08\/boll-min-495x400.jpg 495w, https:\/\/visitorsa.se\/app\/uploads\/2022\/08\/boll-min-845x684.jpg 845w\" sizes=\"(max-width: 495px) 100vw, 495px\" \/><div class='big-prev-fake'><img loading=\"lazy\" decoding=\"async\" class=\"wp-image-7943 avia-img-lazy-loading-7943\"  width=\"495\" height=\"400\" src=\"https:\/\/visitorsa.se\/app\/uploads\/2022\/08\/boll-min-495x400.jpg\" title='Ball-Min' alt='' srcset=\"https:\/\/visitorsa.se\/app\/uploads\/2022\/08\/boll-min-495x400.jpg 495w, https:\/\/visitorsa.se\/app\/uploads\/2022\/08\/boll-min-845x684.jpg 845w\" sizes=\"auto, (max-width: 495px) 100vw, 495px\" \/><\/div><\/a><\/div><\/div><\/div>\n<style type=\"text\/css\" data-created_by=\"avia_inline_auto\" id=\"style-css-av-4wrrms-d387a80bcf16da18b3dc593c2549fd85\">\n.flex_column.av-4wrrms-d387a80bcf16da18b3dc593c2549fd85{\n-webkit-border-radius:0px 0px 0px 0px;\n-moz-border-radius:0px 0px 0px 0px;\nborder-radius:0px 0px 0px 0px;\npadding:0px 0px 0px 0px;\n}\n<\/style>\n<div class='flex_column av-4wrrms-d387a80bcf16da18b3dc593c2549fd85 av_one_half  avia-builder-el-2  el_after_av_one_full  el_before_av_one_half  first flex_column_div av-zero-column-padding column-top-margin'     ><section  class='av_textblock_section av-l6c5h87j-60decdac1b3a3a70b981db2f9797cd66'  itemscope=\"itemscope\" itemtype=\"https:\/\/schema.org\/CreativeWork\" ><div class='avia_textblock'  itemprop=\"text\" ><h1>Treasure Kid Unabh\u00e4ngige Schule<\/h1>\n<p>Skattunge Friskola (Wirtschaftsverein) ist eine kleine Dorfschule mit angeschlossenem au\u00dferschulischem Erholungszentrum und Vorschule in der Gemeinde Orsa. Wir haben Schule von der F-Klasse bis zur 6. Klasse. Wir haben etwa 50 Kinder im gesamten Gesch\u00e4ft.<br \/>\n\u200b<br \/>\nDie gesamte Skattunge Friskola ist auf das Leben im Freien und positive Begegnungen mit der Natur ausgerichtet. Die Vorschule ist Teil von Friluftsfr\u00e4mjandets I your und Skur Aktivit\u00e4ten.<\/p>\n<p>Wir nutzen die sch\u00f6ne Umgebung und die direkte N\u00e4he zu Wald, Wasser und Wildnis. Die Schule verf\u00fcgt \u00fcber eine Kochk\u00fcche und kocht ihr eigenes Essen von Grund auf. Das Schulgeb\u00e4ude verf\u00fcgt auch \u00fcber eine voll ausgestattete Turnhalle und eine Holzbearbeitungshalle. Skattunge friskola hat eine Vereinbarung mit der Gemeinde Orsa in Bezug auf Sonderp\u00e4dagogen und Sch\u00fclergesundheit und folgt den Weiterbildungsbem\u00fchungen der Gemeinde Orsa f\u00fcr Lehrer und Mitarbeiter.<\/p>\n<p>Skattungbyn mit seinen rund 320 Einwohnern ist wundersch\u00f6n gelegen mit atemberaubendem Blick auf die sanften blauen Berge von Finnmarken, 16 km von Orsa entfernt.<br \/>\n\u200b<br \/>\nWir begr\u00fc\u00dfen neue Kinder und Sch\u00fcler in unserer Schule!<\/p>\n<\/div><\/section><\/div>\n<style type=\"text\/css\" data-created_by=\"avia_inline_auto\" id=\"style-css-av-2tm084-ab31d3724c88f4c81cd05e2552ca2626\">\n.flex_column.av-2tm084-ab31d3724c88f4c81cd05e2552ca2626{\n-webkit-border-radius:0px 0px 0px 0px;\n-moz-border-radius:0px 0px 0px 0px;\nborder-radius:0px 0px 0px 0px;\npadding:0px 0px 0px 0px;\n}\n<\/style>\n<div class='flex_column av-2tm084-ab31d3724c88f4c81cd05e2552ca2626 av_one_half  avia-builder-el-4  el_after_av_one_half  avia-builder-el-last  flex_column_div av-zero-column-padding column-top-margin'     ><section  class='av_textblock_section av-l6c5jx1q-f2eb1b8aa03001e5cd4d372b7806b237'  itemscope=\"itemscope\" itemtype=\"https:\/\/schema.org\/CreativeWork\" ><div class='avia_textblock'  itemprop=\"text\" ><h3><strong>Kontaktieren Sie uns<\/strong><\/h3>\n<p><strong>Telefon<br \/>\n<\/strong> 076-1250812<\/p>\n<p><strong>E-Mail-Adresse<\/strong><br \/>\n<a title=\"mailto:rektor@skattungefriskola.se\" href=\"mailto:rektor@skattungefriskola.se\">rektor@skattungefriskola.se<\/a><\/p>\n<p><strong>Adresse<\/strong><br \/>\nSkattunge Kirche Stra\u00dfe 7<br \/>\n79495 Skattungbyn<\/p>\n<\/div><\/section><br \/>\n<div  class='avia-button-wrap avia-button-center  avia-builder-el-6  el_after_av_textblock  el_before_av_button_big ' >\n<style type=\"text\/css\" data-created_by=\"avia_inline_auto\" id=\"style-css-av-l6c5lvfh-ba9005683bedd6a634a144e88526390b\">\n#top #wrap_all .avia-button.av-l6c5lvfh-ba9005683bedd6a634a144e88526390b:hover{\ncolor:white;\n-webkit-transition:all 0.4s ease-in-out;\n-moz-transition:all 0.4s ease-in-out;\n-ms-transition:all 0.4s ease-in-out;\n-o-transition:all 0.4s ease-in-out;\ntransition:all 0.4s ease-in-out;\n}\n<\/style>\n<a href='www.skattungefriskola.se' class='avia-color-theme-color avia-font-color-theme-color avia-button avia-button-fullwidth av-l6c5lvfh-ba9005683bedd6a634a144e88526390b avia-icon_select-yes-left-icon avia-color-theme-color' ><span class='avia_button_icon avia_button_icon_left' aria-hidden='true' data-av_icon='\ue832' data-av_iconfont='entypo-fontello'><\/span><span class='avia_iconbox_title' >Besuchen Sie unsere Website<\/span><span class='avia_button_background avia-button avia-button-fullwidth avia-color-theme-color-highlight'><\/span><\/a><\/div><br \/>\n<div  class='avia-button-wrap avia-button-center  avia-builder-el-7  el_after_av_button_big  avia-builder-el-last ' >\n<style type=\"text\/css\" data-created_by=\"avia_inline_auto\" id=\"style-css-av-l6c5nx6t-e1fb7d674bc5a7b7e68f9a813b859ab1\">\n#top #wrap_all .avia-button.av-l6c5nx6t-e1fb7d674bc5a7b7e68f9a813b859ab1:hover{\ncolor:white;\n-webkit-transition:all 0.4s ease-in-out;\n-moz-transition:all 0.4s ease-in-out;\n-ms-transition:all 0.4s ease-in-out;\n-o-transition:all 0.4s ease-in-out;\ntransition:all 0.4s ease-in-out;\n}\n<\/style>\n<a href='https:\/\/www.facebook.com\/Skattunge-friskola-och-f%C3%B6rskola-100460305985064' class='avia-color-theme-color avia-font-color-theme-color avia-button avia-button-fullwidth av-l6c5nx6t-e1fb7d674bc5a7b7e68f9a813b859ab1 avia-icon_select-yes-left-icon avia-color-theme-color' ><span class='avia_button_icon avia_button_icon_left' aria-hidden='true' data-av_icon='\ue832' data-av_iconfont='entypo-fontello'><\/span><span class='avia_iconbox_title' >Besuchen Sie uns auf Facebook<\/span><span class='avia_button_background avia-button avia-button-fullwidth avia-color-theme-color-highlight'><\/span><\/a><\/div><\/p><\/div><\/p>\n","protected":false},"excerpt":{"rendered":"","protected":false},"author":8,"featured_media":7955,"parent":0,"menu_order":0,"comment_status":"closed","ping_status":"closed","template":"","meta":{"footnotes":""},"categories":[76],"tags":[],"class_list":["post-8009","page","type-page","status-publish","has-post-thumbnail","hentry","category-medien-information"],"_links":{"self":[{"href":"https:\/\/visitorsa.se\/de\/wp-json\/wp\/v2\/pages\/8009","targetHints":{"allow":["GET"]}}],"collection":[{"href":"https:\/\/visitorsa.se\/de\/wp-json\/wp\/v2\/pages"}],"about":[{"href":"https:\/\/visitorsa.se\/de\/wp-json\/wp\/v2\/types\/page"}],"author":[{"embeddable":true,"href":"https:\/\/visitorsa.se\/de\/wp-json\/wp\/v2\/users\/8"}],"replies":[{"embeddable":true,"href":"https:\/\/visitorsa.se\/de\/wp-json\/wp\/v2\/comments?post=8009"}],"version-history":[{"count":2,"href":"https:\/\/visitorsa.se\/de\/wp-json\/wp\/v2\/pages\/8009\/revisions"}],"predecessor-version":[{"id":8013,"href":"https:\/\/visitorsa.se\/de\/wp-json\/wp\/v2\/pages\/8009\/revisions\/8013"}],"wp:featuredmedia":[{"embeddable":true,"href":"https:\/\/visitorsa.se\/de\/wp-json\/wp\/v2\/media\/7955"}],"wp:attachment":[{"href":"https:\/\/visitorsa.se\/de\/wp-json\/wp\/v2\/media?parent=8009"}],"wp:term":[{"taxonomy":"category","embeddable":true,"href":"https:\/\/visitorsa.se\/de\/wp-json\/wp\/v2\/categories?post=8009"},{"taxonomy":"post_tag","embeddable":true,"href":"https:\/\/visitorsa.se\/de\/wp-json\/wp\/v2\/tags?post=8009"}],"curies":[{"name":"wp","href":"https:\/\/api.w.org\/{rel}","templated":true}]}}