{"id":8003,"date":"2022-08-02T13:14:22","date_gmt":"2022-08-02T11:14:22","guid":{"rendered":"https:\/\/visitorsa.se\/tylen-bygg-design-ab\/"},"modified":"2022-08-02T15:45:09","modified_gmt":"2022-08-02T13:45:09","slug":"tylen-bygg-design-ab","status":"publish","type":"page","link":"https:\/\/visitorsa.se\/de\/tylen-bygg-design-ab\/","title":{"rendered":"Tyl\u00e9n Bygg &amp; Design AB"},"content":{"rendered":"\n<style type=\"text\/css\" data-created_by=\"avia_inline_auto\" id=\"style-css-av-5ltwg1-d15c5439358cb02e6ed4e613cd19154a\">\n.flex_column.av-5ltwg1-d15c5439358cb02e6ed4e613cd19154a{\n-webkit-border-radius:0px 0px 0px 0px;\n-moz-border-radius:0px 0px 0px 0px;\nborder-radius:0px 0px 0px 0px;\npadding:0px 0px 0px 0px;\n}\n<\/style>\n<div class='flex_column av-5ltwg1-d15c5439358cb02e6ed4e613cd19154a av_one_full  avia-builder-el-0  el_before_av_one_half  avia-builder-el-first  first flex_column_div av-zero-column-padding '     ><style type=\"text\/css\" data-created_by=\"avia_inline_auto\" id=\"style-css-av-l6c30jhh-843d78300930bd0fd88ba31192b0a770\">\n#top .avia-gallery.av-l6c30jhh-843d78300930bd0fd88ba31192b0a770 .avia-gallery-thumb a{\nwidth:25%;\n}\n<\/style>\n<div  class='avia-gallery av-l6c30jhh-843d78300930bd0fd88ba31192b0a770 avia_animate_when_visible  avia-builder-el-1  avia-builder-el-no-sibling  avia_lazyload avia-gallery-animate avia-gallery-1'  itemprop=\"image\" itemscope=\"itemscope\" itemtype=\"https:\/\/schema.org\/ImageObject\" ><meta itemprop=\"contentURL\" content=\"https:\/\/visitorsa.se\/de\/tylen-bygg-design-ab\/\"><div class='avia-gallery-thumb'><a href=\"https:\/\/visitorsa.se\/app\/uploads\/2022\/08\/20220126_1317441-1030x773.jpg\" data-srcset=\"https:\/\/visitorsa.se\/app\/uploads\/2022\/08\/20220126_1317441-1030x773.jpg 1030w, https:\/\/visitorsa.se\/app\/uploads\/2022\/08\/20220126_1317441-300x225.jpg 300w, https:\/\/visitorsa.se\/app\/uploads\/2022\/08\/20220126_1317441-768x576.jpg 768w, https:\/\/visitorsa.se\/app\/uploads\/2022\/08\/20220126_1317441-1536x1152.jpg 1536w, https:\/\/visitorsa.se\/app\/uploads\/2022\/08\/20220126_1317441-2048x1536.jpg 2048w, https:\/\/visitorsa.se\/app\/uploads\/2022\/08\/20220126_1317441-1500x1125.jpg 1500w, https:\/\/visitorsa.se\/app\/uploads\/2022\/08\/20220126_1317441-705x529.jpg 705w\" data-sizes=\"(max-width: 1030px) 100vw, 1030px\" data-rel='gallery-1' data-prev-img='https:\/\/visitorsa.se\/app\/uploads\/2022\/08\/20220126_1317441-495x400.jpg' class='first_thumb lightbox ' data-onclick='1' title='20220126_1317441'  itemprop=\"thumbnailUrl\"  ><img decoding=\"async\" class=\"wp-image-7892 avia-img-lazy-loading-not-7892\"   src=\"https:\/\/visitorsa.se\/app\/uploads\/2022\/08\/20220126_1317441-495x400.jpg\" width=\"495\" height=\"400\"  title='20220126_1317441' alt='' srcset=\"https:\/\/visitorsa.se\/app\/uploads\/2022\/08\/20220126_1317441-495x400.jpg 495w, https:\/\/visitorsa.se\/app\/uploads\/2022\/08\/20220126_1317441-845x684.jpg 845w\" sizes=\"(max-width: 495px) 100vw, 495px\" \/><div class='big-prev-fake'><img loading=\"lazy\" decoding=\"async\" class=\"wp-image-7892 avia-img-lazy-loading-7892\"  width=\"495\" height=\"400\" src=\"https:\/\/visitorsa.se\/app\/uploads\/2022\/08\/20220126_1317441-495x400.jpg\" title='20220126_1317441' alt='' srcset=\"https:\/\/visitorsa.se\/app\/uploads\/2022\/08\/20220126_1317441-495x400.jpg 495w, https:\/\/visitorsa.se\/app\/uploads\/2022\/08\/20220126_1317441-845x684.jpg 845w\" sizes=\"auto, (max-width: 495px) 100vw, 495px\" \/><\/div><\/a><a href=\"https:\/\/visitorsa.se\/app\/uploads\/2022\/08\/20220425_1057411-1030x773.jpg\" data-srcset=\"https:\/\/visitorsa.se\/app\/uploads\/2022\/08\/20220425_1057411-1030x773.jpg 1030w, https:\/\/visitorsa.se\/app\/uploads\/2022\/08\/20220425_1057411-300x225.jpg 300w, https:\/\/visitorsa.se\/app\/uploads\/2022\/08\/20220425_1057411-768x576.jpg 768w, https:\/\/visitorsa.se\/app\/uploads\/2022\/08\/20220425_1057411-1536x1152.jpg 1536w, https:\/\/visitorsa.se\/app\/uploads\/2022\/08\/20220425_1057411-2048x1536.jpg 2048w, https:\/\/visitorsa.se\/app\/uploads\/2022\/08\/20220425_1057411-1500x1125.jpg 1500w, https:\/\/visitorsa.se\/app\/uploads\/2022\/08\/20220425_1057411-705x529.jpg 705w\" data-sizes=\"(max-width: 1030px) 100vw, 1030px\" data-rel='gallery-1' data-prev-img='https:\/\/visitorsa.se\/app\/uploads\/2022\/08\/20220425_1057411-495x400.jpg' class='lightbox ' data-onclick='2' title='20220425_1057411'  itemprop=\"thumbnailUrl\"  ><img decoding=\"async\" class=\"wp-image-7895 avia-img-lazy-loading-not-7895\"   src=\"https:\/\/visitorsa.se\/app\/uploads\/2022\/08\/20220425_1057411-495x400.jpg\" width=\"495\" height=\"400\"  title='20220425_1057411' alt='' srcset=\"https:\/\/visitorsa.se\/app\/uploads\/2022\/08\/20220425_1057411-495x400.jpg 495w, https:\/\/visitorsa.se\/app\/uploads\/2022\/08\/20220425_1057411-845x684.jpg 845w\" sizes=\"(max-width: 495px) 100vw, 495px\" \/><div class='big-prev-fake'><img loading=\"lazy\" decoding=\"async\" class=\"wp-image-7895 avia-img-lazy-loading-7895\"  width=\"495\" height=\"400\" src=\"https:\/\/visitorsa.se\/app\/uploads\/2022\/08\/20220425_1057411-495x400.jpg\" title='20220425_1057411' alt='' srcset=\"https:\/\/visitorsa.se\/app\/uploads\/2022\/08\/20220425_1057411-495x400.jpg 495w, https:\/\/visitorsa.se\/app\/uploads\/2022\/08\/20220425_1057411-845x684.jpg 845w\" sizes=\"auto, (max-width: 495px) 100vw, 495px\" \/><\/div><\/a><a href=\"https:\/\/visitorsa.se\/app\/uploads\/2022\/08\/DJI_0211-1030x580.jpg\" data-srcset=\"https:\/\/visitorsa.se\/app\/uploads\/2022\/08\/DJI_0211-1030x580.jpg 1030w, https:\/\/visitorsa.se\/app\/uploads\/2022\/08\/DJI_0211-300x169.jpg 300w, https:\/\/visitorsa.se\/app\/uploads\/2022\/08\/DJI_0211-768x432.jpg 768w, https:\/\/visitorsa.se\/app\/uploads\/2022\/08\/DJI_0211-1536x864.jpg 1536w, https:\/\/visitorsa.se\/app\/uploads\/2022\/08\/DJI_0211-2048x1152.jpg 2048w, https:\/\/visitorsa.se\/app\/uploads\/2022\/08\/DJI_0211-1500x844.jpg 1500w, https:\/\/visitorsa.se\/app\/uploads\/2022\/08\/DJI_0211-705x397.jpg 705w\" data-sizes=\"(max-width: 1030px) 100vw, 1030px\" data-rel='gallery-1' data-prev-img='https:\/\/visitorsa.se\/app\/uploads\/2022\/08\/DJI_0211-495x400.jpg' class='lightbox ' data-onclick='3' title='DJI_0211'  itemprop=\"thumbnailUrl\"  ><img decoding=\"async\" class=\"wp-image-7898 avia-img-lazy-loading-not-7898\"   src=\"https:\/\/visitorsa.se\/app\/uploads\/2022\/08\/DJI_0211-495x400.jpg\" width=\"495\" height=\"400\"  title='DJI_0211' alt='' srcset=\"https:\/\/visitorsa.se\/app\/uploads\/2022\/08\/DJI_0211-495x400.jpg 495w, https:\/\/visitorsa.se\/app\/uploads\/2022\/08\/DJI_0211-845x684.jpg 845w\" sizes=\"(max-width: 495px) 100vw, 495px\" \/><div class='big-prev-fake'><img loading=\"lazy\" decoding=\"async\" class=\"wp-image-7898 avia-img-lazy-loading-7898\"  width=\"495\" height=\"400\" src=\"https:\/\/visitorsa.se\/app\/uploads\/2022\/08\/DJI_0211-495x400.jpg\" title='DJI_0211' alt='' srcset=\"https:\/\/visitorsa.se\/app\/uploads\/2022\/08\/DJI_0211-495x400.jpg 495w, https:\/\/visitorsa.se\/app\/uploads\/2022\/08\/DJI_0211-845x684.jpg 845w\" sizes=\"auto, (max-width: 495px) 100vw, 495px\" \/><\/div><\/a><a href=\"https:\/\/visitorsa.se\/app\/uploads\/2022\/08\/DJI_0242-1030x579.jpg\" data-srcset=\"https:\/\/visitorsa.se\/app\/uploads\/2022\/08\/DJI_0242-1030x579.jpg 1030w, https:\/\/visitorsa.se\/app\/uploads\/2022\/08\/DJI_0242-300x169.jpg 300w, https:\/\/visitorsa.se\/app\/uploads\/2022\/08\/DJI_0242-768x432.jpg 768w, https:\/\/visitorsa.se\/app\/uploads\/2022\/08\/DJI_0242-1536x864.jpg 1536w, https:\/\/visitorsa.se\/app\/uploads\/2022\/08\/DJI_0242-2048x1152.jpg 2048w, https:\/\/visitorsa.se\/app\/uploads\/2022\/08\/DJI_0242-1500x844.jpg 1500w, https:\/\/visitorsa.se\/app\/uploads\/2022\/08\/DJI_0242-705x397.jpg 705w\" data-sizes=\"(max-width: 1030px) 100vw, 1030px\" data-rel='gallery-1' data-prev-img='https:\/\/visitorsa.se\/app\/uploads\/2022\/08\/DJI_0242-495x400.jpg' class='lightbox ' data-onclick='4' title='default'  itemprop=\"thumbnailUrl\"  ><img decoding=\"async\" class=\"wp-image-7901 avia-img-lazy-loading-not-7901\"  data-avia-tooltip='default' src=\"https:\/\/visitorsa.se\/app\/uploads\/2022\/08\/DJI_0242-495x400.jpg\" width=\"495\" height=\"400\"  title='default' alt='' srcset=\"https:\/\/visitorsa.se\/app\/uploads\/2022\/08\/DJI_0242-495x400.jpg 495w, https:\/\/visitorsa.se\/app\/uploads\/2022\/08\/DJI_0242-845x684.jpg 845w\" sizes=\"(max-width: 495px) 100vw, 495px\" \/><div class='big-prev-fake'><img loading=\"lazy\" decoding=\"async\" class=\"wp-image-7901 avia-img-lazy-loading-7901\"  width=\"495\" height=\"400\" src=\"https:\/\/visitorsa.se\/app\/uploads\/2022\/08\/DJI_0242-495x400.jpg\" title='default' alt='' srcset=\"https:\/\/visitorsa.se\/app\/uploads\/2022\/08\/DJI_0242-495x400.jpg 495w, https:\/\/visitorsa.se\/app\/uploads\/2022\/08\/DJI_0242-845x684.jpg 845w\" sizes=\"auto, (max-width: 495px) 100vw, 495px\" \/><\/div><\/a><\/div><\/div><\/div>\n<style type=\"text\/css\" data-created_by=\"avia_inline_auto\" id=\"style-css-av-gr3c1-28da7a0d19e4d85f3ba1b732a01ade44\">\n.flex_column.av-gr3c1-28da7a0d19e4d85f3ba1b732a01ade44{\n-webkit-border-radius:0px 0px 0px 0px;\n-moz-border-radius:0px 0px 0px 0px;\nborder-radius:0px 0px 0px 0px;\npadding:0px 0px 0px 0px;\n}\n<\/style>\n<div class='flex_column av-gr3c1-28da7a0d19e4d85f3ba1b732a01ade44 av_one_half  avia-builder-el-2  el_after_av_one_full  el_before_av_one_half  first flex_column_div av-zero-column-padding column-top-margin'     ><section  class='av_textblock_section av-l6c1m6re-4310d12a3358eba0ab5f3bcfa49dba7b'  itemscope=\"itemscope\" itemtype=\"https:\/\/schema.org\/CreativeWork\" ><div class='avia_textblock'  itemprop=\"text\" ><p>Tyl\u00e9n Bygg &amp; Design ist ein lokales Unternehmen, das Bau- und L\u00fcftungsarbeiten sowohl f\u00fcr Privatkunden als auch f\u00fcr Unternehmen durchf\u00fchrt. Wenn Sie Hilfe bei Ihrem bevorstehenden Projekt oder Ihrer Renovierung ben\u00f6tigen, kontaktieren Sie uns und wir helfen Ihnen weiter!<\/p>\n<\/div><\/section><\/div>\n<style type=\"text\/css\" data-created_by=\"avia_inline_auto\" id=\"style-css-av-2l7ku9-39578bdb94af6890feb5942c6e3160cc\">\n.flex_column.av-2l7ku9-39578bdb94af6890feb5942c6e3160cc{\n-webkit-border-radius:0px 0px 0px 0px;\n-moz-border-radius:0px 0px 0px 0px;\nborder-radius:0px 0px 0px 0px;\npadding:0px 0px 0px 0px;\n}\n<\/style>\n<div class='flex_column av-2l7ku9-39578bdb94af6890feb5942c6e3160cc av_one_half  avia-builder-el-4  el_after_av_one_half  avia-builder-el-last  flex_column_div av-zero-column-padding column-top-margin'     ><section  class='av_textblock_section av-l6c1nyw3-4e0d89b22d0cabd3b0f2d3310213c16d'  itemscope=\"itemscope\" itemtype=\"https:\/\/schema.org\/CreativeWork\" ><div class='avia_textblock'  itemprop=\"text\" ><h3><strong>Kontaktieren Sie uns<\/strong><\/h3>\n<p><strong>Telefon<br \/>\n<\/strong> 070-6546323<\/p>\n<p><strong>E-Mail-Adresse<\/strong><br \/>\n<a title=\"mailto:Mattias@tylenab.se\" href=\"mailto:Mattias@tylenab.se\">Mattias@tylenab.se<\/a><\/p>\n<p><strong>Adresse<\/strong><br \/>\nHansj\u00f6v\u00e4gen 33B<br \/>\n79431 Orsa<\/p>\n<\/div><\/section><br \/>\n<div  class='avia-button-wrap avia-button-center  avia-builder-el-6  el_after_av_textblock  el_before_av_button_big ' >\n<style type=\"text\/css\" data-created_by=\"avia_inline_auto\" id=\"style-css-av-l6c2u1tf-3ee0d1d6d4f3b8cd91241721ea1ea53e\">\n#top #wrap_all .avia-button.av-l6c2u1tf-3ee0d1d6d4f3b8cd91241721ea1ea53e:hover{\ncolor:white;\n-webkit-transition:all 0.4s ease-in-out;\n-moz-transition:all 0.4s ease-in-out;\n-ms-transition:all 0.4s ease-in-out;\n-o-transition:all 0.4s ease-in-out;\ntransition:all 0.4s ease-in-out;\n}\n<\/style>\n<a href='https:\/\/www.facebook.com\/Tylenbygg' class='avia-color-theme-color avia-font-color-theme-color avia-button avia-button-fullwidth av-l6c2u1tf-3ee0d1d6d4f3b8cd91241721ea1ea53e avia-icon_select-yes-left-icon avia-color-theme-color' ><span class='avia_button_icon avia_button_icon_left' aria-hidden='true' data-av_icon='\ue832' data-av_iconfont='entypo-fontello'><\/span><span class='avia_iconbox_title' >  Besuchen Sie uns auf Facebook<\/span><span class='avia_button_background avia-button avia-button-fullwidth avia-color-theme-color-highlight'><\/span><\/a><\/div><br \/>\n<div  class='avia-button-wrap avia-button-center  avia-builder-el-7  el_after_av_button_big  avia-builder-el-last ' >\n<style type=\"text\/css\" data-created_by=\"avia_inline_auto\" id=\"style-css-av-l6c2vm05-298ffef41d9293ed665652700ef5e3b9\">\n#top #wrap_all .avia-button.av-l6c2vm05-298ffef41d9293ed665652700ef5e3b9:hover{\ncolor:white;\n-webkit-transition:all 0.4s ease-in-out;\n-moz-transition:all 0.4s ease-in-out;\n-ms-transition:all 0.4s ease-in-out;\n-o-transition:all 0.4s ease-in-out;\ntransition:all 0.4s ease-in-out;\n}\n<\/style>\n<a href='https:\/\/www.instagram.com\/tylenbygg\/' class='avia-color-theme-color avia-font-color-theme-color avia-button avia-button-fullwidth av-l6c2vm05-298ffef41d9293ed665652700ef5e3b9 avia-icon_select-yes-left-icon avia-color-theme-color' ><span class='avia_button_icon avia_button_icon_left' aria-hidden='true' data-av_icon='\ue832' data-av_iconfont='entypo-fontello'><\/span><span class='avia_iconbox_title' >  Besuchen Sie uns auf Instagram<\/span><span class='avia_button_background avia-button avia-button-fullwidth avia-color-theme-color-highlight'><\/span><\/a><\/div><\/p><\/div><\/p>\n","protected":false},"excerpt":{"rendered":"","protected":false},"author":8,"featured_media":7898,"parent":0,"menu_order":0,"comment_status":"closed","ping_status":"closed","template":"","meta":{"footnotes":""},"categories":[77],"tags":[99],"class_list":["post-8003","page","type-page","status-publish","has-post-thumbnail","hentry","category-der-handwerker-des-dorfes","tag-handwerk"],"_links":{"self":[{"href":"https:\/\/visitorsa.se\/de\/wp-json\/wp\/v2\/pages\/8003","targetHints":{"allow":["GET"]}}],"collection":[{"href":"https:\/\/visitorsa.se\/de\/wp-json\/wp\/v2\/pages"}],"about":[{"href":"https:\/\/visitorsa.se\/de\/wp-json\/wp\/v2\/types\/page"}],"author":[{"embeddable":true,"href":"https:\/\/visitorsa.se\/de\/wp-json\/wp\/v2\/users\/8"}],"replies":[{"embeddable":true,"href":"https:\/\/visitorsa.se\/de\/wp-json\/wp\/v2\/comments?post=8003"}],"version-history":[{"count":2,"href":"https:\/\/visitorsa.se\/de\/wp-json\/wp\/v2\/pages\/8003\/revisions"}],"predecessor-version":[{"id":8005,"href":"https:\/\/visitorsa.se\/de\/wp-json\/wp\/v2\/pages\/8003\/revisions\/8005"}],"wp:featuredmedia":[{"embeddable":true,"href":"https:\/\/visitorsa.se\/de\/wp-json\/wp\/v2\/media\/7898"}],"wp:attachment":[{"href":"https:\/\/visitorsa.se\/de\/wp-json\/wp\/v2\/media?parent=8003"}],"wp:term":[{"taxonomy":"category","embeddable":true,"href":"https:\/\/visitorsa.se\/de\/wp-json\/wp\/v2\/categories?post=8003"},{"taxonomy":"post_tag","embeddable":true,"href":"https:\/\/visitorsa.se\/de\/wp-json\/wp\/v2\/tags?post=8003"}],"curies":[{"name":"wp","href":"https:\/\/api.w.org\/{rel}","templated":true}]}}