{"id":7987,"date":"2022-08-02T13:32:06","date_gmt":"2022-08-02T11:32:06","guid":{"rendered":"https:\/\/visitorsa.se\/clean-stop-gds-fahrzeugwaesche\/"},"modified":"2022-11-15T10:10:18","modified_gmt":"2022-11-15T09:10:18","slug":"clean-stop-gds-fahrzeugwaesche","status":"publish","type":"page","link":"https:\/\/visitorsa.se\/de\/clean-stop-gds-fahrzeugwaesche\/","title":{"rendered":"Clean Stop \u2013 GDS Fahrzeugw\u00e4sche"},"content":{"rendered":"\n<style type=\"text\/css\" data-created_by=\"avia_inline_auto\" id=\"style-css-av-5le96q-f408040400ae5ac512eff2eb0b34c6bd\">\n.flex_column.av-5le96q-f408040400ae5ac512eff2eb0b34c6bd{\n-webkit-border-radius:0px 0px 0px 0px;\n-moz-border-radius:0px 0px 0px 0px;\nborder-radius:0px 0px 0px 0px;\npadding:0px 0px 0px 0px;\n}\n<\/style>\n<div class='flex_column av-5le96q-f408040400ae5ac512eff2eb0b34c6bd av_one_full  avia-builder-el-0  el_before_av_one_half  avia-builder-el-first  first flex_column_div av-zero-column-padding '     ><style type=\"text\/css\" data-created_by=\"avia_inline_auto\" id=\"style-css-av-l6c3mvk4-43dfd9395734be5141053274e90d791d\">\n#top .avia-gallery.av-l6c3mvk4-43dfd9395734be5141053274e90d791d .avia-gallery-thumb a{\nwidth:25%;\n}\n<\/style>\n<div  class='avia-gallery av-l6c3mvk4-43dfd9395734be5141053274e90d791d avia_animate_when_visible  avia-builder-el-1  avia-builder-el-no-sibling  avia_lazyload avia-gallery-animate avia-gallery-1'  itemprop=\"image\" itemscope=\"itemscope\" itemtype=\"https:\/\/schema.org\/ImageObject\" ><meta itemprop=\"contentURL\" content=\"https:\/\/visitorsa.se\/de\/clean-stop-gds-fahrzeugwaesche\/\"><div class='avia-gallery-thumb'><a href=\"https:\/\/visitorsa.se\/app\/uploads\/2022\/08\/Clean-Stop.png\" data-srcset=\"https:\/\/visitorsa.se\/app\/uploads\/2022\/08\/Clean-Stop.png 1024w, https:\/\/visitorsa.se\/app\/uploads\/2022\/08\/Clean-Stop-300x146.png 300w, https:\/\/visitorsa.se\/app\/uploads\/2022\/08\/Clean-Stop-768x375.png 768w, https:\/\/visitorsa.se\/app\/uploads\/2022\/08\/Clean-Stop-705x344.png 705w\" data-sizes=\"(max-width: 1024px) 100vw, 1024px\" data-rel='gallery-1' data-prev-img='https:\/\/visitorsa.se\/app\/uploads\/2022\/08\/Clean-Stop-495x400.png' class='first_thumb lightbox ' data-onclick='1' title='Clean-Stop'  itemprop=\"thumbnailUrl\"  ><img decoding=\"async\" class=\"wp-image-7909 avia-img-lazy-loading-not-7909\"   src=\"https:\/\/visitorsa.se\/app\/uploads\/2022\/08\/Clean-Stop-495x400.png\" width=\"495\" height=\"400\"  title='Clean-Stop' alt='' \/><div class='big-prev-fake'><img loading=\"lazy\" decoding=\"async\" class=\"wp-image-7909 avia-img-lazy-loading-7909\"  width=\"495\" height=\"400\" src=\"https:\/\/visitorsa.se\/app\/uploads\/2022\/08\/Clean-Stop-495x400.png\" title='Clean-Stop' alt='' \/><\/div><\/a><a href=\"https:\/\/visitorsa.se\/app\/uploads\/2022\/08\/cs-gds-1030x773.jpg\" data-srcset=\"https:\/\/visitorsa.se\/app\/uploads\/2022\/08\/cs-gds-1030x773.jpg 1030w, https:\/\/visitorsa.se\/app\/uploads\/2022\/08\/cs-gds-300x225.jpg 300w, https:\/\/visitorsa.se\/app\/uploads\/2022\/08\/cs-gds-768x576.jpg 768w, https:\/\/visitorsa.se\/app\/uploads\/2022\/08\/cs-gds-1536x1152.jpg 1536w, https:\/\/visitorsa.se\/app\/uploads\/2022\/08\/cs-gds-2048x1536.jpg 2048w, https:\/\/visitorsa.se\/app\/uploads\/2022\/08\/cs-gds-1500x1125.jpg 1500w, https:\/\/visitorsa.se\/app\/uploads\/2022\/08\/cs-gds-705x529.jpg 705w\" data-sizes=\"(max-width: 1030px) 100vw, 1030px\" data-rel='gallery-1' data-prev-img='https:\/\/visitorsa.se\/app\/uploads\/2022\/08\/cs-gds-495x400.jpg' class='lightbox ' data-onclick='2' title='CS-GDS'  itemprop=\"thumbnailUrl\"  ><img decoding=\"async\" class=\"wp-image-7912 avia-img-lazy-loading-not-7912\"   src=\"https:\/\/visitorsa.se\/app\/uploads\/2022\/08\/cs-gds-495x400.jpg\" width=\"495\" height=\"400\"  title='CS-GDS' alt='' srcset=\"https:\/\/visitorsa.se\/app\/uploads\/2022\/08\/cs-gds-495x400.jpg 495w, https:\/\/visitorsa.se\/app\/uploads\/2022\/08\/cs-gds-845x684.jpg 845w\" sizes=\"(max-width: 495px) 100vw, 495px\" \/><div class='big-prev-fake'><img loading=\"lazy\" decoding=\"async\" class=\"wp-image-7912 avia-img-lazy-loading-7912\"  width=\"495\" height=\"400\" src=\"https:\/\/visitorsa.se\/app\/uploads\/2022\/08\/cs-gds-495x400.jpg\" title='CS-GDS' alt='' srcset=\"https:\/\/visitorsa.se\/app\/uploads\/2022\/08\/cs-gds-495x400.jpg 495w, https:\/\/visitorsa.se\/app\/uploads\/2022\/08\/cs-gds-845x684.jpg 845w\" sizes=\"auto, (max-width: 495px) 100vw, 495px\" \/><\/div><\/a><a href=\"https:\/\/visitorsa.se\/app\/uploads\/2022\/08\/power-foam.webp\" data-srcset=\"https:\/\/visitorsa.se\/app\/uploads\/2022\/08\/power-foam.webp 800w, https:\/\/visitorsa.se\/app\/uploads\/2022\/08\/power-foam-300x200.webp 300w, https:\/\/visitorsa.se\/app\/uploads\/2022\/08\/power-foam-768x513.webp 768w, https:\/\/visitorsa.se\/app\/uploads\/2022\/08\/power-foam-705x471.webp 705w\" data-sizes=\"(max-width: 800px) 100vw, 800px\" data-rel='gallery-1' data-prev-img='https:\/\/visitorsa.se\/app\/uploads\/2022\/08\/power-foam-495x400.webp' class='lightbox ' data-onclick='3' title='Power-Schaum'  itemprop=\"thumbnailUrl\"  ><img decoding=\"async\" class=\"wp-image-7915 avia-img-lazy-loading-not-7915\"   src=\"https:\/\/visitorsa.se\/app\/uploads\/2022\/08\/power-foam-495x400.webp\" width=\"495\" height=\"400\"  title='Power-Schaum' alt='' \/><div class='big-prev-fake'><img loading=\"lazy\" decoding=\"async\" class=\"wp-image-7915 avia-img-lazy-loading-7915\"  width=\"495\" height=\"400\" src=\"https:\/\/visitorsa.se\/app\/uploads\/2022\/08\/power-foam-495x400.webp\" title='Power-Schaum' alt='' \/><\/div><\/a><a href=\"https:\/\/visitorsa.se\/app\/uploads\/2022\/08\/cleanstop-1-1030x1030.jpg\" data-srcset=\"https:\/\/visitorsa.se\/app\/uploads\/2022\/08\/cleanstop-1-1030x1030.jpg 1030w, https:\/\/visitorsa.se\/app\/uploads\/2022\/08\/cleanstop-1-300x300.jpg 300w, https:\/\/visitorsa.se\/app\/uploads\/2022\/08\/cleanstop-1-80x80.jpg 80w, https:\/\/visitorsa.se\/app\/uploads\/2022\/08\/cleanstop-1-768x768.jpg 768w, https:\/\/visitorsa.se\/app\/uploads\/2022\/08\/cleanstop-1-1536x1536.jpg 1536w, https:\/\/visitorsa.se\/app\/uploads\/2022\/08\/cleanstop-1-2048x2048.jpg 2048w, https:\/\/visitorsa.se\/app\/uploads\/2022\/08\/cleanstop-1-36x36.jpg 36w, https:\/\/visitorsa.se\/app\/uploads\/2022\/08\/cleanstop-1-180x180.jpg 180w, https:\/\/visitorsa.se\/app\/uploads\/2022\/08\/cleanstop-1-1500x1500.jpg 1500w, https:\/\/visitorsa.se\/app\/uploads\/2022\/08\/cleanstop-1-705x705.jpg 705w\" data-sizes=\"(max-width: 1030px) 100vw, 1030px\" data-rel='gallery-1' data-prev-img='https:\/\/visitorsa.se\/app\/uploads\/2022\/08\/cleanstop-1-495x400.jpg' class='lightbox ' data-onclick='4' title='Cleanstop 1'  itemprop=\"thumbnailUrl\"  ><img decoding=\"async\" class=\"wp-image-14621 avia-img-lazy-loading-not-14621\"   src=\"https:\/\/visitorsa.se\/app\/uploads\/2022\/08\/cleanstop-1-495x400.jpg\" width=\"495\" height=\"400\"  title='Cleanstop 1' alt='' srcset=\"https:\/\/visitorsa.se\/app\/uploads\/2022\/08\/cleanstop-1-495x400.jpg 495w, https:\/\/visitorsa.se\/app\/uploads\/2022\/08\/cleanstop-1-845x684.jpg 845w\" sizes=\"(max-width: 495px) 100vw, 495px\" \/><div class='big-prev-fake'><img loading=\"lazy\" decoding=\"async\" class=\"wp-image-14621 avia-img-lazy-loading-14621\"  width=\"495\" height=\"400\" src=\"https:\/\/visitorsa.se\/app\/uploads\/2022\/08\/cleanstop-1-495x400.jpg\" title='Cleanstop 1' alt='' srcset=\"https:\/\/visitorsa.se\/app\/uploads\/2022\/08\/cleanstop-1-495x400.jpg 495w, https:\/\/visitorsa.se\/app\/uploads\/2022\/08\/cleanstop-1-845x684.jpg 845w\" sizes=\"auto, (max-width: 495px) 100vw, 495px\" \/><\/div><\/a><a href=\"https:\/\/visitorsa.se\/app\/uploads\/2022\/08\/powerskum-1030x1030.jpg\" data-srcset=\"https:\/\/visitorsa.se\/app\/uploads\/2022\/08\/powerskum-1030x1030.jpg 1030w, https:\/\/visitorsa.se\/app\/uploads\/2022\/08\/powerskum-300x300.jpg 300w, https:\/\/visitorsa.se\/app\/uploads\/2022\/08\/powerskum-80x80.jpg 80w, https:\/\/visitorsa.se\/app\/uploads\/2022\/08\/powerskum-768x768.jpg 768w, https:\/\/visitorsa.se\/app\/uploads\/2022\/08\/powerskum-1536x1536.jpg 1536w, https:\/\/visitorsa.se\/app\/uploads\/2022\/08\/powerskum-36x36.jpg 36w, https:\/\/visitorsa.se\/app\/uploads\/2022\/08\/powerskum-180x180.jpg 180w, https:\/\/visitorsa.se\/app\/uploads\/2022\/08\/powerskum-1500x1500.jpg 1500w, https:\/\/visitorsa.se\/app\/uploads\/2022\/08\/powerskum-705x705.jpg 705w, https:\/\/visitorsa.se\/app\/uploads\/2022\/08\/powerskum.jpg 1818w\" data-sizes=\"(max-width: 1030px) 100vw, 1030px\" data-rel='gallery-1' data-prev-img='https:\/\/visitorsa.se\/app\/uploads\/2022\/08\/powerskum-495x400.jpg' class='first_thumb lightbox ' data-onclick='5' title='Power-Schaum'  itemprop=\"thumbnailUrl\"  ><img decoding=\"async\" class=\"wp-image-14624 avia-img-lazy-loading-not-14624\"   src=\"https:\/\/visitorsa.se\/app\/uploads\/2022\/08\/powerskum-495x400.jpg\" width=\"495\" height=\"400\"  title='Power-Schaum' alt='' srcset=\"https:\/\/visitorsa.se\/app\/uploads\/2022\/08\/powerskum-495x400.jpg 495w, https:\/\/visitorsa.se\/app\/uploads\/2022\/08\/powerskum-845x684.jpg 845w\" sizes=\"(max-width: 495px) 100vw, 495px\" \/><div class='big-prev-fake'><img loading=\"lazy\" decoding=\"async\" class=\"wp-image-14624 avia-img-lazy-loading-14624\"  width=\"495\" height=\"400\" src=\"https:\/\/visitorsa.se\/app\/uploads\/2022\/08\/powerskum-495x400.jpg\" title='Power-Schaum' alt='' srcset=\"https:\/\/visitorsa.se\/app\/uploads\/2022\/08\/powerskum-495x400.jpg 495w, https:\/\/visitorsa.se\/app\/uploads\/2022\/08\/powerskum-845x684.jpg 845w\" sizes=\"auto, (max-width: 495px) 100vw, 495px\" \/><\/div><\/a><\/div><\/div><\/div>\n<style type=\"text\/css\" data-created_by=\"avia_inline_auto\" id=\"style-css-av-3ikhvm-0e49b71a49b36a518ecc0dea8b75c757\">\n.flex_column.av-3ikhvm-0e49b71a49b36a518ecc0dea8b75c757{\n-webkit-border-radius:0px 0px 0px 0px;\n-moz-border-radius:0px 0px 0px 0px;\nborder-radius:0px 0px 0px 0px;\npadding:0px 0px 0px 0px;\n}\n<\/style>\n<div class='flex_column av-3ikhvm-0e49b71a49b36a518ecc0dea8b75c757 av_one_half  avia-builder-el-2  el_after_av_one_full  el_before_av_one_half  first flex_column_div av-zero-column-padding column-top-margin'     ><section  class='av_textblock_section av-l6c3e460-3cb5382a47b89d60c1cbccfcc245d9e7'  itemscope=\"itemscope\" itemtype=\"https:\/\/schema.org\/CreativeWork\" ><div class='avia_textblock'  itemprop=\"text\" ><h1>Clean Stop \u2013 GDS Fahrzeugw\u00e4sche<\/h1>\n<p>Bei uns waschen Sie das Fahrzeug selbst, einfach, kosteng\u00fcnstig und umweltfreundlich. Wir bieten alles, was Sie brauchen, um das Fahrzeug zu reinigen. Es gibt sogar einen Staubsauger f\u00fcr die Innenreinigung.<\/p>\n<p>Einer unserer St\u00e4nde hat eine freie H\u00f6he von 3,5m f\u00fcr Sie mit Wohnmobil oder anderen gr\u00f6\u00dferen Fahrzeugen.<\/p>\n<p>Besuchen Sie unsere Website f\u00fcr weitere Informationen. Wir haben rund um die Uhr ge\u00f6ffnet \u2013 Willkommen!<\/p>\n<\/div><\/section><\/div><\/p>\n\n<style type=\"text\/css\" data-created_by=\"avia_inline_auto\" id=\"style-css-av-35l16a-42d083f7937ba7e90c8715014424d605\">\n.flex_column.av-35l16a-42d083f7937ba7e90c8715014424d605{\n-webkit-border-radius:0px 0px 0px 0px;\n-moz-border-radius:0px 0px 0px 0px;\nborder-radius:0px 0px 0px 0px;\npadding:0px 0px 0px 0px;\n}\n<\/style>\n<div class='flex_column av-35l16a-42d083f7937ba7e90c8715014424d605 av_one_half  avia-builder-el-4  el_after_av_one_half  avia-builder-el-last  flex_column_div av-zero-column-padding column-top-margin'     ><section  class='av_textblock_section av-l6c3g8xp-75c8a793c7c89190275478fe0ca51855'  itemscope=\"itemscope\" itemtype=\"https:\/\/schema.org\/CreativeWork\" ><div class='avia_textblock'  itemprop=\"text\" ><h3><strong>Kontaktieren Sie uns<\/strong><\/h3>\n<p><strong>Telefon<br \/>\n<\/strong> 0250-559699<\/p>\n<p><strong>E-Mail-Adresse<\/strong><br \/>\n<a href=\"mailto:info@cleanstop.se\">info@cleanstop.se<\/a><\/p>\n<p><strong>Adresse<\/strong><br \/>\nBl\u00e4stgatan 3<br \/>\n79434 Orsa<\/p>\n<\/div><\/section><br \/>\n<div  class='avia-button-wrap avia-button-center  avia-builder-el-6  el_after_av_textblock  el_before_av_button_big ' >\n<style type=\"text\/css\" data-created_by=\"avia_inline_auto\" id=\"style-css-av-l6c3i5ko-ab4f0249018ba78bd439767d263a1d6d\">\n#top #wrap_all .avia-button.av-l6c3i5ko-ab4f0249018ba78bd439767d263a1d6d:hover{\ncolor:white;\n-webkit-transition:all 0.4s ease-in-out;\n-moz-transition:all 0.4s ease-in-out;\n-ms-transition:all 0.4s ease-in-out;\n-o-transition:all 0.4s ease-in-out;\ntransition:all 0.4s ease-in-out;\n}\n<\/style>\n<a href='www.cleanstop.se' class='avia-color-theme-color avia-font-color-theme-color avia-button avia-button-fullwidth av-l6c3i5ko-ab4f0249018ba78bd439767d263a1d6d avia-icon_select-yes-left-icon avia-color-theme-color' ><span class='avia_button_icon avia_button_icon_left' aria-hidden='true' data-av_icon='\ue832' data-av_iconfont='entypo-fontello'><\/span><span class='avia_iconbox_title' >Besuchen Sie unsere Website<\/span><span class='avia_button_background avia-button avia-button-fullwidth avia-color-theme-color-highlight'><\/span><\/a><\/div><br \/>\n<div  class='avia-button-wrap avia-button-center  avia-builder-el-7  el_after_av_button_big  el_before_av_button_big ' >\n<style type=\"text\/css\" data-created_by=\"avia_inline_auto\" id=\"style-css-av-l6c3iy97-a1ee14c962068a716488d4f1d45358d9\">\n#top #wrap_all .avia-button.av-l6c3iy97-a1ee14c962068a716488d4f1d45358d9:hover{\ncolor:white;\n-webkit-transition:all 0.4s ease-in-out;\n-moz-transition:all 0.4s ease-in-out;\n-ms-transition:all 0.4s ease-in-out;\n-o-transition:all 0.4s ease-in-out;\ntransition:all 0.4s ease-in-out;\n}\n<\/style>\n<a href='https:\/\/www.facebook.com\/cleanstopab' class='avia-color-theme-color avia-font-color-theme-color avia-button avia-button-fullwidth av-l6c3iy97-a1ee14c962068a716488d4f1d45358d9 avia-icon_select-yes-left-icon avia-color-theme-color' ><span class='avia_button_icon avia_button_icon_left' aria-hidden='true' data-av_icon='\ue832' data-av_iconfont='entypo-fontello'><\/span><span class='avia_iconbox_title' >Besuchen Sie uns auf Facebook<\/span><span class='avia_button_background avia-button avia-button-fullwidth avia-color-theme-color-highlight'><\/span><\/a><\/div><br \/>\n<div  class='avia-button-wrap avia-button-center  avia-builder-el-8  el_after_av_button_big  avia-builder-el-last ' >\n<style type=\"text\/css\" data-created_by=\"avia_inline_auto\" id=\"style-css-av-l6c3jluv-6134758b14a2a9bc470b21543acd0c18\">\n#top #wrap_all .avia-button.av-l6c3jluv-6134758b14a2a9bc470b21543acd0c18:hover{\ncolor:white;\n-webkit-transition:all 0.4s ease-in-out;\n-moz-transition:all 0.4s ease-in-out;\n-ms-transition:all 0.4s ease-in-out;\n-o-transition:all 0.4s ease-in-out;\ntransition:all 0.4s ease-in-out;\n}\n<\/style>\n<a href='https:\/\/www.instagram.com\/cleanstop_orsa\/' class='avia-color-theme-color avia-font-color-theme-color avia-button avia-button-fullwidth av-l6c3jluv-6134758b14a2a9bc470b21543acd0c18 avia-icon_select-yes-left-icon avia-color-theme-color' ><span class='avia_button_icon avia_button_icon_left' aria-hidden='true' data-av_icon='\ue832' data-av_iconfont='entypo-fontello'><\/span><span class='avia_iconbox_title' >Besuchen Sie uns auf Instagram<\/span><span class='avia_button_background avia-button avia-button-fullwidth avia-color-theme-color-highlight'><\/span><\/a><\/div><\/p><\/div>\n","protected":false},"excerpt":{"rendered":"","protected":false},"author":8,"featured_media":7909,"parent":0,"menu_order":0,"comment_status":"closed","ping_status":"closed","template":"","meta":{"footnotes":""},"categories":[82],"tags":[],"class_list":["post-7987","page","type-page","status-publish","has-post-thumbnail","hentry","category-transport-taxi-de"],"_links":{"self":[{"href":"https:\/\/visitorsa.se\/de\/wp-json\/wp\/v2\/pages\/7987","targetHints":{"allow":["GET"]}}],"collection":[{"href":"https:\/\/visitorsa.se\/de\/wp-json\/wp\/v2\/pages"}],"about":[{"href":"https:\/\/visitorsa.se\/de\/wp-json\/wp\/v2\/types\/page"}],"author":[{"embeddable":true,"href":"https:\/\/visitorsa.se\/de\/wp-json\/wp\/v2\/users\/8"}],"replies":[{"embeddable":true,"href":"https:\/\/visitorsa.se\/de\/wp-json\/wp\/v2\/comments?post=7987"}],"version-history":[{"count":4,"href":"https:\/\/visitorsa.se\/de\/wp-json\/wp\/v2\/pages\/7987\/revisions"}],"predecessor-version":[{"id":53538,"href":"https:\/\/visitorsa.se\/de\/wp-json\/wp\/v2\/pages\/7987\/revisions\/53538"}],"wp:featuredmedia":[{"embeddable":true,"href":"https:\/\/visitorsa.se\/de\/wp-json\/wp\/v2\/media\/7909"}],"wp:attachment":[{"href":"https:\/\/visitorsa.se\/de\/wp-json\/wp\/v2\/media?parent=7987"}],"wp:term":[{"taxonomy":"category","embeddable":true,"href":"https:\/\/visitorsa.se\/de\/wp-json\/wp\/v2\/categories?post=7987"},{"taxonomy":"post_tag","embeddable":true,"href":"https:\/\/visitorsa.se\/de\/wp-json\/wp\/v2\/tags?post=7987"}],"curies":[{"name":"wp","href":"https:\/\/api.w.org\/{rel}","templated":true}]}}