{"id":7449,"date":"2021-04-29T18:30:43","date_gmt":"2021-04-29T16:30:43","guid":{"rendered":"https:\/\/staging.visitorsa.se\/solsyran-2\/"},"modified":"2022-07-08T13:33:44","modified_gmt":"2022-07-08T11:33:44","slug":"solsyran-2","status":"publish","type":"page","link":"https:\/\/visitorsa.se\/de\/solsyran-2\/","title":{"rendered":"Solsyran"},"content":{"rendered":"\n<style type=\"text\/css\" data-created_by=\"avia_inline_auto\" id=\"style-css-av-4ae4w-df72feb9ee13182ef8fa353b23813b86\">\n.flex_column.av-4ae4w-df72feb9ee13182ef8fa353b23813b86{\n-webkit-border-radius:0px 0px 0px 0px;\n-moz-border-radius:0px 0px 0px 0px;\nborder-radius:0px 0px 0px 0px;\npadding:0px 0px 0px 0px;\n}\n<\/style>\n<div class='flex_column av-4ae4w-df72feb9ee13182ef8fa353b23813b86 av_one_half  avia-builder-el-0  el_before_av_one_half  avia-builder-el-first  first flex_column_div av-zero-column-padding '     ><style type=\"text\/css\" data-created_by=\"avia_inline_auto\" id=\"style-css-av-kgf1j3ru-2d27d1bc1c0eb13f05d56da14b5fa488\">\n#top .avia-gallery.av-kgf1j3ru-2d27d1bc1c0eb13f05d56da14b5fa488 .avia-gallery-thumb a{\nwidth:33.3333%;\n}\n<\/style>\n<div  class='avia-gallery av-kgf1j3ru-2d27d1bc1c0eb13f05d56da14b5fa488 avia_animate_when_visible  avia-builder-el-1  avia-builder-el-no-sibling  avia_lazyload avia-gallery-animate avia-gallery-1'  itemprop=\"image\" itemscope=\"itemscope\" itemtype=\"https:\/\/schema.org\/ImageObject\" ><meta itemprop=\"contentURL\" content=\"https:\/\/visitorsa.se\/de\/solsyran-2\/\"><div class='avia-gallery-thumb'><a href=\"https:\/\/visitorsa.se\/app\/uploads\/2021\/04\/Solsyran-2.jpg\" data-srcset=\"https:\/\/visitorsa.se\/app\/uploads\/2021\/04\/Solsyran-2.jpg 768w, https:\/\/visitorsa.se\/app\/uploads\/2021\/04\/Solsyran-2-225x300.jpg 225w, https:\/\/visitorsa.se\/app\/uploads\/2021\/04\/Solsyran-2-529x705.jpg 529w\" data-sizes=\"(max-width: 768px) 100vw, 768px\" data-rel='gallery-1' data-prev-img='https:\/\/visitorsa.se\/app\/uploads\/2021\/04\/Solsyran-2-495x400.jpg' class='first_thumb lightbox ' data-onclick='1' title='Solsyran 2'  itemprop=\"thumbnailUrl\"  ><img decoding=\"async\" class=\"wp-image-5864 avia-img-lazy-loading-not-5864\"   src=\"https:\/\/visitorsa.se\/app\/uploads\/2021\/04\/Solsyran-2-529x705.jpg\" width=\"529\" height=\"705\"  title='Solsyran 2' alt='Besuchen Sie Orsa' srcset=\"https:\/\/visitorsa.se\/app\/uploads\/2021\/04\/Solsyran-2-529x705.jpg 529w, https:\/\/visitorsa.se\/app\/uploads\/2021\/04\/Solsyran-2-225x300.jpg 225w, https:\/\/visitorsa.se\/app\/uploads\/2021\/04\/Solsyran-2.jpg 768w\" sizes=\"(max-width: 529px) 100vw, 529px\" \/><div class='big-prev-fake'><img loading=\"lazy\" decoding=\"async\" class=\"wp-image-5864 avia-img-lazy-loading-5864\"  width=\"495\" height=\"400\" src=\"https:\/\/visitorsa.se\/app\/uploads\/2021\/04\/Solsyran-2-495x400.jpg\" title='Solsyran 2' alt='Besuchen Sie Orsa' \/><\/div><\/a><a href=\"https:\/\/visitorsa.se\/app\/uploads\/2021\/04\/Solsyran-3-687x1030.jpg\" data-srcset=\"https:\/\/visitorsa.se\/app\/uploads\/2021\/04\/Solsyran-3-687x1030.jpg 687w, https:\/\/visitorsa.se\/app\/uploads\/2021\/04\/Solsyran-3-200x300.jpg 200w, https:\/\/visitorsa.se\/app\/uploads\/2021\/04\/Solsyran-3-470x705.jpg 470w, https:\/\/visitorsa.se\/app\/uploads\/2021\/04\/Solsyran-3.jpg 724w\" data-sizes=\"(max-width: 687px) 100vw, 687px\" data-rel='gallery-1' data-prev-img='https:\/\/visitorsa.se\/app\/uploads\/2021\/04\/Solsyran-3-495x400.jpg' class='lightbox ' data-onclick='2' title='Solsyran 3'  itemprop=\"thumbnailUrl\"  ><img decoding=\"async\" class=\"wp-image-5866 avia-img-lazy-loading-not-5866\"   src=\"https:\/\/visitorsa.se\/app\/uploads\/2021\/04\/Solsyran-3-470x705.jpg\" width=\"470\" height=\"705\"  title='Solsyran 3' alt='Besuchen Sie Orsa' srcset=\"https:\/\/visitorsa.se\/app\/uploads\/2021\/04\/Solsyran-3-470x705.jpg 470w, https:\/\/visitorsa.se\/app\/uploads\/2021\/04\/Solsyran-3-200x300.jpg 200w, https:\/\/visitorsa.se\/app\/uploads\/2021\/04\/Solsyran-3-687x1030.jpg 687w, https:\/\/visitorsa.se\/app\/uploads\/2021\/04\/Solsyran-3.jpg 724w\" sizes=\"(max-width: 470px) 100vw, 470px\" \/><div class='big-prev-fake'><img loading=\"lazy\" decoding=\"async\" class=\"wp-image-5866 avia-img-lazy-loading-5866\"  width=\"495\" height=\"400\" src=\"https:\/\/visitorsa.se\/app\/uploads\/2021\/04\/Solsyran-3-495x400.jpg\" title='Solsyran 3' alt='Besuchen Sie Orsa' \/><\/div><\/a><a href=\"https:\/\/visitorsa.se\/app\/uploads\/2021\/04\/Solsyran-4-1030x687.jpg\" data-srcset=\"https:\/\/visitorsa.se\/app\/uploads\/2021\/04\/Solsyran-4-1030x687.jpg 1030w, https:\/\/visitorsa.se\/app\/uploads\/2021\/04\/Solsyran-4-300x200.jpg 300w, https:\/\/visitorsa.se\/app\/uploads\/2021\/04\/Solsyran-4-768x512.jpg 768w, https:\/\/visitorsa.se\/app\/uploads\/2021\/04\/Solsyran-4-705x470.jpg 705w, https:\/\/visitorsa.se\/app\/uploads\/2021\/04\/Solsyran-4.jpg 1086w\" data-sizes=\"(max-width: 1030px) 100vw, 1030px\" data-rel='gallery-1' data-prev-img='https:\/\/visitorsa.se\/app\/uploads\/2021\/04\/Solsyran-4-495x400.jpg' class='lightbox ' data-onclick='3' title='Solsyran 4'  itemprop=\"thumbnailUrl\"  ><img decoding=\"async\" class=\"wp-image-5868 avia-img-lazy-loading-not-5868\"   src=\"https:\/\/visitorsa.se\/app\/uploads\/2021\/04\/Solsyran-4-705x470.jpg\" width=\"705\" height=\"470\"  title='Solsyran 4' alt='Besuchen Sie Orsa' srcset=\"https:\/\/visitorsa.se\/app\/uploads\/2021\/04\/Solsyran-4-705x470.jpg 705w, https:\/\/visitorsa.se\/app\/uploads\/2021\/04\/Solsyran-4-300x200.jpg 300w, https:\/\/visitorsa.se\/app\/uploads\/2021\/04\/Solsyran-4-1030x687.jpg 1030w, https:\/\/visitorsa.se\/app\/uploads\/2021\/04\/Solsyran-4-768x512.jpg 768w, https:\/\/visitorsa.se\/app\/uploads\/2021\/04\/Solsyran-4.jpg 1086w\" sizes=\"(max-width: 705px) 100vw, 705px\" \/><div class='big-prev-fake'><img loading=\"lazy\" decoding=\"async\" class=\"wp-image-5868 avia-img-lazy-loading-5868\"  width=\"495\" height=\"400\" src=\"https:\/\/visitorsa.se\/app\/uploads\/2021\/04\/Solsyran-4-495x400.jpg\" title='Solsyran 4' alt='Besuchen Sie Orsa' srcset=\"https:\/\/visitorsa.se\/app\/uploads\/2021\/04\/Solsyran-4-495x400.jpg 495w, https:\/\/visitorsa.se\/app\/uploads\/2021\/04\/Solsyran-4-845x684.jpg 845w\" sizes=\"auto, (max-width: 495px) 100vw, 495px\" \/><\/div><\/a><a href=\"https:\/\/visitorsa.se\/app\/uploads\/2021\/04\/Solsyran-1-687x1030.jpg\" data-srcset=\"https:\/\/visitorsa.se\/app\/uploads\/2021\/04\/Solsyran-1-687x1030.jpg 687w, https:\/\/visitorsa.se\/app\/uploads\/2021\/04\/Solsyran-1-200x300.jpg 200w, https:\/\/visitorsa.se\/app\/uploads\/2021\/04\/Solsyran-1-470x705.jpg 470w, https:\/\/visitorsa.se\/app\/uploads\/2021\/04\/Solsyran-1.jpg 724w\" data-sizes=\"(max-width: 687px) 100vw, 687px\" data-rel='gallery-1' data-prev-img='https:\/\/visitorsa.se\/app\/uploads\/2021\/04\/Solsyran-1-495x400.jpg' class='first_thumb lightbox ' data-onclick='4' title='Solsyran 1'  itemprop=\"thumbnailUrl\"  ><img decoding=\"async\" class=\"wp-image-5862 avia-img-lazy-loading-not-5862\"   src=\"https:\/\/visitorsa.se\/app\/uploads\/2021\/04\/Solsyran-1-470x705.jpg\" width=\"470\" height=\"705\"  title='Solsyran 1' alt='Besuchen Sie Orsa' srcset=\"https:\/\/visitorsa.se\/app\/uploads\/2021\/04\/Solsyran-1-470x705.jpg 470w, https:\/\/visitorsa.se\/app\/uploads\/2021\/04\/Solsyran-1-200x300.jpg 200w, https:\/\/visitorsa.se\/app\/uploads\/2021\/04\/Solsyran-1-687x1030.jpg 687w, https:\/\/visitorsa.se\/app\/uploads\/2021\/04\/Solsyran-1.jpg 724w\" sizes=\"(max-width: 470px) 100vw, 470px\" \/><div class='big-prev-fake'><img loading=\"lazy\" decoding=\"async\" class=\"wp-image-5862 avia-img-lazy-loading-5862\"  width=\"495\" height=\"400\" src=\"https:\/\/visitorsa.se\/app\/uploads\/2021\/04\/Solsyran-1-495x400.jpg\" title='Solsyran 1' alt='Besuchen Sie Orsa' \/><\/div><\/a><\/div><\/div><\/div>\n<style type=\"text\/css\" data-created_by=\"avia_inline_auto\" id=\"style-css-av-aupcw0-b252b444939f1c6223e79e5b57074446\">\n.flex_column.av-aupcw0-b252b444939f1c6223e79e5b57074446{\n-webkit-border-radius:0px 0px 0px 0px;\n-moz-border-radius:0px 0px 0px 0px;\nborder-radius:0px 0px 0px 0px;\npadding:0px 0px 0px 0px;\n}\n<\/style>\n<div class='flex_column av-aupcw0-b252b444939f1c6223e79e5b57074446 av_one_half  avia-builder-el-2  el_after_av_one_half  el_before_av_one_full  flex_column_div av-zero-column-padding '     ><section  class='av_textblock_section av-kgf1e6kl-253ba1d13068f8db85f0ad3cf08f701d'  itemscope=\"itemscope\" itemtype=\"https:\/\/schema.org\/CreativeWork\" ><div class='avia_textblock'  itemprop=\"text\" ><div id=\"frame-237-2308-1\" class=\"yframe frame-1-4 rem-phone-50 rem-pad-33_33\">\n<div class=\"yframe-inner\">\n<div id=\"object-237-4410\" class=\"content-object object-1-1 general-text\" data-type=\"general-text\">\n<div class=\"object-inner\">\n<h3 class=\"main-title entry-title \">Solsyran<\/h3>\n<p style=\"font-weight: 400\">Solsyran producerar och s\u00e4ljer f\u00e4rska och syrade gr\u00f6nsaker, havtornb\u00e4r, havtornsnektar och juice. \u00c4ven f\u00e4rska b\u00e4r s\u00e5som jordgubbar. Vi s\u00e4ljer ekologiska torrvaror fr\u00e5n v\u00e5rt l\u00f6sviktssystem, gotl\u00e4ndska linser, r\u00e4ttviks\u00e4rt, svensk quinoa, torkade frukter med mera. H\u00e4r finns en biologisk diversifierad gr\u00f6nsaks- och b\u00e4rodling.\u00a0Solsyran arbetar f\u00f6r att gynna pollinat\u00f6rer och nyttodjur i gr\u00f6nsaksodlingen.\u00a0Vi har en ekologiskt certifierad produktion, KRAV.<\/p>\n<p style=\"font-weight: 400\">Solsyran hittar du i byn Hansj\u00f6 norr om Orsa. Ribbtj\u00e4rnsv. 22.<\/p>\n<p style=\"font-weight: 400\">G\u00e5rdsf\u00f6rs\u00e4ljning \u00f6ppnar 1 juni.\u00a0Bemannat torsdag 15\u201317.30 och l\u00f6rdag 10\u201314.<\/p>\n<p style=\"font-weight: 400\">Sj\u00e4lvbetj\u00e4ning m\u00e5ndag, tisdag och fredag kl. 12\u201318 (endast f\u00f6rpackat, i bunt, knippen och styck) betala med Swish eller kontant.<\/p>\n<p style=\"font-weight: 400\">Bemanningen ut\u00f6kas i b\u00f6rjan av juli.<\/p>\n<p>V\u00e4lkommen!<\/p>\n<h3>Kontakta oss<\/h3>\n<p>073-8077882, 070-8838649<\/p>\n<p><a href=\"solsyranorsa@gmail.com\">solsyranorsa@gmail.com<\/a><\/p>\n<\/div>\n<\/div>\n<\/div>\n<\/div>\n<div id=\"frame-237-2308-2\" class=\"yframe frame-1-4 not_on_phone rem-phone-50 rem-pad-33_33\">\n<div class=\"yframe-inner\">\n<div id=\"object-237-4406\" class=\"content-object object-1-1 not_on_phone general-text\" data-type=\"general-text\">\n<div class=\"object-inner\">\n<h4>Solsyran<\/h4>\n<p style=\"font-weight: 400\">Ribbtj\u00e4rnsv\u00e4gen 22<\/p>\n<p style=\"font-weight: 400\">794 90 Orsa<\/p>\n<\/div>\n<\/div>\n<\/div>\n<\/div>\n<\/div><\/section><br \/>\n<br \/>\n<div  class='avia-button-wrap avia-button-center  avia-builder-el-5  el_after_av_codeblock  avia-builder-el-last ' >\n<style type=\"text\/css\" data-created_by=\"avia_inline_auto\" id=\"style-css-av-kgf1wc7j-f8176b03343525c9245a36419c834702\">\n#top #wrap_all .avia-button.av-kgf1wc7j-f8176b03343525c9245a36419c834702{\ncolor:#ffffff;\n-webkit-transition:all 0.4s ease-in-out;\n-moz-transition:all 0.4s ease-in-out;\n-ms-transition:all 0.4s ease-in-out;\n-o-transition:all 0.4s ease-in-out;\ntransition:all 0.4s ease-in-out;\n}\n#top #wrap_all .avia-button.av-kgf1wc7j-f8176b03343525c9245a36419c834702:hover{\ncolor:#ffffff;\n-webkit-transition:all 0.4s ease-in-out;\n-moz-transition:all 0.4s ease-in-out;\n-ms-transition:all 0.4s ease-in-out;\n-o-transition:all 0.4s ease-in-out;\ntransition:all 0.4s ease-in-out;\n}\n<\/style>\n<a href='https:\/\/solsyran.se\/sol\/' class='avia-color-theme-color avia-button avia-button-fullwidth av-kgf1wc7j-f8176b03343525c9245a36419c834702 avia-icon_select-yes-left-icon avia-color-theme-color' ><span class='avia_button_icon avia_button_icon_left' aria-hidden='true' data-av_icon='\ue832' data-av_iconfont='entypo-fontello'><\/span><span class='avia_iconbox_title' >  Besuchen Sie unsere Website<\/span><span class='avia_button_background avia-button avia-button-fullwidth avia-color-theme-color-highlight'><\/span><\/a><\/div><\/p><\/div>\n<style type=\"text\/css\" data-created_by=\"avia_inline_auto\" id=\"style-css-av-8piq0w-72ce86d9d34e4d6b8bfed66d14dacd08\">\n.flex_column.av-8piq0w-72ce86d9d34e4d6b8bfed66d14dacd08{\n-webkit-border-radius:0px 0px 0px 0px;\n-moz-border-radius:0px 0px 0px 0px;\nborder-radius:0px 0px 0px 0px;\npadding:0px 0px 0px 0px;\n}\n<\/style>\n<div class='flex_column av-8piq0w-72ce86d9d34e4d6b8bfed66d14dacd08 av_one_full  avia-builder-el-6  el_after_av_one_half  avia-builder-el-last  first flex_column_div av-zero-column-padding column-top-margin'     ><\/div><\/p>\n","protected":false},"excerpt":{"rendered":"","protected":false},"author":3,"featured_media":5864,"parent":0,"menu_order":0,"comment_status":"closed","ping_status":"closed","template":"","meta":{"footnotes":""},"categories":[87],"tags":[],"class_list":["post-7449","page","type-page","status-publish","has-post-thumbnail","hentry","category-essen"],"_links":{"self":[{"href":"https:\/\/visitorsa.se\/de\/wp-json\/wp\/v2\/pages\/7449","targetHints":{"allow":["GET"]}}],"collection":[{"href":"https:\/\/visitorsa.se\/de\/wp-json\/wp\/v2\/pages"}],"about":[{"href":"https:\/\/visitorsa.se\/de\/wp-json\/wp\/v2\/types\/page"}],"author":[{"embeddable":true,"href":"https:\/\/visitorsa.se\/de\/wp-json\/wp\/v2\/users\/3"}],"replies":[{"embeddable":true,"href":"https:\/\/visitorsa.se\/de\/wp-json\/wp\/v2\/comments?post=7449"}],"version-history":[{"count":2,"href":"https:\/\/visitorsa.se\/de\/wp-json\/wp\/v2\/pages\/7449\/revisions"}],"predecessor-version":[{"id":7661,"href":"https:\/\/visitorsa.se\/de\/wp-json\/wp\/v2\/pages\/7449\/revisions\/7661"}],"wp:featuredmedia":[{"embeddable":true,"href":"https:\/\/visitorsa.se\/de\/wp-json\/wp\/v2\/media\/5864"}],"wp:attachment":[{"href":"https:\/\/visitorsa.se\/de\/wp-json\/wp\/v2\/media?parent=7449"}],"wp:term":[{"taxonomy":"category","embeddable":true,"href":"https:\/\/visitorsa.se\/de\/wp-json\/wp\/v2\/categories?post=7449"},{"taxonomy":"post_tag","embeddable":true,"href":"https:\/\/visitorsa.se\/de\/wp-json\/wp\/v2\/tags?post=7449"}],"curies":[{"name":"wp","href":"https:\/\/api.w.org\/{rel}","templated":true}]}}