{"id":6816,"date":"2025-05-14T12:01:39","date_gmt":"2025-05-14T10:01:39","guid":{"rendered":"https:\/\/staging.visitorsa.se\/unterkunft-in-orsa\/smidgarden-in-fryksas\/"},"modified":"2025-05-14T12:10:13","modified_gmt":"2025-05-14T10:10:13","slug":"smidgarden-in-fryksas","status":"publish","type":"page","link":"https:\/\/visitorsa.se\/de\/unterkunft-in-orsa\/smidgarden-in-fryksas\/","title":{"rendered":"Smidg\u00e5rden in Fryks\u00e5s"},"content":{"rendered":"\n<style type=\"text\/css\" data-created_by=\"avia_inline_auto\" id=\"style-css-av-4ae4w-df72feb9ee13182ef8fa353b23813b86\">\n.flex_column.av-4ae4w-df72feb9ee13182ef8fa353b23813b86{\n-webkit-border-radius:0px 0px 0px 0px;\n-moz-border-radius:0px 0px 0px 0px;\nborder-radius:0px 0px 0px 0px;\npadding:0px 0px 0px 0px;\n}\n<\/style>\n<div class='flex_column av-4ae4w-df72feb9ee13182ef8fa353b23813b86 av_one_half  avia-builder-el-0  el_before_av_one_half  avia-builder-el-first  first flex_column_div av-zero-column-padding '     ><style type=\"text\/css\" data-created_by=\"avia_inline_auto\" id=\"style-css-av-kgf1874x-0610a43e38d94817cd926a3b21ab80b3\">\n.avia-image-container.av-kgf1874x-0610a43e38d94817cd926a3b21ab80b3 img.avia_image{\nbox-shadow:none;\n}\n.avia-image-container.av-kgf1874x-0610a43e38d94817cd926a3b21ab80b3 .av-caption-image-overlay-bg{\nopacity:0.4;\nbackground-color:#000000;\n}\n.avia-image-container.av-kgf1874x-0610a43e38d94817cd926a3b21ab80b3 .av-image-caption-overlay-center{\ncolor:#ffffff;\n}\n<\/style>\n<div  class='avia-image-container av-kgf1874x-0610a43e38d94817cd926a3b21ab80b3 av-styling- avia-align-center  avia-builder-el-1  avia-builder-el-no-sibling  noHover av-overlay-hover-deactivate'   itemprop=\"image\" itemscope=\"itemscope\" itemtype=\"https:\/\/schema.org\/ImageObject\" ><div class=\"avia-image-container-inner\"><div class=\"avia-image-overlay-wrap\"><div class=\"av-image-caption-overlay\"><div class=\"av-caption-image-overlay-bg\"><\/div><div class=\"av-image-caption-overlay-position\"><div class=\"av-image-caption-overlay-center\"><p>Smidg\u00e5rden<\/p>\n<\/div><\/div><\/div><img decoding=\"async\" class='wp-image- avia-img-lazy-loading-not- avia_image ' src=\"https:\/\/siljandesign.se\/kunder\/vorsa\/app\/uploads\/2020\/10\/smidgexterior-770x423.jpg\" alt='' title=''   itemprop=\"thumbnailUrl\"  \/><\/div><\/div><\/div><\/div>\n\n<style type=\"text\/css\" data-created_by=\"avia_inline_auto\" id=\"style-css-av-aupcw0-b252b444939f1c6223e79e5b57074446\">\n.flex_column.av-aupcw0-b252b444939f1c6223e79e5b57074446{\n-webkit-border-radius:0px 0px 0px 0px;\n-moz-border-radius:0px 0px 0px 0px;\nborder-radius:0px 0px 0px 0px;\npadding:0px 0px 0px 0px;\n}\n<\/style>\n<div class='flex_column av-aupcw0-b252b444939f1c6223e79e5b57074446 av_one_half  avia-builder-el-2  el_after_av_one_half  el_before_av_one_full  flex_column_div av-zero-column-padding '     ><section  class='av_textblock_section av-kgf1e6kl-253ba1d13068f8db85f0ad3cf08f701d'  itemscope=\"itemscope\" itemtype=\"https:\/\/schema.org\/CreativeWork\" ><div class='avia_textblock'  itemprop=\"text\" ><h1>Smidg\u00e5rden<\/h1>\n<p>Smidg\u00e5rden ist die hohe Perle in der Fryks\u00e5s-Bergh\u00fctte, mit kilometerlangem Blick auf den Orsa-See und Siljan und die blauen Berge. Die Familie L\u00e4nsmans sind Nachkommen von Bon\u00e4sbor, die bis Mitte der 1960er Jahre ihre H\u00fctte in Fryks\u00e5s hatten.<\/p>\n<p>Unsere Unterkunft befindet sich in echten Ferienh\u00e4usern mit hohem Standard. Hier finden Sie Schwedens einziges F\u00e4bodrelax \u2013 ein Spa in einer einzigartigen Umgebung. Das Restaurant und Caf\u00e9 des Smidg\u00e5rden bietet k\u00f6stliche und gut zubereitete Gerichte und Geb\u00e4ck. Hier herrscht eine herzliche, famili\u00e4re und liebevolle Atmosph\u00e4re, weshalb wir viele wiederkehrende G\u00e4ste haben. Willkommen bei uns lieben G\u00e4sten!<\/p>\n<p><strong>Telefon<\/strong> +46 (0)70-647 24 53<br \/>\n<strong>info@smidgarden.se per E-Mail<\/strong> versenden<\/p>\n<p><strong>Info Restaurant &amp; Caf\u00e9:<\/strong> 0250-462 31<\/p>\n<p><strong>Adresse<\/strong><br \/>\nFryks\u00e5s 248<br \/>\n794 90 Orsa<\/p>\n<\/div><\/section><br \/>\n<br \/>\n<div  class='avia-button-wrap avia-button-center  avia-builder-el-5  el_after_av_codeblock  avia-builder-el-last ' >\n<style type=\"text\/css\" data-created_by=\"avia_inline_auto\" id=\"style-css-av-kgf1wc7j-021dbaf452e3939403a29152beacc883\">\n#top #wrap_all .avia-button.av-kgf1wc7j-021dbaf452e3939403a29152beacc883{\ncolor:#ffffff;\n-webkit-transition:all 0.4s ease-in-out;\n-moz-transition:all 0.4s ease-in-out;\n-ms-transition:all 0.4s ease-in-out;\n-o-transition:all 0.4s ease-in-out;\ntransition:all 0.4s ease-in-out;\n}\n#top #wrap_all .avia-button.av-kgf1wc7j-021dbaf452e3939403a29152beacc883:hover{\ncolor:#ffffff;\n-webkit-transition:all 0.4s ease-in-out;\n-moz-transition:all 0.4s ease-in-out;\n-ms-transition:all 0.4s ease-in-out;\n-o-transition:all 0.4s ease-in-out;\ntransition:all 0.4s ease-in-out;\n}\n<\/style>\n<a href='http:\/\/www.smidgarden.se\/' class='avia-color-theme-color avia-button avia-button-fullwidth av-kgf1wc7j-021dbaf452e3939403a29152beacc883 avia-icon_select-yes-left-icon avia-color-theme-color' ><span class='avia_button_icon avia_button_icon_left' aria-hidden='true' data-av_icon='\ue832' data-av_iconfont='entypo-fontello'><\/span><span class='avia_iconbox_title' >  Besuchen Sie unsere Website<\/span><span class='avia_button_background avia-button avia-button-fullwidth avia-color-theme-color-highlight'><\/span><\/a><\/div><\/p><\/div>\n<style type=\"text\/css\" data-created_by=\"avia_inline_auto\" id=\"style-css-av-6d4ygg-db790e9493201a1d2f9d8b3dfe30decc\">\n.flex_column.av-6d4ygg-db790e9493201a1d2f9d8b3dfe30decc{\n-webkit-border-radius:0px 0px 0px 0px;\n-moz-border-radius:0px 0px 0px 0px;\nborder-radius:0px 0px 0px 0px;\npadding:0px 0px 0px 0px;\n}\n<\/style>\n<div class='flex_column av-6d4ygg-db790e9493201a1d2f9d8b3dfe30decc av_one_full  avia-builder-el-6  el_after_av_one_half  avia-builder-el-last  first flex_column_div av-zero-column-padding column-top-margin'     ><p><br \/>\n<div  class='hr av-q02kg-929231cc3f5975b5640180b17a981cbc hr-default  avia-builder-el-8  el_after_av_gallery  el_before_av_textblock '><span class='hr-inner '><span class=\"hr-inner-style\"><\/span><\/span><\/div><br \/>\n<section  class='av_textblock_section av-kgf1t2bv-effacdaae12a966cf6ef65e251f97e2b'  itemscope=\"itemscope\" itemtype=\"https:\/\/schema.org\/CreativeWork\" ><div class='avia_textblock'  itemprop=\"text\" ><\/div><\/section><\/p><\/div><\/p>\n","protected":false},"excerpt":{"rendered":"","protected":false},"author":1,"featured_media":0,"parent":6424,"menu_order":0,"comment_status":"closed","ping_status":"closed","template":"","meta":{"footnotes":""},"categories":[84],"tags":[114],"class_list":["post-6816","page","type-page","status-publish","hentry","category-unterkunft-in-orsa","tag-cottages-de"],"_links":{"self":[{"href":"https:\/\/visitorsa.se\/de\/wp-json\/wp\/v2\/pages\/6816","targetHints":{"allow":["GET"]}}],"collection":[{"href":"https:\/\/visitorsa.se\/de\/wp-json\/wp\/v2\/pages"}],"about":[{"href":"https:\/\/visitorsa.se\/de\/wp-json\/wp\/v2\/types\/page"}],"author":[{"embeddable":true,"href":"https:\/\/visitorsa.se\/de\/wp-json\/wp\/v2\/users\/1"}],"replies":[{"embeddable":true,"href":"https:\/\/visitorsa.se\/de\/wp-json\/wp\/v2\/comments?post=6816"}],"version-history":[{"count":2,"href":"https:\/\/visitorsa.se\/de\/wp-json\/wp\/v2\/pages\/6816\/revisions"}],"predecessor-version":[{"id":7671,"href":"https:\/\/visitorsa.se\/de\/wp-json\/wp\/v2\/pages\/6816\/revisions\/7671"}],"up":[{"embeddable":true,"href":"https:\/\/visitorsa.se\/de\/wp-json\/wp\/v2\/pages\/6424"}],"wp:attachment":[{"href":"https:\/\/visitorsa.se\/de\/wp-json\/wp\/v2\/media?parent=6816"}],"wp:term":[{"taxonomy":"category","embeddable":true,"href":"https:\/\/visitorsa.se\/de\/wp-json\/wp\/v2\/categories?post=6816"},{"taxonomy":"post_tag","embeddable":true,"href":"https:\/\/visitorsa.se\/de\/wp-json\/wp\/v2\/tags?post=6816"}],"curies":[{"name":"wp","href":"https:\/\/api.w.org\/{rel}","templated":true}]}}