{"id":6814,"date":"2025-05-14T12:02:36","date_gmt":"2025-05-14T10:02:36","guid":{"rendered":"https:\/\/staging.visitorsa.se\/aktivitaeten-in-orsa\/orsayran\/"},"modified":"2025-05-14T12:09:47","modified_gmt":"2025-05-14T10:09:47","slug":"orsayran","status":"publish","type":"page","link":"https:\/\/visitorsa.se\/de\/aktivitaeten-in-orsa\/orsayran\/","title":{"rendered":"OrsaYran"},"content":{"rendered":"\n<style type=\"text\/css\" data-created_by=\"avia_inline_auto\" id=\"style-css-av-6d4ygg-db790e9493201a1d2f9d8b3dfe30decc\">\n.flex_column.av-6d4ygg-db790e9493201a1d2f9d8b3dfe30decc{\n-webkit-border-radius:0px 0px 0px 0px;\n-moz-border-radius:0px 0px 0px 0px;\nborder-radius:0px 0px 0px 0px;\npadding:0px 0px 0px 0px;\n}\n<\/style>\n<div class='flex_column av-6d4ygg-db790e9493201a1d2f9d8b3dfe30decc av_one_full  avia-builder-el-0  el_before_av_one_half  avia-builder-el-first  first flex_column_div av-zero-column-padding '     ><\/div>\n\n<style type=\"text\/css\" data-created_by=\"avia_inline_auto\" id=\"style-css-av-aupcw0-034727ff4178265a807e03e0bbca9dc3\">\n.flex_column.av-aupcw0-034727ff4178265a807e03e0bbca9dc3{\n-webkit-border-radius:0px 0px 0px 0px;\n-moz-border-radius:0px 0px 0px 0px;\nborder-radius:0px 0px 0px 0px;\npadding:0px 0px 0px 0px;\n}\n<\/style>\n<div class='flex_column av-aupcw0-034727ff4178265a807e03e0bbca9dc3 av_one_half  avia-builder-el-2  el_after_av_one_full  el_before_av_one_half  first flex_column_div av-zero-column-padding column-top-margin'     ><section  class='av_textblock_section av-kgf1e6kl-253ba1d13068f8db85f0ad3cf08f701d'  itemscope=\"itemscope\" itemtype=\"https:\/\/schema.org\/CreativeWork\" ><div class='avia_textblock'  itemprop=\"text\" ><h3 class=\"w44 bcm cn\">OrsaYran, Musik und Unterhaltung auf offener Stra\u00dfe<\/h3>\n<p>W\u00e4hrend Orsayran ist Orsa mit Musik und Gesang in den verschiedensten Genres gef\u00fcllt. Dazu ein reiches Volksleben und viele Aktivit\u00e4ten und M\u00f6glichkeiten, in einer sommerlichen und musikalischen Umgebung zu essen und zu trinken.<br \/>\nIn diesem Sommer triffst du viele etablierte Musiker und K\u00fcnstler. Das Einzigartige ist, dass man sie auf den Stra\u00dfen und Pl\u00e4tzen trifft und dass alles auf echtem Wunsch basiert, Musik zu machen und nicht auf hohen Gags.<\/p>\n<p>Neben Musik und Musik gibt es wieder mehrere Portionen Essen und Trinken mit Alkoholzulassung, Jahrmarkt, Kinderprogrammen, Jugendszene, Markt und mehr!<\/p>\n<p class=\"c\">Herzlich willkommen in Yra auf den Stra\u00dfen und Pl\u00e4tzen von Orsa.<\/p>\n<\/div><\/section><br \/>\n<\/p><\/div>\n\n<style type=\"text\/css\" data-created_by=\"avia_inline_auto\" id=\"style-css-av-aupcw0-b252b444939f1c6223e79e5b57074446\">\n.flex_column.av-aupcw0-b252b444939f1c6223e79e5b57074446{\n-webkit-border-radius:0px 0px 0px 0px;\n-moz-border-radius:0px 0px 0px 0px;\nborder-radius:0px 0px 0px 0px;\npadding:0px 0px 0px 0px;\n}\n<\/style>\n<div class='flex_column av-aupcw0-b252b444939f1c6223e79e5b57074446 av_one_half  avia-builder-el-5  el_after_av_one_half  avia-builder-el-last  flex_column_div av-zero-column-padding column-top-margin'     ><section  class='av_textblock_section av-kgf1e6kl-253ba1d13068f8db85f0ad3cf08f701d'  itemscope=\"itemscope\" itemtype=\"https:\/\/schema.org\/CreativeWork\" ><div class='avia_textblock'  itemprop=\"text\" ><h3>Kontaktieren Sie uns<\/h3>\n<div class=\"Preview_row__3Fkye row\">\n<div class=\"Preview_componentWrapper__2i4QI\" data-id=\"4D68CCC7-C840-4870-B199-2E5F42D7C469\" data-kind=\"TEXT\">\n<div class=\" Preview_component__SbiKo \" data-id=\"4D68CCC7-C840-4870-B199-2E5F42D7C469\" data-kind=\"Component\" data-specific-kind=\"TEXT\">\n<div class=\"textnormal styles_text__3jGMu\">\n<div class=\"mceNonEditable left\">\n<div data-wrap-id=\"89662A40-F3A5-45C8-B934-013A497C8044\">\n<div class=\"Preview_column__1KeVx col\">\n<div class=\"Preview_row__3Fkye row\">\n<div class=\"Preview_componentWrapper__2i4QI\" data-id=\"89662A40-F3A5-45C8-B934-013A497C8044\" data-kind=\"IMAGE\">\n<div class=\" Preview_component__SbiKo \" data-id=\"89662A40-F3A5-45C8-B934-013A497C8044\" data-kind=\"Component\" data-specific-kind=\"IMAGE\">\n<p><strong>Telefon + <\/strong>46 (0)73-804 55 04<br \/>\n<strong>info@orsayran.se per E-Mail<\/strong> versenden<\/p>\n<h3>Orsayran<\/h3>\n<p>Kyrkogatan 5<br \/>\nOrsa<\/p>\n<\/div>\n<\/div>\n<\/div>\n<\/div>\n<\/div>\n<\/div>\n<\/div>\n<\/div>\n<\/div>\n<\/div>\n<\/div><\/section><br \/>\n<br \/>\n<div  class='avia-button-wrap avia-button-center  avia-builder-el-8  el_after_av_codeblock  avia-builder-el-last ' >\n<style type=\"text\/css\" data-created_by=\"avia_inline_auto\" id=\"style-css-av-kgf1wc7j-a52df4c4fc87aac1069e74f16aef0e20\">\n#top #wrap_all .avia-button.av-kgf1wc7j-a52df4c4fc87aac1069e74f16aef0e20{\ncolor:#ffffff;\n-webkit-transition:all 0.4s ease-in-out;\n-moz-transition:all 0.4s ease-in-out;\n-ms-transition:all 0.4s ease-in-out;\n-o-transition:all 0.4s ease-in-out;\ntransition:all 0.4s ease-in-out;\n}\n#top #wrap_all .avia-button.av-kgf1wc7j-a52df4c4fc87aac1069e74f16aef0e20:hover{\ncolor:#ffffff;\n-webkit-transition:all 0.4s ease-in-out;\n-moz-transition:all 0.4s ease-in-out;\n-ms-transition:all 0.4s ease-in-out;\n-o-transition:all 0.4s ease-in-out;\ntransition:all 0.4s ease-in-out;\n}\n<\/style>\n<a href='https:\/\/orsayran.se' class='avia-color-theme-color avia-button avia-button-fullwidth av-kgf1wc7j-a52df4c4fc87aac1069e74f16aef0e20 avia-icon_select-yes-left-icon avia-color-theme-color' ><span class='avia_button_icon avia_button_icon_left' aria-hidden='true' data-av_icon='\ue832' data-av_iconfont='entypo-fontello'><\/span><span class='avia_iconbox_title' >  Besuchen Sie unsere Website<\/span><span class='avia_button_background avia-button avia-button-fullwidth avia-color-theme-color-highlight'><\/span><\/a><\/div><\/p><\/div>\n","protected":false},"excerpt":{"rendered":"","protected":false},"author":1,"featured_media":0,"parent":6408,"menu_order":0,"comment_status":"closed","ping_status":"closed","template":"","meta":{"footnotes":""},"categories":[70],"tags":[],"class_list":["post-6814","page","type-page","status-publish","hentry","category-aktivitaten-in-orsa"],"_links":{"self":[{"href":"https:\/\/visitorsa.se\/de\/wp-json\/wp\/v2\/pages\/6814","targetHints":{"allow":["GET"]}}],"collection":[{"href":"https:\/\/visitorsa.se\/de\/wp-json\/wp\/v2\/pages"}],"about":[{"href":"https:\/\/visitorsa.se\/de\/wp-json\/wp\/v2\/types\/page"}],"author":[{"embeddable":true,"href":"https:\/\/visitorsa.se\/de\/wp-json\/wp\/v2\/users\/1"}],"replies":[{"embeddable":true,"href":"https:\/\/visitorsa.se\/de\/wp-json\/wp\/v2\/comments?post=6814"}],"version-history":[{"count":2,"href":"https:\/\/visitorsa.se\/de\/wp-json\/wp\/v2\/pages\/6814\/revisions"}],"predecessor-version":[{"id":249902,"href":"https:\/\/visitorsa.se\/de\/wp-json\/wp\/v2\/pages\/6814\/revisions\/249902"}],"up":[{"embeddable":true,"href":"https:\/\/visitorsa.se\/de\/wp-json\/wp\/v2\/pages\/6408"}],"wp:attachment":[{"href":"https:\/\/visitorsa.se\/de\/wp-json\/wp\/v2\/media?parent=6814"}],"wp:term":[{"taxonomy":"category","embeddable":true,"href":"https:\/\/visitorsa.se\/de\/wp-json\/wp\/v2\/categories?post=6814"},{"taxonomy":"post_tag","embeddable":true,"href":"https:\/\/visitorsa.se\/de\/wp-json\/wp\/v2\/tags?post=6814"}],"curies":[{"name":"wp","href":"https:\/\/api.w.org\/{rel}","templated":true}]}}