{"id":6806,"date":"2025-05-14T12:02:34","date_gmt":"2025-05-14T10:02:34","guid":{"rendered":"https:\/\/staging.visitorsa.se\/unterkunft-in-orsa\/hotel-strandvillan-im-stadtzentrum-von-orsa\/"},"modified":"2025-05-14T12:10:13","modified_gmt":"2025-05-14T10:10:13","slug":"hotel-strandvillan-im-stadtzentrum-von-orsa","status":"publish","type":"page","link":"https:\/\/visitorsa.se\/de\/unterkunft-in-orsa\/hotel-strandvillan-im-stadtzentrum-von-orsa\/","title":{"rendered":"Hotel Strandvillan in Orsa"},"content":{"rendered":"\n<style type=\"text\/css\" data-created_by=\"avia_inline_auto\" id=\"style-css-av-4ae4w-df72feb9ee13182ef8fa353b23813b86\">\n.flex_column.av-4ae4w-df72feb9ee13182ef8fa353b23813b86{\n-webkit-border-radius:0px 0px 0px 0px;\n-moz-border-radius:0px 0px 0px 0px;\nborder-radius:0px 0px 0px 0px;\npadding:0px 0px 0px 0px;\n}\n<\/style>\n<div class='flex_column av-4ae4w-df72feb9ee13182ef8fa353b23813b86 av_one_half  avia-builder-el-0  el_before_av_one_half  avia-builder-el-first  first flex_column_div av-zero-column-padding '     ><style type=\"text\/css\" data-created_by=\"avia_inline_auto\" id=\"style-css-av-kgf1874x-727b95c4a1ac2f005cfb186bba9dfa0c\">\n.avia-image-container.av-kgf1874x-727b95c4a1ac2f005cfb186bba9dfa0c img.avia_image{\nbox-shadow:none;\n}\n.avia-image-container.av-kgf1874x-727b95c4a1ac2f005cfb186bba9dfa0c .av-caption-image-overlay-bg{\nopacity:0.4;\nbackground-color:#000000;\n}\n.avia-image-container.av-kgf1874x-727b95c4a1ac2f005cfb186bba9dfa0c .av-image-caption-overlay-center{\ncolor:#ffffff;\n}\n<\/style>\n<div  class='avia-image-container av-kgf1874x-727b95c4a1ac2f005cfb186bba9dfa0c av-styling- avia-align-center  avia-builder-el-1  avia-builder-el-no-sibling  noHover av-overlay-hover-deactivate'   itemprop=\"image\" itemscope=\"itemscope\" itemtype=\"https:\/\/schema.org\/ImageObject\" ><div class=\"avia-image-container-inner\"><div class=\"avia-image-overlay-wrap\"><div class=\"av-image-caption-overlay\"><div class=\"av-caption-image-overlay-bg\"><\/div><div class=\"av-image-caption-overlay-position\"><div class=\"av-image-caption-overlay-center\"><p>Die Strandvilla in Orsa<\/p>\n<\/div><\/div><\/div><img decoding=\"async\" class='wp-image- avia-img-lazy-loading-not- avia_image ' src=\"https:\/\/siljandesign.se\/kunder\/vorsa\/app\/uploads\/2020\/10\/strandv-845x599.jpeg\" alt='' title=''   itemprop=\"thumbnailUrl\"  \/><\/div><\/div><\/div><\/div>\n\n<style type=\"text\/css\" data-created_by=\"avia_inline_auto\" id=\"style-css-av-aupcw0-b252b444939f1c6223e79e5b57074446\">\n.flex_column.av-aupcw0-b252b444939f1c6223e79e5b57074446{\n-webkit-border-radius:0px 0px 0px 0px;\n-moz-border-radius:0px 0px 0px 0px;\nborder-radius:0px 0px 0px 0px;\npadding:0px 0px 0px 0px;\n}\n<\/style>\n<div class='flex_column av-aupcw0-b252b444939f1c6223e79e5b57074446 av_one_half  avia-builder-el-2  el_after_av_one_half  el_before_av_one_full  flex_column_div av-zero-column-padding '     ><section  class='av_textblock_section av-kgf1e6kl-253ba1d13068f8db85f0ad3cf08f701d'  itemscope=\"itemscope\" itemtype=\"https:\/\/schema.org\/CreativeWork\" ><div class='avia_textblock'  itemprop=\"text\" ><h1>Hotel Strandvillan B&amp;B<\/h1>\n<p>Hallo und willkommen im Hotell Strandvillan B &amp; B. Das Hotel befindet sich in Familienbesitz der Familie Carola und H\u00e5kan Carlsson, die 2019 nach Fam Mashur, der das Hotel in den letzten 4 Jahren gef\u00fchrt hat, \u00fcbernommen haben. Sowohl bei H\u00e5kan als auch bei Carola gibt es eine lange Erfahrung, da beide in der Hotel- und Restaurantbranche aufgewachsen sind und gearbeitet haben. Das Hotel befindet sich im Zentrum von Orsa down bei Lill\u00e5n und verf\u00fcgt \u00fcber 12 gem\u00fctliche und sch\u00f6n eingerichtete Zimmer. Haustiere sind nicht erlaubt. Alle Zimmer haben im Jahr 2020 neue Betten usw. erhalten. Die Zimmer sind von gutem Standard zu vern\u00fcnftigen Preisen. Eine Sauna ist ebenfalls vorhanden. Wir haben 12 kostenlose Parkpl\u00e4tze, einige mit Strom gegen Geb\u00fchr 1 Ladestation f\u00fcr Elektroautos \/ Hybride, so dass unsere G\u00e4ste nie an Parkpl\u00e4tze denken m\u00fcssen.<\/p>\n<div id=\"ms\">\n<div>\n<p><strong>Telefon<\/strong> +46 (0)250-408 73<br \/>\n<strong>E-Mail-Adresse<\/strong>: info@strandvillan.se<\/p>\n<\/div>\n<p><strong>Adresse<\/strong><\/p>\n<div>\u00c4lvgatan 6<\/div>\n<div>Tel.: 794 30 Orsa<\/div>\n<div><\/div>\n<div><\/div>\n<div><\/div>\n<\/div>\n<div id=\"mh\">\n<div id=\"mm\"><\/div>\n<\/div>\n<\/div><\/section><br \/>\n<br \/>\n<div  class='avia-button-wrap avia-button-center  avia-builder-el-5  el_after_av_codeblock  avia-builder-el-last ' >\n<style type=\"text\/css\" data-created_by=\"avia_inline_auto\" id=\"style-css-av-kgf1wc7j-425f7a4f74372cc95a4e22c556df46a2\">\n#top #wrap_all .avia-button.av-kgf1wc7j-425f7a4f74372cc95a4e22c556df46a2{\ncolor:#ffffff;\n-webkit-transition:all 0.4s ease-in-out;\n-moz-transition:all 0.4s ease-in-out;\n-ms-transition:all 0.4s ease-in-out;\n-o-transition:all 0.4s ease-in-out;\ntransition:all 0.4s ease-in-out;\n}\n#top #wrap_all .avia-button.av-kgf1wc7j-425f7a4f74372cc95a4e22c556df46a2:hover{\ncolor:#ffffff;\n-webkit-transition:all 0.4s ease-in-out;\n-moz-transition:all 0.4s ease-in-out;\n-ms-transition:all 0.4s ease-in-out;\n-o-transition:all 0.4s ease-in-out;\ntransition:all 0.4s ease-in-out;\n}\n<\/style>\n<a href='http:\/\/www.strandvillan.se' class='avia-color-theme-color avia-button avia-button-fullwidth av-kgf1wc7j-425f7a4f74372cc95a4e22c556df46a2 avia-icon_select-yes-left-icon avia-color-theme-color' ><span class='avia_button_icon avia_button_icon_left' aria-hidden='true' data-av_icon='\ue832' data-av_iconfont='entypo-fontello'><\/span><span class='avia_iconbox_title' >  Besuchen Sie unsere Website<\/span><span class='avia_button_background avia-button avia-button-fullwidth avia-color-theme-color-highlight'><\/span><\/a><\/div><\/p><\/div>\n\n<style type=\"text\/css\" data-created_by=\"avia_inline_auto\" id=\"style-css-av-6d4ygg-db790e9493201a1d2f9d8b3dfe30decc\">\n.flex_column.av-6d4ygg-db790e9493201a1d2f9d8b3dfe30decc{\n-webkit-border-radius:0px 0px 0px 0px;\n-moz-border-radius:0px 0px 0px 0px;\nborder-radius:0px 0px 0px 0px;\npadding:0px 0px 0px 0px;\n}\n<\/style>\n<div class='flex_column av-6d4ygg-db790e9493201a1d2f9d8b3dfe30decc av_one_full  avia-builder-el-6  el_after_av_one_half  avia-builder-el-last  first flex_column_div av-zero-column-padding column-top-margin'     ><p>\n<style type=\"text\/css\" data-created_by=\"avia_inline_auto\" id=\"style-css-av-kgf1j3ru-1a3c39b7ad98d0c1fad7116e3c24708e\">\n#top .avia-gallery.av-kgf1j3ru-1a3c39b7ad98d0c1fad7116e3c24708e .avia-gallery-thumb a{\nwidth:25%;\n}\n<\/style>\n<div  class='avia-gallery av-kgf1j3ru-1a3c39b7ad98d0c1fad7116e3c24708e avia_animate_when_visible  avia-builder-el-7  el_before_av_hr  avia-builder-el-first  avia_lazyload avia-gallery-animate avia-gallery-1'  itemprop=\"image\" itemscope=\"itemscope\" itemtype=\"https:\/\/schema.org\/ImageObject\" ><meta itemprop=\"contentURL\" content=\"https:\/\/visitorsa.se\/de\/unterkunft-in-orsa\/hotel-strandvillan-im-stadtzentrum-von-orsa\/\"><div class='avia-gallery-thumb'><a href=\"https:\/\/visitorsa.se\/app\/uploads\/2021\/03\/Strandvillan-1-1030x687.jpg\" data-srcset=\"https:\/\/visitorsa.se\/app\/uploads\/2021\/03\/Strandvillan-1-1030x687.jpg 1030w, https:\/\/visitorsa.se\/app\/uploads\/2021\/03\/Strandvillan-1-300x200.jpg 300w, https:\/\/visitorsa.se\/app\/uploads\/2021\/03\/Strandvillan-1-768x512.jpg 768w, https:\/\/visitorsa.se\/app\/uploads\/2021\/03\/Strandvillan-1-1536x1024.jpg 1536w, https:\/\/visitorsa.se\/app\/uploads\/2021\/03\/Strandvillan-1-2048x1366.jpg 2048w, https:\/\/visitorsa.se\/app\/uploads\/2021\/03\/Strandvillan-1-1500x1000.jpg 1500w, https:\/\/visitorsa.se\/app\/uploads\/2021\/03\/Strandvillan-1-705x470.jpg 705w\" data-sizes=\"(max-width: 1030px) 100vw, 1030px\" data-rel='gallery-1' data-prev-img='https:\/\/visitorsa.se\/app\/uploads\/2021\/03\/Strandvillan-1-495x400.jpg' class='first_thumb lightbox ' data-onclick='1' title='Strandvillan'  itemprop=\"thumbnailUrl\"  ><img decoding=\"async\" class=\"wp-image-5710 avia-img-lazy-loading-not-5710\"   src=\"https:\/\/visitorsa.se\/app\/uploads\/2021\/03\/Strandvillan-1-495x400.jpg\" width=\"495\" height=\"400\"  title='Strandvillan' alt='Besuchen Sie Orsa' srcset=\"https:\/\/visitorsa.se\/app\/uploads\/2021\/03\/Strandvillan-1-495x400.jpg 495w, https:\/\/visitorsa.se\/app\/uploads\/2021\/03\/Strandvillan-1-845x684.jpg 845w\" sizes=\"(max-width: 495px) 100vw, 495px\" \/><div class='big-prev-fake'><img loading=\"lazy\" decoding=\"async\" class=\"wp-image-5710 avia-img-lazy-loading-5710\"  width=\"495\" height=\"400\" src=\"https:\/\/visitorsa.se\/app\/uploads\/2021\/03\/Strandvillan-1-495x400.jpg\" title='Strandvillan' alt='Besuchen Sie Orsa' srcset=\"https:\/\/visitorsa.se\/app\/uploads\/2021\/03\/Strandvillan-1-495x400.jpg 495w, https:\/\/visitorsa.se\/app\/uploads\/2021\/03\/Strandvillan-1-845x684.jpg 845w\" sizes=\"auto, (max-width: 495px) 100vw, 495px\" \/><\/div><\/a><a href=\"https:\/\/visitorsa.se\/app\/uploads\/2021\/03\/Strandvillan-2-1030x687.jpg\" data-srcset=\"https:\/\/visitorsa.se\/app\/uploads\/2021\/03\/Strandvillan-2-1030x687.jpg 1030w, https:\/\/visitorsa.se\/app\/uploads\/2021\/03\/Strandvillan-2-300x200.jpg 300w, https:\/\/visitorsa.se\/app\/uploads\/2021\/03\/Strandvillan-2-768x512.jpg 768w, https:\/\/visitorsa.se\/app\/uploads\/2021\/03\/Strandvillan-2-1536x1024.jpg 1536w, https:\/\/visitorsa.se\/app\/uploads\/2021\/03\/Strandvillan-2-2048x1366.jpg 2048w, https:\/\/visitorsa.se\/app\/uploads\/2021\/03\/Strandvillan-2-1500x1000.jpg 1500w, https:\/\/visitorsa.se\/app\/uploads\/2021\/03\/Strandvillan-2-705x470.jpg 705w\" data-sizes=\"(max-width: 1030px) 100vw, 1030px\" data-rel='gallery-1' data-prev-img='https:\/\/visitorsa.se\/app\/uploads\/2021\/03\/Strandvillan-2-495x400.jpg' class='lightbox ' data-onclick='2' title='Strandvillan'  itemprop=\"thumbnailUrl\"  ><img decoding=\"async\" class=\"wp-image-5712 avia-img-lazy-loading-not-5712\"   src=\"https:\/\/visitorsa.se\/app\/uploads\/2021\/03\/Strandvillan-2-495x400.jpg\" width=\"495\" height=\"400\"  title='Strandvillan' alt='Besuchen Sie Orsa' srcset=\"https:\/\/visitorsa.se\/app\/uploads\/2021\/03\/Strandvillan-2-495x400.jpg 495w, https:\/\/visitorsa.se\/app\/uploads\/2021\/03\/Strandvillan-2-845x684.jpg 845w\" sizes=\"(max-width: 495px) 100vw, 495px\" \/><div class='big-prev-fake'><img loading=\"lazy\" decoding=\"async\" class=\"wp-image-5712 avia-img-lazy-loading-5712\"  width=\"495\" height=\"400\" src=\"https:\/\/visitorsa.se\/app\/uploads\/2021\/03\/Strandvillan-2-495x400.jpg\" title='Strandvillan' alt='Besuchen Sie Orsa' srcset=\"https:\/\/visitorsa.se\/app\/uploads\/2021\/03\/Strandvillan-2-495x400.jpg 495w, https:\/\/visitorsa.se\/app\/uploads\/2021\/03\/Strandvillan-2-845x684.jpg 845w\" sizes=\"auto, (max-width: 495px) 100vw, 495px\" \/><\/div><\/a><a href=\"https:\/\/visitorsa.se\/app\/uploads\/2021\/03\/Strandvillan-3-1030x687.jpg\" data-srcset=\"https:\/\/visitorsa.se\/app\/uploads\/2021\/03\/Strandvillan-3-1030x687.jpg 1030w, https:\/\/visitorsa.se\/app\/uploads\/2021\/03\/Strandvillan-3-300x200.jpg 300w, https:\/\/visitorsa.se\/app\/uploads\/2021\/03\/Strandvillan-3-768x512.jpg 768w, https:\/\/visitorsa.se\/app\/uploads\/2021\/03\/Strandvillan-3-1536x1024.jpg 1536w, https:\/\/visitorsa.se\/app\/uploads\/2021\/03\/Strandvillan-3-2048x1366.jpg 2048w, https:\/\/visitorsa.se\/app\/uploads\/2021\/03\/Strandvillan-3-1500x1000.jpg 1500w, https:\/\/visitorsa.se\/app\/uploads\/2021\/03\/Strandvillan-3-705x470.jpg 705w\" data-sizes=\"(max-width: 1030px) 100vw, 1030px\" data-rel='gallery-1' data-prev-img='https:\/\/visitorsa.se\/app\/uploads\/2021\/03\/Strandvillan-3-495x400.jpg' class='lightbox ' data-onclick='3' title='Strandvillan'  itemprop=\"thumbnailUrl\"  ><img decoding=\"async\" class=\"wp-image-5714 avia-img-lazy-loading-not-5714\"   src=\"https:\/\/visitorsa.se\/app\/uploads\/2021\/03\/Strandvillan-3-495x400.jpg\" width=\"495\" height=\"400\"  title='Strandvillan' alt='Besuchen Sie Orsa' srcset=\"https:\/\/visitorsa.se\/app\/uploads\/2021\/03\/Strandvillan-3-495x400.jpg 495w, https:\/\/visitorsa.se\/app\/uploads\/2021\/03\/Strandvillan-3-845x684.jpg 845w\" sizes=\"(max-width: 495px) 100vw, 495px\" \/><div class='big-prev-fake'><img loading=\"lazy\" decoding=\"async\" class=\"wp-image-5714 avia-img-lazy-loading-5714\"  width=\"495\" height=\"400\" src=\"https:\/\/visitorsa.se\/app\/uploads\/2021\/03\/Strandvillan-3-495x400.jpg\" title='Strandvillan' alt='Besuchen Sie Orsa' srcset=\"https:\/\/visitorsa.se\/app\/uploads\/2021\/03\/Strandvillan-3-495x400.jpg 495w, https:\/\/visitorsa.se\/app\/uploads\/2021\/03\/Strandvillan-3-845x684.jpg 845w\" sizes=\"auto, (max-width: 495px) 100vw, 495px\" \/><\/div><\/a><\/div><\/div><br \/>\n<div  class='hr av-q02kg-929231cc3f5975b5640180b17a981cbc hr-default  avia-builder-el-8  el_after_av_gallery  avia-builder-el-last '><span class='hr-inner '><span class=\"hr-inner-style\"><\/span><\/span><\/div><\/p><\/div>\n","protected":false},"excerpt":{"rendered":"","protected":false},"author":1,"featured_media":286341,"parent":6424,"menu_order":0,"comment_status":"closed","ping_status":"closed","template":"","meta":{"footnotes":""},"categories":[84],"tags":[115],"class_list":["post-6806","page","type-page","status-publish","has-post-thumbnail","hentry","category-unterkunft-in-orsa","tag-hotel"],"_links":{"self":[{"href":"https:\/\/visitorsa.se\/de\/wp-json\/wp\/v2\/pages\/6806","targetHints":{"allow":["GET"]}}],"collection":[{"href":"https:\/\/visitorsa.se\/de\/wp-json\/wp\/v2\/pages"}],"about":[{"href":"https:\/\/visitorsa.se\/de\/wp-json\/wp\/v2\/types\/page"}],"author":[{"embeddable":true,"href":"https:\/\/visitorsa.se\/de\/wp-json\/wp\/v2\/users\/1"}],"replies":[{"embeddable":true,"href":"https:\/\/visitorsa.se\/de\/wp-json\/wp\/v2\/comments?post=6806"}],"version-history":[{"count":5,"href":"https:\/\/visitorsa.se\/de\/wp-json\/wp\/v2\/pages\/6806\/revisions"}],"predecessor-version":[{"id":8093,"href":"https:\/\/visitorsa.se\/de\/wp-json\/wp\/v2\/pages\/6806\/revisions\/8093"}],"up":[{"embeddable":true,"href":"https:\/\/visitorsa.se\/de\/wp-json\/wp\/v2\/pages\/6424"}],"wp:featuredmedia":[{"embeddable":true,"href":"https:\/\/visitorsa.se\/de\/wp-json\/wp\/v2\/media\/286341"}],"wp:attachment":[{"href":"https:\/\/visitorsa.se\/de\/wp-json\/wp\/v2\/media?parent=6806"}],"wp:term":[{"taxonomy":"category","embeddable":true,"href":"https:\/\/visitorsa.se\/de\/wp-json\/wp\/v2\/categories?post=6806"},{"taxonomy":"post_tag","embeddable":true,"href":"https:\/\/visitorsa.se\/de\/wp-json\/wp\/v2\/tags?post=6806"}],"curies":[{"name":"wp","href":"https:\/\/api.w.org\/{rel}","templated":true}]}}