{"id":6804,"date":"2025-05-14T12:02:38","date_gmt":"2025-05-14T10:02:38","guid":{"rendered":"https:\/\/staging.visitorsa.se\/unterkunft-in-orsa\/harabacken-in-skattungbyn\/"},"modified":"2025-05-14T12:09:48","modified_gmt":"2025-05-14T10:09:48","slug":"harabacken-in-skattungbyn","status":"publish","type":"page","link":"https:\/\/visitorsa.se\/de\/unterkunft-in-orsa\/harabacken-in-skattungbyn\/","title":{"rendered":"Harabacken in Skattungbyn"},"content":{"rendered":"\n<style type=\"text\/css\" data-created_by=\"avia_inline_auto\" id=\"style-css-av-4ae4w-df72feb9ee13182ef8fa353b23813b86\">\n.flex_column.av-4ae4w-df72feb9ee13182ef8fa353b23813b86{\n-webkit-border-radius:0px 0px 0px 0px;\n-moz-border-radius:0px 0px 0px 0px;\nborder-radius:0px 0px 0px 0px;\npadding:0px 0px 0px 0px;\n}\n<\/style>\n<div class='flex_column av-4ae4w-df72feb9ee13182ef8fa353b23813b86 av_one_half  avia-builder-el-0  el_before_av_one_half  avia-builder-el-first  first flex_column_div av-zero-column-padding '     ><style type=\"text\/css\" data-created_by=\"avia_inline_auto\" id=\"style-css-av-kgf1874x-08d72176d0a4dc9ac597b3dbae50ee7e\">\n.avia-image-container.av-kgf1874x-08d72176d0a4dc9ac597b3dbae50ee7e img.avia_image{\nbox-shadow:none;\n}\n.avia-image-container.av-kgf1874x-08d72176d0a4dc9ac597b3dbae50ee7e .av-caption-image-overlay-bg{\nopacity:0.4;\nbackground-color:#000000;\n}\n.avia-image-container.av-kgf1874x-08d72176d0a4dc9ac597b3dbae50ee7e .av-image-caption-overlay-center{\ncolor:#ffffff;\n}\n<\/style>\n<div  class='avia-image-container av-kgf1874x-08d72176d0a4dc9ac597b3dbae50ee7e av-styling- avia-align-center  avia-builder-el-1  avia-builder-el-no-sibling  noHover av-overlay-hover-deactivate'   itemprop=\"image\" itemscope=\"itemscope\" itemtype=\"https:\/\/schema.org\/ImageObject\" ><div class=\"avia-image-container-inner\"><div class=\"avia-image-overlay-wrap\"><div class=\"av-image-caption-overlay\"><div class=\"av-caption-image-overlay-bg\"><\/div><div class=\"av-image-caption-overlay-position\"><div class=\"av-image-caption-overlay-center\"><p>Gem\u00fctliches Ferienhaus auf Harabacken in Skattungbyn<\/p>\n<\/div><\/div><\/div><img decoding=\"async\" class='wp-image- avia-img-lazy-loading-not- avia_image ' src=\"https:\/\/siljandesign.se\/kunder\/vorsa\/app\/uploads\/2020\/10\/07501e20-66e0-11ea-992f-a37de251ab5c-1-845x684.jpeg\" alt='' title=''   itemprop=\"thumbnailUrl\"  \/><\/div><\/div><\/div><\/div>\n\n<style type=\"text\/css\" data-created_by=\"avia_inline_auto\" id=\"style-css-av-aupcw0-b252b444939f1c6223e79e5b57074446\">\n.flex_column.av-aupcw0-b252b444939f1c6223e79e5b57074446{\n-webkit-border-radius:0px 0px 0px 0px;\n-moz-border-radius:0px 0px 0px 0px;\nborder-radius:0px 0px 0px 0px;\npadding:0px 0px 0px 0px;\n}\n<\/style>\n<div class='flex_column av-aupcw0-b252b444939f1c6223e79e5b57074446 av_one_half  avia-builder-el-2  el_after_av_one_half  el_before_av_one_full  flex_column_div av-zero-column-padding '     ><section  class='av_textblock_section av-kgf1e6kl-253ba1d13068f8db85f0ad3cf08f701d'  itemscope=\"itemscope\" itemtype=\"https:\/\/schema.org\/CreativeWork\" ><div class='avia_textblock'  itemprop=\"text\" ><div id=\"ms\">\n<h3 class=\"f1\">Ferienhaus auf Harabacken in Skattungbyn<\/h3>\n<p>Willkommen in unserer Himmelrike, einem netten kleinen H\u00e4uschen hoch oben in Skattungbyn, mit Blick auf die blauen Berge, Orsa finnmark, Ore Fluss und See Skattungen.<br \/>\nDas Dorf ist sehr aktiv und lebensf\u00e4hig, mit einem eigenen dorfeigenen Gesch\u00e4ft und liegt 15 km n\u00f6rdlich von Orsa.<br \/>\nHier k\u00f6nnen Sie sich entspannen und die Ruhe und Natur genie\u00dfen.<br \/>\nDie H\u00fctte ist gem\u00fctlich und in unserem Hof gibt es ein sch\u00f6nes Gew\u00e4chshaus, das wir gerne teilen, genie\u00dfen Sie Ihren Morgenkaffee oder Abendessen dort.<\/p>\n<p><strong><span class=\"c av\">Telefon<\/span><span class=\"aw\"> <\/span><\/strong><span class=\"ah f2\">+46 (0)73-086 53 82 (<span class=\"c\">Nina Lindunger<\/span>)<\/span><br \/>\n<strong><span class=\"c av\">Telefon<\/span><span class=\"aw\"> <\/span><\/strong><span class=\"ah f2\">Tel.: +46 (0)70-523 79 42 (<span class=\"c\">P-O S\u00f6derlund<\/span>)<\/span><\/p>\n<p><strong><span class=\"t8 c av\">Adresse<\/span><\/p>\n<p><\/strong><span class=\"t8 aw\"><strong>:<\/strong><\/p>\n<p><\/span><span class=\"c\">Skattunge <span class=\"t8 ah\">Kyrkv\u00e4g 34 79495<\/span><br \/>\nSkattungbyn, Orsa<\/span><\/p>\n<\/div>\n<div id=\"mh\">\n<div id=\"mm\"><\/div>\n<\/div>\n<\/div><\/section><\/div>\n<style type=\"text\/css\" data-created_by=\"avia_inline_auto\" id=\"style-css-av-6d4ygg-db790e9493201a1d2f9d8b3dfe30decc\">\n.flex_column.av-6d4ygg-db790e9493201a1d2f9d8b3dfe30decc{\n-webkit-border-radius:0px 0px 0px 0px;\n-moz-border-radius:0px 0px 0px 0px;\nborder-radius:0px 0px 0px 0px;\npadding:0px 0px 0px 0px;\n}\n<\/style>\n<div class='flex_column av-6d4ygg-db790e9493201a1d2f9d8b3dfe30decc av_one_full  avia-builder-el-4  el_after_av_one_half  el_before_av_one_full  first flex_column_div av-zero-column-padding column-top-margin'     ><p><br \/>\n<div  class='hr av-q02kg-929231cc3f5975b5640180b17a981cbc hr-default  avia-builder-el-6  el_after_av_gallery  avia-builder-el-last '><span class='hr-inner '><span class=\"hr-inner-style\"><\/span><\/span><\/div><\/p><\/div><\/p>\n\n<style type=\"text\/css\" data-created_by=\"avia_inline_auto\" id=\"style-css-av-8piq0w-72ce86d9d34e4d6b8bfed66d14dacd08\">\n.flex_column.av-8piq0w-72ce86d9d34e4d6b8bfed66d14dacd08{\n-webkit-border-radius:0px 0px 0px 0px;\n-moz-border-radius:0px 0px 0px 0px;\nborder-radius:0px 0px 0px 0px;\npadding:0px 0px 0px 0px;\n}\n<\/style>\n<div class='flex_column av-8piq0w-72ce86d9d34e4d6b8bfed66d14dacd08 av_one_full  avia-builder-el-7  el_after_av_one_full  avia-builder-el-last  first flex_column_div av-zero-column-padding column-top-margin'     ><\/div>\n","protected":false},"excerpt":{"rendered":"","protected":false},"author":1,"featured_media":0,"parent":6424,"menu_order":0,"comment_status":"closed","ping_status":"closed","template":"","meta":{"footnotes":""},"categories":[84],"tags":[114],"class_list":["post-6804","page","type-page","status-publish","hentry","category-unterkunft-in-orsa","tag-cottages-de"],"_links":{"self":[{"href":"https:\/\/visitorsa.se\/de\/wp-json\/wp\/v2\/pages\/6804","targetHints":{"allow":["GET"]}}],"collection":[{"href":"https:\/\/visitorsa.se\/de\/wp-json\/wp\/v2\/pages"}],"about":[{"href":"https:\/\/visitorsa.se\/de\/wp-json\/wp\/v2\/types\/page"}],"author":[{"embeddable":true,"href":"https:\/\/visitorsa.se\/de\/wp-json\/wp\/v2\/users\/1"}],"replies":[{"embeddable":true,"href":"https:\/\/visitorsa.se\/de\/wp-json\/wp\/v2\/comments?post=6804"}],"version-history":[{"count":2,"href":"https:\/\/visitorsa.se\/de\/wp-json\/wp\/v2\/pages\/6804\/revisions"}],"predecessor-version":[{"id":249899,"href":"https:\/\/visitorsa.se\/de\/wp-json\/wp\/v2\/pages\/6804\/revisions\/249899"}],"up":[{"embeddable":true,"href":"https:\/\/visitorsa.se\/de\/wp-json\/wp\/v2\/pages\/6424"}],"wp:attachment":[{"href":"https:\/\/visitorsa.se\/de\/wp-json\/wp\/v2\/media?parent=6804"}],"wp:term":[{"taxonomy":"category","embeddable":true,"href":"https:\/\/visitorsa.se\/de\/wp-json\/wp\/v2\/categories?post=6804"},{"taxonomy":"post_tag","embeddable":true,"href":"https:\/\/visitorsa.se\/de\/wp-json\/wp\/v2\/tags?post=6804"}],"curies":[{"name":"wp","href":"https:\/\/api.w.org\/{rel}","templated":true}]}}