{"id":6782,"date":"2025-05-14T12:13:36","date_gmt":"2025-05-14T10:13:36","guid":{"rendered":"https:\/\/staging.visitorsa.se\/aktivitaeten-in-orsa\/orsa-eisen-design-kunstschmieden\/"},"modified":"2025-05-14T12:13:36","modified_gmt":"2025-05-14T10:13:36","slug":"orsa-eisen-design-kunstschmieden","status":"publish","type":"page","link":"https:\/\/visitorsa.se\/de\/aktivitaeten-in-orsa\/orsa-eisen-design-kunstschmieden\/","title":{"rendered":"Orsa Eisen &amp; Design Kunstschmieden"},"content":{"rendered":"\n<style type=\"text\/css\" data-created_by=\"avia_inline_auto\" id=\"style-css-av-6d4ygg-db790e9493201a1d2f9d8b3dfe30decc\">\n.flex_column.av-6d4ygg-db790e9493201a1d2f9d8b3dfe30decc{\n-webkit-border-radius:0px 0px 0px 0px;\n-moz-border-radius:0px 0px 0px 0px;\nborder-radius:0px 0px 0px 0px;\npadding:0px 0px 0px 0px;\n}\n<\/style>\n<div class='flex_column av-6d4ygg-db790e9493201a1d2f9d8b3dfe30decc av_one_full  avia-builder-el-0  el_before_av_one_half  avia-builder-el-first  first flex_column_div av-zero-column-padding '     ><\/div>\n\n<style type=\"text\/css\" data-created_by=\"avia_inline_auto\" id=\"style-css-av-aupcw0-034727ff4178265a807e03e0bbca9dc3\">\n.flex_column.av-aupcw0-034727ff4178265a807e03e0bbca9dc3{\n-webkit-border-radius:0px 0px 0px 0px;\n-moz-border-radius:0px 0px 0px 0px;\nborder-radius:0px 0px 0px 0px;\npadding:0px 0px 0px 0px;\n}\n<\/style>\n<div class='flex_column av-aupcw0-034727ff4178265a807e03e0bbca9dc3 av_one_half  avia-builder-el-2  el_after_av_one_full  el_before_av_one_half  first flex_column_div av-zero-column-padding column-top-margin'     ><section  class='av_textblock_section av-kgf1e6kl-253ba1d13068f8db85f0ad3cf08f701d'  itemscope=\"itemscope\" itemtype=\"https:\/\/schema.org\/CreativeWork\" ><div class='avia_textblock'  itemprop=\"text\" ><h3 id=\"ft\" class=\"f i f3\"><span class=\"bd\">Schmieden, Kunstschmieden, Schmiedewerkzeuge und glatte Kurse<\/span><\/h3>\n<p class=\"f i f3\">Klassisches Eisenschmieden, wie es sein sollte, aus der Hofschmiede in Dalarna.<\/p>\n<div id=\"ip\">Orsa J\u00e4rn &amp; Design wurde 2003 gegr\u00fcndet und stellt Eisenschmieden und Wikingerschmuck her.<br \/>\nLieferant von Schmiedewerkzeugen und Schmiedemaschinen. Die Arbeit in der Schmiede mit klassischer Schmiedekunst unterteilt sich meist in leicht unterschiedliche Jahreszeiten. Kunstschmieden, Kerzenst\u00e4nder und Geschenkartikel in den Wintermonaten, Im Sommer gelten mehr Sonderauftr\u00e4ge, Renovierungen und Geb\u00e4udepflegeschmiedearbeiten. Im Laufe des Jahres wird es auch einige Schmiedekurse geben.<\/p>\n<p class=\"c f bd\">&#8220;Es ist gro\u00dfartig zu sehen, wie ein St\u00fcck Eisen w\u00e4hrend des Erhitzens formbar wird und sich langsam in eine sch\u00f6ne Kreation verwandelt, und ich hoffe, das zeigt sich in meinen Kreationen.&#8221;<\/p>\n<\/div>\n<\/div><\/section><br \/>\n<\/p><\/div>\n\n<style type=\"text\/css\" data-created_by=\"avia_inline_auto\" id=\"style-css-av-aupcw0-b252b444939f1c6223e79e5b57074446\">\n.flex_column.av-aupcw0-b252b444939f1c6223e79e5b57074446{\n-webkit-border-radius:0px 0px 0px 0px;\n-moz-border-radius:0px 0px 0px 0px;\nborder-radius:0px 0px 0px 0px;\npadding:0px 0px 0px 0px;\n}\n<\/style>\n<div class='flex_column av-aupcw0-b252b444939f1c6223e79e5b57074446 av_one_half  avia-builder-el-5  el_after_av_one_half  avia-builder-el-last  flex_column_div av-zero-column-padding column-top-margin'     ><section  class='av_textblock_section av-kgf1e6kl-253ba1d13068f8db85f0ad3cf08f701d'  itemscope=\"itemscope\" itemtype=\"https:\/\/schema.org\/CreativeWork\" ><div class='avia_textblock'  itemprop=\"text\" ><div>\n<div id=\"ms\">\n<h3 class=\"f1\">Kontaktieren Sie uns<\/h3>\n<p><strong><br \/>\n  <span class=\"t8 c av\">Telefon <\/span><br \/>\n<\/strong><span class=\"t8 c av\">073-0329699<\/span><strong><br \/>\n  <span class=\"t8 c av\"><\/p>\n<p>Adresse<\/span><br \/>\n<\/strong><span class=\"t8 aw\"><br \/>\n<\/span><span class=\"c\"><span class=\"t8 ah\">Annas Stra\u00dfe 2,<\/span><br \/>\n79432 Orsa<\/span><\/p>\n<p>Schmieden von Kursseite und Blog: <a href=\"http:\/\/smideskurs.se\">http:\/\/smideskurs.se<\/a><\/p>\n<\/div>\n<\/div>\n<\/div><\/section><br \/>\n<br \/>\n<div  class='avia-button-wrap avia-button-center  avia-builder-el-8  el_after_av_codeblock  avia-builder-el-last ' >\n<style type=\"text\/css\" data-created_by=\"avia_inline_auto\" id=\"style-css-av-kgf1wc7j-4c221db83e1ae085b69ce086e81a0e52\">\n#top #wrap_all .avia-button.av-kgf1wc7j-4c221db83e1ae085b69ce086e81a0e52{\ncolor:#ffffff;\n-webkit-transition:all 0.4s ease-in-out;\n-moz-transition:all 0.4s ease-in-out;\n-ms-transition:all 0.4s ease-in-out;\n-o-transition:all 0.4s ease-in-out;\ntransition:all 0.4s ease-in-out;\n}\n#top #wrap_all .avia-button.av-kgf1wc7j-4c221db83e1ae085b69ce086e81a0e52:hover{\ncolor:#ffffff;\n-webkit-transition:all 0.4s ease-in-out;\n-moz-transition:all 0.4s ease-in-out;\n-ms-transition:all 0.4s ease-in-out;\n-o-transition:all 0.4s ease-in-out;\ntransition:all 0.4s ease-in-out;\n}\n<\/style>\n<a href='https:\/\/svartsmide.se\/' class='avia-color-theme-color avia-button avia-button-fullwidth av-kgf1wc7j-4c221db83e1ae085b69ce086e81a0e52 avia-icon_select-yes-left-icon avia-color-theme-color' ><span class='avia_button_icon avia_button_icon_left' aria-hidden='true' data-av_icon='\ue832' data-av_iconfont='entypo-fontello'><\/span><span class='avia_iconbox_title' >  Besuchen Sie unsere Website<\/span><span class='avia_button_background avia-button avia-button-fullwidth avia-color-theme-color-highlight'><\/span><\/a><\/div><\/p><\/div>\n","protected":false},"excerpt":{"rendered":"","protected":false},"author":1,"featured_media":0,"parent":6408,"menu_order":0,"comment_status":"closed","ping_status":"closed","template":"","meta":{"footnotes":""},"categories":[77,80],"tags":[95,110],"class_list":["post-6782","page","type-page","status-publish","hentry","category-der-handwerker-des-dorfes","category-handel-handwerk","tag-aktivitaten","tag-einkaufen"],"_links":{"self":[{"href":"https:\/\/visitorsa.se\/de\/wp-json\/wp\/v2\/pages\/6782","targetHints":{"allow":["GET"]}}],"collection":[{"href":"https:\/\/visitorsa.se\/de\/wp-json\/wp\/v2\/pages"}],"about":[{"href":"https:\/\/visitorsa.se\/de\/wp-json\/wp\/v2\/types\/page"}],"author":[{"embeddable":true,"href":"https:\/\/visitorsa.se\/de\/wp-json\/wp\/v2\/users\/1"}],"replies":[{"embeddable":true,"href":"https:\/\/visitorsa.se\/de\/wp-json\/wp\/v2\/comments?post=6782"}],"version-history":[{"count":5,"href":"https:\/\/visitorsa.se\/de\/wp-json\/wp\/v2\/pages\/6782\/revisions"}],"predecessor-version":[{"id":8042,"href":"https:\/\/visitorsa.se\/de\/wp-json\/wp\/v2\/pages\/6782\/revisions\/8042"}],"up":[{"embeddable":true,"href":"https:\/\/visitorsa.se\/de\/wp-json\/wp\/v2\/pages\/6408"}],"wp:attachment":[{"href":"https:\/\/visitorsa.se\/de\/wp-json\/wp\/v2\/media?parent=6782"}],"wp:term":[{"taxonomy":"category","embeddable":true,"href":"https:\/\/visitorsa.se\/de\/wp-json\/wp\/v2\/categories?post=6782"},{"taxonomy":"post_tag","embeddable":true,"href":"https:\/\/visitorsa.se\/de\/wp-json\/wp\/v2\/tags?post=6782"}],"curies":[{"name":"wp","href":"https:\/\/api.w.org\/{rel}","templated":true}]}}