{"id":6779,"date":"2025-05-14T12:02:39","date_gmt":"2025-05-14T10:02:39","guid":{"rendered":"https:\/\/staging.visitorsa.se\/sehenswuerdigkeiten\/"},"modified":"2025-05-14T12:08:11","modified_gmt":"2025-05-14T10:08:11","slug":"sehenswuerdigkeiten","status":"publish","type":"page","link":"https:\/\/visitorsa.se\/de\/sehenswuerdigkeiten\/","title":{"rendered":"Tourist Anblick"},"content":{"rendered":"\n<style type=\"text\/css\" data-created_by=\"avia_inline_auto\" id=\"style-css-av-3i7rem-1964ddf4bec88c048fa50c0f8cd13ada\">\n.flex_column.av-3i7rem-1964ddf4bec88c048fa50c0f8cd13ada{\n-webkit-border-radius:0px 0px 0px 0px;\n-moz-border-radius:0px 0px 0px 0px;\nborder-radius:0px 0px 0px 0px;\npadding:0px 0px 0px 0px;\n}\n<\/style>\n<div class='flex_column av-3i7rem-1964ddf4bec88c048fa50c0f8cd13ada av_one_full  avia-builder-el-0  el_before_av_masonry_entries  avia-builder-el-no-sibling  first flex_column_div av-zero-column-padding '     ><section  class='av_textblock_section av-kgght6t2-8211c234dcd6b5a6980d927586733147'  itemscope=\"itemscope\" itemtype=\"https:\/\/schema.org\/CreativeWork\" ><div class='avia_textblock'  itemprop=\"text\" ><h3>Sehensw\u00fcrdigkeiten<\/h3>\n<p>Hier sind Sie genau richtig! Orsa und Umgebung ist vor allem wegen seiner herrlichen Natur beliebt. Hier k\u00f6nnen Besucher an der Kraft der Natur in bergnahen Bergen, am Meeresleben rund um Orsasj\u00f6n, in Naturschutzgebieten und kilometerlangen Waldlandschaften mit vielen leicht erreichbaren Ausflugszielen teilhaben. \u201eDie Seele passt so gut in Orsas Luft\u201c, wie es ein Anwohner ausdr\u00fcckt.<\/p>\n<\/div><\/section><\/div>\n<div id='av-masonry-1' class='av-masonry av-kgghagwd-d61814114bd00d985c53fafa9900efcc noHover av-fixed-size av-large-gap av-hover-overlay-active av-masonry-animation-active av-masonry-col-4 av-caption-always av-caption-style- av-masonry-entries av-medium-columns-overwrite av-medium-columns-4 av-small-columns-overwrite av-small-columns-3 av-mini-columns-overwrite av-mini-columns-2 '><div class=\"av-masonry-container isotope av-js-disabled\"><div class='av-masonry-entry isotope-item av-masonry-item-no-image all_sort aktivitaten-in-orsa_sort  in-und-um-orsa_sort '><\/div><a href=\"https:\/\/visitorsa.se\/de\/aktivitaeten-in-orsa\/enans-tal\/\"  id='av-masonry-1-item-6745' data-av-masonry-item='6745' class='av-masonry-entry isotope-item post-6745 page type-page status-publish hentry category-aktivitaten-in-orsa category-in-und-um-orsa tag-aktivitaten tag-sehenswurdigkeiten all_sort aktivitaten-in-orsa_sort  in-und-um-orsa_sort  av-masonry-item-no-image' title=\"En\u00e5ns dalg\u00e5ng\"   itemscope=\"itemscope\" itemtype=\"https:\/\/schema.org\/CreativeWork\" ><div class='av-inner-masonry-sizer'><\/div><figure class='av-inner-masonry main_color'><figcaption class='av-inner-masonry-content site-background'><div class='av-inner-masonry-content-pos'><div class='av-inner-masonry-content-pos-content'><div class='avia-arrow'><\/div><h3 class='av-masonry-entry-title entry-title '  itemprop=\"headline\" >En\u00e5ns dalg\u00e5ng<\/h3><\/div><\/div><\/figcaption><\/figure><\/a><!--end av-masonry entry--><a href=\"https:\/\/visitorsa.se\/de\/fagelsjoe-gammelgard\/\"  id='av-masonry-1-item-6502' data-av-masonry-item='6502' class='av-masonry-entry isotope-item post-6502 page type-page status-publish has-post-thumbnail hentry category-in-und-um-orsa all_sort in-und-um-orsa_sort  av-masonry-item-with-image' title=\"F\u00e5gelsj\u00f6 gammelg\u00e5rd 1\"   itemscope=\"itemscope\" itemtype=\"https:\/\/schema.org\/CreativeWork\" ><div class='av-inner-masonry-sizer'><\/div><figure class='av-inner-masonry main_color'><div class=\"av-masonry-outerimage-container\"><div class='av-masonry-image-container' style=\"background-image: url(https:\/\/visitorsa.se\/app\/uploads\/2022\/06\/Fagelsjo-gammelgard-1-705x494.webp);\"  title=\"F\u00e5gelsj\u00f6 gammelg\u00e5rd 1\"   alt=\"Besuchen Sie Orsa\" ><\/div><\/div><figcaption class='av-inner-masonry-content site-background'><div class='av-inner-masonry-content-pos'><div class='av-inner-masonry-content-pos-content'><div class='avia-arrow'><\/div><h3 class='av-masonry-entry-title entry-title '  itemprop=\"headline\" >F\u00e5gelsj\u00f6 Gammelg\u00e5rd<\/h3><\/div><\/div><\/figcaption><\/figure><\/a><!--end av-masonry entry--><a href=\"https:\/\/visitorsa.se\/de\/aktivitaeten-in-orsa\/der-fall-der-hoelle\/\"  id='av-masonry-1-item-6718' data-av-masonry-item='6718' class='av-masonry-entry isotope-item post-6718 page type-page status-publish hentry category-aktivitaten-in-orsa category-in-und-um-orsa tag-aktivitaten all_sort aktivitaten-in-orsa_sort  in-und-um-orsa_sort  av-masonry-item-no-image' title=\"Helvetesfallet\"   itemscope=\"itemscope\" itemtype=\"https:\/\/schema.org\/CreativeWork\" ><div class='av-inner-masonry-sizer'><\/div><figure class='av-inner-masonry main_color'><figcaption class='av-inner-masonry-content site-background'><div class='av-inner-masonry-content-pos'><div class='av-inner-masonry-content-pos-content'><div class='avia-arrow'><\/div><h3 class='av-masonry-entry-title entry-title '  itemprop=\"headline\" >Helvetesfallet<\/h3><\/div><\/div><\/figcaption><\/figure><\/a><!--end av-masonry entry--><a href=\"https:\/\/visitorsa.se\/de\/lindaenget\/\"  id='av-masonry-1-item-53541' data-av-masonry-item='53541' class='av-masonry-entry isotope-item post-53541 page type-page status-publish has-post-thumbnail hentry category-aktivitaten-in-orsa category-in-und-um-orsa all_sort aktivitaten-in-orsa_sort  in-und-um-orsa_sort  av-masonry-item-with-image' title=\"MaxResDefault\"   itemscope=\"itemscope\" itemtype=\"https:\/\/schema.org\/CreativeWork\" ><div class='av-inner-masonry-sizer'><\/div><figure class='av-inner-masonry main_color'><div class=\"av-masonry-outerimage-container\"><div class='av-masonry-image-container' style=\"background-image: url(https:\/\/visitorsa.se\/app\/uploads\/2022\/08\/maxresdefault-705x397.jpg);\"  title=\"MaxResDefault\"  ><\/div><\/div><figcaption class='av-inner-masonry-content site-background'><div class='av-inner-masonry-content-pos'><div class='av-inner-masonry-content-pos-content'><div class='avia-arrow'><\/div><h3 class='av-masonry-entry-title entry-title '  itemprop=\"headline\" >Lind\u00e4nget<\/h3><\/div><\/div><\/figcaption><\/figure><\/a><!--end av-masonry entry--><a href=\"https:\/\/visitorsa.se\/de\/sehenswuerdigkeiten\/orsa-hembygdsgard\/\"  id='av-masonry-1-item-6761' data-av-masonry-item='6761' class='av-masonry-entry isotope-item post-6761 page type-page status-publish hentry category-in-und-um-orsa tag-aktivitaten all_sort in-und-um-orsa_sort  av-masonry-item-no-image' title=\"Orsa Hembygdsg\u00e5rd\"   itemscope=\"itemscope\" itemtype=\"https:\/\/schema.org\/CreativeWork\" ><div class='av-inner-masonry-sizer'><\/div><figure class='av-inner-masonry main_color'><figcaption class='av-inner-masonry-content site-background'><div class='av-inner-masonry-content-pos'><div class='av-inner-masonry-content-pos-content'><div class='avia-arrow'><\/div><h3 class='av-masonry-entry-title entry-title '  itemprop=\"headline\" >Orsa Hembygdsg\u00e5rd<\/h3><\/div><\/div><\/figcaption><\/figure><\/a><!--end av-masonry entry--><a href=\"https:\/\/visitorsa.se\/de\/pfarrgesellschaft-orsa\/\"  id='av-masonry-1-item-6490' data-av-masonry-item='6490' class='av-masonry-entry isotope-item post-6490 page type-page status-publish has-post-thumbnail hentry category-in-und-um-orsa all_sort in-und-um-orsa_sort  av-masonry-item-with-image' title=\"Orsa Pfarrei 2\"   itemscope=\"itemscope\" itemtype=\"https:\/\/schema.org\/CreativeWork\" ><div class='av-inner-masonry-sizer'><\/div><figure class='av-inner-masonry main_color'><div class=\"av-masonry-outerimage-container\"><div class='av-masonry-image-container' style=\"background-image: url(https:\/\/visitorsa.se\/app\/uploads\/2022\/05\/Orsa-sockens-2-705x529.jpg);\"  title=\"Orsa Pfarrei 2\"  ><\/div><\/div><figcaption class='av-inner-masonry-content site-background'><div class='av-inner-masonry-content-pos'><div class='av-inner-masonry-content-pos-content'><div class='avia-arrow'><\/div><h3 class='av-masonry-entry-title entry-title '  itemprop=\"headline\" >Orsa sockens samf\u00e4llighetsf\u00f6rening<\/h3><\/div><\/div><\/figcaption><\/figure><\/a><!--end av-masonry entry--><a href=\"https:\/\/visitorsa.se\/de\/wohnbaracke-ost-grunuberg\/\"  id='av-masonry-1-item-6526' data-av-masonry-item='6526' class='av-masonry-entry isotope-item post-6526 page type-page status-publish has-post-thumbnail hentry category-aktivitaten-in-orsa category-in-und-um-orsa all_sort aktivitaten-in-orsa_sort  in-und-um-orsa_sort  av-masonry-item-with-image' title=\"H\u00fctte Ost-Grunuberg\"   itemscope=\"itemscope\" itemtype=\"https:\/\/schema.org\/CreativeWork\" ><div class='av-inner-masonry-sizer'><\/div><figure class='av-inner-masonry main_color'><div class=\"av-masonry-outerimage-container\"><div class='av-masonry-image-container' style=\"background-image: url(https:\/\/visitorsa.se\/app\/uploads\/2022\/01\/Ostra-Grunuberg-fabod-1-705x282.png);\"  title=\"H\u00fctte Ost-Grunuberg\"   alt=\"Besuchen Sie Orsa\" ><\/div><\/div><figcaption class='av-inner-masonry-content site-background'><div class='av-inner-masonry-content-pos'><div class='av-inner-masonry-content-pos-content'><div class='avia-arrow'><\/div><h3 class='av-masonry-entry-title entry-title '  itemprop=\"headline\" >\u00d6stra Grunuberg \u2013 levande f\u00e4bod<\/h3><\/div><\/div><\/figcaption><\/figure><\/a><!--end av-masonry entry--><a href=\"https:\/\/visitorsa.se\/de\/sehenswuerdigkeiten\/weidencalampinoppi\/\"  id='av-masonry-1-item-6748' data-av-masonry-item='6748' class='av-masonry-entry isotope-item post-6748 page type-page status-publish hentry category-aktivitaten-in-orsa category-in-und-um-orsa tag-aktivitaten tag-sehenswurdigkeiten all_sort aktivitaten-in-orsa_sort  in-und-um-orsa_sort  av-masonry-item-no-image' title=\"Pilkalampinoppi\"   itemscope=\"itemscope\" itemtype=\"https:\/\/schema.org\/CreativeWork\" ><div class='av-inner-masonry-sizer'><\/div><figure class='av-inner-masonry main_color'><figcaption class='av-inner-masonry-content site-background'><div class='av-inner-masonry-content-pos'><div class='av-inner-masonry-content-pos-content'><div class='avia-arrow'><\/div><h3 class='av-masonry-entry-title entry-title '  itemprop=\"headline\" >Pilkalampinoppi<\/h3><\/div><\/div><\/figcaption><\/figure><\/a><!--end av-masonry entry--><a href=\"https:\/\/visitorsa.se\/de\/sehenswuerdigkeiten\/slipstensmuseum-maessbacken\/\"  id='av-masonry-1-item-6759' data-av-masonry-item='6759' class='av-masonry-entry isotope-item post-6759 page type-page status-publish hentry category-in-und-um-orsa all_sort in-und-um-orsa_sort  av-masonry-item-no-image' title=\"Slipstensmuseum M\u00e4ssbacken\"   itemscope=\"itemscope\" itemtype=\"https:\/\/schema.org\/CreativeWork\" ><div class='av-inner-masonry-sizer'><\/div><figure class='av-inner-masonry main_color'><figcaption class='av-inner-masonry-content site-background'><div class='av-inner-masonry-content-pos'><div class='av-inner-masonry-content-pos-content'><div class='avia-arrow'><\/div><h3 class='av-masonry-entry-title entry-title '  itemprop=\"headline\" >Slipstensmuseum M\u00e4ssbacken<\/h3><\/div><\/div><\/figcaption><\/figure><\/a><!--end av-masonry entry--><a href=\"https:\/\/visitorsa.se\/de\/aktivitaeten-in-orsa\/storstupet\/\"  id='av-masonry-1-item-6695' data-av-masonry-item='6695' class='av-masonry-entry isotope-item post-6695 page type-page status-publish hentry category-aktivitaten-in-orsa category-in-und-um-orsa tag-aktivitaten all_sort aktivitaten-in-orsa_sort  in-und-um-orsa_sort  av-masonry-item-no-image' title=\"Storstupet &#8211;\"   itemscope=\"itemscope\" itemtype=\"https:\/\/schema.org\/CreativeWork\" ><div class='av-inner-masonry-sizer'><\/div><figure class='av-inner-masonry main_color'><figcaption class='av-inner-masonry-content site-background'><div class='av-inner-masonry-content-pos'><div class='av-inner-masonry-content-pos-content'><div class='avia-arrow'><\/div><h3 class='av-masonry-entry-title entry-title '  itemprop=\"headline\" >Storstupet &#8211;<\/h3><\/div><\/div><\/figcaption><\/figure><\/a><!--end av-masonry entry--><\/div><\/div>\n","protected":false},"excerpt":{"rendered":"","protected":false},"author":1,"featured_media":0,"parent":0,"menu_order":0,"comment_status":"closed","ping_status":"closed","template":"","meta":{"footnotes":""},"categories":[],"tags":[118],"class_list":["post-6779","page","type-page","status-publish","hentry","tag-mitgliederkategorie"],"_links":{"self":[{"href":"https:\/\/visitorsa.se\/de\/wp-json\/wp\/v2\/pages\/6779","targetHints":{"allow":["GET"]}}],"collection":[{"href":"https:\/\/visitorsa.se\/de\/wp-json\/wp\/v2\/pages"}],"about":[{"href":"https:\/\/visitorsa.se\/de\/wp-json\/wp\/v2\/types\/page"}],"author":[{"embeddable":true,"href":"https:\/\/visitorsa.se\/de\/wp-json\/wp\/v2\/users\/1"}],"replies":[{"embeddable":true,"href":"https:\/\/visitorsa.se\/de\/wp-json\/wp\/v2\/comments?post=6779"}],"version-history":[{"count":8,"href":"https:\/\/visitorsa.se\/de\/wp-json\/wp\/v2\/pages\/6779\/revisions"}],"predecessor-version":[{"id":7851,"href":"https:\/\/visitorsa.se\/de\/wp-json\/wp\/v2\/pages\/6779\/revisions\/7851"}],"wp:attachment":[{"href":"https:\/\/visitorsa.se\/de\/wp-json\/wp\/v2\/media?parent=6779"}],"wp:term":[{"taxonomy":"category","embeddable":true,"href":"https:\/\/visitorsa.se\/de\/wp-json\/wp\/v2\/categories?post=6779"},{"taxonomy":"post_tag","embeddable":true,"href":"https:\/\/visitorsa.se\/de\/wp-json\/wp\/v2\/tags?post=6779"}],"curies":[{"name":"wp","href":"https:\/\/api.w.org\/{rel}","templated":true}]}}