{"id":6778,"date":"2020-11-05T09:45:15","date_gmt":"2020-11-05T08:45:15","guid":{"rendered":"https:\/\/staging.visitorsa.se\/ueber-uns\/"},"modified":"2025-05-14T12:05:36","modified_gmt":"2025-05-14T10:05:36","slug":"ueber-uns","status":"publish","type":"page","link":"https:\/\/visitorsa.se\/de\/ueber-uns\/","title":{"rendered":"\u00dcber uns"},"content":{"rendered":"\n<style type=\"text\/css\" data-created_by=\"avia_inline_auto\" id=\"style-css-av-2ghqi4-bc0a942e65a7cc82af6bf58c4668c689\">\n.flex_column.av-2ghqi4-bc0a942e65a7cc82af6bf58c4668c689{\n-webkit-border-radius:0px 0px 0px 0px;\n-moz-border-radius:0px 0px 0px 0px;\nborder-radius:0px 0px 0px 0px;\npadding:0px 0px 0px 0px;\n}\n<\/style>\n<div class='flex_column av-2ghqi4-bc0a942e65a7cc82af6bf58c4668c689 av_one_full  avia-builder-el-0  avia-builder-el-no-sibling  first flex_column_div av-zero-column-padding '     ><section  class='av_textblock_section av-kh4l4479-872c8142e25735af3c2e5eff24ff3cdb'  itemscope=\"itemscope\" itemtype=\"https:\/\/schema.org\/CreativeWork\" ><div class='avia_textblock'  itemprop=\"text\" ><h3>\u00dcber Visit Orsa<\/h3>\n<p>Visit Orsa ist ein religi\u00f6s und politisch unabh\u00e4ngiger gemeinn\u00fctziger Verein, der das kollektive Angebot von Orsa f\u00fcr Besucher sichtbar macht und die lokale Zusammenarbeit in der Tourismusbranche von Orsa f\u00f6rdert. Wir sind das &#8220;kleine Schaufenster&#8221; f\u00fcr Besucher in Orsa. Unser Motto lautet:<\/p>\n<p><em>Wir arbeiten gemeinsam zum Wohle des Gastes<\/em><\/p>\n<h3>Wirtschaft<\/h3>\n<p>Gemeinn\u00fctziger Verein (nicht umsatzsteuerlich registriert), Organisations-Nr.: 802470-7138<br \/>\nBankverbindung: SwedBank<br \/>\nBankgiro: 5908-0796<br \/>\nSwish: 123 110 36 96<\/p>\n<h3>Vorstand des Vereins<\/h3>\n<div>Liselott L\u00e4nsmans, Vorsitzende<\/div>\n<div>Natalie Yxerius, Sekret\u00e4rin<\/div>\n<div>Carina Frank, Schatzmeisterin<\/div>\n<div>Peter Lundquist, Mitglied<\/div>\n<div>Monica Katarina Frisk, Vorstandsmitglied, Content Manager Social Media<\/div>\n<div>\n<div>Jeanette Sundberg, Vorstandsmitglied<\/div>\n<\/div>\n<div>Isak Lysfoss, Vorstandsmitglied, Marketing<\/div>\n<div>Andrew Langran, Stellvertreter<\/div>\n<div>Cecilia Forslund, Stellvertreterin<\/div>\n<div>Nicolina Daniels, Stellvertreterin<\/div>\n<\/div><\/section><\/div>\n","protected":false},"excerpt":{"rendered":"","protected":false},"author":1,"featured_media":0,"parent":0,"menu_order":0,"comment_status":"closed","ping_status":"closed","template":"","meta":{"footnotes":""},"categories":[],"tags":[],"class_list":["post-6778","page","type-page","status-publish","hentry"],"_links":{"self":[{"href":"https:\/\/visitorsa.se\/de\/wp-json\/wp\/v2\/pages\/6778","targetHints":{"allow":["GET"]}}],"collection":[{"href":"https:\/\/visitorsa.se\/de\/wp-json\/wp\/v2\/pages"}],"about":[{"href":"https:\/\/visitorsa.se\/de\/wp-json\/wp\/v2\/types\/page"}],"author":[{"embeddable":true,"href":"https:\/\/visitorsa.se\/de\/wp-json\/wp\/v2\/users\/1"}],"replies":[{"embeddable":true,"href":"https:\/\/visitorsa.se\/de\/wp-json\/wp\/v2\/comments?post=6778"}],"version-history":[{"count":4,"href":"https:\/\/visitorsa.se\/de\/wp-json\/wp\/v2\/pages\/6778\/revisions"}],"predecessor-version":[{"id":152778,"href":"https:\/\/visitorsa.se\/de\/wp-json\/wp\/v2\/pages\/6778\/revisions\/152778"}],"wp:attachment":[{"href":"https:\/\/visitorsa.se\/de\/wp-json\/wp\/v2\/media?parent=6778"}],"wp:term":[{"taxonomy":"category","embeddable":true,"href":"https:\/\/visitorsa.se\/de\/wp-json\/wp\/v2\/categories?post=6778"},{"taxonomy":"post_tag","embeddable":true,"href":"https:\/\/visitorsa.se\/de\/wp-json\/wp\/v2\/tags?post=6778"}],"curies":[{"name":"wp","href":"https:\/\/api.w.org\/{rel}","templated":true}]}}