{"id":6763,"date":"2025-05-14T12:02:40","date_gmt":"2025-05-14T10:02:40","guid":{"rendered":"https:\/\/staging.visitorsa.se\/aktivitaeten-in-orsa\/spa-feier\/"},"modified":"2025-05-14T12:10:12","modified_gmt":"2025-05-14T10:10:12","slug":"spa-feier","status":"publish","type":"page","link":"https:\/\/visitorsa.se\/de\/aktivitaeten-in-orsa\/spa-feier\/","title":{"rendered":"Spa Celebration"},"content":{"rendered":"\n<style type=\"text\/css\" data-created_by=\"avia_inline_auto\" id=\"style-css-av-6d4ygg-db790e9493201a1d2f9d8b3dfe30decc\">\n.flex_column.av-6d4ygg-db790e9493201a1d2f9d8b3dfe30decc{\n-webkit-border-radius:0px 0px 0px 0px;\n-moz-border-radius:0px 0px 0px 0px;\nborder-radius:0px 0px 0px 0px;\npadding:0px 0px 0px 0px;\n}\n<\/style>\n<div class='flex_column av-6d4ygg-db790e9493201a1d2f9d8b3dfe30decc av_one_full  avia-builder-el-0  el_before_av_one_half  avia-builder-el-first  first flex_column_div av-zero-column-padding '     ><style type=\"text\/css\" data-created_by=\"avia_inline_auto\" id=\"style-css-av-kgf1j3ru-510acf4adec233674573372febac7126\">\n#top .avia-gallery.av-kgf1j3ru-510acf4adec233674573372febac7126 .avia-gallery-thumb a{\nwidth:25%;\n}\n<\/style>\n<div  class='avia-gallery av-kgf1j3ru-510acf4adec233674573372febac7126 avia_animate_when_visible  avia-builder-el-1  avia-builder-el-no-sibling  avia_lazyload avia-gallery-animate avia-gallery-1'  itemprop=\"image\" itemscope=\"itemscope\" itemtype=\"https:\/\/schema.org\/ImageObject\" ><meta itemprop=\"contentURL\" content=\"https:\/\/visitorsa.se\/de\/aktivitaeten-in-orsa\/spa-feier\/\"><div class='avia-gallery-thumb'><a href=\"https:\/\/visitorsa.se\/app\/uploads\/2021\/03\/Spacelebration-1030x815.jpeg\" data-srcset=\"https:\/\/visitorsa.se\/app\/uploads\/2021\/03\/Spacelebration-1030x815.jpeg 1030w, https:\/\/visitorsa.se\/app\/uploads\/2021\/03\/Spacelebration-300x237.jpeg 300w, https:\/\/visitorsa.se\/app\/uploads\/2021\/03\/Spacelebration-768x608.jpeg 768w, https:\/\/visitorsa.se\/app\/uploads\/2021\/03\/Spacelebration-1536x1216.jpeg 1536w, https:\/\/visitorsa.se\/app\/uploads\/2021\/03\/Spacelebration-1500x1187.jpeg 1500w, https:\/\/visitorsa.se\/app\/uploads\/2021\/03\/Spacelebration-705x558.jpeg 705w, https:\/\/visitorsa.se\/app\/uploads\/2021\/03\/Spacelebration.jpeg 1852w\" data-sizes=\"(max-width: 1030px) 100vw, 1030px\" data-rel='gallery-1' data-prev-img='https:\/\/visitorsa.se\/app\/uploads\/2021\/03\/Spacelebration-495x400.jpeg' class='first_thumb lightbox ' data-onclick='1' title='Spa-Feier'  itemprop=\"thumbnailUrl\"  ><img decoding=\"async\" class=\"wp-image-5694 avia-img-lazy-loading-not-5694\"   src=\"https:\/\/visitorsa.se\/app\/uploads\/2021\/03\/Spacelebration-495x400.jpeg\" width=\"495\" height=\"400\"  title='Spa-Feier' alt='Besuchen Sie Orsa' srcset=\"https:\/\/visitorsa.se\/app\/uploads\/2021\/03\/Spacelebration-495x400.jpeg 495w, https:\/\/visitorsa.se\/app\/uploads\/2021\/03\/Spacelebration-845x684.jpeg 845w\" sizes=\"(max-width: 495px) 100vw, 495px\" \/><div class='big-prev-fake'><img loading=\"lazy\" decoding=\"async\" class=\"wp-image-5694 avia-img-lazy-loading-5694\"  width=\"495\" height=\"400\" src=\"https:\/\/visitorsa.se\/app\/uploads\/2021\/03\/Spacelebration-495x400.jpeg\" title='Spa-Feier' alt='Besuchen Sie Orsa' srcset=\"https:\/\/visitorsa.se\/app\/uploads\/2021\/03\/Spacelebration-495x400.jpeg 495w, https:\/\/visitorsa.se\/app\/uploads\/2021\/03\/Spacelebration-845x684.jpeg 845w\" sizes=\"auto, (max-width: 495px) 100vw, 495px\" \/><\/div><\/a><\/div><\/div><\/div>\n\n<style type=\"text\/css\" data-created_by=\"avia_inline_auto\" id=\"style-css-av-aupcw0-034727ff4178265a807e03e0bbca9dc3\">\n.flex_column.av-aupcw0-034727ff4178265a807e03e0bbca9dc3{\n-webkit-border-radius:0px 0px 0px 0px;\n-moz-border-radius:0px 0px 0px 0px;\nborder-radius:0px 0px 0px 0px;\npadding:0px 0px 0px 0px;\n}\n<\/style>\n<div class='flex_column av-aupcw0-034727ff4178265a807e03e0bbca9dc3 av_one_half  avia-builder-el-2  el_after_av_one_full  el_before_av_one_half  first flex_column_div av-zero-column-padding column-top-margin'     ><section  class='av_textblock_section av-kgf1e6kl-b5e14719b34d36133fc039acb7a114af'  itemscope=\"itemscope\" itemtype=\"https:\/\/schema.org\/CreativeWork\" ><div class='avia_textblock'  itemprop=\"text\" ><h4>Willkommen bei Spa Celebration<\/h4>\n<p>Wir bieten einen angenehmen und angenehmen Aufenthalt im Spa in Stackmora, vier Kilometer \u00f6stlich von Orsa in Dalarna, f\u00fcr private und gesch\u00e4ftliche Gruppen von bis zu zehn G\u00e4sten.<\/p>\n<p>Freuen Sie sich auf traditionelle japanische Waschungen, eine Dusche, einen Pool, ein Dampfbad und einen Ruhebereich. Der 32\u00b0C hei\u00dfe Pool ist wie Balsam f\u00fcr K\u00f6rper und Seele. Das Wasser ist nahezu chlorfrei und wird vom Amt f\u00fcr Umwelt und Gesundheitsschutz kontrolliert. Im Pool gibt es wechselnde Beleuchtung und schwimmende Rohre zum Ausruhen.<\/p>\n<p>Zur optionalen Ausstattung geh\u00f6ren ein auf 38-40 \u00b0 C beheizter Whirlpool mit Holzofen und Platz f\u00fcr 8-10 G\u00e4ste. Eine gem\u00fctliche und gro\u00dfz\u00fcgige Grillh\u00fctte steht auch als Option f\u00fcr G\u00e4ste zur Verf\u00fcgung, die vor dem Kuraufenthalt grillen m\u00f6chten.<\/p>\n<p>Spa-Nacht buchen? Mitten in Dalarna im Dorf Stackmora, 10 Minuten von Orsa, 20 Minuten von Mora entfernt. Lesen Sie mehr und buchen Sie hier: <a href=\"http:\/\/www.spacelebration.se\">www.spacelebration.se<\/a> Weitere Informationen: 070\u2013922 54 10.<\/p>\n<\/div><\/section><br \/>\n<\/p><\/div>\n<style type=\"text\/css\" data-created_by=\"avia_inline_auto\" id=\"style-css-av-aupcw0-3-7fc1991e0fecd70c2ded4a1a6ae190d6\">\n.flex_column.av-aupcw0-3-7fc1991e0fecd70c2ded4a1a6ae190d6{\n-webkit-border-radius:0px 0px 0px 0px;\n-moz-border-radius:0px 0px 0px 0px;\nborder-radius:0px 0px 0px 0px;\npadding:0px 0px 0px 0px;\n}\n<\/style>\n<div class='flex_column av-aupcw0-3-7fc1991e0fecd70c2ded4a1a6ae190d6 av_one_half  avia-builder-el-5  el_after_av_one_half  avia-builder-el-last  flex_column_div av-zero-column-padding column-top-margin'     ><section  class='av_textblock_section av-kgf1e6kl-2-782df081e2dd20d47d481dc7201db0a9'  itemscope=\"itemscope\" itemtype=\"https:\/\/schema.org\/CreativeWork\" ><div class='avia_textblock'  itemprop=\"text\" ><h3><strong>Kontaktieren Sie uns<\/strong><\/h3>\n<p><strong>Telefon <\/strong>070\u2013922 54 10<\/p>\n<p><strong>Adresse<\/strong><br \/>\nTouristische Route 504B<br \/>\n794 93 Orsa<\/p>\n<\/div><\/section><br \/>\n<br \/>\n<div  class='avia-button-wrap avia-button-center  avia-builder-el-8  el_after_av_codeblock  avia-builder-el-last ' >\n<style type=\"text\/css\" data-created_by=\"avia_inline_auto\" id=\"style-css-av-kgf1wc7j-a8fb1af676b6e241fcbd770c6e8aa3ca\">\n#top #wrap_all .avia-button.av-kgf1wc7j-a8fb1af676b6e241fcbd770c6e8aa3ca{\ncolor:#ffffff;\n-webkit-transition:all 0.4s ease-in-out;\n-moz-transition:all 0.4s ease-in-out;\n-ms-transition:all 0.4s ease-in-out;\n-o-transition:all 0.4s ease-in-out;\ntransition:all 0.4s ease-in-out;\n}\n#top #wrap_all .avia-button.av-kgf1wc7j-a8fb1af676b6e241fcbd770c6e8aa3ca:hover{\ncolor:#ffffff;\n-webkit-transition:all 0.4s ease-in-out;\n-moz-transition:all 0.4s ease-in-out;\n-ms-transition:all 0.4s ease-in-out;\n-o-transition:all 0.4s ease-in-out;\ntransition:all 0.4s ease-in-out;\n}\n<\/style>\n<a href='https:\/\/spacelebration.se\/' class='avia-color-theme-color avia-button avia-button-fullwidth av-kgf1wc7j-a8fb1af676b6e241fcbd770c6e8aa3ca avia-icon_select-yes-left-icon avia-color-theme-color' ><span class='avia_button_icon avia_button_icon_left' aria-hidden='true' data-av_icon='\ue832' data-av_iconfont='entypo-fontello'><\/span><span class='avia_iconbox_title' > Besuchen Sie unsere Website<\/span><span class='avia_button_background avia-button avia-button-fullwidth avia-color-theme-color-highlight'><\/span><\/a><\/div><\/p><\/div><\/p>\n","protected":false},"excerpt":{"rendered":"","protected":false},"author":1,"featured_media":0,"parent":6408,"menu_order":0,"comment_status":"closed","ping_status":"closed","template":"","meta":{"footnotes":""},"categories":[70,72],"tags":[95],"class_list":["post-6763","page","type-page","status-publish","hentry","category-aktivitaten-in-orsa","category-korper-seele","tag-aktivitaten"],"_links":{"self":[{"href":"https:\/\/visitorsa.se\/de\/wp-json\/wp\/v2\/pages\/6763","targetHints":{"allow":["GET"]}}],"collection":[{"href":"https:\/\/visitorsa.se\/de\/wp-json\/wp\/v2\/pages"}],"about":[{"href":"https:\/\/visitorsa.se\/de\/wp-json\/wp\/v2\/types\/page"}],"author":[{"embeddable":true,"href":"https:\/\/visitorsa.se\/de\/wp-json\/wp\/v2\/users\/1"}],"replies":[{"embeddable":true,"href":"https:\/\/visitorsa.se\/de\/wp-json\/wp\/v2\/comments?post=6763"}],"version-history":[{"count":8,"href":"https:\/\/visitorsa.se\/de\/wp-json\/wp\/v2\/pages\/6763\/revisions"}],"predecessor-version":[{"id":152700,"href":"https:\/\/visitorsa.se\/de\/wp-json\/wp\/v2\/pages\/6763\/revisions\/152700"}],"up":[{"embeddable":true,"href":"https:\/\/visitorsa.se\/de\/wp-json\/wp\/v2\/pages\/6408"}],"wp:attachment":[{"href":"https:\/\/visitorsa.se\/de\/wp-json\/wp\/v2\/media?parent=6763"}],"wp:term":[{"taxonomy":"category","embeddable":true,"href":"https:\/\/visitorsa.se\/de\/wp-json\/wp\/v2\/categories?post=6763"},{"taxonomy":"post_tag","embeddable":true,"href":"https:\/\/visitorsa.se\/de\/wp-json\/wp\/v2\/tags?post=6763"}],"curies":[{"name":"wp","href":"https:\/\/api.w.org\/{rel}","templated":true}]}}