{"id":6761,"date":"2025-05-14T12:02:39","date_gmt":"2025-05-14T10:02:39","guid":{"rendered":"https:\/\/staging.visitorsa.se\/orsa-hembygdsgard\/"},"modified":"2025-05-14T12:06:25","modified_gmt":"2025-05-14T10:06:25","slug":"orsa-hembygdsgard","status":"publish","type":"page","link":"https:\/\/visitorsa.se\/de\/sehenswuerdigkeiten\/orsa-hembygdsgard\/","title":{"rendered":"Orsa Hembygdsg\u00e5rd"},"content":{"rendered":"\n<style type=\"text\/css\" data-created_by=\"avia_inline_auto\" id=\"style-css-av-6d4ygg-db790e9493201a1d2f9d8b3dfe30decc\">\n.flex_column.av-6d4ygg-db790e9493201a1d2f9d8b3dfe30decc{\n-webkit-border-radius:0px 0px 0px 0px;\n-moz-border-radius:0px 0px 0px 0px;\nborder-radius:0px 0px 0px 0px;\npadding:0px 0px 0px 0px;\n}\n<\/style>\n<div class='flex_column av-6d4ygg-db790e9493201a1d2f9d8b3dfe30decc av_one_full  avia-builder-el-0  el_before_av_one_half  avia-builder-el-first  first flex_column_div av-zero-column-padding '     ><\/div>\n\n<style type=\"text\/css\" data-created_by=\"avia_inline_auto\" id=\"style-css-av-aupcw0-034727ff4178265a807e03e0bbca9dc3\">\n.flex_column.av-aupcw0-034727ff4178265a807e03e0bbca9dc3{\n-webkit-border-radius:0px 0px 0px 0px;\n-moz-border-radius:0px 0px 0px 0px;\nborder-radius:0px 0px 0px 0px;\npadding:0px 0px 0px 0px;\n}\n<\/style>\n<div class='flex_column av-aupcw0-034727ff4178265a807e03e0bbca9dc3 av_one_half  avia-builder-el-2  el_after_av_one_full  el_before_av_one_half  first flex_column_div av-zero-column-padding column-top-margin'     ><section  class='av_textblock_section av-kgf1e6kl-253ba1d13068f8db85f0ad3cf08f701d'  itemscope=\"itemscope\" itemtype=\"https:\/\/schema.org\/CreativeWork\" ><div class='avia_textblock'  itemprop=\"text\" ><h3>Orsa Hembygdsg\u00e5rd<\/h3>\n<p class=\"c m0\">Orsa Hembygdsg\u00e5rd ist ein wundersch\u00f6ner und atmosph\u00e4rischer Ort mit ergrauten Blockgeb\u00e4uden und sch\u00f6nen Umgebungen.<br \/>\nHier k\u00f6nnen Sie sehen, wie eine Farm in Orsa in der Vergangenheit aussehen konnte. Alle Geb\u00e4ude sind aus verschiedenen Orsabys hierher verlegt.<\/p>\n<p class=\"c\">Auf einem alten Bauernhof brauchte man viele H\u00e4user \u2013 eines f\u00fcr jede Funktion. Daher gibt es St\u00e4lle, Fjos (=Scheune), Futterhaus, Scheunen, einen Dachboden und mehrere Unterst\u00e4nde. Die Geb\u00e4ude stammen aus den 1600er, 1700er und 1800er Jahren.<br \/>\nDas Ferienhaus (Wohnhaus), das wir Gammelstugan nennen, ist jedoch auf dem Gel\u00e4nde neu gebaut. Es wurde 1921 fertiggestellt.<\/p>\n<\/div><\/section><br \/>\n<\/p><\/div>\n\n<style type=\"text\/css\" data-created_by=\"avia_inline_auto\" id=\"style-css-av-aupcw0-b252b444939f1c6223e79e5b57074446\">\n.flex_column.av-aupcw0-b252b444939f1c6223e79e5b57074446{\n-webkit-border-radius:0px 0px 0px 0px;\n-moz-border-radius:0px 0px 0px 0px;\nborder-radius:0px 0px 0px 0px;\npadding:0px 0px 0px 0px;\n}\n<\/style>\n<div class='flex_column av-aupcw0-b252b444939f1c6223e79e5b57074446 av_one_half  avia-builder-el-5  el_after_av_one_half  avia-builder-el-last  flex_column_div av-zero-column-padding column-top-margin'     ><section  class='av_textblock_section av-kgf1e6kl-253ba1d13068f8db85f0ad3cf08f701d'  itemscope=\"itemscope\" itemtype=\"https:\/\/schema.org\/CreativeWork\" ><div class='avia_textblock'  itemprop=\"text\" ><h3><strong>Kontaktieren Sie uns<\/strong><\/h3>\n<p><span class=\"ah\"><strong>Telefon<\/strong> <span class=\"ah f2\">+46 (0)250-40104<\/span><br \/>\n<\/span><\/p>\n<p><strong>Adresse<br \/>\n<\/strong> Orsa Hembygdsg\u00e5rd<br \/>\nMorav\u00e4gen 30<\/p>\n<\/div><\/section><br \/>\n<br \/>\n<div  class='avia-button-wrap avia-button-center  avia-builder-el-8  el_after_av_codeblock  avia-builder-el-last ' >\n<style type=\"text\/css\" data-created_by=\"avia_inline_auto\" id=\"style-css-av-kgf1wc7j-d419342eedcbc4e81fac3d54cf473041\">\n#top #wrap_all .avia-button.av-kgf1wc7j-d419342eedcbc4e81fac3d54cf473041{\ncolor:#ffffff;\n-webkit-transition:all 0.4s ease-in-out;\n-moz-transition:all 0.4s ease-in-out;\n-ms-transition:all 0.4s ease-in-out;\n-o-transition:all 0.4s ease-in-out;\ntransition:all 0.4s ease-in-out;\n}\n#top #wrap_all .avia-button.av-kgf1wc7j-d419342eedcbc4e81fac3d54cf473041:hover{\ncolor:#ffffff;\n-webkit-transition:all 0.4s ease-in-out;\n-moz-transition:all 0.4s ease-in-out;\n-ms-transition:all 0.4s ease-in-out;\n-o-transition:all 0.4s ease-in-out;\ntransition:all 0.4s ease-in-out;\n}\n<\/style>\n<a href='https:\/\/www.hembygd.se\/orsa-skattunge\/page\/6633' class='avia-color-theme-color avia-button avia-button-fullwidth av-kgf1wc7j-d419342eedcbc4e81fac3d54cf473041 avia-icon_select-yes-left-icon avia-color-theme-color' ><span class='avia_button_icon avia_button_icon_left' aria-hidden='true' data-av_icon='\ue832' data-av_iconfont='entypo-fontello'><\/span><span class='avia_iconbox_title' >  Besuchen Sie unsere Website<\/span><span class='avia_button_background avia-button avia-button-fullwidth avia-color-theme-color-highlight'><\/span><\/a><\/div><\/p><\/div>\n","protected":false},"excerpt":{"rendered":"","protected":false},"author":1,"featured_media":0,"parent":6779,"menu_order":0,"comment_status":"closed","ping_status":"closed","template":"","meta":{"footnotes":""},"categories":[73],"tags":[95],"class_list":["post-6761","page","type-page","status-publish","hentry","category-in-und-um-orsa","tag-aktivitaten"],"_links":{"self":[{"href":"https:\/\/visitorsa.se\/de\/wp-json\/wp\/v2\/pages\/6761","targetHints":{"allow":["GET"]}}],"collection":[{"href":"https:\/\/visitorsa.se\/de\/wp-json\/wp\/v2\/pages"}],"about":[{"href":"https:\/\/visitorsa.se\/de\/wp-json\/wp\/v2\/types\/page"}],"author":[{"embeddable":true,"href":"https:\/\/visitorsa.se\/de\/wp-json\/wp\/v2\/users\/1"}],"replies":[{"embeddable":true,"href":"https:\/\/visitorsa.se\/de\/wp-json\/wp\/v2\/comments?post=6761"}],"version-history":[{"count":2,"href":"https:\/\/visitorsa.se\/de\/wp-json\/wp\/v2\/pages\/6761\/revisions"}],"predecessor-version":[{"id":249895,"href":"https:\/\/visitorsa.se\/de\/wp-json\/wp\/v2\/pages\/6761\/revisions\/249895"}],"up":[{"embeddable":true,"href":"https:\/\/visitorsa.se\/de\/wp-json\/wp\/v2\/pages\/6779"}],"wp:attachment":[{"href":"https:\/\/visitorsa.se\/de\/wp-json\/wp\/v2\/media?parent=6761"}],"wp:term":[{"taxonomy":"category","embeddable":true,"href":"https:\/\/visitorsa.se\/de\/wp-json\/wp\/v2\/categories?post=6761"},{"taxonomy":"post_tag","embeddable":true,"href":"https:\/\/visitorsa.se\/de\/wp-json\/wp\/v2\/tags?post=6761"}],"curies":[{"name":"wp","href":"https:\/\/api.w.org\/{rel}","templated":true}]}}