{"id":6760,"date":"2025-05-14T12:02:40","date_gmt":"2025-05-14T10:02:40","guid":{"rendered":"https:\/\/staging.visitorsa.se\/aktivitaeten-in-orsa\/orsa-groenklitt\/"},"modified":"2025-05-14T12:14:33","modified_gmt":"2025-05-14T10:14:33","slug":"orsa-groenklitt","status":"publish","type":"page","link":"https:\/\/visitorsa.se\/de\/aktivitaeten-in-orsa\/orsa-groenklitt\/","title":{"rendered":"Orsa Gr\u00f6nklitt"},"content":{"rendered":"\n<style type=\"text\/css\" data-created_by=\"avia_inline_auto\" id=\"style-css-av-4ae4w-df72feb9ee13182ef8fa353b23813b86\">\n.flex_column.av-4ae4w-df72feb9ee13182ef8fa353b23813b86{\n-webkit-border-radius:0px 0px 0px 0px;\n-moz-border-radius:0px 0px 0px 0px;\nborder-radius:0px 0px 0px 0px;\npadding:0px 0px 0px 0px;\n}\n<\/style>\n<div class='flex_column av-4ae4w-df72feb9ee13182ef8fa353b23813b86 av_one_half  avia-builder-el-0  el_before_av_one_half  avia-builder-el-first  first flex_column_div av-zero-column-padding '     ><style type=\"text\/css\" data-created_by=\"avia_inline_auto\" id=\"style-css-av-kgf1874x-9fd1d63a350cea009802c15268008df5\">\n.avia-image-container.av-kgf1874x-9fd1d63a350cea009802c15268008df5 img.avia_image{\nbox-shadow:none;\n}\n.avia-image-container.av-kgf1874x-9fd1d63a350cea009802c15268008df5 .av-caption-image-overlay-bg{\nopacity:0.4;\nbackground-color:#000000;\n}\n.avia-image-container.av-kgf1874x-9fd1d63a350cea009802c15268008df5 .av-image-caption-overlay-center{\ncolor:#ffffff;\n}\n<\/style>\n<div  class='avia-image-container av-kgf1874x-9fd1d63a350cea009802c15268008df5 av-styling- avia-align-center  avia-builder-el-1  avia-builder-el-no-sibling  noHover av-overlay-hover-deactivate'   itemprop=\"image\" itemscope=\"itemscope\" itemtype=\"https:\/\/schema.org\/ImageObject\" ><div class=\"avia-image-container-inner\"><div class=\"avia-image-overlay-wrap\"><div class=\"av-image-caption-overlay\"><div class=\"av-caption-image-overlay-bg\"><\/div><div class=\"av-image-caption-overlay-position\"><div class=\"av-image-caption-overlay-center\"><p>Willkommen in unserer Winterwelt in Dalarna.<\/p>\n<\/div><\/div><\/div><img decoding=\"async\" class='wp-image- avia-img-lazy-loading-not- avia_image ' src=\"https:\/\/visitorsa.se\/app\/uploads\/2020\/11\/Barra-Blabar-i-Orsa-Gronklitt-845x684.jpg\" alt='' title=''   itemprop=\"thumbnailUrl\"  \/><\/div><\/div><\/div><\/div>\n\n<style type=\"text\/css\" data-created_by=\"avia_inline_auto\" id=\"style-css-av-aupcw0-b252b444939f1c6223e79e5b57074446\">\n.flex_column.av-aupcw0-b252b444939f1c6223e79e5b57074446{\n-webkit-border-radius:0px 0px 0px 0px;\n-moz-border-radius:0px 0px 0px 0px;\nborder-radius:0px 0px 0px 0px;\npadding:0px 0px 0px 0px;\n}\n<\/style>\n<div class='flex_column av-aupcw0-b252b444939f1c6223e79e5b57074446 av_one_half  avia-builder-el-2  el_after_av_one_half  el_before_av_one_full  flex_column_div av-zero-column-padding '     ><section  class='av_textblock_section av-kgf1e6kl-b5e14719b34d36133fc039acb7a114af'  itemscope=\"itemscope\" itemtype=\"https:\/\/schema.org\/CreativeWork\" ><div class='avia_textblock'  itemprop=\"text\" ><h2><strong>Orsa Gr\u00f6nklitt<\/strong><\/h2>\n<p>Erleben Sie das Beste aus zwei Winterwelten, mit Langlaufen durch herrliche Landschaft und alpinem Skifahren aller Schwierigkeitsgrade. Die Kinderfreundlichkeit ist sp\u00fcrbar und macht sich nicht nur auf Pisten und Trails, sondern auch durch ein gro\u00dfz\u00fcgiges Angebot an Aktivit\u00e4ten f\u00fcr die j\u00fcngsten G\u00e4ste des Resorts bemerkbar. Hier kann die ganze Familie naturnahe Abenteuer wie Schneemobilsafaris und Hundeschlittenfahrten erleben.<\/p>\n<p>Der Sommer in Orsa Gr\u00f6nklitt bietet spannende Herausforderungen, aber auch Zeit f\u00fcr Entspannung neben Wasser und W\u00e4ldern. Entdecken Sie Trailrunning-Strecken, spannende Bike-Trails, Kanufahren auf dem R\u00e4dsj\u00f6n-See, Schwimmen im Pool, Kletterpark und B\u00e4rras Erlebnispfad. Genie\u00dfen Sie gem\u00fctliche Unterk\u00fcnfte, gute Restaurants und alles, was die Natur zu bieten hat, gleich vor der Ecke. Alles ist nah und einfach in Orsa Gr\u00f6nklitt, zu Fu\u00df erreichbar.<\/p>\n<div class=\"card-title pdt\">\n<h3>Kontaktieren Sie uns<\/h3>\n<p><strong>Telefon<\/strong> +46 (0)772-280 100<\/p>\n<p><strong>info@orsagronklitt.se per E-Mail<\/strong> versenden<\/p>\n<p><strong>Adresse<\/strong><\/p>\n<\/div>\n<div class=\"card-flap flap1\">\n<div class=\"card-flap flap2\">Box133<br \/>\n794 22 Orsa<\/p>\n<\/div>\n<\/div>\n<\/div><\/section><br \/>\n<br \/>\n<div  class='avia-button-wrap avia-button-center  avia-builder-el-5  el_after_av_codeblock  avia-builder-el-last ' >\n<style type=\"text\/css\" data-created_by=\"avia_inline_auto\" id=\"style-css-av-kgf1wc7j-25d4bbccb0eb4d7c41794596ee8f11a6\">\n#top #wrap_all .avia-button.av-kgf1wc7j-25d4bbccb0eb4d7c41794596ee8f11a6{\ncolor:#ffffff;\n-webkit-transition:all 0.4s ease-in-out;\n-moz-transition:all 0.4s ease-in-out;\n-ms-transition:all 0.4s ease-in-out;\n-o-transition:all 0.4s ease-in-out;\ntransition:all 0.4s ease-in-out;\n}\n#top #wrap_all .avia-button.av-kgf1wc7j-25d4bbccb0eb4d7c41794596ee8f11a6:hover{\ncolor:#ffffff;\n-webkit-transition:all 0.4s ease-in-out;\n-moz-transition:all 0.4s ease-in-out;\n-ms-transition:all 0.4s ease-in-out;\n-o-transition:all 0.4s ease-in-out;\ntransition:all 0.4s ease-in-out;\n}\n<\/style>\n<a href='https:\/\/www.orsagronklitt.se\/' class='avia-color-theme-color avia-button avia-button-fullwidth av-kgf1wc7j-25d4bbccb0eb4d7c41794596ee8f11a6 avia-icon_select-yes-left-icon avia-color-theme-color' ><span class='avia_button_icon avia_button_icon_left' aria-hidden='true' data-av_icon='\ue832' data-av_iconfont='entypo-fontello'><\/span><span class='avia_iconbox_title' > Besuchen Sie unsere Website<\/span><span class='avia_button_background avia-button avia-button-fullwidth avia-color-theme-color-highlight'><\/span><\/a><\/div><\/p><\/div>\n<style type=\"text\/css\" data-created_by=\"avia_inline_auto\" id=\"style-css-av-6d4ygg-db790e9493201a1d2f9d8b3dfe30decc\">\n.flex_column.av-6d4ygg-db790e9493201a1d2f9d8b3dfe30decc{\n-webkit-border-radius:0px 0px 0px 0px;\n-moz-border-radius:0px 0px 0px 0px;\nborder-radius:0px 0px 0px 0px;\npadding:0px 0px 0px 0px;\n}\n<\/style>\n<div class='flex_column av-6d4ygg-db790e9493201a1d2f9d8b3dfe30decc av_one_full  avia-builder-el-6  el_after_av_one_half  avia-builder-el-last  first flex_column_div av-zero-column-padding column-top-margin'     ><p><br \/>\n<div  class='hr av-q02kg-929231cc3f5975b5640180b17a981cbc hr-default  avia-builder-el-8  el_after_av_gallery  avia-builder-el-last '><span class='hr-inner '><span class=\"hr-inner-style\"><\/span><\/span><\/div><\/p><\/div><\/p>\n","protected":false},"excerpt":{"rendered":"","protected":false},"author":1,"featured_media":0,"parent":6408,"menu_order":0,"comment_status":"closed","ping_status":"closed","template":"","meta":{"footnotes":""},"categories":[70,84],"tags":[95,93],"class_list":["post-6760","page","type-page","status-publish","hentry","category-aktivitaten-in-orsa","category-unterkunft-in-orsa","tag-aktivitaten","tag-unterkunft"],"_links":{"self":[{"href":"https:\/\/visitorsa.se\/de\/wp-json\/wp\/v2\/pages\/6760","targetHints":{"allow":["GET"]}}],"collection":[{"href":"https:\/\/visitorsa.se\/de\/wp-json\/wp\/v2\/pages"}],"about":[{"href":"https:\/\/visitorsa.se\/de\/wp-json\/wp\/v2\/types\/page"}],"author":[{"embeddable":true,"href":"https:\/\/visitorsa.se\/de\/wp-json\/wp\/v2\/users\/1"}],"replies":[{"embeddable":true,"href":"https:\/\/visitorsa.se\/de\/wp-json\/wp\/v2\/comments?post=6760"}],"version-history":[{"count":3,"href":"https:\/\/visitorsa.se\/de\/wp-json\/wp\/v2\/pages\/6760\/revisions"}],"predecessor-version":[{"id":152687,"href":"https:\/\/visitorsa.se\/de\/wp-json\/wp\/v2\/pages\/6760\/revisions\/152687"}],"up":[{"embeddable":true,"href":"https:\/\/visitorsa.se\/de\/wp-json\/wp\/v2\/pages\/6408"}],"wp:attachment":[{"href":"https:\/\/visitorsa.se\/de\/wp-json\/wp\/v2\/media?parent=6760"}],"wp:term":[{"taxonomy":"category","embeddable":true,"href":"https:\/\/visitorsa.se\/de\/wp-json\/wp\/v2\/categories?post=6760"},{"taxonomy":"post_tag","embeddable":true,"href":"https:\/\/visitorsa.se\/de\/wp-json\/wp\/v2\/tags?post=6760"}],"curies":[{"name":"wp","href":"https:\/\/api.w.org\/{rel}","templated":true}]}}