{"id":6748,"date":"2025-05-14T12:02:40","date_gmt":"2025-05-14T10:02:40","guid":{"rendered":"https:\/\/staging.visitorsa.se\/weidencalampinoppi\/"},"modified":"2025-05-14T12:06:26","modified_gmt":"2025-05-14T10:06:26","slug":"weidencalampinoppi","status":"publish","type":"page","link":"https:\/\/visitorsa.se\/de\/sehenswuerdigkeiten\/weidencalampinoppi\/","title":{"rendered":"Pilkalampinoppi"},"content":{"rendered":"\n<style type=\"text\/css\" data-created_by=\"avia_inline_auto\" id=\"style-css-av-43pxvf-ac6aae6e597a6cde3e29d7d82161157f\">\n.flex_column.av-43pxvf-ac6aae6e597a6cde3e29d7d82161157f{\n-webkit-border-radius:0px 0px 0px 0px;\n-moz-border-radius:0px 0px 0px 0px;\nborder-radius:0px 0px 0px 0px;\npadding:0px 0px 0px 0px;\n}\n<\/style>\n<div class='flex_column av-43pxvf-ac6aae6e597a6cde3e29d7d82161157f av_one_full  avia-builder-el-0  el_before_av_one_half  avia-builder-el-first  first flex_column_div av-zero-column-padding '     ><div  class='avia-video av-kh50xplt-68736933095607e91670df02a2275956 avia-video-16-9 av-no-preview-image avia-video-load-always av-lazyload-immediate av-lazyload-video-embed'  itemprop=\"video\" itemtype=\"https:\/\/schema.org\/VideoObject\"  data-original_url='https:\/\/www.youtube.com\/watch?v=iXVL12O75E4'><script type='text\/html' class='av-video-tmpl'><div class='avia-iframe-wrap'><iframe loading=\"lazy\" title=\"Visit Orsa - Pilkalampinopppi\" width=\"1500\" height=\"844\" src=\"https:\/\/www.youtube.com\/embed\/iXVL12O75E4?feature=oembed&autoplay=0&loop=0&controls=1&mute=0\" frameborder=\"0\" allow=\"accelerometer; autoplay; clipboard-write; encrypted-media; gyroscope; picture-in-picture\" allowfullscreen><\/iframe><\/div><\/script><div class='av-click-to-play-overlay'><div class=\"avia_playpause_icon\"><\/div><\/div><\/div><\/div>\n\n<style type=\"text\/css\" data-created_by=\"avia_inline_auto\" id=\"style-css-av-2dhi0b-e69cc003a2eca356c71de79726ac373f\">\n.flex_column.av-2dhi0b-e69cc003a2eca356c71de79726ac373f{\n-webkit-border-radius:0px 0px 0px 0px;\n-moz-border-radius:0px 0px 0px 0px;\nborder-radius:0px 0px 0px 0px;\npadding:0px 0px 0px 0px;\n}\n<\/style>\n<div class='flex_column av-2dhi0b-e69cc003a2eca356c71de79726ac373f av_one_half  avia-builder-el-2  el_after_av_one_full  el_before_av_one_half  first flex_column_div av-zero-column-padding column-top-margin'     ><section  class='av_textblock_section av-kh515heo-0451bddb9d2567f95539012733c8ecb4'  itemscope=\"itemscope\" itemtype=\"https:\/\/schema.org\/CreativeWork\" ><div class='avia_textblock'  itemprop=\"text\" ><h3 class=\"bd\">Pilkalampinoppi Berg, Ausflugsziel in den Orsa W\u00e4ldern in Dalarna<\/h3>\n<p>Pilkalampinoppi liegt etwa 60 km n\u00f6rdlich von Orsa nach der E45. Fahren Sie an Noppikoski vorbei auf der E 45 und biegen Sie nach ca. 10 km links in Richtung Pikalampinoppi ab. Von dort aus ist es exemplarisch ausgeschildert. Wenn Sie den Turnpike bei Pilkalampinoppi erreichen, ist es ein Spaziergang von ca. 4-500 m in die entgegengesetzte Richtung. Dort oben, 644 m \u00fcber dem Meeresspiegel, befindet sich ein Feuerturm aus dem Jahr 1889. Ferienhaus, Grillplatz, Toiletten und eine herrliche Aussicht.<\/p>\n<p>L\u00e4nge: ca. 400 m bis zum Feuerturm. Der Blick auf Korpm\u00e4gg bei Stora Korpim\u00e4ki betr\u00e4gt etwas mehr als einen Kilometer.<\/p>\n<\/div><\/section><\/div>\n\n<style type=\"text\/css\" data-created_by=\"avia_inline_auto\" id=\"style-css-av-2dhi0b-aac7fe70e2e06101375ed5d100024413\">\n.flex_column.av-2dhi0b-aac7fe70e2e06101375ed5d100024413{\n-webkit-border-radius:0px 0px 0px 0px;\n-moz-border-radius:0px 0px 0px 0px;\nborder-radius:0px 0px 0px 0px;\npadding:0px 0px 0px 0px;\n}\n<\/style>\n<div class='flex_column av-2dhi0b-aac7fe70e2e06101375ed5d100024413 av_one_half  avia-builder-el-4  el_after_av_one_half  avia-builder-el-last  flex_column_div av-zero-column-padding column-top-margin'     ><section  class='av_textblock_section av-kh515heo-0451bddb9d2567f95539012733c8ecb4'  itemscope=\"itemscope\" itemtype=\"https:\/\/schema.org\/CreativeWork\" ><div class='avia_textblock'  itemprop=\"text\" ><p><strong>Gel\u00e4nde:<\/strong> Nadelwald, Wildpflanze im Naturschutzgebiet Korpim\u00e4ki<\/p>\n<p>Nutzen Sie die Gelegenheit, noch ein paar Kilometer zu fahren und das Naturschutzgebiet St.Korpim\u00e4ki zu besuchen und den Berg Korpm\u00e4gg zu besteigen. Der h\u00f6chste Punkt des G\u00e4vleborg County, 711 m \u00fcber dem Meeresspiegel. Ein markierter Blick rund, gelb gestrichene Stangen, von etwas mehr als einem km steht zum Wandern zur Verf\u00fcgung. Das Reservat wurde 1990 gegr\u00fcndet, 2005 erweitert und ist ein sch\u00f6ner wilder Wald in der Gegend.<\/p>\n<p><strong><span class=\"style-scope yt-formatted-string\" dir=\"auto\">Denken Sie daran, Visit Orsa in den sozialen Medien zu folgen<\/span><\/strong><\/p>\n<p><a href=\"https:\/\/www.instagram.com\/visitorsa\/\">https:\/\/www.instagram.com\/visitorsa\/  <\/a><br \/>\n<a href=\"https:\/\/www.facebook.com\/visitorsa\">https:\/\/www.facebook.com\/visitorsa<\/a><br \/>\n<a href=\"https:\/\/www.youtube.com\/channel\/UCw3TBy170pUWV5P3SK_7nPQ\/\">https:\/\/www.youtube.com\/channel\/visitorsa<\/a><\/p>\n<h6><strong>#VisitOrsa<\/strong><\/h6>\n<\/div><\/section><\/div>\n","protected":false},"excerpt":{"rendered":"","protected":false},"author":1,"featured_media":0,"parent":6779,"menu_order":0,"comment_status":"closed","ping_status":"closed","template":"","meta":{"footnotes":""},"categories":[70,73],"tags":[95,104],"class_list":["post-6748","page","type-page","status-publish","hentry","category-aktivitaten-in-orsa","category-in-und-um-orsa","tag-aktivitaten","tag-sehenswurdigkeiten"],"_links":{"self":[{"href":"https:\/\/visitorsa.se\/de\/wp-json\/wp\/v2\/pages\/6748","targetHints":{"allow":["GET"]}}],"collection":[{"href":"https:\/\/visitorsa.se\/de\/wp-json\/wp\/v2\/pages"}],"about":[{"href":"https:\/\/visitorsa.se\/de\/wp-json\/wp\/v2\/types\/page"}],"author":[{"embeddable":true,"href":"https:\/\/visitorsa.se\/de\/wp-json\/wp\/v2\/users\/1"}],"replies":[{"embeddable":true,"href":"https:\/\/visitorsa.se\/de\/wp-json\/wp\/v2\/comments?post=6748"}],"version-history":[{"count":4,"href":"https:\/\/visitorsa.se\/de\/wp-json\/wp\/v2\/pages\/6748\/revisions"}],"predecessor-version":[{"id":7658,"href":"https:\/\/visitorsa.se\/de\/wp-json\/wp\/v2\/pages\/6748\/revisions\/7658"}],"up":[{"embeddable":true,"href":"https:\/\/visitorsa.se\/de\/wp-json\/wp\/v2\/pages\/6779"}],"wp:attachment":[{"href":"https:\/\/visitorsa.se\/de\/wp-json\/wp\/v2\/media?parent=6748"}],"wp:term":[{"taxonomy":"category","embeddable":true,"href":"https:\/\/visitorsa.se\/de\/wp-json\/wp\/v2\/categories?post=6748"},{"taxonomy":"post_tag","embeddable":true,"href":"https:\/\/visitorsa.se\/de\/wp-json\/wp\/v2\/tags?post=6748"}],"curies":[{"name":"wp","href":"https:\/\/api.w.org\/{rel}","templated":true}]}}