{"id":6745,"date":"2025-05-14T12:02:41","date_gmt":"2025-05-14T10:02:41","guid":{"rendered":"https:\/\/staging.visitorsa.se\/aktivitaeten-in-orsa\/enans-tal\/"},"modified":"2025-05-14T12:14:33","modified_gmt":"2025-05-14T10:14:33","slug":"enans-tal","status":"publish","type":"page","link":"https:\/\/visitorsa.se\/de\/aktivitaeten-in-orsa\/enans-tal\/","title":{"rendered":"En\u00e5ns dalg\u00e5ng"},"content":{"rendered":"\n<style type=\"text\/css\" data-created_by=\"avia_inline_auto\" id=\"style-css-av-43pxvf-ac6aae6e597a6cde3e29d7d82161157f\">\n.flex_column.av-43pxvf-ac6aae6e597a6cde3e29d7d82161157f{\n-webkit-border-radius:0px 0px 0px 0px;\n-moz-border-radius:0px 0px 0px 0px;\nborder-radius:0px 0px 0px 0px;\npadding:0px 0px 0px 0px;\n}\n<\/style>\n<div class='flex_column av-43pxvf-ac6aae6e597a6cde3e29d7d82161157f av_one_full  avia-builder-el-0  el_before_av_one_half  avia-builder-el-first  first flex_column_div av-zero-column-padding '     ><div  class='avia-video av-kh50xplt-a8168c02ca7ebd3a347344b254ac8fae avia-video-16-9 av-no-preview-image avia-video-load-always av-lazyload-immediate av-lazyload-video-embed'  itemprop=\"video\" itemtype=\"https:\/\/schema.org\/VideoObject\"  data-original_url='https:\/\/www.youtube.com\/watch?v=HAGOCUc0Giw'><script type='text\/html' class='av-video-tmpl'><div class='avia-iframe-wrap'><iframe loading=\"lazy\" title=\"Visit Orsa - Ena\u030ans dalga\u030ang\" width=\"1500\" height=\"844\" src=\"https:\/\/www.youtube.com\/embed\/HAGOCUc0Giw?feature=oembed&autoplay=0&loop=0&controls=1&mute=0\" frameborder=\"0\" allow=\"accelerometer; autoplay; clipboard-write; encrypted-media; gyroscope; picture-in-picture\" allowfullscreen><\/iframe><\/div><\/script><div class='av-click-to-play-overlay'><div class=\"avia_playpause_icon\"><\/div><\/div><\/div><\/div>\n\n<style type=\"text\/css\" data-created_by=\"avia_inline_auto\" id=\"style-css-av-2dhi0b-e69cc003a2eca356c71de79726ac373f\">\n.flex_column.av-2dhi0b-e69cc003a2eca356c71de79726ac373f{\n-webkit-border-radius:0px 0px 0px 0px;\n-moz-border-radius:0px 0px 0px 0px;\nborder-radius:0px 0px 0px 0px;\npadding:0px 0px 0px 0px;\n}\n<\/style>\n<div class='flex_column av-2dhi0b-e69cc003a2eca356c71de79726ac373f av_one_half  avia-builder-el-2  el_after_av_one_full  el_before_av_one_half  first flex_column_div av-zero-column-padding column-top-margin'     ><section  class='av_textblock_section av-kh515heo-0451bddb9d2567f95539012733c8ecb4'  itemscope=\"itemscope\" itemtype=\"https:\/\/schema.org\/CreativeWork\" ><div class='avia_textblock'  itemprop=\"text\" ><h3 class=\"title style-scope ytd-video-primary-info-renderer\">En\u00e5ns-Tal<\/h3>\n<p>Start von Hembygdsg\u00e5rden am s\u00fcdlichen Eingang von Orsa. Eine 2 km lange Schlucht mit \u00dcberresten der 40 M\u00fchlen, die einst auf der Strecke in Betrieb waren. Der Weg f\u00fchrt am Sl\u00e4ttbergsbadet an. Einzigartige Flora mit mehreren Rara-Pflanzen.<\/p>\n<p><strong>L\u00e4nge:<\/strong> 3,5 km. <strong>Ben\u00f6tigte Zeit:<\/strong> 2 Stunden. <strong>Strenge:<\/strong> Mittel. <strong>Bleimarkierungsfarbe:<\/strong> Orange. <strong>F\u00fchrende Fakten:<\/strong> Spannender Wanderweg entlang des En\u00e5n-Tals. Die Natur hat zur\u00fcckerobert, was fr\u00fcher stark vom Menschen genutzt wurde, und es gibt jetzt sch\u00f6ne Naturerlebnisse.<\/p>\n<\/div><\/section><\/div>\n\n<style type=\"text\/css\" data-created_by=\"avia_inline_auto\" id=\"style-css-av-2dhi0b-aac7fe70e2e06101375ed5d100024413\">\n.flex_column.av-2dhi0b-aac7fe70e2e06101375ed5d100024413{\n-webkit-border-radius:0px 0px 0px 0px;\n-moz-border-radius:0px 0px 0px 0px;\nborder-radius:0px 0px 0px 0px;\npadding:0px 0px 0px 0px;\n}\n<\/style>\n<div class='flex_column av-2dhi0b-aac7fe70e2e06101375ed5d100024413 av_one_half  avia-builder-el-4  el_after_av_one_half  avia-builder-el-last  flex_column_div av-zero-column-padding column-top-margin'     ><section  class='av_textblock_section av-kh515heo-0451bddb9d2567f95539012733c8ecb4'  itemscope=\"itemscope\" itemtype=\"https:\/\/schema.org\/CreativeWork\" ><div class='avia_textblock'  itemprop=\"text\" ><h3>Tatsachen<\/h3>\n<p><strong>Anfangen:<\/strong> Am Yachthafen oder in Hembygdsg\u00e5rden.<br \/>\n<strong>Niveau:<\/strong> Mittel. Das Gelenk kann manchmal nass sein. Sie ben\u00f6tigen wasserdichte Schuhe und manchmal M\u00fcckenschutzmittel.<\/p>\n<p>Die Tour ist f\u00fcr Kinder geeignet, da sie nicht so lang, aber abwechslungsreich und aufregend ist. Tourl\u00e4nge: Hamnen \u2013 Sl\u00e4ttbergsbadet = 4,2 km (8,4 km hin und her). Hembygdsg\u00e5rden \u2013 Sl\u00e4ttbergsbadet = 2,1 km (4,2 km hin und her)<\/p>\n<p><strong><span class=\"style-scope yt-formatted-string\" dir=\"auto\">Denken Sie daran, Visit Orsa in den sozialen Medien zu folgen<\/span><\/strong><\/p>\n<p><a href=\"https:\/\/www.instagram.com\/visitorsa\/\">https:\/\/www.instagram.com\/visitorsa\/  <\/a><br \/>\n<a href=\"https:\/\/www.facebook.com\/visitorsa\">https:\/\/www.facebook.com\/visitorsa<\/a><br \/>\n<a href=\"https:\/\/www.youtube.com\/channel\/UCw3TBy170pUWV5P3SK_7nPQ\/\">https:\/\/www.youtube.com\/channel\/visitorsa<\/a><\/p>\n<h6><strong>#VisitOrsa<\/strong><\/h6>\n<\/div><\/section><\/div>\n","protected":false},"excerpt":{"rendered":"","protected":false},"author":1,"featured_media":0,"parent":6408,"menu_order":0,"comment_status":"closed","ping_status":"closed","template":"","meta":{"footnotes":""},"categories":[70,73],"tags":[95,104],"class_list":["post-6745","page","type-page","status-publish","hentry","category-aktivitaten-in-orsa","category-in-und-um-orsa","tag-aktivitaten","tag-sehenswurdigkeiten"],"_links":{"self":[{"href":"https:\/\/visitorsa.se\/de\/wp-json\/wp\/v2\/pages\/6745","targetHints":{"allow":["GET"]}}],"collection":[{"href":"https:\/\/visitorsa.se\/de\/wp-json\/wp\/v2\/pages"}],"about":[{"href":"https:\/\/visitorsa.se\/de\/wp-json\/wp\/v2\/types\/page"}],"author":[{"embeddable":true,"href":"https:\/\/visitorsa.se\/de\/wp-json\/wp\/v2\/users\/1"}],"replies":[{"embeddable":true,"href":"https:\/\/visitorsa.se\/de\/wp-json\/wp\/v2\/comments?post=6745"}],"version-history":[{"count":4,"href":"https:\/\/visitorsa.se\/de\/wp-json\/wp\/v2\/pages\/6745\/revisions"}],"predecessor-version":[{"id":7539,"href":"https:\/\/visitorsa.se\/de\/wp-json\/wp\/v2\/pages\/6745\/revisions\/7539"}],"up":[{"embeddable":true,"href":"https:\/\/visitorsa.se\/de\/wp-json\/wp\/v2\/pages\/6408"}],"wp:attachment":[{"href":"https:\/\/visitorsa.se\/de\/wp-json\/wp\/v2\/media?parent=6745"}],"wp:term":[{"taxonomy":"category","embeddable":true,"href":"https:\/\/visitorsa.se\/de\/wp-json\/wp\/v2\/categories?post=6745"},{"taxonomy":"post_tag","embeddable":true,"href":"https:\/\/visitorsa.se\/de\/wp-json\/wp\/v2\/tags?post=6745"}],"curies":[{"name":"wp","href":"https:\/\/api.w.org\/{rel}","templated":true}]}}