{"id":6728,"date":"2025-05-14T12:02:40","date_gmt":"2025-05-14T10:02:40","guid":{"rendered":"https:\/\/staging.visitorsa.se\/unterkunft-in-orsa\/campingplatz-orsa\/"},"modified":"2025-05-14T12:10:13","modified_gmt":"2025-05-14T10:10:13","slug":"campingplatz-orsa","status":"publish","type":"page","link":"https:\/\/visitorsa.se\/de\/unterkunft-in-orsa\/campingplatz-orsa\/","title":{"rendered":"Erstes Camp Orsa"},"content":{"rendered":"\n<style type=\"text\/css\" data-created_by=\"avia_inline_auto\" id=\"style-css-av-4ae4w-df72feb9ee13182ef8fa353b23813b86\">\n.flex_column.av-4ae4w-df72feb9ee13182ef8fa353b23813b86{\n-webkit-border-radius:0px 0px 0px 0px;\n-moz-border-radius:0px 0px 0px 0px;\nborder-radius:0px 0px 0px 0px;\npadding:0px 0px 0px 0px;\n}\n<\/style>\n<div class='flex_column av-4ae4w-df72feb9ee13182ef8fa353b23813b86 av_one_half  avia-builder-el-0  el_before_av_one_half  avia-builder-el-first  first flex_column_div av-zero-column-padding '     ><style type=\"text\/css\" data-created_by=\"avia_inline_auto\" id=\"style-css-av-kgf1874x-bf4a3edfc7f26ff24c60efb9a8f0ac30\">\n.avia-image-container.av-kgf1874x-bf4a3edfc7f26ff24c60efb9a8f0ac30 img.avia_image{\nbox-shadow:none;\n}\n.avia-image-container.av-kgf1874x-bf4a3edfc7f26ff24c60efb9a8f0ac30 .av-caption-image-overlay-bg{\nopacity:0.4;\nbackground-color:#000000;\n}\n.avia-image-container.av-kgf1874x-bf4a3edfc7f26ff24c60efb9a8f0ac30 .av-image-caption-overlay-center{\ncolor:#ffffff;\n}\n<\/style>\n<div  class='avia-image-container av-kgf1874x-bf4a3edfc7f26ff24c60efb9a8f0ac30 av-styling- avia-align-center  avia-builder-el-1  avia-builder-el-no-sibling  noHover av-overlay-hover-deactivate'   itemprop=\"image\" itemscope=\"itemscope\" itemtype=\"https:\/\/schema.org\/ImageObject\" ><div class=\"avia-image-container-inner\"><div class=\"avia-image-overlay-wrap\"><div class=\"av-image-caption-overlay\"><div class=\"av-caption-image-overlay-bg\"><\/div><div class=\"av-image-caption-overlay-position\"><div class=\"av-image-caption-overlay-center\"><p>Orsa Camping &#8211; Dalarna Riviera<\/p>\n<\/div><\/div><\/div><img decoding=\"async\" class='wp-image- avia-img-lazy-loading-not- avia_image ' src=\"https:\/\/visitorsa.se\/app\/uploads\/2020\/11\/HA1074-stor-217211-1-845x684.jpg\" alt='' title=''   itemprop=\"thumbnailUrl\"  \/><\/div><\/div><\/div><\/div>\n\n<style type=\"text\/css\" data-created_by=\"avia_inline_auto\" id=\"style-css-av-aupcw0-b252b444939f1c6223e79e5b57074446\">\n.flex_column.av-aupcw0-b252b444939f1c6223e79e5b57074446{\n-webkit-border-radius:0px 0px 0px 0px;\n-moz-border-radius:0px 0px 0px 0px;\nborder-radius:0px 0px 0px 0px;\npadding:0px 0px 0px 0px;\n}\n<\/style>\n<div class='flex_column av-aupcw0-b252b444939f1c6223e79e5b57074446 av_one_half  avia-builder-el-2  el_after_av_one_half  el_before_av_one_full  flex_column_div av-zero-column-padding '     ><section  class='av_textblock_section av-kgf1e6kl-0b9fd11605d8af7464392f4d6f47838c'  itemscope=\"itemscope\" itemtype=\"https:\/\/schema.org\/CreativeWork\" ><div class='avia_textblock'  itemprop=\"text\" ><h1><span style=\"color: black;\">Erstes Camp Orsa  <\/span><\/h1>\n<p style=\"background: white; vertical-align: baseline; margin: 10.2pt 0cm 10.2pt 0cm;\"><span style=\"color: black;\">Nicht umsonst hei\u00dft Orsa Camping Dalarnas Riviera. Der flache, kilometerlange Sandstrand umrahmt eine F\u00fcnf-Sterne-Anlage. Mit dem Blick auf die blauen Berge aufzuwachen ist das ganze Jahr \u00fcber genauso sch\u00f6n. Erleben Sie das reichhaltige Angebot an Aktivit\u00e4ten im Sommer, die ruhigen und farbenfrohen Ver\u00e4nderungen in der Natur im Herbst \/ Fr\u00fchling und gem\u00fctliche Tage gef\u00fcllt mit Skifahren im schneesicheren Skigebiet Orsa Gr\u00f6nklitt, ca. 20 Autominuten vom Campingplatz entfernt!<\/span><\/p>\n<p style=\"background: white; vertical-align: baseline; margin: 10.2pt 0cm 10.2pt 0cm;\"><span style=\"color: black;\">W\u00e4hlen Sie zwischen Unterk\u00fcnften in Strandh\u00e4usern, Hostels, Ferienh\u00e4usern oder einem Stellplatz.<\/span><\/p>\n<p style=\"background: white; vertical-align: baseline; margin: 10.2pt 0cm 10.2pt 0cm;\"><span style=\"color: black;\"><strong>Telefon:<\/strong> +46 (0)250 \u2013 462 61<br \/>\n<strong>E-Mail-info@orsacamping.se<\/strong> <a href=\"mailto:info@orsacamping.se\"><\/a><\/span><\/p>\n<p><strong>Adresse:<\/strong><br \/>\nBowlingv\u00e4gen 1<br \/>\n794 31 ORSA<\/p>\n<\/div><\/section><br \/>\n<br \/>\n<div  class='avia-button-wrap avia-button-center  avia-builder-el-5  el_after_av_codeblock  avia-builder-el-last ' >\n<style type=\"text\/css\" data-created_by=\"avia_inline_auto\" id=\"style-css-av-kgf1wc7j-6eb48c097fe7080e2fe45f0651ce88db\">\n#top #wrap_all .avia-button.av-kgf1wc7j-6eb48c097fe7080e2fe45f0651ce88db{\ncolor:#ffffff;\n-webkit-transition:all 0.4s ease-in-out;\n-moz-transition:all 0.4s ease-in-out;\n-ms-transition:all 0.4s ease-in-out;\n-o-transition:all 0.4s ease-in-out;\ntransition:all 0.4s ease-in-out;\n}\n#top #wrap_all .avia-button.av-kgf1wc7j-6eb48c097fe7080e2fe45f0651ce88db:hover{\ncolor:#ffffff;\n-webkit-transition:all 0.4s ease-in-out;\n-moz-transition:all 0.4s ease-in-out;\n-ms-transition:all 0.4s ease-in-out;\n-o-transition:all 0.4s ease-in-out;\ntransition:all 0.4s ease-in-out;\n}\n<\/style>\n<a href='https:\/\/www.campingparlor.se\/orsa-camping' class='avia-color-theme-color avia-button avia-button-fullwidth av-kgf1wc7j-6eb48c097fe7080e2fe45f0651ce88db avia-icon_select-yes-left-icon avia-color-theme-color' ><span class='avia_button_icon avia_button_icon_left' aria-hidden='true' data-av_icon='\ue832' data-av_iconfont='entypo-fontello'><\/span><span class='avia_iconbox_title' >  Besuchen Sie unsere Website<\/span><span class='avia_button_background avia-button avia-button-fullwidth avia-color-theme-color-highlight'><\/span><\/a><\/div><\/p><\/div>\n<style type=\"text\/css\" data-created_by=\"avia_inline_auto\" id=\"style-css-av-6d4ygg-db790e9493201a1d2f9d8b3dfe30decc\">\n.flex_column.av-6d4ygg-db790e9493201a1d2f9d8b3dfe30decc{\n-webkit-border-radius:0px 0px 0px 0px;\n-moz-border-radius:0px 0px 0px 0px;\nborder-radius:0px 0px 0px 0px;\npadding:0px 0px 0px 0px;\n}\n<\/style>\n<div class='flex_column av-6d4ygg-db790e9493201a1d2f9d8b3dfe30decc av_one_full  avia-builder-el-6  el_after_av_one_half  el_before_av_one_full  first flex_column_div av-zero-column-padding column-top-margin'     ><p><br \/>\n<div  class='hr av-q02kg-929231cc3f5975b5640180b17a981cbc hr-default  avia-builder-el-8  el_after_av_gallery  avia-builder-el-last '><span class='hr-inner '><span class=\"hr-inner-style\"><\/span><\/span><\/div><\/p><\/div><\/p>\n\n<style type=\"text\/css\" data-created_by=\"avia_inline_auto\" id=\"style-css-av-8piq0w-72ce86d9d34e4d6b8bfed66d14dacd08\">\n.flex_column.av-8piq0w-72ce86d9d34e4d6b8bfed66d14dacd08{\n-webkit-border-radius:0px 0px 0px 0px;\n-moz-border-radius:0px 0px 0px 0px;\nborder-radius:0px 0px 0px 0px;\npadding:0px 0px 0px 0px;\n}\n<\/style>\n<div class='flex_column av-8piq0w-72ce86d9d34e4d6b8bfed66d14dacd08 av_one_full  avia-builder-el-9  el_after_av_one_full  avia-builder-el-last  first flex_column_div av-zero-column-padding column-top-margin'     ><\/div>\n","protected":false},"excerpt":{"rendered":"","protected":false},"author":1,"featured_media":0,"parent":6424,"menu_order":0,"comment_status":"closed","ping_status":"closed","template":"","meta":{"footnotes":""},"categories":[70,84],"tags":[103,104,93],"class_list":["post-6728","page","type-page","status-publish","hentry","category-aktivitaten-in-orsa","category-unterkunft-in-orsa","tag-camping-de","tag-sehenswurdigkeiten","tag-unterkunft"],"_links":{"self":[{"href":"https:\/\/visitorsa.se\/de\/wp-json\/wp\/v2\/pages\/6728","targetHints":{"allow":["GET"]}}],"collection":[{"href":"https:\/\/visitorsa.se\/de\/wp-json\/wp\/v2\/pages"}],"about":[{"href":"https:\/\/visitorsa.se\/de\/wp-json\/wp\/v2\/types\/page"}],"author":[{"embeddable":true,"href":"https:\/\/visitorsa.se\/de\/wp-json\/wp\/v2\/users\/1"}],"replies":[{"embeddable":true,"href":"https:\/\/visitorsa.se\/de\/wp-json\/wp\/v2\/comments?post=6728"}],"version-history":[{"count":6,"href":"https:\/\/visitorsa.se\/de\/wp-json\/wp\/v2\/pages\/6728\/revisions"}],"predecessor-version":[{"id":8000,"href":"https:\/\/visitorsa.se\/de\/wp-json\/wp\/v2\/pages\/6728\/revisions\/8000"}],"up":[{"embeddable":true,"href":"https:\/\/visitorsa.se\/de\/wp-json\/wp\/v2\/pages\/6424"}],"wp:attachment":[{"href":"https:\/\/visitorsa.se\/de\/wp-json\/wp\/v2\/media?parent=6728"}],"wp:term":[{"taxonomy":"category","embeddable":true,"href":"https:\/\/visitorsa.se\/de\/wp-json\/wp\/v2\/categories?post=6728"},{"taxonomy":"post_tag","embeddable":true,"href":"https:\/\/visitorsa.se\/de\/wp-json\/wp\/v2\/tags?post=6728"}],"curies":[{"name":"wp","href":"https:\/\/api.w.org\/{rel}","templated":true}]}}