{"id":6718,"date":"2025-05-14T12:02:41","date_gmt":"2025-05-14T10:02:41","guid":{"rendered":"https:\/\/staging.visitorsa.se\/aktivitaeten-in-orsa\/der-fall-der-hoelle\/"},"modified":"2025-05-14T12:14:33","modified_gmt":"2025-05-14T10:14:33","slug":"der-fall-der-hoelle","status":"publish","type":"page","link":"https:\/\/visitorsa.se\/de\/aktivitaeten-in-orsa\/der-fall-der-hoelle\/","title":{"rendered":"Helvetesfallet"},"content":{"rendered":"\n<style type=\"text\/css\" data-created_by=\"avia_inline_auto\" id=\"style-css-av-43pxvf-ac6aae6e597a6cde3e29d7d82161157f\">\n.flex_column.av-43pxvf-ac6aae6e597a6cde3e29d7d82161157f{\n-webkit-border-radius:0px 0px 0px 0px;\n-moz-border-radius:0px 0px 0px 0px;\nborder-radius:0px 0px 0px 0px;\npadding:0px 0px 0px 0px;\n}\n<\/style>\n<div class='flex_column av-43pxvf-ac6aae6e597a6cde3e29d7d82161157f av_one_full  avia-builder-el-0  el_before_av_one_half  avia-builder-el-first  first flex_column_div av-zero-column-padding '     ><div  class='avia-video av-kh50xplt-395575646c7f0f0d955c5d1715628dd9 avia-video-16-9 av-no-preview-image avia-video-load-always av-lazyload-immediate av-lazyload-video-embed'  itemprop=\"video\" itemtype=\"https:\/\/schema.org\/VideoObject\"  data-original_url='https:\/\/www.youtube.com\/watch?v=XLdJDSDO-DI'><script type='text\/html' class='av-video-tmpl'><div class='avia-iframe-wrap'><iframe loading=\"lazy\" title=\"Visit Orsa   Helvetesfallet\" width=\"1500\" height=\"844\" src=\"https:\/\/www.youtube.com\/embed\/XLdJDSDO-DI?feature=oembed&autoplay=0&loop=0&controls=1&mute=0\" frameborder=\"0\" allow=\"accelerometer; autoplay; clipboard-write; encrypted-media; gyroscope; picture-in-picture\" allowfullscreen><\/iframe><\/div><\/script><div class='av-click-to-play-overlay'><div class=\"avia_playpause_icon\"><\/div><\/div><\/div><\/div>\n\n<style type=\"text\/css\" data-created_by=\"avia_inline_auto\" id=\"style-css-av-2dhi0b-e69cc003a2eca356c71de79726ac373f\">\n.flex_column.av-2dhi0b-e69cc003a2eca356c71de79726ac373f{\n-webkit-border-radius:0px 0px 0px 0px;\n-moz-border-radius:0px 0px 0px 0px;\nborder-radius:0px 0px 0px 0px;\npadding:0px 0px 0px 0px;\n}\n<\/style>\n<div class='flex_column av-2dhi0b-e69cc003a2eca356c71de79726ac373f av_one_half  avia-builder-el-2  el_after_av_one_full  el_before_av_one_half  first flex_column_div av-zero-column-padding column-top-margin'     ><section  class='av_textblock_section av-kh515heo-16a12493aed03632998c69de69c11db4'  itemscope=\"itemscope\" itemtype=\"https:\/\/schema.org\/CreativeWork\" ><div class='avia_textblock'  itemprop=\"text\" ><h3 class=\"bd\">Helvetesfallet ist eine von \u00c4m\u00e5n gebildete Schlucht.<\/h3>\n<p>Die Schlucht hat etwa 30 Meter hohe und steile Felsw\u00e4nde. Die Schlucht ist mit unber\u00fchrten W\u00e4ldern bewachsen, in denen eine gro\u00dfe Anzahl ungew\u00f6hnlicher Pflanzen zu finden ist. Unter anderem gibt es Tussocks, Waldglocken, mehrere gef\u00e4hrdete Flechten, Holzpilze und Moose. Es gibt auch \u00dcberreste von alten schwimmenden Ger\u00e4ten.<\/p>\n<p>Informationen Vom Parkplatz hinunter zum Helvetesfallet sind es ca. 200 m. Die Stra\u00dfe hinunter ist teilweise steil mit gro\u00dfen Steinen auf dem Weg, es kann daher ziemlich schwierig sein, herunterzukommen, also nehmen Sie es vorsichtig. Gehen Sie langsam.<\/p>\n<p class=\"p1\">Die Gemeinde Orsa verbessert und sichert den Weg hinunter zum Helvetesfallet im Herbst, 2022. Unter anderem wird ein Treppenhaus gebaut, um die Barrierefreiheit zu f\u00f6rdern.<\/p>\n<\/div><\/section><\/div>\n<style type=\"text\/css\" data-created_by=\"avia_inline_auto\" id=\"style-css-av-2dhi0b-2-1e5353b3695743bdf3758ab90e4cb4b6\">\n.flex_column.av-2dhi0b-2-1e5353b3695743bdf3758ab90e4cb4b6{\n-webkit-border-radius:0px 0px 0px 0px;\n-moz-border-radius:0px 0px 0px 0px;\nborder-radius:0px 0px 0px 0px;\npadding:0px 0px 0px 0px;\n}\n<\/style>\n<div class='flex_column av-2dhi0b-2-1e5353b3695743bdf3758ab90e4cb4b6 av_one_half  avia-builder-el-4  el_after_av_one_half  avia-builder-el-last  flex_column_div av-zero-column-padding column-top-margin'     ><section  class='av_textblock_section av-kh515heo-1-31972dffcc23ee6adbf207bd89eaf755'  itemscope=\"itemscope\" itemtype=\"https:\/\/schema.org\/CreativeWork\" ><div class='avia_textblock'  itemprop=\"text\" ><p>5 km s\u00fcdlich von Helvetesfallet liegt Storstupet.<\/p>\n<p><strong>Wegbeschreibungen:<\/strong> Fahren Sie von der Orsa-Stra\u00dfe 45 nach Norden etwa 3 km &#8211; nehmen Sie die Stra\u00dfe 296 rechts in Richtung Skattungbyn-Voxna. In M\u00e4ssbacken (nach ca. 4 km) biegen Sie am Ortsschild Orsa Tallheds Airport \/ Storstupet links ab. Folgen Sie der Strasse \u00fcber den Flugplatz, dann der Beschilderung nach Storstupet und sp\u00e4ter nach Helvetesfallet.<\/p>\n<p><strong><span class=\"style-scope yt-formatted-string\" dir=\"auto\">Denken Sie daran, Visit Orsa in den sozialen Medien zu folgen.<\/span><\/strong><\/p>\n<p><a href=\"https:\/\/www.instagram.com\/visitorsa\/\">https:\/\/www.instagram.com\/visitorsa\/ <\/a><br \/>\n<a href=\"https:\/\/www.facebook.com\/visitorsa\">https:\/\/www.facebook.com\/visitorsa<\/a><br \/>\n<a href=\"https:\/\/www.youtube.com\/channel\/UCw3TBy170pUWV5P3SK_7nPQ\/\">https:\/\/www.youtube.com\/channel\/visitorsa<\/a><\/p>\n<h6><strong>#VisitOrsa<\/strong><\/h6>\n<\/div><\/section><\/div><\/p>\n","protected":false},"excerpt":{"rendered":"","protected":false},"author":1,"featured_media":0,"parent":6408,"menu_order":0,"comment_status":"closed","ping_status":"closed","template":"","meta":{"footnotes":""},"categories":[70,73],"tags":[95],"class_list":["post-6718","page","type-page","status-publish","hentry","category-aktivitaten-in-orsa","category-in-und-um-orsa","tag-aktivitaten"],"_links":{"self":[{"href":"https:\/\/visitorsa.se\/de\/wp-json\/wp\/v2\/pages\/6718","targetHints":{"allow":["GET"]}}],"collection":[{"href":"https:\/\/visitorsa.se\/de\/wp-json\/wp\/v2\/pages"}],"about":[{"href":"https:\/\/visitorsa.se\/de\/wp-json\/wp\/v2\/types\/page"}],"author":[{"embeddable":true,"href":"https:\/\/visitorsa.se\/de\/wp-json\/wp\/v2\/users\/1"}],"replies":[{"embeddable":true,"href":"https:\/\/visitorsa.se\/de\/wp-json\/wp\/v2\/comments?post=6718"}],"version-history":[{"count":9,"href":"https:\/\/visitorsa.se\/de\/wp-json\/wp\/v2\/pages\/6718\/revisions"}],"predecessor-version":[{"id":152682,"href":"https:\/\/visitorsa.se\/de\/wp-json\/wp\/v2\/pages\/6718\/revisions\/152682"}],"up":[{"embeddable":true,"href":"https:\/\/visitorsa.se\/de\/wp-json\/wp\/v2\/pages\/6408"}],"wp:attachment":[{"href":"https:\/\/visitorsa.se\/de\/wp-json\/wp\/v2\/media?parent=6718"}],"wp:term":[{"taxonomy":"category","embeddable":true,"href":"https:\/\/visitorsa.se\/de\/wp-json\/wp\/v2\/categories?post=6718"},{"taxonomy":"post_tag","embeddable":true,"href":"https:\/\/visitorsa.se\/de\/wp-json\/wp\/v2\/tags?post=6718"}],"curies":[{"name":"wp","href":"https:\/\/api.w.org\/{rel}","templated":true}]}}