{"id":6708,"date":"2021-03-19T13:24:54","date_gmt":"2021-03-19T12:24:54","guid":{"rendered":"https:\/\/staging.visitorsa.se\/kleine-gesellschaft\/"},"modified":"2022-08-02T21:40:49","modified_gmt":"2022-08-02T19:40:49","slug":"kleine-gesellschaft","status":"publish","type":"page","link":"https:\/\/visitorsa.se\/de\/kleine-gesellschaft\/","title":{"rendered":"Little Society Wein &amp; Deli"},"content":{"rendered":"\n<style type=\"text\/css\" data-created_by=\"avia_inline_auto\" id=\"style-css-av-4ae4w-df72feb9ee13182ef8fa353b23813b86\">\n.flex_column.av-4ae4w-df72feb9ee13182ef8fa353b23813b86{\n-webkit-border-radius:0px 0px 0px 0px;\n-moz-border-radius:0px 0px 0px 0px;\nborder-radius:0px 0px 0px 0px;\npadding:0px 0px 0px 0px;\n}\n<\/style>\n<div class='flex_column av-4ae4w-df72feb9ee13182ef8fa353b23813b86 av_one_half  avia-builder-el-0  el_before_av_one_half  avia-builder-el-first  first flex_column_div av-zero-column-padding '     ><style type=\"text\/css\" data-created_by=\"avia_inline_auto\" id=\"style-css-av-kgf1j3ru-b8b196effa3eb133a3e47d569b8723a5\">\n#top .avia-gallery.av-kgf1j3ru-b8b196effa3eb133a3e47d569b8723a5 .avia-gallery-thumb a{\nwidth:33.3333%;\n}\n<\/style>\n<div  class='avia-gallery av-kgf1j3ru-b8b196effa3eb133a3e47d569b8723a5 avia_animate_when_visible  avia-builder-el-1  avia-builder-el-no-sibling  avia_lazyload avia-gallery-animate avia-gallery-1'  itemprop=\"image\" itemscope=\"itemscope\" itemtype=\"https:\/\/schema.org\/ImageObject\" ><meta itemprop=\"contentURL\" content=\"https:\/\/visitorsa.se\/de\/kleine-gesellschaft\/\"><div class='avia-gallery-thumb'><a href=\"https:\/\/visitorsa.se\/app\/uploads\/2021\/03\/Lilla-sallskapet-3-1-1030x773.jpg\" data-srcset=\"https:\/\/visitorsa.se\/app\/uploads\/2021\/03\/Lilla-sallskapet-3-1-1030x773.jpg 1030w, https:\/\/visitorsa.se\/app\/uploads\/2021\/03\/Lilla-sallskapet-3-1-300x225.jpg 300w, https:\/\/visitorsa.se\/app\/uploads\/2021\/03\/Lilla-sallskapet-3-1-768x576.jpg 768w, https:\/\/visitorsa.se\/app\/uploads\/2021\/03\/Lilla-sallskapet-3-1-1536x1152.jpg 1536w, https:\/\/visitorsa.se\/app\/uploads\/2021\/03\/Lilla-sallskapet-3-1-1500x1125.jpg 1500w, https:\/\/visitorsa.se\/app\/uploads\/2021\/03\/Lilla-sallskapet-3-1-705x529.jpg 705w, https:\/\/visitorsa.se\/app\/uploads\/2021\/03\/Lilla-sallskapet-3-1.jpg 1824w\" data-sizes=\"(max-width: 1030px) 100vw, 1030px\" data-rel='gallery-1' data-prev-img='https:\/\/visitorsa.se\/app\/uploads\/2021\/03\/Lilla-sallskapet-3-1-495x400.jpg' class='first_thumb lightbox ' data-onclick='1' title='Kleine Gesellschaft'  itemprop=\"thumbnailUrl\"  ><img decoding=\"async\" class=\"wp-image-5728 avia-img-lazy-loading-not-5728\"   src=\"https:\/\/visitorsa.se\/app\/uploads\/2021\/03\/Lilla-sallskapet-3-1-705x529.jpg\" width=\"705\" height=\"529\"  title='Kleine Gesellschaft' alt='Besuchen Sie Orsa' srcset=\"https:\/\/visitorsa.se\/app\/uploads\/2021\/03\/Lilla-sallskapet-3-1-705x529.jpg 705w, https:\/\/visitorsa.se\/app\/uploads\/2021\/03\/Lilla-sallskapet-3-1-300x225.jpg 300w, https:\/\/visitorsa.se\/app\/uploads\/2021\/03\/Lilla-sallskapet-3-1-1030x773.jpg 1030w, https:\/\/visitorsa.se\/app\/uploads\/2021\/03\/Lilla-sallskapet-3-1-768x576.jpg 768w, https:\/\/visitorsa.se\/app\/uploads\/2021\/03\/Lilla-sallskapet-3-1-1536x1152.jpg 1536w, https:\/\/visitorsa.se\/app\/uploads\/2021\/03\/Lilla-sallskapet-3-1-1500x1125.jpg 1500w, https:\/\/visitorsa.se\/app\/uploads\/2021\/03\/Lilla-sallskapet-3-1.jpg 1824w\" sizes=\"(max-width: 705px) 100vw, 705px\" \/><div class='big-prev-fake'><img loading=\"lazy\" decoding=\"async\" class=\"wp-image-5728 avia-img-lazy-loading-5728\"  width=\"495\" height=\"400\" src=\"https:\/\/visitorsa.se\/app\/uploads\/2021\/03\/Lilla-sallskapet-3-1-495x400.jpg\" title='Kleine Gesellschaft' alt='Besuchen Sie Orsa' srcset=\"https:\/\/visitorsa.se\/app\/uploads\/2021\/03\/Lilla-sallskapet-3-1-495x400.jpg 495w, https:\/\/visitorsa.se\/app\/uploads\/2021\/03\/Lilla-sallskapet-3-1-845x684.jpg 845w\" sizes=\"auto, (max-width: 495px) 100vw, 495px\" \/><\/div><\/a><a href=\"https:\/\/visitorsa.se\/app\/uploads\/2021\/03\/Lilla-sallskapet-2-1-1030x1030.jpg\" data-srcset=\"https:\/\/visitorsa.se\/app\/uploads\/2021\/03\/Lilla-sallskapet-2-1-1030x1030.jpg 1030w, https:\/\/visitorsa.se\/app\/uploads\/2021\/03\/Lilla-sallskapet-2-1-300x300.jpg 300w, https:\/\/visitorsa.se\/app\/uploads\/2021\/03\/Lilla-sallskapet-2-1-80x80.jpg 80w, https:\/\/visitorsa.se\/app\/uploads\/2021\/03\/Lilla-sallskapet-2-1-768x768.jpg 768w, https:\/\/visitorsa.se\/app\/uploads\/2021\/03\/Lilla-sallskapet-2-1-36x36.jpg 36w, https:\/\/visitorsa.se\/app\/uploads\/2021\/03\/Lilla-sallskapet-2-1-180x180.jpg 180w, https:\/\/visitorsa.se\/app\/uploads\/2021\/03\/Lilla-sallskapet-2-1-705x705.jpg 705w, https:\/\/visitorsa.se\/app\/uploads\/2021\/03\/Lilla-sallskapet-2-1.jpg 1440w\" data-sizes=\"(max-width: 1030px) 100vw, 1030px\" data-rel='gallery-1' data-prev-img='https:\/\/visitorsa.se\/app\/uploads\/2021\/03\/Lilla-sallskapet-2-1-495x400.jpg' class='lightbox ' data-onclick='2' title='Kleine Gesellschaft'  itemprop=\"thumbnailUrl\"  ><img decoding=\"async\" class=\"wp-image-5726 avia-img-lazy-loading-not-5726\"   src=\"https:\/\/visitorsa.se\/app\/uploads\/2021\/03\/Lilla-sallskapet-2-1-705x705.jpg\" width=\"705\" height=\"705\"  title='Kleine Gesellschaft' alt='Besuchen Sie Orsa' srcset=\"https:\/\/visitorsa.se\/app\/uploads\/2021\/03\/Lilla-sallskapet-2-1-705x705.jpg 705w, https:\/\/visitorsa.se\/app\/uploads\/2021\/03\/Lilla-sallskapet-2-1-300x300.jpg 300w, https:\/\/visitorsa.se\/app\/uploads\/2021\/03\/Lilla-sallskapet-2-1-1030x1030.jpg 1030w, https:\/\/visitorsa.se\/app\/uploads\/2021\/03\/Lilla-sallskapet-2-1-80x80.jpg 80w, https:\/\/visitorsa.se\/app\/uploads\/2021\/03\/Lilla-sallskapet-2-1-768x768.jpg 768w, https:\/\/visitorsa.se\/app\/uploads\/2021\/03\/Lilla-sallskapet-2-1-36x36.jpg 36w, https:\/\/visitorsa.se\/app\/uploads\/2021\/03\/Lilla-sallskapet-2-1-180x180.jpg 180w, https:\/\/visitorsa.se\/app\/uploads\/2021\/03\/Lilla-sallskapet-2-1.jpg 1440w\" sizes=\"(max-width: 705px) 100vw, 705px\" \/><div class='big-prev-fake'><img loading=\"lazy\" decoding=\"async\" class=\"wp-image-5726 avia-img-lazy-loading-5726\"  width=\"495\" height=\"400\" src=\"https:\/\/visitorsa.se\/app\/uploads\/2021\/03\/Lilla-sallskapet-2-1-495x400.jpg\" title='Kleine Gesellschaft' alt='Besuchen Sie Orsa' srcset=\"https:\/\/visitorsa.se\/app\/uploads\/2021\/03\/Lilla-sallskapet-2-1-495x400.jpg 495w, https:\/\/visitorsa.se\/app\/uploads\/2021\/03\/Lilla-sallskapet-2-1-845x684.jpg 845w\" sizes=\"auto, (max-width: 495px) 100vw, 495px\" \/><\/div><\/a><a href=\"https:\/\/visitorsa.se\/app\/uploads\/2021\/03\/Lilla-sallskapet-4-1030x773.jpg\" data-srcset=\"https:\/\/visitorsa.se\/app\/uploads\/2021\/03\/Lilla-sallskapet-4-1030x773.jpg 1030w, https:\/\/visitorsa.se\/app\/uploads\/2021\/03\/Lilla-sallskapet-4-300x225.jpg 300w, https:\/\/visitorsa.se\/app\/uploads\/2021\/03\/Lilla-sallskapet-4-768x576.jpg 768w, https:\/\/visitorsa.se\/app\/uploads\/2021\/03\/Lilla-sallskapet-4-1536x1152.jpg 1536w, https:\/\/visitorsa.se\/app\/uploads\/2021\/03\/Lilla-sallskapet-4-1500x1125.jpg 1500w, https:\/\/visitorsa.se\/app\/uploads\/2021\/03\/Lilla-sallskapet-4-705x529.jpg 705w, https:\/\/visitorsa.se\/app\/uploads\/2021\/03\/Lilla-sallskapet-4.jpg 1824w\" data-sizes=\"(max-width: 1030px) 100vw, 1030px\" data-rel='gallery-1' data-prev-img='https:\/\/visitorsa.se\/app\/uploads\/2021\/03\/Lilla-sallskapet-4-495x400.jpg' class='lightbox ' data-onclick='3' title='Kleine Gesellschaft'  itemprop=\"thumbnailUrl\"  ><img decoding=\"async\" class=\"wp-image-5730 avia-img-lazy-loading-not-5730\"   src=\"https:\/\/visitorsa.se\/app\/uploads\/2021\/03\/Lilla-sallskapet-4-705x529.jpg\" width=\"705\" height=\"529\"  title='Kleine Gesellschaft' alt='Besuchen Sie Orsa' srcset=\"https:\/\/visitorsa.se\/app\/uploads\/2021\/03\/Lilla-sallskapet-4-705x529.jpg 705w, https:\/\/visitorsa.se\/app\/uploads\/2021\/03\/Lilla-sallskapet-4-300x225.jpg 300w, https:\/\/visitorsa.se\/app\/uploads\/2021\/03\/Lilla-sallskapet-4-1030x773.jpg 1030w, https:\/\/visitorsa.se\/app\/uploads\/2021\/03\/Lilla-sallskapet-4-768x576.jpg 768w, https:\/\/visitorsa.se\/app\/uploads\/2021\/03\/Lilla-sallskapet-4-1536x1152.jpg 1536w, https:\/\/visitorsa.se\/app\/uploads\/2021\/03\/Lilla-sallskapet-4-1500x1125.jpg 1500w, https:\/\/visitorsa.se\/app\/uploads\/2021\/03\/Lilla-sallskapet-4.jpg 1824w\" sizes=\"(max-width: 705px) 100vw, 705px\" \/><div class='big-prev-fake'><img loading=\"lazy\" decoding=\"async\" class=\"wp-image-5730 avia-img-lazy-loading-5730\"  width=\"495\" height=\"400\" src=\"https:\/\/visitorsa.se\/app\/uploads\/2021\/03\/Lilla-sallskapet-4-495x400.jpg\" title='Kleine Gesellschaft' alt='Besuchen Sie Orsa' srcset=\"https:\/\/visitorsa.se\/app\/uploads\/2021\/03\/Lilla-sallskapet-4-495x400.jpg 495w, https:\/\/visitorsa.se\/app\/uploads\/2021\/03\/Lilla-sallskapet-4-845x684.jpg 845w\" sizes=\"auto, (max-width: 495px) 100vw, 495px\" \/><\/div><\/a><\/div><\/div><\/div>\n\n<style type=\"text\/css\" data-created_by=\"avia_inline_auto\" id=\"style-css-av-aupcw0-b252b444939f1c6223e79e5b57074446\">\n.flex_column.av-aupcw0-b252b444939f1c6223e79e5b57074446{\n-webkit-border-radius:0px 0px 0px 0px;\n-moz-border-radius:0px 0px 0px 0px;\nborder-radius:0px 0px 0px 0px;\npadding:0px 0px 0px 0px;\n}\n<\/style>\n<div class='flex_column av-aupcw0-b252b444939f1c6223e79e5b57074446 av_one_half  avia-builder-el-2  el_after_av_one_half  el_before_av_one_full  flex_column_div av-zero-column-padding '     ><section  class='av_textblock_section av-kgf1e6kl-253ba1d13068f8db85f0ad3cf08f701d'  itemscope=\"itemscope\" itemtype=\"https:\/\/schema.org\/CreativeWork\" ><div class='avia_textblock'  itemprop=\"text\" ><div id=\"frame-237-2308-1\" class=\"yframe frame-1-4 rem-phone-50 rem-pad-33_33\">\n<div class=\"yframe-inner\">\n<div id=\"object-237-4410\" class=\"content-object object-1-1 general-text\" data-type=\"general-text\">\n<div class=\"object-inner\">\n<h3 class=\"main-title entry-title \">0.1 Meilen<\/h3>\n<p>Lilla S\u00e4llskapet ist ein kleines Restaurant mitten im Zentrum von Orsa, das sich auf lokale und schwedische Produkte und Zutaten konzentriert. In einem einzigartigen und gem\u00fctlichen kleinen Raum servieren wir klassische Gerichte, aber mit unserem eigenen Twist und einer gro\u00dfen Portion Liebe. Bei uns k\u00f6nnen Sie zu Mittag essen, \u00e0 la carte oder einfach nur vorbeischauen, um eine hei\u00dfe Tasse Kaffee, ein Glas Wein oder ein Spiel zu genie\u00dfen. Willkommen bei Lilla S\u00e4llskapet.<\/p>\n<h3>Kontaktieren Sie uns<\/h3>\n<p><strong>info@lillasallskapetorsa.se per E-Mail<\/strong> <a href=\"Info@lillasallskapetorsa.se\"> versenden<\/a><\/p>\n<p><strong>Telefon 0250-40000<\/strong><\/p>\n<\/div>\n<\/div>\n<\/div>\n<\/div>\n<div id=\"frame-237-2308-2\" class=\"yframe frame-1-4 not_on_phone rem-phone-50 rem-pad-33_33\">\n<div class=\"yframe-inner\">\n<div id=\"object-237-4406\" class=\"content-object object-1-1 not_on_phone general-text\" data-type=\"general-text\">\n<div class=\"object-inner\">\n<h4>Kyrkogatan 8<\/h4>\n<p>Tel.: 794 30 Orsa<\/p>\n<\/div>\n<\/div>\n<\/div>\n<\/div>\n<\/div><\/section><br \/>\n<br \/>\n<div  class='avia-button-wrap avia-button-center  avia-builder-el-5  el_after_av_codeblock  avia-builder-el-last ' >\n<style type=\"text\/css\" data-created_by=\"avia_inline_auto\" id=\"style-css-av-kgf1wc7j-c137cc77360d37949918b3557de37a54\">\n#top #wrap_all .avia-button.av-kgf1wc7j-c137cc77360d37949918b3557de37a54{\ncolor:#ffffff;\n-webkit-transition:all 0.4s ease-in-out;\n-moz-transition:all 0.4s ease-in-out;\n-ms-transition:all 0.4s ease-in-out;\n-o-transition:all 0.4s ease-in-out;\ntransition:all 0.4s ease-in-out;\n}\n#top #wrap_all .avia-button.av-kgf1wc7j-c137cc77360d37949918b3557de37a54:hover{\ncolor:#ffffff;\n-webkit-transition:all 0.4s ease-in-out;\n-moz-transition:all 0.4s ease-in-out;\n-ms-transition:all 0.4s ease-in-out;\n-o-transition:all 0.4s ease-in-out;\ntransition:all 0.4s ease-in-out;\n}\n<\/style>\n<a href='https:\/\/lillasallskapetorsa.se\/' class='avia-color-theme-color avia-button avia-button-fullwidth av-kgf1wc7j-c137cc77360d37949918b3557de37a54 avia-icon_select-yes-left-icon avia-color-theme-color' ><span class='avia_button_icon avia_button_icon_left' aria-hidden='true' data-av_icon='\ue832' data-av_iconfont='entypo-fontello'><\/span><span class='avia_iconbox_title' >  Besuchen Sie unsere Website<\/span><span class='avia_button_background avia-button avia-button-fullwidth avia-color-theme-color-highlight'><\/span><\/a><\/div><\/p><\/div>\n<style type=\"text\/css\" data-created_by=\"avia_inline_auto\" id=\"style-css-av-8piq0w-72ce86d9d34e4d6b8bfed66d14dacd08\">\n.flex_column.av-8piq0w-72ce86d9d34e4d6b8bfed66d14dacd08{\n-webkit-border-radius:0px 0px 0px 0px;\n-moz-border-radius:0px 0px 0px 0px;\nborder-radius:0px 0px 0px 0px;\npadding:0px 0px 0px 0px;\n}\n<\/style>\n<div class='flex_column av-8piq0w-72ce86d9d34e4d6b8bfed66d14dacd08 av_one_full  avia-builder-el-6  el_after_av_one_half  avia-builder-el-last  first flex_column_div av-zero-column-padding column-top-margin'     ><\/div><\/p>\n","protected":false},"excerpt":{"rendered":"","protected":false},"author":3,"featured_media":5724,"parent":0,"menu_order":0,"comment_status":"closed","ping_status":"closed","template":"","meta":{"footnotes":""},"categories":[87],"tags":[],"class_list":["post-6708","page","type-page","status-publish","has-post-thumbnail","hentry","category-essen"],"_links":{"self":[{"href":"https:\/\/visitorsa.se\/de\/wp-json\/wp\/v2\/pages\/6708","targetHints":{"allow":["GET"]}}],"collection":[{"href":"https:\/\/visitorsa.se\/de\/wp-json\/wp\/v2\/pages"}],"about":[{"href":"https:\/\/visitorsa.se\/de\/wp-json\/wp\/v2\/types\/page"}],"author":[{"embeddable":true,"href":"https:\/\/visitorsa.se\/de\/wp-json\/wp\/v2\/users\/3"}],"replies":[{"embeddable":true,"href":"https:\/\/visitorsa.se\/de\/wp-json\/wp\/v2\/comments?post=6708"}],"version-history":[{"count":4,"href":"https:\/\/visitorsa.se\/de\/wp-json\/wp\/v2\/pages\/6708\/revisions"}],"predecessor-version":[{"id":8088,"href":"https:\/\/visitorsa.se\/de\/wp-json\/wp\/v2\/pages\/6708\/revisions\/8088"}],"wp:featuredmedia":[{"embeddable":true,"href":"https:\/\/visitorsa.se\/de\/wp-json\/wp\/v2\/media\/5724"}],"wp:attachment":[{"href":"https:\/\/visitorsa.se\/de\/wp-json\/wp\/v2\/media?parent=6708"}],"wp:term":[{"taxonomy":"category","embeddable":true,"href":"https:\/\/visitorsa.se\/de\/wp-json\/wp\/v2\/categories?post=6708"},{"taxonomy":"post_tag","embeddable":true,"href":"https:\/\/visitorsa.se\/de\/wp-json\/wp\/v2\/tags?post=6708"}],"curies":[{"name":"wp","href":"https:\/\/api.w.org\/{rel}","templated":true}]}}