{"id":6707,"date":"2021-03-25T13:03:12","date_gmt":"2021-03-25T12:03:12","guid":{"rendered":"https:\/\/staging.visitorsa.se\/hansjoe-molkerei\/"},"modified":"2022-08-02T21:39:37","modified_gmt":"2022-08-02T19:39:37","slug":"hansjoe-molkerei","status":"publish","type":"page","link":"https:\/\/visitorsa.se\/de\/hansjoe-molkerei\/","title":{"rendered":"Hansj\u00f6 Molkerei"},"content":{"rendered":"\n<style type=\"text\/css\" data-created_by=\"avia_inline_auto\" id=\"style-css-av-6d4ygg-db790e9493201a1d2f9d8b3dfe30decc\">\n.flex_column.av-6d4ygg-db790e9493201a1d2f9d8b3dfe30decc{\n-webkit-border-radius:0px 0px 0px 0px;\n-moz-border-radius:0px 0px 0px 0px;\nborder-radius:0px 0px 0px 0px;\npadding:0px 0px 0px 0px;\n}\n<\/style>\n<div class='flex_column av-6d4ygg-db790e9493201a1d2f9d8b3dfe30decc av_one_full  avia-builder-el-0  el_before_av_one_half  avia-builder-el-first  first flex_column_div av-zero-column-padding '     ><style type=\"text\/css\" data-created_by=\"avia_inline_auto\" id=\"style-css-av-kgf1j3ru-bc6cb6583491a834af35cf5d5ee88684\">\n#top .avia-gallery.av-kgf1j3ru-bc6cb6583491a834af35cf5d5ee88684 .avia-gallery-thumb a{\nwidth:25%;\n}\n<\/style>\n<div  class='avia-gallery av-kgf1j3ru-bc6cb6583491a834af35cf5d5ee88684 avia_animate_when_visible  avia-builder-el-1  avia-builder-el-no-sibling  avia_lazyload avia-gallery-animate avia-gallery-1'  itemprop=\"image\" itemscope=\"itemscope\" itemtype=\"https:\/\/schema.org\/ImageObject\" ><meta itemprop=\"contentURL\" content=\"https:\/\/visitorsa.se\/de\/hansjoe-molkerei\/\"><div class='avia-gallery-thumb'><a href=\"https:\/\/visitorsa.se\/app\/uploads\/2021\/03\/hansjomejeri-5.jpg\" data-srcset=\"https:\/\/visitorsa.se\/app\/uploads\/2021\/03\/hansjomejeri-5.jpg 750w, https:\/\/visitorsa.se\/app\/uploads\/2021\/03\/hansjomejeri-5-300x200.jpg 300w, https:\/\/visitorsa.se\/app\/uploads\/2021\/03\/hansjomejeri-5-705x470.jpg 705w\" data-sizes=\"(max-width: 750px) 100vw, 750px\" data-rel='gallery-1' data-prev-img='https:\/\/visitorsa.se\/app\/uploads\/2021\/03\/hansjomejeri-5-495x400.jpg' class='first_thumb lightbox ' data-onclick='1' title='hansj\u00f6mejeri 5'  itemprop=\"thumbnailUrl\"  ><img decoding=\"async\" class=\"wp-image-5772 avia-img-lazy-loading-not-5772\"   src=\"https:\/\/visitorsa.se\/app\/uploads\/2021\/03\/hansjomejeri-5-495x400.jpg\" width=\"495\" height=\"400\"  title='hansj\u00f6mejeri 5' alt='' \/><div class='big-prev-fake'><img loading=\"lazy\" decoding=\"async\" class=\"wp-image-5772 avia-img-lazy-loading-5772\"  width=\"495\" height=\"400\" src=\"https:\/\/visitorsa.se\/app\/uploads\/2021\/03\/hansjomejeri-5-495x400.jpg\" title='hansj\u00f6mejeri 5' alt='' \/><\/div><\/a><a href=\"https:\/\/visitorsa.se\/app\/uploads\/2021\/03\/Hansjomejeri-4.jpg\" data-srcset=\"https:\/\/visitorsa.se\/app\/uploads\/2021\/03\/Hansjomejeri-4.jpg 300w, https:\/\/visitorsa.se\/app\/uploads\/2021\/03\/Hansjomejeri-4-200x300.jpg 200w\" data-sizes=\"(max-width: 300px) 100vw, 300px\" data-rel='gallery-1' data-prev-img='https:\/\/visitorsa.se\/app\/uploads\/2021\/03\/Hansjomejeri-4-300x400.jpg' class='lightbox ' data-onclick='2' title='Hansj\u00f6mejeri 4'  itemprop=\"thumbnailUrl\"  ><img decoding=\"async\" class=\"wp-image-5770 avia-img-lazy-loading-not-5770\"   src=\"https:\/\/visitorsa.se\/app\/uploads\/2021\/03\/Hansjomejeri-4-300x400.jpg\" width=\"300\" height=\"400\"  title='Hansj\u00f6mejeri 4' alt='' \/><div class='big-prev-fake'><img loading=\"lazy\" decoding=\"async\" class=\"wp-image-5770 avia-img-lazy-loading-5770\"  width=\"300\" height=\"400\" src=\"https:\/\/visitorsa.se\/app\/uploads\/2021\/03\/Hansjomejeri-4-300x400.jpg\" title='Hansj\u00f6mejeri 4' alt='' \/><\/div><\/a><a href=\"https:\/\/visitorsa.se\/app\/uploads\/2021\/03\/hansjomejeri-6.jpg\" data-srcset=\"https:\/\/visitorsa.se\/app\/uploads\/2021\/03\/hansjomejeri-6.jpg 750w, https:\/\/visitorsa.se\/app\/uploads\/2021\/03\/hansjomejeri-6-300x200.jpg 300w, https:\/\/visitorsa.se\/app\/uploads\/2021\/03\/hansjomejeri-6-705x470.jpg 705w\" data-sizes=\"(max-width: 750px) 100vw, 750px\" data-rel='gallery-1' data-prev-img='https:\/\/visitorsa.se\/app\/uploads\/2021\/03\/hansjomejeri-6-495x400.jpg' class='lightbox ' data-onclick='3' title='Hansj\u00f6mejeri - Wikipedia'  itemprop=\"thumbnailUrl\"  ><img decoding=\"async\" class=\"wp-image-5774 avia-img-lazy-loading-not-5774\"   src=\"https:\/\/visitorsa.se\/app\/uploads\/2021\/03\/hansjomejeri-6-495x400.jpg\" width=\"495\" height=\"400\"  title='Hansj\u00f6mejeri - Wikipedia' alt='Besuchen Sie Orsa' \/><div class='big-prev-fake'><img loading=\"lazy\" decoding=\"async\" class=\"wp-image-5774 avia-img-lazy-loading-5774\"  width=\"495\" height=\"400\" src=\"https:\/\/visitorsa.se\/app\/uploads\/2021\/03\/hansjomejeri-6-495x400.jpg\" title='Hansj\u00f6mejeri - Wikipedia' alt='Besuchen Sie Orsa' \/><\/div><\/a><\/div><\/div><\/div>\n<style type=\"text\/css\" data-created_by=\"avia_inline_auto\" id=\"style-css-av-aupcw0-034727ff4178265a807e03e0bbca9dc3\">\n.flex_column.av-aupcw0-034727ff4178265a807e03e0bbca9dc3{\n-webkit-border-radius:0px 0px 0px 0px;\n-moz-border-radius:0px 0px 0px 0px;\nborder-radius:0px 0px 0px 0px;\npadding:0px 0px 0px 0px;\n}\n<\/style>\n<div class='flex_column av-aupcw0-034727ff4178265a807e03e0bbca9dc3 av_one_half  avia-builder-el-2  el_after_av_one_full  el_before_av_one_half  first flex_column_div av-zero-column-padding column-top-margin'     ><section  class='av_textblock_section av-kgf1e6kl-253ba1d13068f8db85f0ad3cf08f701d'  itemscope=\"itemscope\" itemtype=\"https:\/\/schema.org\/CreativeWork\" ><div class='avia_textblock'  itemprop=\"text\" ><h3 class=\"w44 bcm cn\">Hansj\u00f6 Molkerei<\/h3>\n<p id=\"yui_3_17_2_1_1616673186212_495\" class=\"\">Hansj\u00f6 Dairy ist ein kleines Familienunternehmen, das seit M\u00e4rz 2019 von Inhaber Bj\u00f6rn Daniels zusammen mit Ehemann Nicolina Daniels gef\u00fchrt wird.<\/p>\n<p class=\"\">Dairy wurde von Bj\u00f6rns Eltern Kent Daniels und Anita Boman Daniels gegr\u00fcndet, die dann einen Bauernhof mit Milchk\u00fchen in Hansj\u00f6, n\u00f6rdlich von Orsa, betrieben. Um den Milchviehbetrieb zu erg\u00e4nzen, begannen sie, eine kleine Portion K\u00e4se aus der Milch herzustellen, die haupts\u00e4chlich lokal in Dalarna produziert und verkauft wurde. Seitdem ist das Unternehmen gewachsen und Anfang 2019 \u00fcbernahm der mittlere Sohn Bj\u00f6rn das Unternehmen. Heute wird der K\u00e4se weit \u00fcber die Kreisgrenze von Dalarna hinaus verkauft.<\/p>\n<p class=\"\">2-3 Tage die Woche braten wir in der Molkerei. Andere Tage verbringen wir damit, sich um den K\u00e4se zu k\u00fcmmern. Alle K\u00e4sesorten sollten in genau der richtigen Menge gesalzen werden. Die Hartk\u00e4se sollten umgedreht und gewaschen werden. Die Blauschimmelk\u00e4se sollten so bewirtschaftet werden, dass der gr\u00fcne Schimmel so w\u00e4chst, wie er sollte, und der wei\u00dfe Schimmel wie geplant gedeiht.<\/p>\n<h3>STUDIENBESUCHE<\/h3>\n<p class=\"\">Abh\u00e4ngig von der Jahreszeit k\u00f6nnen wir m\u00f6glicherweise Studienbesuche in der Molkerei unterbringen. Willkommen, um uns f\u00fcr weitere Informationen zu kontaktieren.<\/p>\n<\/div><\/section><br \/>\n<\/p><\/div>\n<style type=\"text\/css\" data-created_by=\"avia_inline_auto\" id=\"style-css-av-aupcw0-b252b444939f1c6223e79e5b57074446\">\n.flex_column.av-aupcw0-b252b444939f1c6223e79e5b57074446{\n-webkit-border-radius:0px 0px 0px 0px;\n-moz-border-radius:0px 0px 0px 0px;\nborder-radius:0px 0px 0px 0px;\npadding:0px 0px 0px 0px;\n}\n<\/style>\n<div class='flex_column av-aupcw0-b252b444939f1c6223e79e5b57074446 av_one_half  avia-builder-el-5  el_after_av_one_half  avia-builder-el-last  flex_column_div av-zero-column-padding column-top-margin'     ><section  class='av_textblock_section av-kgf1e6kl-253ba1d13068f8db85f0ad3cf08f701d'  itemscope=\"itemscope\" itemtype=\"https:\/\/schema.org\/CreativeWork\" ><div class='avia_textblock'  itemprop=\"text\" ><h3><strong>Kontaktieren Sie uns<\/strong><\/h3>\n<p><strong><br \/>\n  <span class=\"ah\">Telefon<\/span><br \/>\n<\/strong><span class=\"ah\"> +46 (0)73 &#8211; 022 96 19 <\/span> <\/p>\n<p><strong><br \/>\n  <span class=\"ah\">E-Mail-Adresse: <\/span><br \/>\n<\/strong><span class=\"ah\">hansjomejeri@gmail.com<\/span><\/p>\n<p><strong>Adresse<\/strong><\/p>\n<p>M\u00e4ssv\u00e4gen 4 &#8211; Wikipedia<br \/>\n794 90 Orsa<strong><br \/>\n<\/strong><\/p>\n<div id=\"mh\">\n<div id=\"mm\"><\/div>\n<\/div>\n<\/div><\/section><br \/>\n<br \/>\n<div  class='avia-button-wrap avia-button-center  avia-builder-el-8  el_after_av_codeblock  avia-builder-el-last ' >\n<style type=\"text\/css\" data-created_by=\"avia_inline_auto\" id=\"style-css-av-kgf1wc7j-d281b4bdb8af981b03e8d174640a3b86\">\n#top #wrap_all .avia-button.av-kgf1wc7j-d281b4bdb8af981b03e8d174640a3b86{\ncolor:#ffffff;\n-webkit-transition:all 0.4s ease-in-out;\n-moz-transition:all 0.4s ease-in-out;\n-ms-transition:all 0.4s ease-in-out;\n-o-transition:all 0.4s ease-in-out;\ntransition:all 0.4s ease-in-out;\n}\n#top #wrap_all .avia-button.av-kgf1wc7j-d281b4bdb8af981b03e8d174640a3b86:hover{\ncolor:#ffffff;\n-webkit-transition:all 0.4s ease-in-out;\n-moz-transition:all 0.4s ease-in-out;\n-ms-transition:all 0.4s ease-in-out;\n-o-transition:all 0.4s ease-in-out;\ntransition:all 0.4s ease-in-out;\n}\n<\/style>\n<a href='https:\/\/www.hansjomejeri.se\/' class='avia-color-theme-color avia-button avia-button-fullwidth av-kgf1wc7j-d281b4bdb8af981b03e8d174640a3b86 avia-icon_select-yes-left-icon avia-color-theme-color' ><span class='avia_button_icon avia_button_icon_left' aria-hidden='true' data-av_icon='\ue832' data-av_iconfont='entypo-fontello'><\/span><span class='avia_iconbox_title' >  Besuchen Sie unsere Website<\/span><span class='avia_button_background avia-button avia-button-fullwidth avia-color-theme-color-highlight'><\/span><\/a><\/div><\/p><\/div><\/p>\n","protected":false},"excerpt":{"rendered":"","protected":false},"author":3,"featured_media":5768,"parent":0,"menu_order":0,"comment_status":"closed","ping_status":"closed","template":"","meta":{"footnotes":""},"categories":[87,80],"tags":[],"class_list":["post-6707","page","type-page","status-publish","has-post-thumbnail","hentry","category-essen","category-handel-handwerk"],"_links":{"self":[{"href":"https:\/\/visitorsa.se\/de\/wp-json\/wp\/v2\/pages\/6707","targetHints":{"allow":["GET"]}}],"collection":[{"href":"https:\/\/visitorsa.se\/de\/wp-json\/wp\/v2\/pages"}],"about":[{"href":"https:\/\/visitorsa.se\/de\/wp-json\/wp\/v2\/types\/page"}],"author":[{"embeddable":true,"href":"https:\/\/visitorsa.se\/de\/wp-json\/wp\/v2\/users\/3"}],"replies":[{"embeddable":true,"href":"https:\/\/visitorsa.se\/de\/wp-json\/wp\/v2\/comments?post=6707"}],"version-history":[{"count":4,"href":"https:\/\/visitorsa.se\/de\/wp-json\/wp\/v2\/pages\/6707\/revisions"}],"predecessor-version":[{"id":8031,"href":"https:\/\/visitorsa.se\/de\/wp-json\/wp\/v2\/pages\/6707\/revisions\/8031"}],"wp:featuredmedia":[{"embeddable":true,"href":"https:\/\/visitorsa.se\/de\/wp-json\/wp\/v2\/media\/5768"}],"wp:attachment":[{"href":"https:\/\/visitorsa.se\/de\/wp-json\/wp\/v2\/media?parent=6707"}],"wp:term":[{"taxonomy":"category","embeddable":true,"href":"https:\/\/visitorsa.se\/de\/wp-json\/wp\/v2\/categories?post=6707"},{"taxonomy":"post_tag","embeddable":true,"href":"https:\/\/visitorsa.se\/de\/wp-json\/wp\/v2\/tags?post=6707"}],"curies":[{"name":"wp","href":"https:\/\/api.w.org\/{rel}","templated":true}]}}