{"id":6704,"date":"2025-05-14T12:02:43","date_gmt":"2025-05-14T10:02:43","guid":{"rendered":"https:\/\/staging.visitorsa.se\/gemeinde-orsa\/"},"modified":"2025-05-14T12:08:35","modified_gmt":"2025-05-14T10:08:35","slug":"gemeinde-orsa","status":"publish","type":"page","link":"https:\/\/visitorsa.se\/de\/gemeinde-orsa\/","title":{"rendered":"Gemeinde Orsa"},"content":{"rendered":"<div id='av_section_1'  class='avia-section av-2y33rw-142e54137718938a6d1ab2bd938c4c06 main_color avia-section-default avia-no-border-styling  avia-builder-el-0  avia-builder-el-no-sibling  avia-bg-style-scroll container_wrap fullsize'  ><div class='container av-section-cont-open' ><main  role=\"main\" itemprop=\"mainContentOfPage\"  class='template-page content  av-content-full alpha units'><div class='post-entry post-entry-type-page post-entry-6704'><div class='entry-content-wrapper clearfix'>\n\n<style type=\"text\/css\" data-created_by=\"avia_inline_auto\" id=\"style-css-av-av_heading-52e448f81cceb9e187077463f76c9a15\">\n#top .av-special-heading.av-av_heading-52e448f81cceb9e187077463f76c9a15{\npadding-bottom:10px;\n}\nbody .av-special-heading.av-av_heading-52e448f81cceb9e187077463f76c9a15 .av-special-heading-tag .heading-char{\nfont-size:25px;\n}\n.av-special-heading.av-av_heading-52e448f81cceb9e187077463f76c9a15 .av-subheading{\nfont-size:15px;\n}\n<\/style>\n<div  class='av-special-heading av-av_heading-52e448f81cceb9e187077463f76c9a15 av-special-heading-h1 blockquote modern-quote modern-centered  avia-builder-el-1  el_before_av_one_half  avia-builder-el-first '><h1 class='av-special-heading-tag'  itemprop=\"headline\"  >Gemeinde Orsa<\/h1><div class=\"special-heading-border\"><div class=\"special-heading-inner-border\"><\/div><\/div><\/div>\n\n<style type=\"text\/css\" data-created_by=\"avia_inline_auto\" id=\"style-css-av-43pxvf-ac6aae6e597a6cde3e29d7d82161157f\">\n.flex_column.av-43pxvf-ac6aae6e597a6cde3e29d7d82161157f{\n-webkit-border-radius:0px 0px 0px 0px;\n-moz-border-radius:0px 0px 0px 0px;\nborder-radius:0px 0px 0px 0px;\npadding:0px 0px 0px 0px;\n}\n<\/style>\n<div class='flex_column av-43pxvf-ac6aae6e597a6cde3e29d7d82161157f av_one_half  avia-builder-el-2  el_after_av_heading  el_before_av_one_half  first flex_column_div av-zero-column-padding '     ><div  class='avia-video av-kq7rvenh-eed7e8c4a68add0ce69ef9a59b740925 avia-video-16-9 av-no-preview-image avia-video-load-always av-lazyload-immediate av-lazyload-video-embed'  itemprop=\"video\" itemtype=\"https:\/\/schema.org\/VideoObject\"  data-original_url='https:\/\/youtu.be\/YQLk8WPMNic'><script type='text\/html' class='av-video-tmpl'><div class='avia-iframe-wrap'><iframe loading=\"lazy\" title=\"Orsa N\u00e4ringslivsfilm 2021\" width=\"1500\" height=\"844\" src=\"https:\/\/www.youtube.com\/embed\/YQLk8WPMNic?feature=oembed&autoplay=0&loop=0&controls=0&mute=0\" frameborder=\"0\" allow=\"accelerometer; autoplay; clipboard-write; encrypted-media; gyroscope; picture-in-picture\" allowfullscreen><\/iframe><\/div><\/script><div class='av-click-to-play-overlay'><div class=\"avia_playpause_icon\"><\/div><\/div><\/div><\/div>\n<style type=\"text\/css\" data-created_by=\"avia_inline_auto\" id=\"style-css-av-2dhi0b-aac7fe70e2e06101375ed5d100024413\">\n.flex_column.av-2dhi0b-aac7fe70e2e06101375ed5d100024413{\n-webkit-border-radius:0px 0px 0px 0px;\n-moz-border-radius:0px 0px 0px 0px;\nborder-radius:0px 0px 0px 0px;\npadding:0px 0px 0px 0px;\n}\n<\/style>\n<div class='flex_column av-2dhi0b-aac7fe70e2e06101375ed5d100024413 av_one_half  avia-builder-el-4  el_after_av_one_half  avia-builder-el-last  flex_column_div av-zero-column-padding '     ><section  class='av_textblock_section av-kh515heo-0451bddb9d2567f95539012733c8ecb4'  itemscope=\"itemscope\" itemtype=\"https:\/\/schema.org\/CreativeWork\" ><div class='avia_textblock'  itemprop=\"text\" ><p>Die Gemeinde Orsa im Kreis Dalarna liegt an der M\u00fcndung des Flusses Ore in den Orsasj\u00f6n-See im n\u00f6rdlichen Teil von Siljansbygden und physisch geographisch im n\u00f6rdlichen Gel\u00e4nde. Aufgrund des unwahrscheinlichen Ereignisses, dass ein Meteorit dieses n\u00f6rdliche Gel\u00e4nde getroffen hat, hat sich ein Ring aus weichen und kalkhaltigen Felsen gebildet, der als Siljan-Ring bezeichnet wird. Entlang des Lindenrings hat sich seit dem fr\u00fchen Mittelalter ein verdichtetes Bauerndorf entwickelt. Au\u00dferhalb des Lindenrings w\u00e4chst Nadelwald.<br \/>\nOrsa hat eine breite Palette von Natur- und Kulturerlebnissen, aufregende Aktivit\u00e4ten, herrliche Natur und ein reiches Leben im Freien. In Orsa ist die Natur immer zug\u00e4nglich und sichtbar, egal ob Sie die Ruhe und Stille der unber\u00fchrten Wildnis suchen oder wenn Sie nach aufregenden und aktiven Erlebnissen suchen.<br \/>\nOrsa steht mit einem Bein in der Geschichte und mit einem Bein in der Zukunft. Hier ist ein Kulturraum mit einem besonderen Gef\u00fchl und Geist. Hier sind H\u00e4user, die unsere Geschichte erz\u00e4hlen und neue nachhaltige Unterk\u00fcnfte, die auffallen. 1901 wurden gro\u00dfe Teile des alten Orsa-Zentrums durch einen Brand zerst\u00f6rt. Im Zusammenhang mit dem Wiederaufbau wuchs neben der zehn Jahre zuvor f\u00fcr den Verkehr freigegebenen Eisenbahn ein neues Innenstadtgeb\u00e4ude heran, darunter das Bahnhofsgeb\u00e4ude und das stattliche Bahnhotel.<br \/>\nIn Orsa gibt es auch den beliebten Orsa Campingplatz, der bereits 1932 mit seinem kilometerlangen Sandstrand am See Orsasj\u00f6n begann. Durch Orsa verl\u00e4uft die Inlandsbanan und die Europastra\u00dfe 45.<\/p>\n<\/div><\/section><\/div>\n","protected":false},"excerpt":{"rendered":"","protected":false},"author":1,"featured_media":0,"parent":0,"menu_order":0,"comment_status":"closed","ping_status":"closed","template":"","meta":{"footnotes":""},"categories":[],"tags":[],"class_list":["post-6704","page","type-page","status-publish","hentry"],"_links":{"self":[{"href":"https:\/\/visitorsa.se\/de\/wp-json\/wp\/v2\/pages\/6704","targetHints":{"allow":["GET"]}}],"collection":[{"href":"https:\/\/visitorsa.se\/de\/wp-json\/wp\/v2\/pages"}],"about":[{"href":"https:\/\/visitorsa.se\/de\/wp-json\/wp\/v2\/types\/page"}],"author":[{"embeddable":true,"href":"https:\/\/visitorsa.se\/de\/wp-json\/wp\/v2\/users\/1"}],"replies":[{"embeddable":true,"href":"https:\/\/visitorsa.se\/de\/wp-json\/wp\/v2\/comments?post=6704"}],"version-history":[{"count":3,"href":"https:\/\/visitorsa.se\/de\/wp-json\/wp\/v2\/pages\/6704\/revisions"}],"predecessor-version":[{"id":249891,"href":"https:\/\/visitorsa.se\/de\/wp-json\/wp\/v2\/pages\/6704\/revisions\/249891"}],"wp:attachment":[{"href":"https:\/\/visitorsa.se\/de\/wp-json\/wp\/v2\/media?parent=6704"}],"wp:term":[{"taxonomy":"category","embeddable":true,"href":"https:\/\/visitorsa.se\/de\/wp-json\/wp\/v2\/categories?post=6704"},{"taxonomy":"post_tag","embeddable":true,"href":"https:\/\/visitorsa.se\/de\/wp-json\/wp\/v2\/tags?post=6704"}],"curies":[{"name":"wp","href":"https:\/\/api.w.org\/{rel}","templated":true}]}}