{"id":6700,"date":"2025-05-14T12:02:42","date_gmt":"2025-05-14T10:02:42","guid":{"rendered":"https:\/\/staging.visitorsa.se\/essen\/die-eule-und-der-baer\/"},"modified":"2025-05-14T12:09:46","modified_gmt":"2025-05-14T10:09:46","slug":"die-eule-und-der-baer","status":"publish","type":"page","link":"https:\/\/visitorsa.se\/de\/essen\/die-eule-und-der-baer\/","title":{"rendered":"The Owl &amp; The Bear Restaurant"},"content":{"rendered":"\n<style type=\"text\/css\" data-created_by=\"avia_inline_auto\" id=\"style-css-av-4ae4w-df72feb9ee13182ef8fa353b23813b86\">\n.flex_column.av-4ae4w-df72feb9ee13182ef8fa353b23813b86{\n-webkit-border-radius:0px 0px 0px 0px;\n-moz-border-radius:0px 0px 0px 0px;\nborder-radius:0px 0px 0px 0px;\npadding:0px 0px 0px 0px;\n}\n<\/style>\n<div class='flex_column av-4ae4w-df72feb9ee13182ef8fa353b23813b86 av_one_half  avia-builder-el-0  el_before_av_one_half  avia-builder-el-first  first flex_column_div av-zero-column-padding '     ><\/div>\n<style type=\"text\/css\" data-created_by=\"avia_inline_auto\" id=\"style-css-av-aupcw0-b252b444939f1c6223e79e5b57074446\">\n.flex_column.av-aupcw0-b252b444939f1c6223e79e5b57074446{\n-webkit-border-radius:0px 0px 0px 0px;\n-moz-border-radius:0px 0px 0px 0px;\nborder-radius:0px 0px 0px 0px;\npadding:0px 0px 0px 0px;\n}\n<\/style>\n<div class='flex_column av-aupcw0-b252b444939f1c6223e79e5b57074446 av_one_half  avia-builder-el-2  el_after_av_one_half  el_before_av_one_full  flex_column_div av-zero-column-padding '     ><section  class='av_textblock_section av-kgf1e6kl-253ba1d13068f8db85f0ad3cf08f701d'  itemscope=\"itemscope\" itemtype=\"https:\/\/schema.org\/CreativeWork\" ><div class='avia_textblock'  itemprop=\"text\" ><div id=\"frame-237-2308-1\" class=\"yframe frame-1-4 rem-phone-50 rem-pad-33_33\">\n<div class=\"yframe-inner\">\n<div id=\"object-237-4410\" class=\"content-object object-1-1 general-text\" data-type=\"general-text\">\n<div class=\"object-inner\">\n<h3 class=\"main-title entry-title \">Willkommen im Restaurant Ugglan &amp; Bj\u00f6rnen d ein<span data-contrast=\"auto\">nat\u00fcrlicher Treffpunkt, der f\u00fcr jeden geeignet ist.<\/span><\/h3>\n<p><span data-contrast=\"auto\">Mit der Kombination aus Restaurant und Caf\u00e9\/Bar im selben Raum hoffen wir, dass Sie Ihren Platz finden.  <\/span><span data-contrast=\"auto\">Die W\u00fcnsche sind vielf\u00e4ltig vom Kind bis zum Erwachsenen!<br \/>\n<\/span><span data-contrast=\"auto\">Mit unserem herzhaften und vielseitigen Mittagsbuffet, leckeren Pizzen und gegrillten Burgern stillen wir sowohl den kleinen als auch den gro\u00dfen Hunger. Abends holen wir unsere \u00e0 la carte ab und genie\u00dfen nach einem Tag voller Aktivit\u00e4ten.<br \/>\n<\/span><span data-contrast=\"auto\">Die Gruppe von Freunden, die gerne etwas Gutes zu trinken genie\u00dfen, ist die Getr\u00e4nkekarte lang und diejenigen, die nach den heutigen Etappen noch Kr\u00e4fte \u00fcbrig haben, gibt es sowohl Billard als auch Darts.<br \/>\n<\/span><span data-contrast=\"auto\">Kinderspielzimmer mit Filmen und Spielzeug, je nachdem, ob die Energie noch da ist und nat\u00fcrlich gibt es kostenloses WLAN im ganzen Raum.<br \/>\nWenn die Beine aus sind, w\u00e4hlen Sie einfach in unserem Men\u00fc zum Mitnehmen und genie\u00dfen Sie weiter in der H\u00fctte.<\/span><\/p>\n<h3>Kontaktieren Sie uns<\/h3>\n<p><strong>Telefon +<\/strong> 46 (0)250-462 31<\/p>\n<p><strong>info@dalasmaker.se per E-Mail<\/strong> <a href=\"mailto:info@dalasmaker.se\"> versenden<\/a><\/p>\n<\/div>\n<\/div>\n<\/div>\n<\/div>\n<div id=\"frame-237-2308-2\" class=\"yframe frame-1-4 not_on_phone rem-phone-50 rem-pad-33_33\">\n<div class=\"yframe-inner\">\n<div id=\"object-237-4406\" class=\"content-object object-1-1 not_on_phone general-text\" data-type=\"general-text\">\n<div class=\"object-inner\">\n<\/div>\n<\/div>\n<\/div>\n<\/div>\n<\/div><\/section><br \/>\n<br \/>\n<div  class='avia-button-wrap avia-button-center  avia-builder-el-5  el_after_av_codeblock  avia-builder-el-last ' >\n<style type=\"text\/css\" data-created_by=\"avia_inline_auto\" id=\"style-css-av-kgf1wc7j-d19ac24b0880685d799e27939d41ce62\">\n#top #wrap_all .avia-button.av-kgf1wc7j-d19ac24b0880685d799e27939d41ce62{\ncolor:#ffffff;\n-webkit-transition:all 0.4s ease-in-out;\n-moz-transition:all 0.4s ease-in-out;\n-ms-transition:all 0.4s ease-in-out;\n-o-transition:all 0.4s ease-in-out;\ntransition:all 0.4s ease-in-out;\n}\n#top #wrap_all .avia-button.av-kgf1wc7j-d19ac24b0880685d799e27939d41ce62:hover{\ncolor:#ffffff;\n-webkit-transition:all 0.4s ease-in-out;\n-moz-transition:all 0.4s ease-in-out;\n-ms-transition:all 0.4s ease-in-out;\n-o-transition:all 0.4s ease-in-out;\ntransition:all 0.4s ease-in-out;\n}\n<\/style>\n<a href='http:\/\/www.dalasmaker.se\/ugglan-bjornen\/' class='avia-color-theme-color avia-button avia-button-fullwidth av-kgf1wc7j-d19ac24b0880685d799e27939d41ce62 avia-icon_select-yes-left-icon avia-color-theme-color' ><span class='avia_button_icon avia_button_icon_left' aria-hidden='true' data-av_icon='\ue832' data-av_iconfont='entypo-fontello'><\/span><span class='avia_iconbox_title' >  Besuchen Sie unsere Website<\/span><span class='avia_button_background avia-button avia-button-fullwidth avia-color-theme-color-highlight'><\/span><\/a><\/div><\/p><\/div><\/p>\n\n<style type=\"text\/css\" data-created_by=\"avia_inline_auto\" id=\"style-css-av-8piq0w-72ce86d9d34e4d6b8bfed66d14dacd08\">\n.flex_column.av-8piq0w-72ce86d9d34e4d6b8bfed66d14dacd08{\n-webkit-border-radius:0px 0px 0px 0px;\n-moz-border-radius:0px 0px 0px 0px;\nborder-radius:0px 0px 0px 0px;\npadding:0px 0px 0px 0px;\n}\n<\/style>\n<div class='flex_column av-8piq0w-72ce86d9d34e4d6b8bfed66d14dacd08 av_one_full  avia-builder-el-6  el_after_av_one_half  avia-builder-el-last  first flex_column_div av-zero-column-padding column-top-margin'     ><\/div>\n","protected":false},"excerpt":{"rendered":"","protected":false},"author":1,"featured_media":0,"parent":6428,"menu_order":0,"comment_status":"closed","ping_status":"closed","template":"","meta":{"footnotes":""},"categories":[87],"tags":[90],"class_list":["post-6700","page","type-page","status-publish","hentry","category-essen","tag-essen"],"_links":{"self":[{"href":"https:\/\/visitorsa.se\/de\/wp-json\/wp\/v2\/pages\/6700","targetHints":{"allow":["GET"]}}],"collection":[{"href":"https:\/\/visitorsa.se\/de\/wp-json\/wp\/v2\/pages"}],"about":[{"href":"https:\/\/visitorsa.se\/de\/wp-json\/wp\/v2\/types\/page"}],"author":[{"embeddable":true,"href":"https:\/\/visitorsa.se\/de\/wp-json\/wp\/v2\/users\/1"}],"replies":[{"embeddable":true,"href":"https:\/\/visitorsa.se\/de\/wp-json\/wp\/v2\/comments?post=6700"}],"version-history":[{"count":13,"href":"https:\/\/visitorsa.se\/de\/wp-json\/wp\/v2\/pages\/6700\/revisions"}],"predecessor-version":[{"id":8091,"href":"https:\/\/visitorsa.se\/de\/wp-json\/wp\/v2\/pages\/6700\/revisions\/8091"}],"up":[{"embeddable":true,"href":"https:\/\/visitorsa.se\/de\/wp-json\/wp\/v2\/pages\/6428"}],"wp:attachment":[{"href":"https:\/\/visitorsa.se\/de\/wp-json\/wp\/v2\/media?parent=6700"}],"wp:term":[{"taxonomy":"category","embeddable":true,"href":"https:\/\/visitorsa.se\/de\/wp-json\/wp\/v2\/categories?post=6700"},{"taxonomy":"post_tag","embeddable":true,"href":"https:\/\/visitorsa.se\/de\/wp-json\/wp\/v2\/tags?post=6700"}],"curies":[{"name":"wp","href":"https:\/\/api.w.org\/{rel}","templated":true}]}}