{"id":6690,"date":"2021-03-14T16:01:29","date_gmt":"2021-03-14T15:01:29","guid":{"rendered":"https:\/\/staging.visitorsa.se\/die-kausalen-sitzungen\/"},"modified":"2022-07-10T13:15:50","modified_gmt":"2022-07-10T11:15:50","slug":"die-kausalen-sitzungen","status":"publish","type":"page","link":"https:\/\/visitorsa.se\/de\/die-kausalen-sitzungen\/","title":{"rendered":"Orsakompassen"},"content":{"rendered":"\n<style type=\"text\/css\" data-created_by=\"avia_inline_auto\" id=\"style-css-av-6d4ygg-db790e9493201a1d2f9d8b3dfe30decc\">\n.flex_column.av-6d4ygg-db790e9493201a1d2f9d8b3dfe30decc{\n-webkit-border-radius:0px 0px 0px 0px;\n-moz-border-radius:0px 0px 0px 0px;\nborder-radius:0px 0px 0px 0px;\npadding:0px 0px 0px 0px;\n}\n<\/style>\n<div class='flex_column av-6d4ygg-db790e9493201a1d2f9d8b3dfe30decc av_one_full  avia-builder-el-0  el_before_av_one_half  avia-builder-el-first  first flex_column_div av-zero-column-padding '     ><style type=\"text\/css\" data-created_by=\"avia_inline_auto\" id=\"style-css-av-kgf1j3ru-2a906cfc3a04a38f0bc2ae24ddf35415\">\n#top .avia-gallery.av-kgf1j3ru-2a906cfc3a04a38f0bc2ae24ddf35415 .avia-gallery-thumb a{\nwidth:25%;\n}\n<\/style>\n<div  class='avia-gallery av-kgf1j3ru-2a906cfc3a04a38f0bc2ae24ddf35415 avia_animate_when_visible  avia-builder-el-1  avia-builder-el-no-sibling  avia_lazyload avia-gallery-animate avia-gallery-1'  itemprop=\"image\" itemscope=\"itemscope\" itemtype=\"https:\/\/schema.org\/ImageObject\" ><meta itemprop=\"contentURL\" content=\"https:\/\/visitorsa.se\/de\/die-kausalen-sitzungen\/\"><div class='avia-gallery-thumb'><a href=\"https:\/\/visitorsa.se\/app\/uploads\/2021\/03\/Kompassen-bild-2.jpg\" data-srcset=\"https:\/\/visitorsa.se\/app\/uploads\/2021\/03\/Kompassen-bild-2.jpg 595w, https:\/\/visitorsa.se\/app\/uploads\/2021\/03\/Kompassen-bild-2-263x300.jpg 263w\" data-sizes=\"(max-width: 595px) 100vw, 595px\" data-rel='gallery-1' data-prev-img='https:\/\/visitorsa.se\/app\/uploads\/2021\/03\/Kompassen-bild-2-495x400.jpg' class='first_thumb lightbox ' data-onclick='1' title='Kompass Abb. 2'  itemprop=\"thumbnailUrl\"  ><img decoding=\"async\" class=\"wp-image-5688 avia-img-lazy-loading-not-5688\"   src=\"https:\/\/visitorsa.se\/app\/uploads\/2021\/03\/Kompassen-bild-2-495x400.jpg\" width=\"495\" height=\"400\"  title='Kompass Abb. 2' alt='' \/><div class='big-prev-fake'><img loading=\"lazy\" decoding=\"async\" class=\"wp-image-5688 avia-img-lazy-loading-5688\"  width=\"495\" height=\"400\" src=\"https:\/\/visitorsa.se\/app\/uploads\/2021\/03\/Kompassen-bild-2-495x400.jpg\" title='Kompass Abb. 2' alt='' \/><\/div><\/a><a href=\"https:\/\/visitorsa.se\/app\/uploads\/2021\/03\/Kompassen-bild-3.jpg\" data-srcset=\"https:\/\/visitorsa.se\/app\/uploads\/2021\/03\/Kompassen-bild-3.jpg 351w, https:\/\/visitorsa.se\/app\/uploads\/2021\/03\/Kompassen-bild-3-300x275.jpg 300w\" data-sizes=\"(max-width: 351px) 100vw, 351px\" data-rel='gallery-1' data-prev-img='https:\/\/visitorsa.se\/app\/uploads\/2021\/03\/Kompassen-bild-3.jpg' class='lightbox ' data-onclick='2' title='Kompass Abb. 3'  itemprop=\"thumbnailUrl\"  ><img decoding=\"async\" class=\"wp-image-5690 avia-img-lazy-loading-not-5690\"   src=\"https:\/\/visitorsa.se\/app\/uploads\/2021\/03\/Kompassen-bild-3.jpg\" width=\"351\" height=\"322\"  title='Kompass Abb. 3' alt='' srcset=\"https:\/\/visitorsa.se\/app\/uploads\/2021\/03\/Kompassen-bild-3.jpg 351w, https:\/\/visitorsa.se\/app\/uploads\/2021\/03\/Kompassen-bild-3-300x275.jpg 300w\" sizes=\"(max-width: 351px) 100vw, 351px\" \/><div class='big-prev-fake'><img loading=\"lazy\" decoding=\"async\" class=\"wp-image-5690 avia-img-lazy-loading-5690\"  width=\"351\" height=\"322\" src=\"https:\/\/visitorsa.se\/app\/uploads\/2021\/03\/Kompassen-bild-3.jpg\" title='Kompass Abb. 3' alt='' srcset=\"https:\/\/visitorsa.se\/app\/uploads\/2021\/03\/Kompassen-bild-3.jpg 351w, https:\/\/visitorsa.se\/app\/uploads\/2021\/03\/Kompassen-bild-3-300x275.jpg 300w\" sizes=\"auto, (max-width: 351px) 100vw, 351px\" \/><\/div><\/a><a href=\"https:\/\/visitorsa.se\/app\/uploads\/2021\/03\/Kompassen-bild-4.jpg\" data-srcset=\"https:\/\/visitorsa.se\/app\/uploads\/2021\/03\/Kompassen-bild-4.jpg 945w, https:\/\/visitorsa.se\/app\/uploads\/2021\/03\/Kompassen-bild-4-300x144.jpg 300w, https:\/\/visitorsa.se\/app\/uploads\/2021\/03\/Kompassen-bild-4-768x369.jpg 768w, https:\/\/visitorsa.se\/app\/uploads\/2021\/03\/Kompassen-bild-4-705x339.jpg 705w\" data-sizes=\"(max-width: 945px) 100vw, 945px\" data-rel='gallery-1' data-prev-img='https:\/\/visitorsa.se\/app\/uploads\/2021\/03\/Kompassen-bild-4-495x400.jpg' class='lightbox ' data-onclick='3' title='Kompass Abb. 4'  itemprop=\"thumbnailUrl\"  ><img decoding=\"async\" class=\"wp-image-5692 avia-img-lazy-loading-not-5692\"   src=\"https:\/\/visitorsa.se\/app\/uploads\/2021\/03\/Kompassen-bild-4-495x400.jpg\" width=\"495\" height=\"400\"  title='Kompass Abb. 4' alt='' \/><div class='big-prev-fake'><img loading=\"lazy\" decoding=\"async\" class=\"wp-image-5692 avia-img-lazy-loading-5692\"  width=\"495\" height=\"400\" src=\"https:\/\/visitorsa.se\/app\/uploads\/2021\/03\/Kompassen-bild-4-495x400.jpg\" title='Kompass Abb. 4' alt='' \/><\/div><\/a><\/div><\/div><\/div>\n\n<style type=\"text\/css\" data-created_by=\"avia_inline_auto\" id=\"style-css-av-aupcw0-034727ff4178265a807e03e0bbca9dc3\">\n.flex_column.av-aupcw0-034727ff4178265a807e03e0bbca9dc3{\n-webkit-border-radius:0px 0px 0px 0px;\n-moz-border-radius:0px 0px 0px 0px;\nborder-radius:0px 0px 0px 0px;\npadding:0px 0px 0px 0px;\n}\n<\/style>\n<div class='flex_column av-aupcw0-034727ff4178265a807e03e0bbca9dc3 av_one_half  avia-builder-el-2  el_after_av_one_full  el_before_av_one_half  first flex_column_div av-zero-column-padding column-top-margin'     ><p><section  class='av_textblock_section av-kgf1e6kl-253ba1d13068f8db85f0ad3cf08f701d'  itemscope=\"itemscope\" itemtype=\"https:\/\/schema.org\/CreativeWork\" ><div class='avia_textblock'  itemprop=\"text\" ><p><strong>Orsakompassen \u2013 lokale Gratiszeitung<\/strong><\/p>\n<p>Orsakompassen ist eine lokale kostenlose Zeitung, die alle zwei Wochen erscheint und an alle Haushalte in Orsa, Vattn\u00e4s und V\u00e5mhus sowie an alle Unternehmen in Orsa und Mora verteilt wird. Die Auflage betr\u00e4gt 5.800 Exemplare. Orsakompassen wurde 2008 gegr\u00fcndet und ist Teil von Pathos Reklambyr\u00e5.<\/p>\n<p>In Orsakompassen finden Sie immer das aktuellste Sortiment und was rund um das Dorf passiert.<\/p>\n<\/div><\/section><br \/>\n<\/p><\/div>\n\n<style type=\"text\/css\" data-created_by=\"avia_inline_auto\" id=\"style-css-av-aupcw0-b252b444939f1c6223e79e5b57074446\">\n.flex_column.av-aupcw0-b252b444939f1c6223e79e5b57074446{\n-webkit-border-radius:0px 0px 0px 0px;\n-moz-border-radius:0px 0px 0px 0px;\nborder-radius:0px 0px 0px 0px;\npadding:0px 0px 0px 0px;\n}\n<\/style>\n<div class='flex_column av-aupcw0-b252b444939f1c6223e79e5b57074446 av_one_half  avia-builder-el-5  el_after_av_one_half  avia-builder-el-last  flex_column_div av-zero-column-padding column-top-margin'     ><section  class='av_textblock_section av-kgf1e6kl-253ba1d13068f8db85f0ad3cf08f701d'  itemscope=\"itemscope\" itemtype=\"https:\/\/schema.org\/CreativeWork\" ><div class='avia_textblock'  itemprop=\"text\" ><h3><strong>Kontaktieren Sie uns<\/strong><\/h3>\n<p><strong><span class=\"ah\">Telefon<\/span><\/strong><\/p>\n<p>0250-406 00<\/p>\n<p><strong>Adresse<br \/>\n<\/strong><\/p>\n<p>Box 10, 794 21 Orsa<\/p>\n<div id=\"mh\">\n<div id=\"mm\"><\/div>\n<\/div>\n<\/div><\/section><br \/>\n<br \/>\n<div  class='avia-button-wrap avia-button-center  avia-builder-el-8  el_after_av_codeblock  avia-builder-el-last ' >\n<style type=\"text\/css\" data-created_by=\"avia_inline_auto\" id=\"style-css-av-kgf1wc7j-9accb89e13d5c868711b637674037064\">\n#top #wrap_all .avia-button.av-kgf1wc7j-9accb89e13d5c868711b637674037064{\ncolor:#ffffff;\n-webkit-transition:all 0.4s ease-in-out;\n-moz-transition:all 0.4s ease-in-out;\n-ms-transition:all 0.4s ease-in-out;\n-o-transition:all 0.4s ease-in-out;\ntransition:all 0.4s ease-in-out;\n}\n#top #wrap_all .avia-button.av-kgf1wc7j-9accb89e13d5c868711b637674037064:hover{\ncolor:#ffffff;\n-webkit-transition:all 0.4s ease-in-out;\n-moz-transition:all 0.4s ease-in-out;\n-ms-transition:all 0.4s ease-in-out;\n-o-transition:all 0.4s ease-in-out;\ntransition:all 0.4s ease-in-out;\n}\n<\/style>\n<a href='https:\/\/www.orsakompassen.se' class='avia-color-theme-color avia-button avia-button-fullwidth av-kgf1wc7j-9accb89e13d5c868711b637674037064 avia-icon_select-yes-left-icon avia-color-theme-color' ><span class='avia_button_icon avia_button_icon_left' aria-hidden='true' data-av_icon='\ue832' data-av_iconfont='entypo-fontello'><\/span><span class='avia_iconbox_title' >  Besuchen Sie unsere Website<\/span><span class='avia_button_background avia-button avia-button-fullwidth avia-color-theme-color-highlight'><\/span><\/a><\/div><\/p><\/div>\n","protected":false},"excerpt":{"rendered":"","protected":false},"author":8,"featured_media":5686,"parent":0,"menu_order":0,"comment_status":"closed","ping_status":"closed","template":"","meta":{"footnotes":""},"categories":[76],"tags":[],"class_list":["post-6690","page","type-page","status-publish","has-post-thumbnail","hentry","category-medien-information"],"_links":{"self":[{"href":"https:\/\/visitorsa.se\/de\/wp-json\/wp\/v2\/pages\/6690","targetHints":{"allow":["GET"]}}],"collection":[{"href":"https:\/\/visitorsa.se\/de\/wp-json\/wp\/v2\/pages"}],"about":[{"href":"https:\/\/visitorsa.se\/de\/wp-json\/wp\/v2\/types\/page"}],"author":[{"embeddable":true,"href":"https:\/\/visitorsa.se\/de\/wp-json\/wp\/v2\/users\/8"}],"replies":[{"embeddable":true,"href":"https:\/\/visitorsa.se\/de\/wp-json\/wp\/v2\/comments?post=6690"}],"version-history":[{"count":4,"href":"https:\/\/visitorsa.se\/de\/wp-json\/wp\/v2\/pages\/6690\/revisions"}],"predecessor-version":[{"id":7605,"href":"https:\/\/visitorsa.se\/de\/wp-json\/wp\/v2\/pages\/6690\/revisions\/7605"}],"wp:featuredmedia":[{"embeddable":true,"href":"https:\/\/visitorsa.se\/de\/wp-json\/wp\/v2\/media\/5686"}],"wp:attachment":[{"href":"https:\/\/visitorsa.se\/de\/wp-json\/wp\/v2\/media?parent=6690"}],"wp:term":[{"taxonomy":"category","embeddable":true,"href":"https:\/\/visitorsa.se\/de\/wp-json\/wp\/v2\/categories?post=6690"},{"taxonomy":"post_tag","embeddable":true,"href":"https:\/\/visitorsa.se\/de\/wp-json\/wp\/v2\/tags?post=6690"}],"curies":[{"name":"wp","href":"https:\/\/api.w.org\/{rel}","templated":true}]}}