{"id":6677,"date":"2025-05-14T12:02:41","date_gmt":"2025-05-14T10:02:41","guid":{"rendered":"https:\/\/staging.visitorsa.se\/essen\/toppstugan-groenklitt\/"},"modified":"2025-05-14T12:08:38","modified_gmt":"2025-05-14T10:08:38","slug":"toppstugan-groenklitt","status":"publish","type":"page","link":"https:\/\/visitorsa.se\/de\/essen\/toppstugan-groenklitt\/","title":{"rendered":"Toppstugan Gr\u00f6nklitt"},"content":{"rendered":"\n<style type=\"text\/css\" data-created_by=\"avia_inline_auto\" id=\"style-css-av-4ae4w-df72feb9ee13182ef8fa353b23813b86\">\n.flex_column.av-4ae4w-df72feb9ee13182ef8fa353b23813b86{\n-webkit-border-radius:0px 0px 0px 0px;\n-moz-border-radius:0px 0px 0px 0px;\nborder-radius:0px 0px 0px 0px;\npadding:0px 0px 0px 0px;\n}\n<\/style>\n<div class='flex_column av-4ae4w-df72feb9ee13182ef8fa353b23813b86 av_one_half  avia-builder-el-0  el_before_av_one_half  avia-builder-el-first  first flex_column_div av-zero-column-padding '     ><\/div>\n<style type=\"text\/css\" data-created_by=\"avia_inline_auto\" id=\"style-css-av-aupcw0-b252b444939f1c6223e79e5b57074446\">\n.flex_column.av-aupcw0-b252b444939f1c6223e79e5b57074446{\n-webkit-border-radius:0px 0px 0px 0px;\n-moz-border-radius:0px 0px 0px 0px;\nborder-radius:0px 0px 0px 0px;\npadding:0px 0px 0px 0px;\n}\n<\/style>\n<div class='flex_column av-aupcw0-b252b444939f1c6223e79e5b57074446 av_one_half  avia-builder-el-2  el_after_av_one_half  el_before_av_one_full  flex_column_div av-zero-column-padding '     ><section  class='av_textblock_section av-kgf1e6kl-253ba1d13068f8db85f0ad3cf08f701d'  itemscope=\"itemscope\" itemtype=\"https:\/\/schema.org\/CreativeWork\" ><div class='avia_textblock'  itemprop=\"text\" ><div id=\"frame-237-2308-1\" class=\"yframe frame-1-4 rem-phone-50 rem-pad-33_33\">\n<div class=\"yframe-inner\">\n<div id=\"object-237-4410\" class=\"content-object object-1-1 general-text\" data-type=\"general-text\">\n<div class=\"object-inner\">\n<h2 class=\"main-title entry-title \">Willkommen in Toppstugan<\/h2>\n<p>Dieses pr\u00e4chtige Geb\u00e4ude erhebt sich vom 561 m hohen Gipfel des Gr\u00f6nklitt. Hier genie\u00dfen Sie den absolut enormen Blick auf den Orsasee, Siljan, Dalafj\u00e4llen und Bj\u00f6rnparken.<br \/>\nDer Tag beginnt mit Kaffee und vor dem Mittagessen stehen die K\u00f6che mit einem gut zubereiteten Mittagessen \u00e0 la carte bereit. Nat\u00fcrlich finden Sie auch knusprige Sandwiches, Waffeln und eine Speisekarte nur f\u00fcr die Kleinsten.<\/p>\n<p><span data-contrast=\"auto\">Abends passieren die Dinge je nach Jahreszeit ein wenig, also behalten Sie die Website im Auge.  <\/span><\/p>\n<h3>Kontaktieren Sie uns<\/h3>\n<p><strong>Telefon + <\/strong>46 (0)250-462 31<br \/>\n<strong>E-Mail-info@dalasmaker.se<\/strong><\/p>\n<\/div>\n<\/div>\n<\/div>\n<\/div>\n<div id=\"frame-237-2308-2\" class=\"yframe frame-1-4 not_on_phone rem-phone-50 rem-pad-33_33\">\n<div class=\"yframe-inner\">\n<div id=\"object-237-4406\" class=\"content-object object-1-1 not_on_phone general-text\" data-type=\"general-text\">\n<div class=\"object-inner\">\n<p class=\"belt-subHeader\"><strong>TOPPSTUGEV\u00c4GEN 61<\/strong><br \/>\n794 90 Orsa<\/p>\n<\/div>\n<\/div>\n<\/div>\n<\/div>\n<\/div><\/section><br \/>\n<br \/>\n<div  class='avia-button-wrap avia-button-center  avia-builder-el-5  el_after_av_codeblock  avia-builder-el-last ' >\n<style type=\"text\/css\" data-created_by=\"avia_inline_auto\" id=\"style-css-av-kgf1wc7j-872951f7d6740e45705281136dd75ac5\">\n#top #wrap_all .avia-button.av-kgf1wc7j-872951f7d6740e45705281136dd75ac5{\ncolor:#ffffff;\n-webkit-transition:all 0.4s ease-in-out;\n-moz-transition:all 0.4s ease-in-out;\n-ms-transition:all 0.4s ease-in-out;\n-o-transition:all 0.4s ease-in-out;\ntransition:all 0.4s ease-in-out;\n}\n#top #wrap_all .avia-button.av-kgf1wc7j-872951f7d6740e45705281136dd75ac5:hover{\ncolor:#ffffff;\n-webkit-transition:all 0.4s ease-in-out;\n-moz-transition:all 0.4s ease-in-out;\n-ms-transition:all 0.4s ease-in-out;\n-o-transition:all 0.4s ease-in-out;\ntransition:all 0.4s ease-in-out;\n}\n<\/style>\n<a href='http:\/\/www.dalasmaker.se\/toppstugan' class='avia-color-theme-color avia-button avia-button-fullwidth av-kgf1wc7j-872951f7d6740e45705281136dd75ac5 avia-icon_select-yes-left-icon avia-color-theme-color' ><span class='avia_button_icon avia_button_icon_left' aria-hidden='true' data-av_icon='\ue832' data-av_iconfont='entypo-fontello'><\/span><span class='avia_iconbox_title' >  Besuchen Sie unsere Website<\/span><span class='avia_button_background avia-button avia-button-fullwidth avia-color-theme-color-highlight'><\/span><\/a><\/div><\/p><\/div>\n<style type=\"text\/css\" data-created_by=\"avia_inline_auto\" id=\"style-css-av-8piq0w-72ce86d9d34e4d6b8bfed66d14dacd08\">\n.flex_column.av-8piq0w-72ce86d9d34e4d6b8bfed66d14dacd08{\n-webkit-border-radius:0px 0px 0px 0px;\n-moz-border-radius:0px 0px 0px 0px;\nborder-radius:0px 0px 0px 0px;\npadding:0px 0px 0px 0px;\n}\n<\/style>\n<div class='flex_column av-8piq0w-72ce86d9d34e4d6b8bfed66d14dacd08 av_one_full  avia-builder-el-6  el_after_av_one_half  avia-builder-el-last  first flex_column_div av-zero-column-padding column-top-margin'     ><\/div><\/p>\n","protected":false},"excerpt":{"rendered":"","protected":false},"author":1,"featured_media":0,"parent":6428,"menu_order":0,"comment_status":"closed","ping_status":"closed","template":"","meta":{"footnotes":""},"categories":[87],"tags":[90],"class_list":["post-6677","page","type-page","status-publish","hentry","category-essen","tag-essen"],"_links":{"self":[{"href":"https:\/\/visitorsa.se\/de\/wp-json\/wp\/v2\/pages\/6677","targetHints":{"allow":["GET"]}}],"collection":[{"href":"https:\/\/visitorsa.se\/de\/wp-json\/wp\/v2\/pages"}],"about":[{"href":"https:\/\/visitorsa.se\/de\/wp-json\/wp\/v2\/types\/page"}],"author":[{"embeddable":true,"href":"https:\/\/visitorsa.se\/de\/wp-json\/wp\/v2\/users\/1"}],"replies":[{"embeddable":true,"href":"https:\/\/visitorsa.se\/de\/wp-json\/wp\/v2\/comments?post=6677"}],"version-history":[{"count":2,"href":"https:\/\/visitorsa.se\/de\/wp-json\/wp\/v2\/pages\/6677\/revisions"}],"predecessor-version":[{"id":249888,"href":"https:\/\/visitorsa.se\/de\/wp-json\/wp\/v2\/pages\/6677\/revisions\/249888"}],"up":[{"embeddable":true,"href":"https:\/\/visitorsa.se\/de\/wp-json\/wp\/v2\/pages\/6428"}],"wp:attachment":[{"href":"https:\/\/visitorsa.se\/de\/wp-json\/wp\/v2\/media?parent=6677"}],"wp:term":[{"taxonomy":"category","embeddable":true,"href":"https:\/\/visitorsa.se\/de\/wp-json\/wp\/v2\/categories?post=6677"},{"taxonomy":"post_tag","embeddable":true,"href":"https:\/\/visitorsa.se\/de\/wp-json\/wp\/v2\/tags?post=6677"}],"curies":[{"name":"wp","href":"https:\/\/api.w.org\/{rel}","templated":true}]}}