{"id":6674,"date":"2021-03-25T13:15:44","date_gmt":"2021-03-25T12:15:44","guid":{"rendered":"https:\/\/staging.visitorsa.se\/glueckliche-haeuser-orsa\/"},"modified":"2022-12-06T14:29:31","modified_gmt":"2022-12-06T13:29:31","slug":"glueckliche-haeuser-orsa","status":"publish","type":"page","link":"https:\/\/visitorsa.se\/de\/glueckliche-haeuser-orsa\/","title":{"rendered":"Happy Homes Orsa"},"content":{"rendered":"\n<style type=\"text\/css\" data-created_by=\"avia_inline_auto\" id=\"style-css-av-6d4ygg-db790e9493201a1d2f9d8b3dfe30decc\">\n.flex_column.av-6d4ygg-db790e9493201a1d2f9d8b3dfe30decc{\n-webkit-border-radius:0px 0px 0px 0px;\n-moz-border-radius:0px 0px 0px 0px;\nborder-radius:0px 0px 0px 0px;\npadding:0px 0px 0px 0px;\n}\n<\/style>\n<div class='flex_column av-6d4ygg-db790e9493201a1d2f9d8b3dfe30decc av_one_full  avia-builder-el-0  el_before_av_one_half  avia-builder-el-first  first flex_column_div av-zero-column-padding '     ><style type=\"text\/css\" data-created_by=\"avia_inline_auto\" id=\"style-css-av-kgf1j3ru-b027eca872e46f02338acb966709c8ed\">\n#top .avia-gallery.av-kgf1j3ru-b027eca872e46f02338acb966709c8ed .avia-gallery-thumb a{\nwidth:25%;\n}\n<\/style>\n<div  class='avia-gallery av-kgf1j3ru-b027eca872e46f02338acb966709c8ed avia_animate_when_visible  avia-builder-el-1  avia-builder-el-no-sibling  avia_lazyload avia-gallery-animate avia-gallery-1'  itemprop=\"image\" itemscope=\"itemscope\" itemtype=\"https:\/\/schema.org\/ImageObject\" ><meta itemprop=\"contentURL\" content=\"https:\/\/visitorsa.se\/de\/glueckliche-haeuser-orsa\/\"><div class='avia-gallery-thumb'><a href=\"https:\/\/visitorsa.se\/app\/uploads\/2021\/03\/Happy-homes-1-1030x589.jpg\" data-srcset=\"https:\/\/visitorsa.se\/app\/uploads\/2021\/03\/Happy-homes-1-1030x589.jpg 1030w, https:\/\/visitorsa.se\/app\/uploads\/2021\/03\/Happy-homes-1-300x171.jpg 300w, https:\/\/visitorsa.se\/app\/uploads\/2021\/03\/Happy-homes-1-768x439.jpg 768w, https:\/\/visitorsa.se\/app\/uploads\/2021\/03\/Happy-homes-1-705x403.jpg 705w, https:\/\/visitorsa.se\/app\/uploads\/2021\/03\/Happy-homes-1.jpg 1400w\" data-sizes=\"(max-width: 1030px) 100vw, 1030px\" data-rel='gallery-1' data-prev-img='https:\/\/visitorsa.se\/app\/uploads\/2021\/03\/Happy-homes-1-495x400.jpg' class='first_thumb lightbox ' data-onclick='1' title='Happy Homes'  itemprop=\"thumbnailUrl\"  ><img decoding=\"async\" class=\"wp-image-5776 avia-img-lazy-loading-not-5776\"   src=\"https:\/\/visitorsa.se\/app\/uploads\/2021\/03\/Happy-homes-1-495x400.jpg\" width=\"495\" height=\"400\"  title='Happy Homes' alt='Visit Orsa' srcset=\"https:\/\/visitorsa.se\/app\/uploads\/2021\/03\/Happy-homes-1-495x400.jpg 495w, https:\/\/visitorsa.se\/app\/uploads\/2021\/03\/Happy-homes-1-845x684.jpg 845w\" sizes=\"(max-width: 495px) 100vw, 495px\" \/><div class='big-prev-fake'><img loading=\"lazy\" decoding=\"async\" class=\"wp-image-5776 avia-img-lazy-loading-5776\"  width=\"495\" height=\"400\" src=\"https:\/\/visitorsa.se\/app\/uploads\/2021\/03\/Happy-homes-1-495x400.jpg\" title='Happy Homes' alt='Visit Orsa' srcset=\"https:\/\/visitorsa.se\/app\/uploads\/2021\/03\/Happy-homes-1-495x400.jpg 495w, https:\/\/visitorsa.se\/app\/uploads\/2021\/03\/Happy-homes-1-845x684.jpg 845w\" sizes=\"auto, (max-width: 495px) 100vw, 495px\" \/><\/div><\/a><a href=\"https:\/\/visitorsa.se\/app\/uploads\/2021\/03\/happy-homes-3-1030x578.jpg\" data-srcset=\"https:\/\/visitorsa.se\/app\/uploads\/2021\/03\/happy-homes-3-1030x578.jpg 1030w, https:\/\/visitorsa.se\/app\/uploads\/2021\/03\/happy-homes-3-300x168.jpg 300w, https:\/\/visitorsa.se\/app\/uploads\/2021\/03\/happy-homes-3-768x431.jpg 768w, https:\/\/visitorsa.se\/app\/uploads\/2021\/03\/happy-homes-3-705x396.jpg 705w, https:\/\/visitorsa.se\/app\/uploads\/2021\/03\/happy-homes-3.jpg 1140w\" data-sizes=\"(max-width: 1030px) 100vw, 1030px\" data-rel='gallery-1' data-prev-img='https:\/\/visitorsa.se\/app\/uploads\/2021\/03\/happy-homes-3-495x400.jpg' class='lightbox ' data-onclick='2' title='Happy Homes'  itemprop=\"thumbnailUrl\"  ><img decoding=\"async\" class=\"wp-image-5780 avia-img-lazy-loading-not-5780\"   src=\"https:\/\/visitorsa.se\/app\/uploads\/2021\/03\/happy-homes-3-495x400.jpg\" width=\"495\" height=\"400\"  title='Happy Homes' alt='Visit Orsa' \/><div class='big-prev-fake'><img loading=\"lazy\" decoding=\"async\" class=\"wp-image-5780 avia-img-lazy-loading-5780\"  width=\"495\" height=\"400\" src=\"https:\/\/visitorsa.se\/app\/uploads\/2021\/03\/happy-homes-3-495x400.jpg\" title='Happy Homes' alt='Visit Orsa' \/><\/div><\/a><a href=\"https:\/\/visitorsa.se\/app\/uploads\/2021\/03\/happy-homes-4.jpg\" data-srcset=\"https:\/\/visitorsa.se\/app\/uploads\/2021\/03\/happy-homes-4.jpg 633w, https:\/\/visitorsa.se\/app\/uploads\/2021\/03\/happy-homes-4-300x166.jpg 300w\" data-sizes=\"(max-width: 633px) 100vw, 633px\" data-rel='gallery-1' data-prev-img='https:\/\/visitorsa.se\/app\/uploads\/2021\/03\/happy-homes-4-495x350.jpg' class='lightbox ' data-onclick='3' title='Happy Homes'  itemprop=\"thumbnailUrl\"  ><img decoding=\"async\" class=\"wp-image-5782 avia-img-lazy-loading-not-5782\"   src=\"https:\/\/visitorsa.se\/app\/uploads\/2021\/03\/happy-homes-4-495x350.jpg\" width=\"495\" height=\"350\"  title='Happy Homes' alt='Visit Orsa' srcset=\"https:\/\/visitorsa.se\/app\/uploads\/2021\/03\/happy-homes-4-495x350.jpg 495w, https:\/\/visitorsa.se\/app\/uploads\/2021\/03\/happy-homes-4-260x185.jpg 260w\" sizes=\"(max-width: 495px) 100vw, 495px\" \/><div class='big-prev-fake'><img loading=\"lazy\" decoding=\"async\" class=\"wp-image-5782 avia-img-lazy-loading-5782\"  width=\"495\" height=\"350\" src=\"https:\/\/visitorsa.se\/app\/uploads\/2021\/03\/happy-homes-4-495x350.jpg\" title='Happy Homes' alt='Visit Orsa' srcset=\"https:\/\/visitorsa.se\/app\/uploads\/2021\/03\/happy-homes-4-495x350.jpg 495w, https:\/\/visitorsa.se\/app\/uploads\/2021\/03\/happy-homes-4-260x185.jpg 260w\" sizes=\"auto, (max-width: 495px) 100vw, 495px\" \/><\/div><\/a><\/div><\/div><\/div>\n\n<style type=\"text\/css\" data-created_by=\"avia_inline_auto\" id=\"style-css-av-aupcw0-034727ff4178265a807e03e0bbca9dc3\">\n.flex_column.av-aupcw0-034727ff4178265a807e03e0bbca9dc3{\n-webkit-border-radius:0px 0px 0px 0px;\n-moz-border-radius:0px 0px 0px 0px;\nborder-radius:0px 0px 0px 0px;\npadding:0px 0px 0px 0px;\n}\n<\/style>\n<div class='flex_column av-aupcw0-034727ff4178265a807e03e0bbca9dc3 av_one_half  avia-builder-el-2  el_after_av_one_full  el_before_av_one_half  first flex_column_div av-zero-column-padding column-top-margin'     ><section  class='av_textblock_section av-kgf1e6kl-253ba1d13068f8db85f0ad3cf08f701d'  itemscope=\"itemscope\" itemtype=\"https:\/\/schema.org\/CreativeWork\" ><div class='avia_textblock'  itemprop=\"text\" ><h3 class=\"w44 bcm cn\">Happy Homes Orsa<\/h3>\n<p class=\"c f\">Qualit\u00e4t und Wissen in der Wohnungseinrichtung. Wir haben eine gro\u00dfe Auswahl an Tapeten, Farben, Bodenbel\u00e4gen etc. Willkommen bei uns!<\/p>\n<\/div><\/section><br \/>\n<\/p><\/div>\n<style type=\"text\/css\" data-created_by=\"avia_inline_auto\" id=\"style-css-av-aupcw0-b252b444939f1c6223e79e5b57074446\">\n.flex_column.av-aupcw0-b252b444939f1c6223e79e5b57074446{\n-webkit-border-radius:0px 0px 0px 0px;\n-moz-border-radius:0px 0px 0px 0px;\nborder-radius:0px 0px 0px 0px;\npadding:0px 0px 0px 0px;\n}\n<\/style>\n<div class='flex_column av-aupcw0-b252b444939f1c6223e79e5b57074446 av_one_half  avia-builder-el-5  el_after_av_one_half  avia-builder-el-last  flex_column_div av-zero-column-padding column-top-margin'     ><section  class='av_textblock_section av-kgf1e6kl-253ba1d13068f8db85f0ad3cf08f701d'  itemscope=\"itemscope\" itemtype=\"https:\/\/schema.org\/CreativeWork\" ><div class='avia_textblock'  itemprop=\"text\" ><h3><strong>Kontaktieren Sie uns<\/strong><\/h3>\n<p><strong><br \/>\n  <span class=\"ah\">Telefon<\/span><br \/>\n<\/strong><span class=\"ah\"> <a href=\"tel:0250-401%2055\">+46 (0)250-401 55<\/a><\/span><\/p>\n<p><strong><span class=\"ah\">Telefon <\/span><\/strong><span class=\"ah\"><a href=\"mailto:orsa@happyhomes.se\">orsa@happyhomes.se<\/a><\/span><\/p>\n<p><strong>Adress<br \/>\n<\/strong>Centralgatan 2<br \/>\n794 30 Orsa<\/p>\n<div id=\"mh\">\n<div id=\"mm\"><\/div>\n<\/div>\n<\/div><\/section><br \/>\n<br \/>\n<div  class='avia-button-wrap avia-button-center  avia-builder-el-8  el_after_av_codeblock  avia-builder-el-last ' >\n<style type=\"text\/css\" data-created_by=\"avia_inline_auto\" id=\"style-css-av-kgf1wc7j-2d4d712d590cc4a7e47b68b4b4ffa580\">\n#top #wrap_all .avia-button.av-kgf1wc7j-2d4d712d590cc4a7e47b68b4b4ffa580{\ncolor:#ffffff;\n-webkit-transition:all 0.4s ease-in-out;\n-moz-transition:all 0.4s ease-in-out;\n-ms-transition:all 0.4s ease-in-out;\n-o-transition:all 0.4s ease-in-out;\ntransition:all 0.4s ease-in-out;\n}\n#top #wrap_all .avia-button.av-kgf1wc7j-2d4d712d590cc4a7e47b68b4b4ffa580:hover{\ncolor:#ffffff;\n-webkit-transition:all 0.4s ease-in-out;\n-moz-transition:all 0.4s ease-in-out;\n-ms-transition:all 0.4s ease-in-out;\n-o-transition:all 0.4s ease-in-out;\ntransition:all 0.4s ease-in-out;\n}\n<\/style>\n<a href='https:\/\/www.happyhomes.se\/orsa' class='avia-color-theme-color avia-button avia-button-fullwidth av-kgf1wc7j-2d4d712d590cc4a7e47b68b4b4ffa580 avia-icon_select-yes-left-icon avia-color-theme-color' ><span class='avia_button_icon avia_button_icon_left' aria-hidden='true' data-av_icon='\ue832' data-av_iconfont='entypo-fontello'><\/span><span class='avia_iconbox_title' >  Besuchen Sie unsere Website<\/span><span class='avia_button_background avia-button avia-button-fullwidth avia-color-theme-color-highlight'><\/span><\/a><\/div><\/p><\/div><\/p>\n","protected":false},"excerpt":{"rendered":"","protected":false},"author":3,"featured_media":5778,"parent":0,"menu_order":0,"comment_status":"closed","ping_status":"closed","template":"","meta":{"footnotes":""},"categories":[77,80],"tags":[],"class_list":["post-6674","page","type-page","status-publish","has-post-thumbnail","hentry","category-der-handwerker-des-dorfes","category-handel-handwerk"],"_links":{"self":[{"href":"https:\/\/visitorsa.se\/de\/wp-json\/wp\/v2\/pages\/6674","targetHints":{"allow":["GET"]}}],"collection":[{"href":"https:\/\/visitorsa.se\/de\/wp-json\/wp\/v2\/pages"}],"about":[{"href":"https:\/\/visitorsa.se\/de\/wp-json\/wp\/v2\/types\/page"}],"author":[{"embeddable":true,"href":"https:\/\/visitorsa.se\/de\/wp-json\/wp\/v2\/users\/3"}],"replies":[{"embeddable":true,"href":"https:\/\/visitorsa.se\/de\/wp-json\/wp\/v2\/comments?post=6674"}],"version-history":[{"count":16,"href":"https:\/\/visitorsa.se\/de\/wp-json\/wp\/v2\/pages\/6674\/revisions"}],"predecessor-version":[{"id":68200,"href":"https:\/\/visitorsa.se\/de\/wp-json\/wp\/v2\/pages\/6674\/revisions\/68200"}],"wp:featuredmedia":[{"embeddable":true,"href":"https:\/\/visitorsa.se\/de\/wp-json\/wp\/v2\/media\/5778"}],"wp:attachment":[{"href":"https:\/\/visitorsa.se\/de\/wp-json\/wp\/v2\/media?parent=6674"}],"wp:term":[{"taxonomy":"category","embeddable":true,"href":"https:\/\/visitorsa.se\/de\/wp-json\/wp\/v2\/categories?post=6674"},{"taxonomy":"post_tag","embeddable":true,"href":"https:\/\/visitorsa.se\/de\/wp-json\/wp\/v2\/tags?post=6674"}],"curies":[{"name":"wp","href":"https:\/\/api.w.org\/{rel}","templated":true}]}}