{"id":6655,"date":"2025-05-14T12:02:41","date_gmt":"2025-05-14T10:02:41","guid":{"rendered":"https:\/\/staging.visitorsa.se\/unterkunft-in-orsa\/orsa-railway-hotel-restaurant\/"},"modified":"2025-05-14T12:10:12","modified_gmt":"2025-05-14T10:10:12","slug":"orsa-railway-hotel-restaurant","status":"publish","type":"page","link":"https:\/\/visitorsa.se\/de\/unterkunft-in-orsa\/orsa-railway-hotel-restaurant\/","title":{"rendered":"Orsa J\u00e4rnv\u00e4gshotel &#038; Restaurant"},"content":{"rendered":"\n<style type=\"text\/css\" data-created_by=\"avia_inline_auto\" id=\"style-css-av-4ae4w-df72feb9ee13182ef8fa353b23813b86\">\n.flex_column.av-4ae4w-df72feb9ee13182ef8fa353b23813b86{\n-webkit-border-radius:0px 0px 0px 0px;\n-moz-border-radius:0px 0px 0px 0px;\nborder-radius:0px 0px 0px 0px;\npadding:0px 0px 0px 0px;\n}\n<\/style>\n<div class='flex_column av-4ae4w-df72feb9ee13182ef8fa353b23813b86 av_one_half  avia-builder-el-0  el_before_av_one_half  avia-builder-el-first  first flex_column_div av-zero-column-padding '     ><style type=\"text\/css\" data-created_by=\"avia_inline_auto\" id=\"style-css-av-kgf1874x-da12a3c7768b4017a028c312763b7f00\">\n.avia-image-container.av-kgf1874x-da12a3c7768b4017a028c312763b7f00 img.avia_image{\nbox-shadow:none;\n}\n.avia-image-container.av-kgf1874x-da12a3c7768b4017a028c312763b7f00 .av-caption-image-overlay-bg{\nopacity:0.4;\nbackground-color:#000000;\n}\n.avia-image-container.av-kgf1874x-da12a3c7768b4017a028c312763b7f00 .av-image-caption-overlay-center{\ncolor:#ffffff;\n}\n<\/style>\n<div  class='avia-image-container av-kgf1874x-da12a3c7768b4017a028c312763b7f00 av-styling- avia-align-center  avia-builder-el-1  avia-builder-el-no-sibling  noHover av-overlay-hover-deactivate'   itemprop=\"image\" itemscope=\"itemscope\" itemtype=\"https:\/\/schema.org\/ImageObject\" ><div class=\"avia-image-container-inner\"><div class=\"avia-image-overlay-wrap\"><div class=\"av-image-caption-overlay\"><div class=\"av-caption-image-overlay-bg\"><\/div><div class=\"av-image-caption-overlay-position\"><div class=\"av-image-caption-overlay-center\"><p>Ein geschichtstr\u00e4chtiges, famili\u00e4res Hotel, das Eleganz und Authentizit\u00e4t mit Gem\u00fctlichkeit und Komfort bietet.<\/p>\n<\/div><\/div><\/div><img decoding=\"async\" class='wp-image- avia-img-lazy-loading-not- avia_image ' src=\"https:\/\/visitorsa.se\/app\/uploads\/2020\/11\/Orsa.1895.1-845x595.jpg\" alt='' title=''   itemprop=\"thumbnailUrl\"  \/><\/div><\/div><\/div><\/div>\n<style type=\"text\/css\" data-created_by=\"avia_inline_auto\" id=\"style-css-av-aupcw0-b252b444939f1c6223e79e5b57074446\">\n.flex_column.av-aupcw0-b252b444939f1c6223e79e5b57074446{\n-webkit-border-radius:0px 0px 0px 0px;\n-moz-border-radius:0px 0px 0px 0px;\nborder-radius:0px 0px 0px 0px;\npadding:0px 0px 0px 0px;\n}\n<\/style>\n<div class='flex_column av-aupcw0-b252b444939f1c6223e79e5b57074446 av_one_half  avia-builder-el-2  el_after_av_one_half  el_before_av_one_full  flex_column_div av-zero-column-padding '     ><section  class='av_textblock_section av-kgf1e6kl-253ba1d13068f8db85f0ad3cf08f701d'  itemscope=\"itemscope\" itemtype=\"https:\/\/schema.org\/CreativeWork\" ><div class='avia_textblock'  itemprop=\"text\" ><h1><strong>Orsa Railway Hotel &amp; Restaurant<\/strong><\/h1>\n<p>Reich, elegant und vertraut sind unsere Schlagworte. Das Hotel ist Orsas erstes richtiges Hotel, wurde 1893 erbaut, als die Eisenbahn in das Dorf kam. Komplett renoviert im Jahr 2019. Das Hotel bietet Unterkunft f\u00fcr Familien, Gesch\u00e4ftsreisende, Touristen oder die Gruppe von Freunden. 25 Zimmer. Die Atmosph\u00e4re im Hotel gibt Ihnen fast das Gef\u00fchl, in die Zeit des 20. Jahrhunderts zur\u00fcckzureisen, als die Zukunft des 20. Jahrhunderts war und die Welt vor unsicheren Gro\u00dfereignissen stand!<\/p>\n<p>Gro\u00dfe, komfortable, helle und luftige Zimmer mit historischem Dekor. Full-Service mit Restaurant im Zwischengeschoss. So wie Warmwasser und Fu\u00dfbodenheizung in den B\u00e4dern sind, gibt es vielleicht auch das Wichtigste, ein wirklich gutes WLAN!. Wir begr\u00fc\u00dfen Haustiere in ausgew\u00e4hlten Zimmern. Das Hotel verf\u00fcgt \u00fcber einen Aufzug zum Zwischengeschoss, wo sich das Restaurant, die Konferenz, die Rezeption und die Hotelzimmer befinden.<\/p>\n<p><strong>Telefon<\/strong> 0250-18930<\/p>\n<p><strong>Adresse<\/strong><br \/>\nJ\u00e4rnv\u00e4gsgatan 4<br \/>\nTel.: 794 30 Orsa<\/p>\n<\/div><\/section><br \/>\n<br \/>\n<div  class='avia-button-wrap avia-button-center  avia-builder-el-5  el_after_av_codeblock  avia-builder-el-last ' >\n<style type=\"text\/css\" data-created_by=\"avia_inline_auto\" id=\"style-css-av-kgf1wc7j-e89b643d3a1de5d40f151a213714afd4\">\n#top #wrap_all .avia-button.av-kgf1wc7j-e89b643d3a1de5d40f151a213714afd4{\ncolor:#ffffff;\n-webkit-transition:all 0.4s ease-in-out;\n-moz-transition:all 0.4s ease-in-out;\n-ms-transition:all 0.4s ease-in-out;\n-o-transition:all 0.4s ease-in-out;\ntransition:all 0.4s ease-in-out;\n}\n#top #wrap_all .avia-button.av-kgf1wc7j-e89b643d3a1de5d40f151a213714afd4:hover{\ncolor:#ffffff;\n-webkit-transition:all 0.4s ease-in-out;\n-moz-transition:all 0.4s ease-in-out;\n-ms-transition:all 0.4s ease-in-out;\n-o-transition:all 0.4s ease-in-out;\ntransition:all 0.4s ease-in-out;\n}\n<\/style>\n<a href='https:\/\/orsajarnvagshotell.se\/' class='avia-color-theme-color avia-button avia-button-fullwidth av-kgf1wc7j-e89b643d3a1de5d40f151a213714afd4 avia-icon_select-yes-left-icon avia-color-theme-color' ><span class='avia_button_icon avia_button_icon_left' aria-hidden='true' data-av_icon='\ue832' data-av_iconfont='entypo-fontello'><\/span><span class='avia_iconbox_title' >  Besuchen Sie unsere Website<\/span><span class='avia_button_background avia-button avia-button-fullwidth avia-color-theme-color-highlight'><\/span><\/a><\/div><\/p><\/div>\n<style type=\"text\/css\" data-created_by=\"avia_inline_auto\" id=\"style-css-av-6d4ygg-db790e9493201a1d2f9d8b3dfe30decc\">\n.flex_column.av-6d4ygg-db790e9493201a1d2f9d8b3dfe30decc{\n-webkit-border-radius:0px 0px 0px 0px;\n-moz-border-radius:0px 0px 0px 0px;\nborder-radius:0px 0px 0px 0px;\npadding:0px 0px 0px 0px;\n}\n<\/style>\n<div class='flex_column av-6d4ygg-db790e9493201a1d2f9d8b3dfe30decc av_one_full  avia-builder-el-6  el_after_av_one_half  el_before_av_one_full  first flex_column_div av-zero-column-padding column-top-margin'     ><p><br \/>\n<div  class='hr av-q02kg-929231cc3f5975b5640180b17a981cbc hr-default  avia-builder-el-8  el_after_av_gallery  avia-builder-el-last '><span class='hr-inner '><span class=\"hr-inner-style\"><\/span><\/span><\/div><\/p><\/div>\n<style type=\"text\/css\" data-created_by=\"avia_inline_auto\" id=\"style-css-av-8piq0w-72ce86d9d34e4d6b8bfed66d14dacd08\">\n.flex_column.av-8piq0w-72ce86d9d34e4d6b8bfed66d14dacd08{\n-webkit-border-radius:0px 0px 0px 0px;\n-moz-border-radius:0px 0px 0px 0px;\nborder-radius:0px 0px 0px 0px;\npadding:0px 0px 0px 0px;\n}\n<\/style>\n<div class='flex_column av-8piq0w-72ce86d9d34e4d6b8bfed66d14dacd08 av_one_full  avia-builder-el-9  el_after_av_one_full  avia-builder-el-last  first flex_column_div av-zero-column-padding column-top-margin'     ><\/div><\/p>\n","protected":false},"excerpt":{"rendered":"","protected":false},"author":1,"featured_media":0,"parent":6424,"menu_order":0,"comment_status":"closed","ping_status":"closed","template":"","meta":{"footnotes":""},"categories":[87,84],"tags":[90,93],"class_list":["post-6655","page","type-page","status-publish","hentry","category-essen","category-unterkunft-in-orsa","tag-essen","tag-unterkunft"],"_links":{"self":[{"href":"https:\/\/visitorsa.se\/de\/wp-json\/wp\/v2\/pages\/6655","targetHints":{"allow":["GET"]}}],"collection":[{"href":"https:\/\/visitorsa.se\/de\/wp-json\/wp\/v2\/pages"}],"about":[{"href":"https:\/\/visitorsa.se\/de\/wp-json\/wp\/v2\/types\/page"}],"author":[{"embeddable":true,"href":"https:\/\/visitorsa.se\/de\/wp-json\/wp\/v2\/users\/1"}],"replies":[{"embeddable":true,"href":"https:\/\/visitorsa.se\/de\/wp-json\/wp\/v2\/comments?post=6655"}],"version-history":[{"count":3,"href":"https:\/\/visitorsa.se\/de\/wp-json\/wp\/v2\/pages\/6655\/revisions"}],"predecessor-version":[{"id":7670,"href":"https:\/\/visitorsa.se\/de\/wp-json\/wp\/v2\/pages\/6655\/revisions\/7670"}],"up":[{"embeddable":true,"href":"https:\/\/visitorsa.se\/de\/wp-json\/wp\/v2\/pages\/6424"}],"wp:attachment":[{"href":"https:\/\/visitorsa.se\/de\/wp-json\/wp\/v2\/media?parent=6655"}],"wp:term":[{"taxonomy":"category","embeddable":true,"href":"https:\/\/visitorsa.se\/de\/wp-json\/wp\/v2\/categories?post=6655"},{"taxonomy":"post_tag","embeddable":true,"href":"https:\/\/visitorsa.se\/de\/wp-json\/wp\/v2\/tags?post=6655"}],"curies":[{"name":"wp","href":"https:\/\/api.w.org\/{rel}","templated":true}]}}