{"id":6651,"date":"2021-03-17T15:17:21","date_gmt":"2021-03-17T14:17:21","guid":{"rendered":"https:\/\/staging.visitorsa.se\/orsa-angelzentrum\/"},"modified":"2022-07-08T13:16:33","modified_gmt":"2022-07-08T11:16:33","slug":"orsa-angelzentrum","status":"publish","type":"page","link":"https:\/\/visitorsa.se\/de\/orsa-angelzentrum\/","title":{"rendered":"Orsa Fiskecenter"},"content":{"rendered":"\n<style type=\"text\/css\" data-created_by=\"avia_inline_auto\" id=\"style-css-av-6d4ygg-f77575d984bc6438ea1beb6f6faf2d02\">\n.flex_column.av-6d4ygg-f77575d984bc6438ea1beb6f6faf2d02{\n-webkit-border-radius:0px 0px 0px 0px;\n-moz-border-radius:0px 0px 0px 0px;\nborder-radius:0px 0px 0px 0px;\npadding:0px 0px 0px 0px;\n}\n<\/style>\n<div class='flex_column av-6d4ygg-f77575d984bc6438ea1beb6f6faf2d02 av_one_full  avia-builder-el-0  el_before_av_one_half  avia-builder-el-first  first flex_column_div av-zero-column-padding '     ><style type=\"text\/css\" data-created_by=\"avia_inline_auto\" id=\"style-css-av-kgf1j3ru-684ad98ade247a2c543990145d4d9d01\">\n#top .avia-gallery.av-kgf1j3ru-684ad98ade247a2c543990145d4d9d01 .avia-gallery-thumb a{\nwidth:25%;\n}\n<\/style>\n<div  class='avia-gallery av-kgf1j3ru-684ad98ade247a2c543990145d4d9d01 avia_animate_when_visible  avia-builder-el-1  avia-builder-el-no-sibling  avia_lazyload avia-gallery-animate avia-gallery-1'  itemprop=\"image\" itemscope=\"itemscope\" itemtype=\"https:\/\/schema.org\/ImageObject\" ><meta itemprop=\"contentURL\" content=\"https:\/\/visitorsa.se\/de\/orsa-angelzentrum\/\"><div class='avia-gallery-thumb'><a href=\"https:\/\/visitorsa.se\/app\/uploads\/2021\/03\/OFC-bild-3-1030x773.jpg\" data-srcset=\"https:\/\/visitorsa.se\/app\/uploads\/2021\/03\/OFC-bild-3-1030x773.jpg 1030w, https:\/\/visitorsa.se\/app\/uploads\/2021\/03\/OFC-bild-3-300x225.jpg 300w, https:\/\/visitorsa.se\/app\/uploads\/2021\/03\/OFC-bild-3-768x576.jpg 768w, https:\/\/visitorsa.se\/app\/uploads\/2021\/03\/OFC-bild-3-1536x1152.jpg 1536w, https:\/\/visitorsa.se\/app\/uploads\/2021\/03\/OFC-bild-3-1500x1125.jpg 1500w, https:\/\/visitorsa.se\/app\/uploads\/2021\/03\/OFC-bild-3-705x529.jpg 705w, https:\/\/visitorsa.se\/app\/uploads\/2021\/03\/OFC-bild-3.jpg 1920w\" data-sizes=\"(max-width: 1030px) 100vw, 1030px\" data-rel='gallery-1' data-prev-img='https:\/\/visitorsa.se\/app\/uploads\/2021\/03\/OFC-bild-3-495x400.jpg' class='first_thumb lightbox ' data-onclick='1' title='Orsa Angelzentrum'  itemprop=\"thumbnailUrl\"  ><img decoding=\"async\" class=\"wp-image-5700 avia-img-lazy-loading-not-5700\"   src=\"https:\/\/visitorsa.se\/app\/uploads\/2021\/03\/OFC-bild-3-495x400.jpg\" width=\"495\" height=\"400\"  title='Orsa Angelzentrum' alt='Besuchen Sie Orsa' srcset=\"https:\/\/visitorsa.se\/app\/uploads\/2021\/03\/OFC-bild-3-495x400.jpg 495w, https:\/\/visitorsa.se\/app\/uploads\/2021\/03\/OFC-bild-3-845x684.jpg 845w\" sizes=\"(max-width: 495px) 100vw, 495px\" \/><div class='big-prev-fake'><img loading=\"lazy\" decoding=\"async\" class=\"wp-image-5700 avia-img-lazy-loading-5700\"  width=\"495\" height=\"400\" src=\"https:\/\/visitorsa.se\/app\/uploads\/2021\/03\/OFC-bild-3-495x400.jpg\" title='Orsa Angelzentrum' alt='Besuchen Sie Orsa' srcset=\"https:\/\/visitorsa.se\/app\/uploads\/2021\/03\/OFC-bild-3-495x400.jpg 495w, https:\/\/visitorsa.se\/app\/uploads\/2021\/03\/OFC-bild-3-845x684.jpg 845w\" sizes=\"auto, (max-width: 495px) 100vw, 495px\" \/><\/div><\/a><a href=\"https:\/\/visitorsa.se\/app\/uploads\/2021\/03\/OFC-bild-5.jpg\" data-srcset=\"https:\/\/visitorsa.se\/app\/uploads\/2021\/03\/OFC-bild-5.jpg 960w, https:\/\/visitorsa.se\/app\/uploads\/2021\/03\/OFC-bild-5-300x200.jpg 300w, https:\/\/visitorsa.se\/app\/uploads\/2021\/03\/OFC-bild-5-768x513.jpg 768w, https:\/\/visitorsa.se\/app\/uploads\/2021\/03\/OFC-bild-5-705x471.jpg 705w\" data-sizes=\"(max-width: 960px) 100vw, 960px\" data-rel='gallery-1' data-prev-img='https:\/\/visitorsa.se\/app\/uploads\/2021\/03\/OFC-bild-5-495x400.jpg' class='lightbox ' data-onclick='2' title='Orsa Angelzentrum'  itemprop=\"thumbnailUrl\"  ><img decoding=\"async\" class=\"wp-image-5704 avia-img-lazy-loading-not-5704\"   src=\"https:\/\/visitorsa.se\/app\/uploads\/2021\/03\/OFC-bild-5-495x400.jpg\" width=\"495\" height=\"400\"  title='Orsa Angelzentrum' alt='Besuchen Sie Orsa' \/><div class='big-prev-fake'><img loading=\"lazy\" decoding=\"async\" class=\"wp-image-5704 avia-img-lazy-loading-5704\"  width=\"495\" height=\"400\" src=\"https:\/\/visitorsa.se\/app\/uploads\/2021\/03\/OFC-bild-5-495x400.jpg\" title='Orsa Angelzentrum' alt='Besuchen Sie Orsa' \/><\/div><\/a><a href=\"https:\/\/visitorsa.se\/app\/uploads\/2021\/03\/OFC-bild-7.jpg\" data-srcset=\"https:\/\/visitorsa.se\/app\/uploads\/2021\/03\/OFC-bild-7.jpg 960w, https:\/\/visitorsa.se\/app\/uploads\/2021\/03\/OFC-bild-7-300x200.jpg 300w, https:\/\/visitorsa.se\/app\/uploads\/2021\/03\/OFC-bild-7-768x513.jpg 768w, https:\/\/visitorsa.se\/app\/uploads\/2021\/03\/OFC-bild-7-705x471.jpg 705w\" data-sizes=\"(max-width: 960px) 100vw, 960px\" data-rel='gallery-1' data-prev-img='https:\/\/visitorsa.se\/app\/uploads\/2021\/03\/OFC-bild-7-495x400.jpg' class='lightbox ' data-onclick='3' title='Orsa Angelzentrum'  itemprop=\"thumbnailUrl\"  ><img decoding=\"async\" class=\"wp-image-5708 avia-img-lazy-loading-not-5708\"   src=\"https:\/\/visitorsa.se\/app\/uploads\/2021\/03\/OFC-bild-7-495x400.jpg\" width=\"495\" height=\"400\"  title='Orsa Angelzentrum' alt='Besuchen Sie Orsa' \/><div class='big-prev-fake'><img loading=\"lazy\" decoding=\"async\" class=\"wp-image-5708 avia-img-lazy-loading-5708\"  width=\"495\" height=\"400\" src=\"https:\/\/visitorsa.se\/app\/uploads\/2021\/03\/OFC-bild-7-495x400.jpg\" title='Orsa Angelzentrum' alt='Besuchen Sie Orsa' \/><\/div><\/a><\/div><\/div><\/div>\n\n<style type=\"text\/css\" data-created_by=\"avia_inline_auto\" id=\"style-css-av-aupcw0-034727ff4178265a807e03e0bbca9dc3\">\n.flex_column.av-aupcw0-034727ff4178265a807e03e0bbca9dc3{\n-webkit-border-radius:0px 0px 0px 0px;\n-moz-border-radius:0px 0px 0px 0px;\nborder-radius:0px 0px 0px 0px;\npadding:0px 0px 0px 0px;\n}\n<\/style>\n<div class='flex_column av-aupcw0-034727ff4178265a807e03e0bbca9dc3 av_one_half  avia-builder-el-2  el_after_av_one_full  el_before_av_one_half  first flex_column_div av-zero-column-padding column-top-margin'     ><section  class='av_textblock_section av-kgf1e6kl-253ba1d13068f8db85f0ad3cf08f701d'  itemscope=\"itemscope\" itemtype=\"https:\/\/schema.org\/CreativeWork\" ><div class='avia_textblock'  itemprop=\"text\" ><h3 class=\"w44 bcm cn\">Orsa Angelzentrum<\/h3>\n<p>Orsa Fiskecenter hat sein Gesch\u00e4ft und Lager im malerischen Orsa in Dalarna. Der Laden wurde 2006 in kleinem Ma\u00dfstab er\u00f6ffnet und der Webshop wurde 2009 ins Leben gerufen und ist seitdem sowohl lokal als auch national stetig gewachsen. Aber das Ziel, ein kompletter Angelladen sowohl physisch als auch \u00fcber den Webshop zu werden, wurde Orsa Fiskecenter am 11. Mai 2019 in neue und sehr gro\u00dfe R\u00e4umlichkeiten verlegt. Wir haben jetzt 1600m2 Verkaufsfl\u00e4che, wo Sie alles in der Angeljagd und Freizeit kaufen k\u00f6nnen. Wir wagen zu sagen, dass dies bei weitem Schwedens bester Fischfangladen ist.<u><\/u><u><\/u><\/p>\n<p>Die Mitarbeiter des Orsa Fiskecenter sind alle Fischer mit unterschiedlichen Fischereiinteressen. Dies bedeutet, dass das Personal Wissen und Erfahrung zur Hand hat, wenn wir Ihre Fragen beantworten. Wir wollen zufriedene Kunden und wenn Sie als Kunde auf der Grundlage von Erfahrungen Empfehlungen erhalten k\u00f6nnen, wissen wir, dass es erfolgreiche Angelausfl\u00fcge geben wird. Unser Personal freut sich, \u00fcber Angeln zu sprechen, also z\u00f6gern Sie nicht, uns zu kontaktieren.<u><\/u><u><\/u><\/p>\n<p>Unser Ziel ist es immer, dass Sie als Kunde zufrieden sind. Dies gilt f\u00fcr Liefergeschwindigkeit, Produkt und Behandlung. Wir arbeiten jeden Tag daran, unsere Prozesse und unser Gesch\u00e4ft mit diesem Ziel zu verbessern und wir sind reaktionsschnell, wenn Sie als Kunde gute oder kritische Kommentare haben.<u><\/u><u><\/u><\/p>\n<p>Willkommen bei uns!<\/p>\n<\/div><\/section><br \/>\n<\/p><\/div>\n\n<style type=\"text\/css\" data-created_by=\"avia_inline_auto\" id=\"style-css-av-aupcw0-b252b444939f1c6223e79e5b57074446\">\n.flex_column.av-aupcw0-b252b444939f1c6223e79e5b57074446{\n-webkit-border-radius:0px 0px 0px 0px;\n-moz-border-radius:0px 0px 0px 0px;\nborder-radius:0px 0px 0px 0px;\npadding:0px 0px 0px 0px;\n}\n<\/style>\n<div class='flex_column av-aupcw0-b252b444939f1c6223e79e5b57074446 av_one_half  avia-builder-el-5  el_after_av_one_half  avia-builder-el-last  flex_column_div av-zero-column-padding column-top-margin'     ><section  class='av_textblock_section av-kgf1e6kl-253ba1d13068f8db85f0ad3cf08f701d'  itemscope=\"itemscope\" itemtype=\"https:\/\/schema.org\/CreativeWork\" ><div class='avia_textblock'  itemprop=\"text\" ><h3><strong>Kontaktieren Sie uns<\/strong><\/h3>\n<p><strong><br \/>\n  <span class=\"ah\">Telefon<\/span><br \/>\n<\/strong><span class=\"ah\"> +46 (0)250-777999<\/span><\/p>\n<p><strong>Adresse<br \/>\n<\/strong> Bl\u00e4stgatan &#8211; Wikipedia<\/p>\n<p>79434 Orsa<\/p>\n<div id=\"mh\">\n<div id=\"mm\"><\/div>\n<\/div>\n<\/div><\/section><br \/>\n<br \/>\n<div  class='avia-button-wrap avia-button-center  avia-builder-el-8  el_after_av_codeblock  avia-builder-el-last ' >\n<style type=\"text\/css\" data-created_by=\"avia_inline_auto\" id=\"style-css-av-kgf1wc7j-553a6c31fb0fb71756053f9ed0e7758c\">\n#top #wrap_all .avia-button.av-kgf1wc7j-553a6c31fb0fb71756053f9ed0e7758c{\ncolor:#ffffff;\n-webkit-transition:all 0.4s ease-in-out;\n-moz-transition:all 0.4s ease-in-out;\n-ms-transition:all 0.4s ease-in-out;\n-o-transition:all 0.4s ease-in-out;\ntransition:all 0.4s ease-in-out;\n}\n#top #wrap_all .avia-button.av-kgf1wc7j-553a6c31fb0fb71756053f9ed0e7758c:hover{\ncolor:#ffffff;\n-webkit-transition:all 0.4s ease-in-out;\n-moz-transition:all 0.4s ease-in-out;\n-ms-transition:all 0.4s ease-in-out;\n-o-transition:all 0.4s ease-in-out;\ntransition:all 0.4s ease-in-out;\n}\n<\/style>\n<a href='https:\/\/ofc.nu' class='avia-color-theme-color avia-button avia-button-fullwidth av-kgf1wc7j-553a6c31fb0fb71756053f9ed0e7758c avia-icon_select-yes-left-icon avia-color-theme-color' ><span class='avia_button_icon avia_button_icon_left' aria-hidden='true' data-av_icon='\ue832' data-av_iconfont='entypo-fontello'><\/span><span class='avia_iconbox_title' >  Besuchen Sie unsere Website<\/span><span class='avia_button_background avia-button avia-button-fullwidth avia-color-theme-color-highlight'><\/span><\/a><\/div><\/p><\/div>\n","protected":false},"excerpt":{"rendered":"","protected":false},"author":3,"featured_media":5702,"parent":0,"menu_order":0,"comment_status":"closed","ping_status":"closed","template":"","meta":{"footnotes":""},"categories":[80],"tags":[],"class_list":["post-6651","page","type-page","status-publish","has-post-thumbnail","hentry","category-handel-handwerk"],"_links":{"self":[{"href":"https:\/\/visitorsa.se\/de\/wp-json\/wp\/v2\/pages\/6651","targetHints":{"allow":["GET"]}}],"collection":[{"href":"https:\/\/visitorsa.se\/de\/wp-json\/wp\/v2\/pages"}],"about":[{"href":"https:\/\/visitorsa.se\/de\/wp-json\/wp\/v2\/types\/page"}],"author":[{"embeddable":true,"href":"https:\/\/visitorsa.se\/de\/wp-json\/wp\/v2\/users\/3"}],"replies":[{"embeddable":true,"href":"https:\/\/visitorsa.se\/de\/wp-json\/wp\/v2\/comments?post=6651"}],"version-history":[{"count":3,"href":"https:\/\/visitorsa.se\/de\/wp-json\/wp\/v2\/pages\/6651\/revisions"}],"predecessor-version":[{"id":7635,"href":"https:\/\/visitorsa.se\/de\/wp-json\/wp\/v2\/pages\/6651\/revisions\/7635"}],"wp:featuredmedia":[{"embeddable":true,"href":"https:\/\/visitorsa.se\/de\/wp-json\/wp\/v2\/media\/5702"}],"wp:attachment":[{"href":"https:\/\/visitorsa.se\/de\/wp-json\/wp\/v2\/media?parent=6651"}],"wp:term":[{"taxonomy":"category","embeddable":true,"href":"https:\/\/visitorsa.se\/de\/wp-json\/wp\/v2\/categories?post=6651"},{"taxonomy":"post_tag","embeddable":true,"href":"https:\/\/visitorsa.se\/de\/wp-json\/wp\/v2\/tags?post=6651"}],"curies":[{"name":"wp","href":"https:\/\/api.w.org\/{rel}","templated":true}]}}