{"id":6650,"date":"2025-05-14T12:02:42","date_gmt":"2025-05-14T10:02:42","guid":{"rendered":"https:\/\/staging.visitorsa.se\/essen\/smidgarden-restaurant-cafe\/"},"modified":"2025-05-14T12:08:38","modified_gmt":"2025-05-14T10:08:38","slug":"smidgarden-restaurant-cafe","status":"publish","type":"page","link":"https:\/\/visitorsa.se\/de\/essen\/smidgarden-restaurant-cafe\/","title":{"rendered":"Smidg\u00e5rden Restaurant &amp; Caf\u00e9"},"content":{"rendered":"\n<style type=\"text\/css\" data-created_by=\"avia_inline_auto\" id=\"style-css-av-4ae4w-df72feb9ee13182ef8fa353b23813b86\">\n.flex_column.av-4ae4w-df72feb9ee13182ef8fa353b23813b86{\n-webkit-border-radius:0px 0px 0px 0px;\n-moz-border-radius:0px 0px 0px 0px;\nborder-radius:0px 0px 0px 0px;\npadding:0px 0px 0px 0px;\n}\n<\/style>\n<div class='flex_column av-4ae4w-df72feb9ee13182ef8fa353b23813b86 av_one_half  avia-builder-el-0  el_before_av_one_half  avia-builder-el-first  first flex_column_div av-zero-column-padding '     ><\/div>\n<style type=\"text\/css\" data-created_by=\"avia_inline_auto\" id=\"style-css-av-aupcw0-b252b444939f1c6223e79e5b57074446\">\n.flex_column.av-aupcw0-b252b444939f1c6223e79e5b57074446{\n-webkit-border-radius:0px 0px 0px 0px;\n-moz-border-radius:0px 0px 0px 0px;\nborder-radius:0px 0px 0px 0px;\npadding:0px 0px 0px 0px;\n}\n<\/style>\n<div class='flex_column av-aupcw0-b252b444939f1c6223e79e5b57074446 av_one_half  avia-builder-el-2  el_after_av_one_half  el_before_av_one_full  flex_column_div av-zero-column-padding '     ><section  class='av_textblock_section av-kgf1e6kl-253ba1d13068f8db85f0ad3cf08f701d'  itemscope=\"itemscope\" itemtype=\"https:\/\/schema.org\/CreativeWork\" ><div class='avia_textblock'  itemprop=\"text\" ><div id=\"frame-237-2308-1\" class=\"yframe frame-1-4 rem-phone-50 rem-pad-33_33\">\n<div class=\"yframe-inner\">\n<div id=\"object-237-4410\" class=\"content-object object-1-1 general-text\" data-type=\"general-text\">\n<div class=\"object-inner\">\n<h3 class=\"main-title entry-title \">Smidg\u00e5rden Restaurang &amp; Caf\u00e9<\/h3>\n<p>V\u00e4lkommen till oss p\u00e5 Smidg\u00e5rden som \u00e4r den h\u00f6gt bel\u00e4gna p\u00e4rlan i Fryks\u00e5s d\u00e4r vi jobbar med skogens lokala skafferi.<br \/>\nVi v\u00e4ljer mat och dryck med omsorg d\u00e4r vi tar stor h\u00e4nsyn till milj\u00f6n. dagarna startar med att fikat dukas fram och fram\u00e5t lunch \u00e4r kockarna reda f\u00f6r v\u00e5ran lunch ala carte samt frasiga v\u00e5fflor. v\u00e5ra f\u00e4bodpizzor \u00e4r ett m\u00e5ste.<\/p>\n<p>kv\u00e4llarna myser vi till det och dukar fram klassisk fondue, raclett och sj\u00e4lvklart \u00e4ven en ala carte.<\/p>\n<p>Titta g\u00e4rna p\u00e5 v\u00e5r hemsida f\u00f6r menyer och \u00f6ppettider.<\/p>\n<h3>Kontakta oss<\/h3>\n<p><strong>Telefon<\/strong>\u00a00250-462 31<\/p>\n<p><strong>Epost<\/strong>\u00a0<a href=\"mailto:info@dalasmaker.se\">info@dalasmaker.se<\/a><\/p>\n<\/div>\n<\/div>\n<\/div>\n<\/div>\n<div id=\"frame-237-2308-2\" class=\"yframe frame-1-4 not_on_phone rem-phone-50 rem-pad-33_33\">\n<div class=\"yframe-inner\">\n<div id=\"object-237-4406\" class=\"content-object object-1-1 not_on_phone general-text\" data-type=\"general-text\">\n<div class=\"object-inner\"><\/div>\n<\/div>\n<\/div>\n<\/div>\n<\/div><\/section><br \/>\n<br \/>\n<div  class='avia-button-wrap avia-button-center  avia-builder-el-5  el_after_av_codeblock  avia-builder-el-last ' >\n<style type=\"text\/css\" data-created_by=\"avia_inline_auto\" id=\"style-css-av-kgf1wc7j-cfd11c3efa123d89ccf7ca21441af9a6\">\n#top #wrap_all .avia-button.av-kgf1wc7j-cfd11c3efa123d89ccf7ca21441af9a6{\ncolor:#ffffff;\n-webkit-transition:all 0.4s ease-in-out;\n-moz-transition:all 0.4s ease-in-out;\n-ms-transition:all 0.4s ease-in-out;\n-o-transition:all 0.4s ease-in-out;\ntransition:all 0.4s ease-in-out;\n}\n#top #wrap_all .avia-button.av-kgf1wc7j-cfd11c3efa123d89ccf7ca21441af9a6:hover{\ncolor:#ffffff;\n-webkit-transition:all 0.4s ease-in-out;\n-moz-transition:all 0.4s ease-in-out;\n-ms-transition:all 0.4s ease-in-out;\n-o-transition:all 0.4s ease-in-out;\ntransition:all 0.4s ease-in-out;\n}\n<\/style>\n<a href='http:\/\/www.dalasmaker.se\/smidgarden\/' class='avia-color-theme-color avia-button avia-button-fullwidth av-kgf1wc7j-cfd11c3efa123d89ccf7ca21441af9a6 avia-icon_select-yes-left-icon avia-color-theme-color' ><span class='avia_button_icon avia_button_icon_left' aria-hidden='true' data-av_icon='\ue832' data-av_iconfont='entypo-fontello'><\/span><span class='avia_iconbox_title' >  Besuchen Sie unsere Website<\/span><span class='avia_button_background avia-button avia-button-fullwidth avia-color-theme-color-highlight'><\/span><\/a><\/div><\/p><\/div><\/p>\n\n<style type=\"text\/css\" data-created_by=\"avia_inline_auto\" id=\"style-css-av-8piq0w-72ce86d9d34e4d6b8bfed66d14dacd08\">\n.flex_column.av-8piq0w-72ce86d9d34e4d6b8bfed66d14dacd08{\n-webkit-border-radius:0px 0px 0px 0px;\n-moz-border-radius:0px 0px 0px 0px;\nborder-radius:0px 0px 0px 0px;\npadding:0px 0px 0px 0px;\n}\n<\/style>\n<div class='flex_column av-8piq0w-72ce86d9d34e4d6b8bfed66d14dacd08 av_one_full  avia-builder-el-6  el_after_av_one_half  avia-builder-el-last  first flex_column_div av-zero-column-padding column-top-margin'     ><\/div>\n","protected":false},"excerpt":{"rendered":"","protected":false},"author":1,"featured_media":0,"parent":6428,"menu_order":0,"comment_status":"closed","ping_status":"closed","template":"","meta":{"footnotes":""},"categories":[87],"tags":[90],"class_list":["post-6650","page","type-page","status-publish","hentry","category-essen","tag-essen"],"_links":{"self":[{"href":"https:\/\/visitorsa.se\/de\/wp-json\/wp\/v2\/pages\/6650","targetHints":{"allow":["GET"]}}],"collection":[{"href":"https:\/\/visitorsa.se\/de\/wp-json\/wp\/v2\/pages"}],"about":[{"href":"https:\/\/visitorsa.se\/de\/wp-json\/wp\/v2\/types\/page"}],"author":[{"embeddable":true,"href":"https:\/\/visitorsa.se\/de\/wp-json\/wp\/v2\/users\/1"}],"replies":[{"embeddable":true,"href":"https:\/\/visitorsa.se\/de\/wp-json\/wp\/v2\/comments?post=6650"}],"version-history":[{"count":2,"href":"https:\/\/visitorsa.se\/de\/wp-json\/wp\/v2\/pages\/6650\/revisions"}],"predecessor-version":[{"id":249886,"href":"https:\/\/visitorsa.se\/de\/wp-json\/wp\/v2\/pages\/6650\/revisions\/249886"}],"up":[{"embeddable":true,"href":"https:\/\/visitorsa.se\/de\/wp-json\/wp\/v2\/pages\/6428"}],"wp:attachment":[{"href":"https:\/\/visitorsa.se\/de\/wp-json\/wp\/v2\/media?parent=6650"}],"wp:term":[{"taxonomy":"category","embeddable":true,"href":"https:\/\/visitorsa.se\/de\/wp-json\/wp\/v2\/categories?post=6650"},{"taxonomy":"post_tag","embeddable":true,"href":"https:\/\/visitorsa.se\/de\/wp-json\/wp\/v2\/tags?post=6650"}],"curies":[{"name":"wp","href":"https:\/\/api.w.org\/{rel}","templated":true}]}}