{"id":6629,"date":"2021-03-25T14:09:09","date_gmt":"2021-03-25T13:09:09","guid":{"rendered":"https:\/\/staging.visitorsa.se\/orsa-gesellschaft-fuer-naturschutz\/"},"modified":"2022-07-08T13:19:30","modified_gmt":"2022-07-08T11:19:30","slug":"orsa-gesellschaft-fuer-naturschutz","status":"publish","type":"page","link":"https:\/\/visitorsa.se\/de\/orsa-gesellschaft-fuer-naturschutz\/","title":{"rendered":"Hundspanns\u00e4ventyr i Orsa"},"content":{"rendered":"\n<style type=\"text\/css\" data-created_by=\"avia_inline_auto\" id=\"style-css-av-6d4ygg-db790e9493201a1d2f9d8b3dfe30decc\">\n.flex_column.av-6d4ygg-db790e9493201a1d2f9d8b3dfe30decc{\n-webkit-border-radius:0px 0px 0px 0px;\n-moz-border-radius:0px 0px 0px 0px;\nborder-radius:0px 0px 0px 0px;\npadding:0px 0px 0px 0px;\n}\n<\/style>\n<div class='flex_column av-6d4ygg-db790e9493201a1d2f9d8b3dfe30decc av_one_full  avia-builder-el-0  el_before_av_one_half  avia-builder-el-first  first flex_column_div av-zero-column-padding '     ><style type=\"text\/css\" data-created_by=\"avia_inline_auto\" id=\"style-css-av-kgf1j3ru-ab1779dbd56ab3c754453ddb7fc03118\">\n#top .avia-gallery.av-kgf1j3ru-ab1779dbd56ab3c754453ddb7fc03118 .avia-gallery-thumb a{\nwidth:25%;\n}\n<\/style>\n<div  class='avia-gallery av-kgf1j3ru-ab1779dbd56ab3c754453ddb7fc03118 avia_animate_when_visible  avia-builder-el-1  avia-builder-el-no-sibling  avia_lazyload avia-gallery-animate avia-gallery-1'  itemprop=\"image\" itemscope=\"itemscope\" itemtype=\"https:\/\/schema.org\/ImageObject\" ><meta itemprop=\"contentURL\" content=\"https:\/\/visitorsa.se\/de\/orsa-gesellschaft-fuer-naturschutz\/\"><div class='avia-gallery-thumb'><a href=\"https:\/\/visitorsa.se\/app\/uploads\/2021\/03\/Naturskyddsforening-2-572x1030.jpg\" data-srcset=\"https:\/\/visitorsa.se\/app\/uploads\/2021\/03\/Naturskyddsforening-2-572x1030.jpg 572w, https:\/\/visitorsa.se\/app\/uploads\/2021\/03\/Naturskyddsforening-2-167x300.jpg 167w, https:\/\/visitorsa.se\/app\/uploads\/2021\/03\/Naturskyddsforening-2-768x1382.jpg 768w, https:\/\/visitorsa.se\/app\/uploads\/2021\/03\/Naturskyddsforening-2-392x705.jpg 392w, https:\/\/visitorsa.se\/app\/uploads\/2021\/03\/Naturskyddsforening-2.jpg 800w\" data-sizes=\"(max-width: 572px) 100vw, 572px\" data-rel='gallery-1' data-prev-img='https:\/\/visitorsa.se\/app\/uploads\/2021\/03\/Naturskyddsforening-2-495x400.jpg' class='first_thumb lightbox ' data-onclick='1' title='Gesellschaft f\u00fcr Naturschutz'  itemprop=\"thumbnailUrl\"  ><img decoding=\"async\" class=\"wp-image-5798 avia-img-lazy-loading-not-5798\"   src=\"https:\/\/visitorsa.se\/app\/uploads\/2021\/03\/Naturskyddsforening-2-495x400.jpg\" width=\"495\" height=\"400\"  title='Gesellschaft f\u00fcr Naturschutz' alt='Besuchen Sie Orsa' \/><div class='big-prev-fake'><img loading=\"lazy\" decoding=\"async\" class=\"wp-image-5798 avia-img-lazy-loading-5798\"  width=\"495\" height=\"400\" src=\"https:\/\/visitorsa.se\/app\/uploads\/2021\/03\/Naturskyddsforening-2-495x400.jpg\" title='Gesellschaft f\u00fcr Naturschutz' alt='Besuchen Sie Orsa' \/><\/div><\/a><a href=\"https:\/\/visitorsa.se\/app\/uploads\/2021\/03\/Naturskyddsforening-4.jpg\" data-srcset=\"https:\/\/visitorsa.se\/app\/uploads\/2021\/03\/Naturskyddsforening-4.jpg 960w, https:\/\/visitorsa.se\/app\/uploads\/2021\/03\/Naturskyddsforening-4-300x169.jpg 300w, https:\/\/visitorsa.se\/app\/uploads\/2021\/03\/Naturskyddsforening-4-768x432.jpg 768w, https:\/\/visitorsa.se\/app\/uploads\/2021\/03\/Naturskyddsforening-4-705x397.jpg 705w\" data-sizes=\"(max-width: 960px) 100vw, 960px\" data-rel='gallery-1' data-prev-img='https:\/\/visitorsa.se\/app\/uploads\/2021\/03\/Naturskyddsforening-4-495x400.jpg' class='lightbox ' data-onclick='2' title='Gesellschaft f\u00fcr Naturschutz'  itemprop=\"thumbnailUrl\"  ><img decoding=\"async\" class=\"wp-image-5800 avia-img-lazy-loading-not-5800\"   src=\"https:\/\/visitorsa.se\/app\/uploads\/2021\/03\/Naturskyddsforening-4-495x400.jpg\" width=\"495\" height=\"400\"  title='Gesellschaft f\u00fcr Naturschutz' alt='Besuchen Sie Orsa' \/><div class='big-prev-fake'><img loading=\"lazy\" decoding=\"async\" class=\"wp-image-5800 avia-img-lazy-loading-5800\"  width=\"495\" height=\"400\" src=\"https:\/\/visitorsa.se\/app\/uploads\/2021\/03\/Naturskyddsforening-4-495x400.jpg\" title='Gesellschaft f\u00fcr Naturschutz' alt='Besuchen Sie Orsa' \/><\/div><\/a><a href=\"https:\/\/visitorsa.se\/app\/uploads\/2021\/03\/Naturskyddsforening-5-1030x773.jpg\" data-srcset=\"https:\/\/visitorsa.se\/app\/uploads\/2021\/03\/Naturskyddsforening-5-1030x773.jpg 1030w, https:\/\/visitorsa.se\/app\/uploads\/2021\/03\/Naturskyddsforening-5-300x225.jpg 300w, https:\/\/visitorsa.se\/app\/uploads\/2021\/03\/Naturskyddsforening-5-768x576.jpg 768w, https:\/\/visitorsa.se\/app\/uploads\/2021\/03\/Naturskyddsforening-5-705x529.jpg 705w, https:\/\/visitorsa.se\/app\/uploads\/2021\/03\/Naturskyddsforening-5.jpg 1229w\" data-sizes=\"(max-width: 1030px) 100vw, 1030px\" data-rel='gallery-1' data-prev-img='https:\/\/visitorsa.se\/app\/uploads\/2021\/03\/Naturskyddsforening-5-495x400.jpg' class='lightbox ' data-onclick='3' title='Gesellschaft f\u00fcr Naturschutz'  itemprop=\"thumbnailUrl\"  ><img decoding=\"async\" class=\"wp-image-5802 avia-img-lazy-loading-not-5802\"   src=\"https:\/\/visitorsa.se\/app\/uploads\/2021\/03\/Naturskyddsforening-5-495x400.jpg\" width=\"495\" height=\"400\"  title='Gesellschaft f\u00fcr Naturschutz' alt='Besuchen Sie Orsa' srcset=\"https:\/\/visitorsa.se\/app\/uploads\/2021\/03\/Naturskyddsforening-5-495x400.jpg 495w, https:\/\/visitorsa.se\/app\/uploads\/2021\/03\/Naturskyddsforening-5-845x684.jpg 845w\" sizes=\"(max-width: 495px) 100vw, 495px\" \/><div class='big-prev-fake'><img loading=\"lazy\" decoding=\"async\" class=\"wp-image-5802 avia-img-lazy-loading-5802\"  width=\"495\" height=\"400\" src=\"https:\/\/visitorsa.se\/app\/uploads\/2021\/03\/Naturskyddsforening-5-495x400.jpg\" title='Gesellschaft f\u00fcr Naturschutz' alt='Besuchen Sie Orsa' srcset=\"https:\/\/visitorsa.se\/app\/uploads\/2021\/03\/Naturskyddsforening-5-495x400.jpg 495w, https:\/\/visitorsa.se\/app\/uploads\/2021\/03\/Naturskyddsforening-5-845x684.jpg 845w\" sizes=\"auto, (max-width: 495px) 100vw, 495px\" \/><\/div><\/a><\/div><\/div><\/div>\n<style type=\"text\/css\" data-created_by=\"avia_inline_auto\" id=\"style-css-av-aupcw0-034727ff4178265a807e03e0bbca9dc3\">\n.flex_column.av-aupcw0-034727ff4178265a807e03e0bbca9dc3{\n-webkit-border-radius:0px 0px 0px 0px;\n-moz-border-radius:0px 0px 0px 0px;\nborder-radius:0px 0px 0px 0px;\npadding:0px 0px 0px 0px;\n}\n<\/style>\n<div class='flex_column av-aupcw0-034727ff4178265a807e03e0bbca9dc3 av_one_half  avia-builder-el-2  el_after_av_one_full  el_before_av_one_half  first flex_column_div av-zero-column-padding column-top-margin'     ><section  class='av_textblock_section av-kgf1e6kl-253ba1d13068f8db85f0ad3cf08f701d'  itemscope=\"itemscope\" itemtype=\"https:\/\/schema.org\/CreativeWork\" ><div class='avia_textblock'  itemprop=\"text\" ><h1 class=\"widget-title\">Willkommen bei der Schwedischen Gesellschaft f\u00fcr Naturschutz in Orsa!<\/h1>\n<div class=\"textwidget\">\n<p>Wir hoffen, dass Sie, sowohl Mitglied als auch Nichtmitglied, an unseren Aktivit\u00e4ten teilnehmen m\u00f6chten. Sofern nicht anders angegeben, sind sie kostenlos, es ist keine Voranmeldung erforderlich und Sie k\u00f6nnen normalerweise in barrierefreien Fahrzeugen von jedem Treffpunkt zum Veranstaltungsort reisen.<\/p>\n<\/div>\n<\/div><\/section><br \/>\n<\/p><\/div>\n<style type=\"text\/css\" data-created_by=\"avia_inline_auto\" id=\"style-css-av-aupcw0-b252b444939f1c6223e79e5b57074446\">\n.flex_column.av-aupcw0-b252b444939f1c6223e79e5b57074446{\n-webkit-border-radius:0px 0px 0px 0px;\n-moz-border-radius:0px 0px 0px 0px;\nborder-radius:0px 0px 0px 0px;\npadding:0px 0px 0px 0px;\n}\n<\/style>\n<div class='flex_column av-aupcw0-b252b444939f1c6223e79e5b57074446 av_one_half  avia-builder-el-5  el_after_av_one_half  avia-builder-el-last  flex_column_div av-zero-column-padding column-top-margin'     ><section  class='av_textblock_section av-kgf1e6kl-253ba1d13068f8db85f0ad3cf08f701d'  itemscope=\"itemscope\" itemtype=\"https:\/\/schema.org\/CreativeWork\" ><div class='avia_textblock'  itemprop=\"text\" ><h3><strong>Haben wir<\/strong><\/h3>\n<ul class=\"side-list listig\">\n<li>\n<h3><b>Die Wiesen<\/b><\/h3>\n<p>Wir bewirtschaften mehrere erhaltenswerte Heuwiesen<\/li>\n<li>\n<h3><b>Blumenwanderungen<\/b><\/h3>\n<p>Wir treffen uns ein paar Abende im Juni zum Wandern in blumigen Umgebungen<\/li>\n<li>\n<h3 align=\"left\">Studienkreise und Vorlesungen<\/h3>\n<p>In Zusammenarbeit mit Studiefr\u00e4mjandet organisieren wir Kreise und Kurse nach den W\u00fcnschen der Mitglieder.<\/li>\n<li>\n<h3><b>Netzwerk\/Projekt<\/b><\/h3>\n<p><strong>Die Gesamtstrukturgruppe \u00fcberwacht Gesamtstrukturprobleme<\/strong> .<\/p>\n<p><strong>&#8220;Orsa Kolkraft&#8221; arbeitet mit Kolmila<\/strong> , Schmieden und Waldgeschichte.<\/p>\n<p>Die Studiengruppe &#8221; <strong>K\u00fcchenpflanzenanbau&#8221;<\/strong> will die eigene Lebensmittelproduktion ein- und auslehren.<\/li>\n<\/ul>\n<\/div><\/section><br \/>\n<br \/>\n<div  class='avia-button-wrap avia-button-center  avia-builder-el-8  el_after_av_codeblock  avia-builder-el-last ' >\n<style type=\"text\/css\" data-created_by=\"avia_inline_auto\" id=\"style-css-av-kgf1wc7j-212d6a7aef69193f3d778a89b88ed717\">\n#top #wrap_all .avia-button.av-kgf1wc7j-212d6a7aef69193f3d778a89b88ed717{\ncolor:#ffffff;\n-webkit-transition:all 0.4s ease-in-out;\n-moz-transition:all 0.4s ease-in-out;\n-ms-transition:all 0.4s ease-in-out;\n-o-transition:all 0.4s ease-in-out;\ntransition:all 0.4s ease-in-out;\n}\n#top #wrap_all .avia-button.av-kgf1wc7j-212d6a7aef69193f3d778a89b88ed717:hover{\ncolor:#ffffff;\n-webkit-transition:all 0.4s ease-in-out;\n-moz-transition:all 0.4s ease-in-out;\n-ms-transition:all 0.4s ease-in-out;\n-o-transition:all 0.4s ease-in-out;\ntransition:all 0.4s ease-in-out;\n}\n<\/style>\n<a href='https:\/\/orsa.naturskyddsforeningen.se\/' class='avia-color-theme-color avia-button avia-button-fullwidth av-kgf1wc7j-212d6a7aef69193f3d778a89b88ed717 avia-icon_select-yes-left-icon avia-color-theme-color' ><span class='avia_button_icon avia_button_icon_left' aria-hidden='true' data-av_icon='\ue832' data-av_iconfont='entypo-fontello'><\/span><span class='avia_iconbox_title' >  Besuchen Sie unsere Website<\/span><span class='avia_button_background avia-button avia-button-fullwidth avia-color-theme-color-highlight'><\/span><\/a><\/div><\/p><\/div><\/p>\n","protected":false},"excerpt":{"rendered":"","protected":false},"author":3,"featured_media":5794,"parent":0,"menu_order":0,"comment_status":"closed","ping_status":"closed","template":"","meta":{"footnotes":""},"categories":[70],"tags":[],"class_list":["post-6629","page","type-page","status-publish","has-post-thumbnail","hentry","category-aktivitaten-in-orsa"],"_links":{"self":[{"href":"https:\/\/visitorsa.se\/de\/wp-json\/wp\/v2\/pages\/6629","targetHints":{"allow":["GET"]}}],"collection":[{"href":"https:\/\/visitorsa.se\/de\/wp-json\/wp\/v2\/pages"}],"about":[{"href":"https:\/\/visitorsa.se\/de\/wp-json\/wp\/v2\/types\/page"}],"author":[{"embeddable":true,"href":"https:\/\/visitorsa.se\/de\/wp-json\/wp\/v2\/users\/3"}],"replies":[{"embeddable":true,"href":"https:\/\/visitorsa.se\/de\/wp-json\/wp\/v2\/comments?post=6629"}],"version-history":[{"count":4,"href":"https:\/\/visitorsa.se\/de\/wp-json\/wp\/v2\/pages\/6629\/revisions"}],"predecessor-version":[{"id":7640,"href":"https:\/\/visitorsa.se\/de\/wp-json\/wp\/v2\/pages\/6629\/revisions\/7640"}],"wp:featuredmedia":[{"embeddable":true,"href":"https:\/\/visitorsa.se\/de\/wp-json\/wp\/v2\/media\/5794"}],"wp:attachment":[{"href":"https:\/\/visitorsa.se\/de\/wp-json\/wp\/v2\/media?parent=6629"}],"wp:term":[{"taxonomy":"category","embeddable":true,"href":"https:\/\/visitorsa.se\/de\/wp-json\/wp\/v2\/categories?post=6629"},{"taxonomy":"post_tag","embeddable":true,"href":"https:\/\/visitorsa.se\/de\/wp-json\/wp\/v2\/tags?post=6629"}],"curies":[{"name":"wp","href":"https:\/\/api.w.org\/{rel}","templated":true}]}}