{"id":6624,"date":"2021-04-29T18:53:01","date_gmt":"2021-04-29T16:53:01","guid":{"rendered":"https:\/\/staging.visitorsa.se\/orsas-moebelpolster\/"},"modified":"2022-07-08T13:25:48","modified_gmt":"2022-07-08T11:25:48","slug":"orsas-moebelpolster","status":"publish","type":"page","link":"https:\/\/visitorsa.se\/de\/orsas-moebelpolster\/","title":{"rendered":"Orsas M\u00f6beltapetsering"},"content":{"rendered":"\n<style type=\"text\/css\" data-created_by=\"avia_inline_auto\" id=\"style-css-av-6d4ygg-db790e9493201a1d2f9d8b3dfe30decc\">\n.flex_column.av-6d4ygg-db790e9493201a1d2f9d8b3dfe30decc{\n-webkit-border-radius:0px 0px 0px 0px;\n-moz-border-radius:0px 0px 0px 0px;\nborder-radius:0px 0px 0px 0px;\npadding:0px 0px 0px 0px;\n}\n<\/style>\n<div class='flex_column av-6d4ygg-db790e9493201a1d2f9d8b3dfe30decc av_one_full  avia-builder-el-0  el_before_av_one_half  avia-builder-el-first  first flex_column_div av-zero-column-padding '     ><style type=\"text\/css\" data-created_by=\"avia_inline_auto\" id=\"style-css-av-kgf1j3ru-fb42dd076a5f903015fd96ec754446a0\">\n#top .avia-gallery.av-kgf1j3ru-fb42dd076a5f903015fd96ec754446a0 .avia-gallery-thumb a{\nwidth:25%;\n}\n<\/style>\n<div  class='avia-gallery av-kgf1j3ru-fb42dd076a5f903015fd96ec754446a0 avia_animate_when_visible  avia-builder-el-1  avia-builder-el-no-sibling  avia_lazyload avia-gallery-animate avia-gallery-1'  itemprop=\"image\" itemscope=\"itemscope\" itemtype=\"https:\/\/schema.org\/ImageObject\" ><meta itemprop=\"contentURL\" content=\"https:\/\/visitorsa.se\/de\/orsas-moebelpolster\/\"><div class='avia-gallery-thumb'><a href=\"https:\/\/visitorsa.se\/app\/uploads\/2021\/04\/Orsas-Mobeltapetsering-1.jpg\" data-srcset=\"https:\/\/visitorsa.se\/app\/uploads\/2021\/04\/Orsas-Mobeltapetsering-1.jpg 720w, https:\/\/visitorsa.se\/app\/uploads\/2021\/04\/Orsas-Mobeltapetsering-1-298x300.jpg 298w, https:\/\/visitorsa.se\/app\/uploads\/2021\/04\/Orsas-Mobeltapetsering-1-80x80.jpg 80w, https:\/\/visitorsa.se\/app\/uploads\/2021\/04\/Orsas-Mobeltapetsering-1-36x36.jpg 36w, https:\/\/visitorsa.se\/app\/uploads\/2021\/04\/Orsas-Mobeltapetsering-1-699x705.jpg 699w\" data-sizes=\"(max-width: 720px) 100vw, 720px\" data-rel='gallery-1' data-prev-img='https:\/\/visitorsa.se\/app\/uploads\/2021\/04\/Orsas-Mobeltapetsering-1-495x400.jpg' class='first_thumb lightbox ' data-onclick='1' title='Orsas M\u00f6belpolster 1'  itemprop=\"thumbnailUrl\"  ><img decoding=\"async\" class=\"wp-image-5872 avia-img-lazy-loading-not-5872\"   src=\"https:\/\/visitorsa.se\/app\/uploads\/2021\/04\/Orsas-Mobeltapetsering-1-495x400.jpg\" width=\"495\" height=\"400\"  title='Orsas M\u00f6belpolster 1' alt='Besuchen Sie Orsa' \/><div class='big-prev-fake'><img loading=\"lazy\" decoding=\"async\" class=\"wp-image-5872 avia-img-lazy-loading-5872\"  width=\"495\" height=\"400\" src=\"https:\/\/visitorsa.se\/app\/uploads\/2021\/04\/Orsas-Mobeltapetsering-1-495x400.jpg\" title='Orsas M\u00f6belpolster 1' alt='Besuchen Sie Orsa' \/><\/div><\/a><a href=\"https:\/\/visitorsa.se\/app\/uploads\/2021\/04\/Orsas-Mobeltapetsering-3-1030x773.jpg\" data-srcset=\"https:\/\/visitorsa.se\/app\/uploads\/2021\/04\/Orsas-Mobeltapetsering-3-1030x773.jpg 1030w, https:\/\/visitorsa.se\/app\/uploads\/2021\/04\/Orsas-Mobeltapetsering-3-300x225.jpg 300w, https:\/\/visitorsa.se\/app\/uploads\/2021\/04\/Orsas-Mobeltapetsering-3-768x576.jpg 768w, https:\/\/visitorsa.se\/app\/uploads\/2021\/04\/Orsas-Mobeltapetsering-3-1536x1152.jpg 1536w, https:\/\/visitorsa.se\/app\/uploads\/2021\/04\/Orsas-Mobeltapetsering-3-2048x1536.jpg 2048w, https:\/\/visitorsa.se\/app\/uploads\/2021\/04\/Orsas-Mobeltapetsering-3-1500x1125.jpg 1500w, https:\/\/visitorsa.se\/app\/uploads\/2021\/04\/Orsas-Mobeltapetsering-3-705x529.jpg 705w\" data-sizes=\"(max-width: 1030px) 100vw, 1030px\" data-rel='gallery-1' data-prev-img='https:\/\/visitorsa.se\/app\/uploads\/2021\/04\/Orsas-Mobeltapetsering-3-495x400.jpg' class='lightbox ' data-onclick='2' title='Orsas M\u00f6belpolster 3'  itemprop=\"thumbnailUrl\"  ><img decoding=\"async\" class=\"wp-image-5876 avia-img-lazy-loading-not-5876\"   src=\"https:\/\/visitorsa.se\/app\/uploads\/2021\/04\/Orsas-Mobeltapetsering-3-495x400.jpg\" width=\"495\" height=\"400\"  title='Orsas M\u00f6belpolster 3' alt='Besuchen Sie Orsa' srcset=\"https:\/\/visitorsa.se\/app\/uploads\/2021\/04\/Orsas-Mobeltapetsering-3-495x400.jpg 495w, https:\/\/visitorsa.se\/app\/uploads\/2021\/04\/Orsas-Mobeltapetsering-3-845x684.jpg 845w\" sizes=\"(max-width: 495px) 100vw, 495px\" \/><div class='big-prev-fake'><img loading=\"lazy\" decoding=\"async\" class=\"wp-image-5876 avia-img-lazy-loading-5876\"  width=\"495\" height=\"400\" src=\"https:\/\/visitorsa.se\/app\/uploads\/2021\/04\/Orsas-Mobeltapetsering-3-495x400.jpg\" title='Orsas M\u00f6belpolster 3' alt='Besuchen Sie Orsa' srcset=\"https:\/\/visitorsa.se\/app\/uploads\/2021\/04\/Orsas-Mobeltapetsering-3-495x400.jpg 495w, https:\/\/visitorsa.se\/app\/uploads\/2021\/04\/Orsas-Mobeltapetsering-3-845x684.jpg 845w\" sizes=\"auto, (max-width: 495px) 100vw, 495px\" \/><\/div><\/a><a href=\"https:\/\/visitorsa.se\/app\/uploads\/2021\/04\/Orsas-Mobeltapetsering-4-1030x1030.jpg\" data-srcset=\"https:\/\/visitorsa.se\/app\/uploads\/2021\/04\/Orsas-Mobeltapetsering-4-1030x1030.jpg 1030w, https:\/\/visitorsa.se\/app\/uploads\/2021\/04\/Orsas-Mobeltapetsering-4-300x300.jpg 300w, https:\/\/visitorsa.se\/app\/uploads\/2021\/04\/Orsas-Mobeltapetsering-4-80x80.jpg 80w, https:\/\/visitorsa.se\/app\/uploads\/2021\/04\/Orsas-Mobeltapetsering-4-768x768.jpg 768w, https:\/\/visitorsa.se\/app\/uploads\/2021\/04\/Orsas-Mobeltapetsering-4-36x36.jpg 36w, https:\/\/visitorsa.se\/app\/uploads\/2021\/04\/Orsas-Mobeltapetsering-4-180x180.jpg 180w, https:\/\/visitorsa.se\/app\/uploads\/2021\/04\/Orsas-Mobeltapetsering-4-705x705.jpg 705w, https:\/\/visitorsa.se\/app\/uploads\/2021\/04\/Orsas-Mobeltapetsering-4.jpg 1080w\" data-sizes=\"(max-width: 1030px) 100vw, 1030px\" data-rel='gallery-1' data-prev-img='https:\/\/visitorsa.se\/app\/uploads\/2021\/04\/Orsas-Mobeltapetsering-4-495x400.jpg' class='lightbox ' data-onclick='3' title='Orsas M\u00f6belpolster 4'  itemprop=\"thumbnailUrl\"  ><img decoding=\"async\" class=\"wp-image-5878 avia-img-lazy-loading-not-5878\"   src=\"https:\/\/visitorsa.se\/app\/uploads\/2021\/04\/Orsas-Mobeltapetsering-4-495x400.jpg\" width=\"495\" height=\"400\"  title='Orsas M\u00f6belpolster 4' alt='Besuchen Sie Orsa' srcset=\"https:\/\/visitorsa.se\/app\/uploads\/2021\/04\/Orsas-Mobeltapetsering-4-495x400.jpg 495w, https:\/\/visitorsa.se\/app\/uploads\/2021\/04\/Orsas-Mobeltapetsering-4-845x684.jpg 845w\" sizes=\"(max-width: 495px) 100vw, 495px\" \/><div class='big-prev-fake'><img loading=\"lazy\" decoding=\"async\" class=\"wp-image-5878 avia-img-lazy-loading-5878\"  width=\"495\" height=\"400\" src=\"https:\/\/visitorsa.se\/app\/uploads\/2021\/04\/Orsas-Mobeltapetsering-4-495x400.jpg\" title='Orsas M\u00f6belpolster 4' alt='Besuchen Sie Orsa' srcset=\"https:\/\/visitorsa.se\/app\/uploads\/2021\/04\/Orsas-Mobeltapetsering-4-495x400.jpg 495w, https:\/\/visitorsa.se\/app\/uploads\/2021\/04\/Orsas-Mobeltapetsering-4-845x684.jpg 845w\" sizes=\"auto, (max-width: 495px) 100vw, 495px\" \/><\/div><\/a><a href=\"https:\/\/visitorsa.se\/app\/uploads\/2021\/05\/Orsa-mobeltapetsering-5-1030x1030.jpeg\" data-srcset=\"https:\/\/visitorsa.se\/app\/uploads\/2021\/05\/Orsa-mobeltapetsering-5-1030x1030.jpeg 1030w, https:\/\/visitorsa.se\/app\/uploads\/2021\/05\/Orsa-mobeltapetsering-5-300x300.jpeg 300w, https:\/\/visitorsa.se\/app\/uploads\/2021\/05\/Orsa-mobeltapetsering-5-80x80.jpeg 80w, https:\/\/visitorsa.se\/app\/uploads\/2021\/05\/Orsa-mobeltapetsering-5-768x768.jpeg 768w, https:\/\/visitorsa.se\/app\/uploads\/2021\/05\/Orsa-mobeltapetsering-5-36x36.jpeg 36w, https:\/\/visitorsa.se\/app\/uploads\/2021\/05\/Orsa-mobeltapetsering-5-180x180.jpeg 180w, https:\/\/visitorsa.se\/app\/uploads\/2021\/05\/Orsa-mobeltapetsering-5-705x705.jpeg 705w, https:\/\/visitorsa.se\/app\/uploads\/2021\/05\/Orsa-mobeltapetsering-5.jpeg 1080w\" data-sizes=\"(max-width: 1030px) 100vw, 1030px\" data-rel='gallery-1' data-prev-img='https:\/\/visitorsa.se\/app\/uploads\/2021\/05\/Orsa-mobeltapetsering-5-495x400.jpeg' class='lightbox ' data-onclick='4' title='Orsa M\u00f6belpolster 5'  itemprop=\"thumbnailUrl\"  ><img decoding=\"async\" class=\"wp-image-5880 avia-img-lazy-loading-not-5880\"   src=\"https:\/\/visitorsa.se\/app\/uploads\/2021\/05\/Orsa-mobeltapetsering-5-495x400.jpeg\" width=\"495\" height=\"400\"  title='Orsa M\u00f6belpolster 5' alt='Besuchen Sie Orsa' srcset=\"https:\/\/visitorsa.se\/app\/uploads\/2021\/05\/Orsa-mobeltapetsering-5-495x400.jpeg 495w, https:\/\/visitorsa.se\/app\/uploads\/2021\/05\/Orsa-mobeltapetsering-5-845x684.jpeg 845w\" sizes=\"(max-width: 495px) 100vw, 495px\" \/><div class='big-prev-fake'><img loading=\"lazy\" decoding=\"async\" class=\"wp-image-5880 avia-img-lazy-loading-5880\"  width=\"495\" height=\"400\" src=\"https:\/\/visitorsa.se\/app\/uploads\/2021\/05\/Orsa-mobeltapetsering-5-495x400.jpeg\" title='Orsa M\u00f6belpolster 5' alt='Besuchen Sie Orsa' srcset=\"https:\/\/visitorsa.se\/app\/uploads\/2021\/05\/Orsa-mobeltapetsering-5-495x400.jpeg 495w, https:\/\/visitorsa.se\/app\/uploads\/2021\/05\/Orsa-mobeltapetsering-5-845x684.jpeg 845w\" sizes=\"auto, (max-width: 495px) 100vw, 495px\" \/><\/div><\/a><\/div><\/div><\/div>\n<style type=\"text\/css\" data-created_by=\"avia_inline_auto\" id=\"style-css-av-aupcw0-034727ff4178265a807e03e0bbca9dc3\">\n.flex_column.av-aupcw0-034727ff4178265a807e03e0bbca9dc3{\n-webkit-border-radius:0px 0px 0px 0px;\n-moz-border-radius:0px 0px 0px 0px;\nborder-radius:0px 0px 0px 0px;\npadding:0px 0px 0px 0px;\n}\n<\/style>\n<div class='flex_column av-aupcw0-034727ff4178265a807e03e0bbca9dc3 av_one_half  avia-builder-el-2  el_after_av_one_full  el_before_av_one_half  first flex_column_div av-zero-column-padding column-top-margin'     ><section  class='av_textblock_section av-kgf1e6kl-253ba1d13068f8db85f0ad3cf08f701d'  itemscope=\"itemscope\" itemtype=\"https:\/\/schema.org\/CreativeWork\" ><div class='avia_textblock'  itemprop=\"text\" ><h3 class=\"w44 bcm cn\"><b>Orsas M\u00f6beltapetsering<\/b><\/h3>\n<p style=\"font-weight: 400\"><em>Anki Lindquist\u00a0<\/em>\u00e4r bekl\u00e4dnadss\u00f6mmerska i botten. N\u00e4r hon bodde i Norge med sin familj f\u00f6r n\u00e5gra \u00e5r sedan jobbade hon i en f\u00e4rgbutik. Det var d\u00e4r Anki b\u00f6rjade m\u00e5la om m\u00f6bler. Hon gick en kurs i m\u00f6beltapetsering och fastnade direkt. \u201dDet \u00e4r det roligaste jag gjort,\u201d s\u00e4ger hon.<\/p>\n<p style=\"font-weight: 400\">Efter att ha flyttat hem till Orsa och har Anki g\u00e5tt som hantverksl\u00e4rling p\u00e5 Leksands yrkesh\u00f6gskola i flera \u00e5r och driver i dag sitt eget f\u00f6retag med m\u00f6beltapetsering.<\/p>\n<p style=\"font-weight: 400\">Orsas M\u00f6beltapetsering stoppar och kl\u00e4r om m\u00f6bler. Nytillverkar bilkl\u00e4dsel och b\u00e5tkapell. Syr dynor till husvagn, b\u00e5t, skoter och motorcykel. Syr gardiner och kuddar.<\/p>\n<p style=\"font-weight: 400\">Inget \u00e4r om\u00f6jligt!<\/p>\n<\/div><\/section><br \/>\n<\/p><\/div><\/p>\n\n<style type=\"text\/css\" data-created_by=\"avia_inline_auto\" id=\"style-css-av-aupcw0-b252b444939f1c6223e79e5b57074446\">\n.flex_column.av-aupcw0-b252b444939f1c6223e79e5b57074446{\n-webkit-border-radius:0px 0px 0px 0px;\n-moz-border-radius:0px 0px 0px 0px;\nborder-radius:0px 0px 0px 0px;\npadding:0px 0px 0px 0px;\n}\n<\/style>\n<div class='flex_column av-aupcw0-b252b444939f1c6223e79e5b57074446 av_one_half  avia-builder-el-5  el_after_av_one_half  avia-builder-el-last  flex_column_div av-zero-column-padding column-top-margin'     ><section  class='av_textblock_section av-kgf1e6kl-253ba1d13068f8db85f0ad3cf08f701d'  itemscope=\"itemscope\" itemtype=\"https:\/\/schema.org\/CreativeWork\" ><div class='avia_textblock'  itemprop=\"text\" ><h3><strong>Kontaktieren Sie uns<\/strong><\/h3>\n<p><strong><br \/>\n  <span class=\"ah\">Telefon<\/span><br \/>\n<\/strong><span class=\"ah\"> +46 (0)70-440 64 83<\/span><\/p>\n<p><strong>Adresse<br \/>\n<\/strong> Anki Lindquist<br \/>\nBornv\u00e4gen 53<br \/>\n794 32 Orsa<\/p>\n<div id=\"mh\">\n<div id=\"mm\"><\/div>\n<\/div>\n<\/div><\/section><br \/>\n<br \/>\n<div  class='avia-button-wrap avia-button-center  avia-builder-el-8  el_after_av_codeblock  avia-builder-el-last ' >\n<style type=\"text\/css\" data-created_by=\"avia_inline_auto\" id=\"style-css-av-kgf1wc7j-619862c52106e270ec91127652779fac\">\n#top #wrap_all .avia-button.av-kgf1wc7j-619862c52106e270ec91127652779fac{\ncolor:#ffffff;\n-webkit-transition:all 0.4s ease-in-out;\n-moz-transition:all 0.4s ease-in-out;\n-ms-transition:all 0.4s ease-in-out;\n-o-transition:all 0.4s ease-in-out;\ntransition:all 0.4s ease-in-out;\n}\n#top #wrap_all .avia-button.av-kgf1wc7j-619862c52106e270ec91127652779fac:hover{\ncolor:#ffffff;\n-webkit-transition:all 0.4s ease-in-out;\n-moz-transition:all 0.4s ease-in-out;\n-ms-transition:all 0.4s ease-in-out;\n-o-transition:all 0.4s ease-in-out;\ntransition:all 0.4s ease-in-out;\n}\n<\/style>\n<a href='https:\/\/www.facebook.com\/Orsas-m%C3%B6beltapetsering-362304894324387\/' class='avia-color-theme-color avia-button avia-button-fullwidth av-kgf1wc7j-619862c52106e270ec91127652779fac avia-icon_select-yes-left-icon avia-color-theme-color' ><span class='avia_button_icon avia_button_icon_left' aria-hidden='true' data-av_icon='\ue832' data-av_iconfont='entypo-fontello'><\/span><span class='avia_iconbox_title' >  Besuchen Sie unsere Website<\/span><span class='avia_button_background avia-button avia-button-fullwidth avia-color-theme-color-highlight'><\/span><\/a><\/div><\/p><\/div>\n","protected":false},"excerpt":{"rendered":"","protected":false},"author":3,"featured_media":5874,"parent":0,"menu_order":0,"comment_status":"closed","ping_status":"closed","template":"","meta":{"footnotes":""},"categories":[77],"tags":[],"class_list":["post-6624","page","type-page","status-publish","has-post-thumbnail","hentry","category-der-handwerker-des-dorfes"],"_links":{"self":[{"href":"https:\/\/visitorsa.se\/de\/wp-json\/wp\/v2\/pages\/6624","targetHints":{"allow":["GET"]}}],"collection":[{"href":"https:\/\/visitorsa.se\/de\/wp-json\/wp\/v2\/pages"}],"about":[{"href":"https:\/\/visitorsa.se\/de\/wp-json\/wp\/v2\/types\/page"}],"author":[{"embeddable":true,"href":"https:\/\/visitorsa.se\/de\/wp-json\/wp\/v2\/users\/3"}],"replies":[{"embeddable":true,"href":"https:\/\/visitorsa.se\/de\/wp-json\/wp\/v2\/comments?post=6624"}],"version-history":[{"count":4,"href":"https:\/\/visitorsa.se\/de\/wp-json\/wp\/v2\/pages\/6624\/revisions"}],"predecessor-version":[{"id":7650,"href":"https:\/\/visitorsa.se\/de\/wp-json\/wp\/v2\/pages\/6624\/revisions\/7650"}],"wp:featuredmedia":[{"embeddable":true,"href":"https:\/\/visitorsa.se\/de\/wp-json\/wp\/v2\/media\/5874"}],"wp:attachment":[{"href":"https:\/\/visitorsa.se\/de\/wp-json\/wp\/v2\/media?parent=6624"}],"wp:term":[{"taxonomy":"category","embeddable":true,"href":"https:\/\/visitorsa.se\/de\/wp-json\/wp\/v2\/categories?post=6624"},{"taxonomy":"post_tag","embeddable":true,"href":"https:\/\/visitorsa.se\/de\/wp-json\/wp\/v2\/tags?post=6624"}],"curies":[{"name":"wp","href":"https:\/\/api.w.org\/{rel}","templated":true}]}}