{"id":6616,"date":"2021-04-13T19:40:30","date_gmt":"2021-04-13T17:40:30","guid":{"rendered":"https:\/\/staging.visitorsa.se\/der-handwerker-des-dorfes\/"},"modified":"2022-07-08T16:44:33","modified_gmt":"2022-07-08T14:44:33","slug":"der-handwerker-des-dorfes","status":"publish","type":"page","link":"https:\/\/visitorsa.se\/de\/der-handwerker-des-dorfes\/","title":{"rendered":"Bauen &amp; Handwerk"},"content":{"rendered":"\n<style type=\"text\/css\" data-created_by=\"avia_inline_auto\" id=\"style-css-av-3zkrzx-184cb002ba40bf100cfceaa05d09fa0d\">\n.flex_column.av-3zkrzx-184cb002ba40bf100cfceaa05d09fa0d{\n-webkit-border-radius:0px 0px 0px 0px;\n-moz-border-radius:0px 0px 0px 0px;\nborder-radius:0px 0px 0px 0px;\npadding:0px 0px 0px 0px;\n}\n<\/style>\n<div class='flex_column av-3zkrzx-184cb002ba40bf100cfceaa05d09fa0d av_one_full  avia-builder-el-0  el_before_av_masonry_entries  avia-builder-el-no-sibling  first flex_column_div av-zero-column-padding '     ><section  class='av_textblock_section av-1uvaf1-6cae6fb2bc5f11cd68d78166b479ae94'  itemscope=\"itemscope\" itemtype=\"https:\/\/schema.org\/CreativeWork\" ><div class='avia_textblock'  itemprop=\"text\" ><h1 style=\"font-weight: 400;\"><strong>Handwerker in Orsa<\/strong><\/h1>\n<p style=\"font-weight: 400;\">In Orsa sind die meisten Handwerkstraditionen vorhanden. Sie brauchen einen Profi, um eine Terrasse f\u00fcr das Ferienhaus zu bauen oder Hilfe bei F\u00e4ulnissch\u00e4den im Keller? Vielleicht muss das Dach von Omas H\u00e4uschen neben dem Wald ged\u00e4mmt werden? Egal ob Bau- und Tiefbauarbeiten, es gibt viele verschiedene Handwerker, die helfen k\u00f6nnen, wie zum Beispiel Zimmerer, Spengler, Elektriker, Klempner, Maler, Maurer oder Polsterer.<\/p>\n<\/div><\/section><\/div><div id='av-masonry-1' class='av-masonry av-kngbgjgd-47befdade6a0ccefcfdc31e1d54aae5b noHover av-fixed-size av-large-gap av-hover-overlay-active av-masonry-animation-active av-masonry-col-4 av-caption-always av-caption-style- av-masonry-entries av-medium-columns-overwrite av-medium-columns-4 av-small-columns-overwrite av-small-columns-3 av-mini-columns-overwrite av-mini-columns-2 '><div class=\"av-masonry-container isotope av-js-disabled\"><div class='av-masonry-entry isotope-item av-masonry-item-no-image all_sort der-handwerker-des-dorfes_sort  handel-handwerk_sort '><\/div><a href=\"https:\/\/visitorsa.se\/de\/ab-kandre\/\"  id='av-masonry-1-item-53543' data-av-masonry-item='53543' class='av-masonry-entry isotope-item post-53543 page type-page status-publish has-post-thumbnail hentry category-der-handwerker-des-dorfes category-handel-handwerk tag-handel-de tag-handwerk all_sort der-handwerker-des-dorfes_sort  handel-handwerk_sort  av-masonry-item-with-image' title=\"AB Kandre\"   itemscope=\"itemscope\" itemtype=\"https:\/\/schema.org\/CreativeWork\" ><div class='av-inner-masonry-sizer'><\/div><figure class='av-inner-masonry main_color'><div class=\"av-masonry-outerimage-container\"><div class='av-masonry-image-container' style=\"background-image: url(https:\/\/visitorsa.se\/app\/uploads\/2022\/11\/DSC_8133-1-scaled-1-705x471.jpeg);\"  title=\"AB Kandre\"  ><\/div><\/div><figcaption class='av-inner-masonry-content site-background'><div class='av-inner-masonry-content-pos'><div class='av-inner-masonry-content-pos-content'><div class='avia-arrow'><\/div><h3 class='av-masonry-entry-title entry-title '  itemprop=\"headline\" >AB Kandre<\/h3><\/div><\/div><\/figcaption><\/figure><\/a><!--end av-masonry entry--><a href=\"https:\/\/visitorsa.se\/de\/die-brueder-hamren-ab\/\"  id='av-masonry-1-item-6633' data-av-masonry-item='6633' class='av-masonry-entry isotope-item post-6633 page type-page status-publish has-post-thumbnail hentry category-der-handwerker-des-dorfes all_sort der-handwerker-des-dorfes_sort  av-masonry-item-with-image' title=\"Hamr\u00e9n 001\"   itemscope=\"itemscope\" itemtype=\"https:\/\/schema.org\/CreativeWork\" ><div class='av-inner-masonry-sizer'><\/div><figure class='av-inner-masonry main_color'><div class=\"av-masonry-outerimage-container\"><div class='av-masonry-image-container' style=\"background-image: url(https:\/\/visitorsa.se\/app\/uploads\/2021\/04\/Hamren-001-705x705.jpg);\"  title=\"Hamr\u00e9n 001\"   alt=\"Besuchen Sie Orsa\" ><\/div><\/div><figcaption class='av-inner-masonry-content site-background'><div class='av-inner-masonry-content-pos'><div class='av-inner-masonry-content-pos-content'><div class='avia-arrow'><\/div><h3 class='av-masonry-entry-title entry-title '  itemprop=\"headline\" >Br\u00f6derna Hamr\u00e9n AB<\/h3><\/div><\/div><\/figcaption><\/figure><\/a><!--end av-masonry entry--><a href=\"https:\/\/visitorsa.se\/de\/glueckliche-haeuser-orsa\/\"  id='av-masonry-1-item-6674' data-av-masonry-item='6674' class='av-masonry-entry isotope-item post-6674 page type-page status-publish has-post-thumbnail hentry category-der-handwerker-des-dorfes category-handel-handwerk all_sort der-handwerker-des-dorfes_sort  handel-handwerk_sort  av-masonry-item-with-image' title=\"Happy Homes\"   itemscope=\"itemscope\" itemtype=\"https:\/\/schema.org\/CreativeWork\" ><div class='av-inner-masonry-sizer'><\/div><figure class='av-inner-masonry main_color'><div class=\"av-masonry-outerimage-container\"><div class='av-masonry-image-container' style=\"background-image: url(https:\/\/visitorsa.se\/app\/uploads\/2021\/03\/Happy-homes-2-705x292.jpg);\"  title=\"Happy Homes\"  ><\/div><\/div><figcaption class='av-inner-masonry-content site-background'><div class='av-inner-masonry-content-pos'><div class='av-inner-masonry-content-pos-content'><div class='avia-arrow'><\/div><h3 class='av-masonry-entry-title entry-title '  itemprop=\"headline\" >Happy Homes Orsa<\/h3><\/div><\/div><\/figcaption><\/figure><\/a><!--end av-masonry entry--><a href=\"https:\/\/visitorsa.se\/de\/aktivitaeten-in-orsa\/orsa-eisen-design-kunstschmieden\/\"  id='av-masonry-1-item-6782' data-av-masonry-item='6782' class='av-masonry-entry isotope-item post-6782 page type-page status-publish hentry category-der-handwerker-des-dorfes category-handel-handwerk tag-aktivitaten tag-einkaufen all_sort der-handwerker-des-dorfes_sort  handel-handwerk_sort  av-masonry-item-no-image' title=\"Orsa Eisen &amp; Design Kunstschmieden\"   itemscope=\"itemscope\" itemtype=\"https:\/\/schema.org\/CreativeWork\" ><div class='av-inner-masonry-sizer'><\/div><figure class='av-inner-masonry main_color'><figcaption class='av-inner-masonry-content site-background'><div class='av-inner-masonry-content-pos'><div class='av-inner-masonry-content-pos-content'><div class='avia-arrow'><\/div><h3 class='av-masonry-entry-title entry-title '  itemprop=\"headline\" >Orsa Eisen &amp; Design Kunstschmieden<\/h3><\/div><\/div><\/figcaption><\/figure><\/a><!--end av-masonry entry--><a href=\"https:\/\/visitorsa.se\/de\/orsa-kvarn-ab\/\"  id='av-masonry-1-item-6550' data-av-masonry-item='6550' class='av-masonry-entry isotope-item post-6550 page type-page status-publish has-post-thumbnail hentry category-der-handwerker-des-dorfes category-handel-handwerk all_sort der-handwerker-des-dorfes_sort  handel-handwerk_sort  av-masonry-item-with-image' title=\"Orsa M\u00fchle\"   itemscope=\"itemscope\" itemtype=\"https:\/\/schema.org\/CreativeWork\" ><div class='av-inner-masonry-sizer'><\/div><figure class='av-inner-masonry main_color'><div class=\"av-masonry-outerimage-container\"><div class='av-masonry-image-container' style=\"background-image: url(https:\/\/visitorsa.se\/app\/uploads\/2021\/11\/Orsa-kvarn-2-529x705.jpg);\"  title=\"Orsa M\u00fchle\"   alt=\"Besuchen Sie Orsa\" ><\/div><\/div><figcaption class='av-inner-masonry-content site-background'><div class='av-inner-masonry-content-pos'><div class='av-inner-masonry-content-pos-content'><div class='avia-arrow'><\/div><h3 class='av-masonry-entry-title entry-title '  itemprop=\"headline\" >Orsa Kvarn AB<\/h3><\/div><\/div><\/figcaption><\/figure><\/a><!--end av-masonry entry--><a href=\"https:\/\/visitorsa.se\/de\/orsa-plat-ab\/\"  id='av-masonry-1-item-6515' data-av-masonry-item='6515' class='av-masonry-entry isotope-item post-6515 page type-page status-publish has-post-thumbnail hentry category-der-handwerker-des-dorfes all_sort der-handwerker-des-dorfes_sort  av-masonry-item-with-image' title=\"Outlook-o2mvpnuj\"   itemscope=\"itemscope\" itemtype=\"https:\/\/schema.org\/CreativeWork\" ><div class='av-inner-masonry-sizer'><\/div><figure class='av-inner-masonry main_color'><div class=\"av-masonry-outerimage-container\"><div class='av-masonry-image-container' style=\"background-image: url(https:\/\/visitorsa.se\/app\/uploads\/2022\/08\/Outlook-o2mvpnuj.jpeg);\"  title=\"Outlook-o2mvpnuj\"  ><\/div><\/div><figcaption class='av-inner-masonry-content site-background'><div class='av-inner-masonry-content-pos'><div class='av-inner-masonry-content-pos-content'><div class='avia-arrow'><\/div><h3 class='av-masonry-entry-title entry-title '  itemprop=\"headline\" >Orsa Pl\u00e5t AB<\/h3><\/div><\/div><\/figcaption><\/figure><\/a><!--end av-masonry entry--><a href=\"https:\/\/visitorsa.se\/de\/orsas-moebelpolster\/\"  id='av-masonry-1-item-6624' data-av-masonry-item='6624' class='av-masonry-entry isotope-item post-6624 page type-page status-publish has-post-thumbnail hentry category-der-handwerker-des-dorfes all_sort der-handwerker-des-dorfes_sort  av-masonry-item-with-image' title=\"Orsas M\u00f6belpolster 2\"   itemscope=\"itemscope\" itemtype=\"https:\/\/schema.org\/CreativeWork\" ><div class='av-inner-masonry-sizer'><\/div><figure class='av-inner-masonry main_color'><div class=\"av-masonry-outerimage-container\"><div class='av-masonry-image-container' style=\"background-image: url(https:\/\/visitorsa.se\/app\/uploads\/2021\/04\/Orsas-Mobeltapetsering-2-705x705.jpg);\"  title=\"Orsas M\u00f6belpolster 2\"   alt=\"Besuchen Sie Orsa\" ><\/div><\/div><figcaption class='av-inner-masonry-content site-background'><div class='av-inner-masonry-content-pos'><div class='av-inner-masonry-content-pos-content'><div class='avia-arrow'><\/div><h3 class='av-masonry-entry-title entry-title '  itemprop=\"headline\" >Orsas M\u00f6beltapetsering<\/h3><\/div><\/div><\/figcaption><\/figure><\/a><!--end av-masonry entry--><a href=\"https:\/\/visitorsa.se\/de\/tylen-bygg-design-ab\/\"  id='av-masonry-1-item-8003' data-av-masonry-item='8003' class='av-masonry-entry isotope-item post-8003 page type-page status-publish has-post-thumbnail hentry category-der-handwerker-des-dorfes tag-handwerk all_sort der-handwerker-des-dorfes_sort  av-masonry-item-with-image' title=\"DJI_0211\"   itemscope=\"itemscope\" itemtype=\"https:\/\/schema.org\/CreativeWork\" ><div class='av-inner-masonry-sizer'><\/div><figure class='av-inner-masonry main_color'><div class=\"av-masonry-outerimage-container\"><div class='av-masonry-image-container' style=\"background-image: url(https:\/\/visitorsa.se\/app\/uploads\/2022\/08\/DJI_0211-705x397.jpg);\"  title=\"DJI_0211\"  ><\/div><\/div><figcaption class='av-inner-masonry-content site-background'><div class='av-inner-masonry-content-pos'><div class='av-inner-masonry-content-pos-content'><div class='avia-arrow'><\/div><h3 class='av-masonry-entry-title entry-title '  itemprop=\"headline\" >Tyl\u00e9n Bygg &amp; Design AB<\/h3><\/div><\/div><\/figcaption><\/figure><\/a><!--end av-masonry entry--><\/div><div class='av-masonry-pagination av-masonry-pagination-pagination'><nav class='pagination'><span class='pagination-meta'>Seite 1 von 0<\/span><\/nav>\n<\/div><\/div><\/p>\n","protected":false},"excerpt":{"rendered":"","protected":false},"author":3,"featured_media":5834,"parent":0,"menu_order":0,"comment_status":"closed","ping_status":"closed","template":"","meta":{"footnotes":""},"categories":[],"tags":[118],"class_list":["post-6616","page","type-page","status-publish","has-post-thumbnail","hentry","tag-mitgliederkategorie"],"_links":{"self":[{"href":"https:\/\/visitorsa.se\/de\/wp-json\/wp\/v2\/pages\/6616","targetHints":{"allow":["GET"]}}],"collection":[{"href":"https:\/\/visitorsa.se\/de\/wp-json\/wp\/v2\/pages"}],"about":[{"href":"https:\/\/visitorsa.se\/de\/wp-json\/wp\/v2\/types\/page"}],"author":[{"embeddable":true,"href":"https:\/\/visitorsa.se\/de\/wp-json\/wp\/v2\/users\/3"}],"replies":[{"embeddable":true,"href":"https:\/\/visitorsa.se\/de\/wp-json\/wp\/v2\/comments?post=6616"}],"version-history":[{"count":13,"href":"https:\/\/visitorsa.se\/de\/wp-json\/wp\/v2\/pages\/6616\/revisions"}],"predecessor-version":[{"id":7718,"href":"https:\/\/visitorsa.se\/de\/wp-json\/wp\/v2\/pages\/6616\/revisions\/7718"}],"wp:featuredmedia":[{"embeddable":true,"href":"https:\/\/visitorsa.se\/de\/wp-json\/wp\/v2\/media\/5834"}],"wp:attachment":[{"href":"https:\/\/visitorsa.se\/de\/wp-json\/wp\/v2\/media?parent=6616"}],"wp:term":[{"taxonomy":"category","embeddable":true,"href":"https:\/\/visitorsa.se\/de\/wp-json\/wp\/v2\/categories?post=6616"},{"taxonomy":"post_tag","embeddable":true,"href":"https:\/\/visitorsa.se\/de\/wp-json\/wp\/v2\/tags?post=6616"}],"curies":[{"name":"wp","href":"https:\/\/api.w.org\/{rel}","templated":true}]}}