{"id":6612,"date":"2021-04-12T20:28:51","date_gmt":"2021-04-12T18:28:51","guid":{"rendered":"https:\/\/staging.visitorsa.se\/kontaktieren-sie-uns\/"},"modified":"2022-07-07T11:13:40","modified_gmt":"2022-07-07T09:13:40","slug":"kontaktieren-sie-uns","status":"publish","type":"page","link":"https:\/\/visitorsa.se\/de\/kontaktieren-sie-uns\/","title":{"rendered":"Kontaktieren Sie uns"},"content":{"rendered":"\n<style type=\"text\/css\" data-created_by=\"avia_inline_auto\" id=\"style-css-av-6d4ygg-db790e9493201a1d2f9d8b3dfe30decc\">\n.flex_column.av-6d4ygg-db790e9493201a1d2f9d8b3dfe30decc{\n-webkit-border-radius:0px 0px 0px 0px;\n-moz-border-radius:0px 0px 0px 0px;\nborder-radius:0px 0px 0px 0px;\npadding:0px 0px 0px 0px;\n}\n<\/style>\n<div class='flex_column av-6d4ygg-db790e9493201a1d2f9d8b3dfe30decc av_one_full  avia-builder-el-0  el_before_av_one_half  avia-builder-el-first  first flex_column_div av-zero-column-padding '     ><section  class='av_textblock_section av-knh2tmig-fba157d4915167ea79836d9435c6c219'  itemscope=\"itemscope\" itemtype=\"https:\/\/schema.org\/CreativeWork\" ><div class='avia_textblock'  itemprop=\"text\" ><h3>Willkommen bei Visit Orsa gemeinn\u00fctzigen Verein!<\/h3>\n<p>Visit Orsa ist ein religi\u00f6s und politisch unabh\u00e4ngiger gemeinn\u00fctziger Verein, der das kollektive Angebot von Orsa f\u00fcr Besucher sichtbar macht und die lokale Zusammenarbeit in der Tourismusbranche von Orsa f\u00f6rdert. Wir sind das &#8220;kleine Schaufenster&#8221; f\u00fcr Besucher in Orsa. Unser Motto lautet:<\/p>\n<p><em>Wir arbeiten gemeinsam zum Wohle des Gastes<\/em><\/p>\n<\/div><\/section><\/div>\n<style type=\"text\/css\" data-created_by=\"avia_inline_auto\" id=\"style-css-av-aupcw0-72614807e446a3dac2623d6e50c0b51e\">\n.flex_column.av-aupcw0-72614807e446a3dac2623d6e50c0b51e{\n-webkit-border-radius:0px 0px 0px 0px;\n-moz-border-radius:0px 0px 0px 0px;\nborder-radius:0px 0px 0px 0px;\npadding:0px 0px 0px 0px;\nbackground-color:#f7f7f7;\n}\n<\/style>\n<div class='flex_column av-aupcw0-72614807e446a3dac2623d6e50c0b51e av_one_half  avia-builder-el-2  el_after_av_one_full  el_before_av_one_half  first flex_column_div av-zero-column-padding avia-full-stretch column-top-margin'     ><\/div><\/p>\n\n<style type=\"text\/css\" data-created_by=\"avia_inline_auto\" id=\"style-css-av-aupcw0-2-fe001ea7526f8580b8acf70da3a312aa\">\n.flex_column.av-aupcw0-2-fe001ea7526f8580b8acf70da3a312aa{\n-webkit-border-radius:0px 0px 0px 0px;\n-moz-border-radius:0px 0px 0px 0px;\nborder-radius:0px 0px 0px 0px;\npadding:0px 0px 0px 0px;\n}\n<\/style>\n<div class='flex_column av-aupcw0-2-fe001ea7526f8580b8acf70da3a312aa av_one_half  avia-builder-el-4  el_after_av_one_half  avia-builder-el-last  flex_column_div av-zero-column-padding column-top-margin'     ><\/div>\n","protected":false},"excerpt":{"rendered":"","protected":false},"author":3,"featured_media":5826,"parent":0,"menu_order":0,"comment_status":"closed","ping_status":"closed","template":"","meta":{"footnotes":""},"categories":[],"tags":[],"class_list":["post-6612","page","type-page","status-publish","has-post-thumbnail","hentry"],"_links":{"self":[{"href":"https:\/\/visitorsa.se\/de\/wp-json\/wp\/v2\/pages\/6612","targetHints":{"allow":["GET"]}}],"collection":[{"href":"https:\/\/visitorsa.se\/de\/wp-json\/wp\/v2\/pages"}],"about":[{"href":"https:\/\/visitorsa.se\/de\/wp-json\/wp\/v2\/types\/page"}],"author":[{"embeddable":true,"href":"https:\/\/visitorsa.se\/de\/wp-json\/wp\/v2\/users\/3"}],"replies":[{"embeddable":true,"href":"https:\/\/visitorsa.se\/de\/wp-json\/wp\/v2\/comments?post=6612"}],"version-history":[{"count":18,"href":"https:\/\/visitorsa.se\/de\/wp-json\/wp\/v2\/pages\/6612\/revisions"}],"predecessor-version":[{"id":7295,"href":"https:\/\/visitorsa.se\/de\/wp-json\/wp\/v2\/pages\/6612\/revisions\/7295"}],"wp:featuredmedia":[{"embeddable":true,"href":"https:\/\/visitorsa.se\/de\/wp-json\/wp\/v2\/media\/5826"}],"wp:attachment":[{"href":"https:\/\/visitorsa.se\/de\/wp-json\/wp\/v2\/media?parent=6612"}],"wp:term":[{"taxonomy":"category","embeddable":true,"href":"https:\/\/visitorsa.se\/de\/wp-json\/wp\/v2\/categories?post=6612"},{"taxonomy":"post_tag","embeddable":true,"href":"https:\/\/visitorsa.se\/de\/wp-json\/wp\/v2\/tags?post=6612"}],"curies":[{"name":"wp","href":"https:\/\/api.w.org\/{rel}","templated":true}]}}