{"id":6606,"date":"2021-03-26T11:16:53","date_gmt":"2021-03-26T10:16:53","guid":{"rendered":"https:\/\/staging.visitorsa.se\/fischschutz-ofvof\/"},"modified":"2022-07-08T13:06:11","modified_gmt":"2022-07-08T11:06:11","slug":"fischschutz-ofvof","status":"publish","type":"page","link":"https:\/\/visitorsa.se\/de\/fischschutz-ofvof\/","title":{"rendered":"Fiskev\u00e5rd &#8211; OFVOF"},"content":{"rendered":"\n<style type=\"text\/css\" data-created_by=\"avia_inline_auto\" id=\"style-css-av-6d4ygg-db790e9493201a1d2f9d8b3dfe30decc\">\n.flex_column.av-6d4ygg-db790e9493201a1d2f9d8b3dfe30decc{\n-webkit-border-radius:0px 0px 0px 0px;\n-moz-border-radius:0px 0px 0px 0px;\nborder-radius:0px 0px 0px 0px;\npadding:0px 0px 0px 0px;\n}\n<\/style>\n<div class='flex_column av-6d4ygg-db790e9493201a1d2f9d8b3dfe30decc av_one_full  avia-builder-el-0  el_before_av_one_half  avia-builder-el-first  first flex_column_div av-zero-column-padding '     ><style type=\"text\/css\" data-created_by=\"avia_inline_auto\" id=\"style-css-av-kgf1j3ru-affb30db14faff420c1e46bce4683597\">\n#top .avia-gallery.av-kgf1j3ru-affb30db14faff420c1e46bce4683597 .avia-gallery-thumb a{\nwidth:25%;\n}\n<\/style>\n<div  class='avia-gallery av-kgf1j3ru-affb30db14faff420c1e46bce4683597 avia_animate_when_visible  avia-builder-el-1  avia-builder-el-no-sibling  avia_lazyload avia-gallery-animate avia-gallery-1'  itemprop=\"image\" itemscope=\"itemscope\" itemtype=\"https:\/\/schema.org\/ImageObject\" ><meta itemprop=\"contentURL\" content=\"https:\/\/visitorsa.se\/de\/fischschutz-ofvof\/\"><div class='avia-gallery-thumb'><a href=\"https:\/\/visitorsa.se\/app\/uploads\/2021\/03\/OFVOF-1-1-572x1030.jpg\" data-srcset=\"https:\/\/visitorsa.se\/app\/uploads\/2021\/03\/OFVOF-1-1-572x1030.jpg 572w, https:\/\/visitorsa.se\/app\/uploads\/2021\/03\/OFVOF-1-1-167x300.jpg 167w, https:\/\/visitorsa.se\/app\/uploads\/2021\/03\/OFVOF-1-1-768x1382.jpg 768w, https:\/\/visitorsa.se\/app\/uploads\/2021\/03\/OFVOF-1-1-392x705.jpg 392w, https:\/\/visitorsa.se\/app\/uploads\/2021\/03\/OFVOF-1-1.jpg 800w\" data-sizes=\"(max-width: 572px) 100vw, 572px\" data-rel='gallery-1' data-prev-img='https:\/\/visitorsa.se\/app\/uploads\/2021\/03\/OFVOF-1-1-495x400.jpg' class='first_thumb lightbox ' data-onclick='1' title='OFVOF'  itemprop=\"thumbnailUrl\"  ><img decoding=\"async\" class=\"wp-image-5806 avia-img-lazy-loading-not-5806\"   src=\"https:\/\/visitorsa.se\/app\/uploads\/2021\/03\/OFVOF-1-1-495x400.jpg\" width=\"495\" height=\"400\"  title='OFVOF' alt='Besuchen Sie Orsa' \/><div class='big-prev-fake'><img loading=\"lazy\" decoding=\"async\" class=\"wp-image-5806 avia-img-lazy-loading-5806\"  width=\"495\" height=\"400\" src=\"https:\/\/visitorsa.se\/app\/uploads\/2021\/03\/OFVOF-1-1-495x400.jpg\" title='OFVOF' alt='Besuchen Sie Orsa' \/><\/div><\/a><a href=\"https:\/\/visitorsa.se\/app\/uploads\/2021\/03\/OFVOF-2-441x1030.jpg\" data-srcset=\"https:\/\/visitorsa.se\/app\/uploads\/2021\/03\/OFVOF-2-441x1030.jpg 441w, https:\/\/visitorsa.se\/app\/uploads\/2021\/03\/OFVOF-2-129x300.jpg 129w, https:\/\/visitorsa.se\/app\/uploads\/2021\/03\/OFVOF-2-302x705.jpg 302w, https:\/\/visitorsa.se\/app\/uploads\/2021\/03\/OFVOF-2.jpg 628w\" data-sizes=\"(max-width: 441px) 100vw, 441px\" data-rel='gallery-1' data-prev-img='https:\/\/visitorsa.se\/app\/uploads\/2021\/03\/OFVOF-2-495x400.jpg' class='lightbox ' data-onclick='2' title='OFVOF'  itemprop=\"thumbnailUrl\"  ><img decoding=\"async\" class=\"wp-image-5808 avia-img-lazy-loading-not-5808\"   src=\"https:\/\/visitorsa.se\/app\/uploads\/2021\/03\/OFVOF-2-495x400.jpg\" width=\"495\" height=\"400\"  title='OFVOF' alt='Besuchen Sie Orsa' \/><div class='big-prev-fake'><img loading=\"lazy\" decoding=\"async\" class=\"wp-image-5808 avia-img-lazy-loading-5808\"  width=\"495\" height=\"400\" src=\"https:\/\/visitorsa.se\/app\/uploads\/2021\/03\/OFVOF-2-495x400.jpg\" title='OFVOF' alt='Besuchen Sie Orsa' \/><\/div><\/a><\/div><\/div><\/div>\n<style type=\"text\/css\" data-created_by=\"avia_inline_auto\" id=\"style-css-av-aupcw0-034727ff4178265a807e03e0bbca9dc3\">\n.flex_column.av-aupcw0-034727ff4178265a807e03e0bbca9dc3{\n-webkit-border-radius:0px 0px 0px 0px;\n-moz-border-radius:0px 0px 0px 0px;\nborder-radius:0px 0px 0px 0px;\npadding:0px 0px 0px 0px;\n}\n<\/style>\n<div class='flex_column av-aupcw0-034727ff4178265a807e03e0bbca9dc3 av_one_half  avia-builder-el-2  el_after_av_one_full  el_before_av_one_half  first flex_column_div av-zero-column-padding column-top-margin'     ><section  class='av_textblock_section av-kgf1e6kl-253ba1d13068f8db85f0ad3cf08f701d'  itemscope=\"itemscope\" itemtype=\"https:\/\/schema.org\/CreativeWork\" ><div class='avia_textblock'  itemprop=\"text\" ><h1 class=\"entry-title fusion-responsive-typography-calculated\" data-fontsize=\"24\" data-lineheight=\"normal\">Willkommen im Fischereischutzgebiet Orsa<\/h1>\n<p class=\"entry-title fusion-responsive-typography-calculated\" data-fontsize=\"24\" data-lineheight=\"normal\">\nDie Gemeinde Orsa kann am besten als der Ort in Schweden beschrieben werden, an dem der S\u00fcden auf dramatischste Weise auf den Norden trifft. Aus diesem &#8220;Zusammenprall der Natur&#8221; entsteht eine sp\u00fcrbar abwechslungsreiche und sehr interessante Natur.<\/p>\n<p>Die n\u00f6rdlichen Gebiete, die teilweise aus der legend\u00e4ren Finnmark bestehen, sind von typisch kargem und landschaftlich reizvollem n\u00f6rdlichen Charakter mit tiefen W\u00e4ldern und gro\u00dfen S\u00fcmpfen, w\u00e4hrend die Gebiete hinunter zur Gemeinde selbst hinunter<\/p>\n<p>Orsa erinnert eher an s\u00fcdlichere Gebiete mit seiner kleinen zerbrochenen Agrarlandschaft, offenen Ackerbaufl\u00e4chen und gro\u00dfen Seen.<\/p>\n<p><strong>Diese gro\u00dfe Variation in der Landschaft<\/strong> bedeutet f\u00fcr uns mit einem gro\u00dfen Interesse an der Fischerei, dass dieses Gebiet ein &#8220;Highlight&#8221; ist, weil es eine gro\u00dfe Artenvielfalt und ein interessantes Angebot f\u00fcr verschiedene Fischereispezialisierungen hervorbringt. In den n\u00f6rdlichen Teilen wird eine mehr oder weniger Norrland-\u00e4hnliche Fischerei angeboten, mit Forellen und \u00c4schen, die ebenfalls aus fast nat\u00fcrlichen Best\u00e4nden besteht. Kommt man weiter s\u00fcdlich in die Gemeinde, zeigen sich s\u00fcdliche Merkmale der Fischfauna wie Brassen und Schleien.<\/p>\n<p>In den gro\u00dfen Seen Orsasj\u00f6n und Skattungen, die sehr artenreich sind, kommen sowohl Nord- als auch Vendace in gro\u00dfen Mengen vor, was bedeutet, dass die Nahrungsgrundlage f\u00fcr Arten wie Hecht, Forelle und Barsch sehr gut ist. Das Gebiet verf\u00fcgt auch \u00fcber wertvolle Populationen von gro\u00dfen Wanderforellen, deren Wachstum sich im Orsasee und in Skattungen befindet.<\/p>\n<p>Das Gebiet ist gro\u00df und wenn Sie die Stille und Einsamkeit in Ihrem Angeln w\u00e4hlen m\u00f6chten, sind Sie an der richtigen Stelle, wenn Sie in flie\u00dfenden Gew\u00e4ssern auf nat\u00fcrlichen Best\u00e4nden von Grau- und Forellen in nordl\u00e4ndischer Umgebung fliegenfischen m\u00f6chten, sind Sie an der richtigen Stelle, wenn Sie Trollfische f\u00fcr gro\u00dfe Hechte und Forellen trollen wollen, Sie wollen gro\u00dfe Brassen oder ID aus einem vorbereiteten Angelstadion machen, Sie sind an der richtigen Stelle,  Wenn Sie Fischbarsch auf sicherem Eis \u00fcberwintern m\u00f6chten, sind Sie bei uns genau richtig. Es gibt so viel zu bieten&#8230;&#8230;<\/p>\n<p>Wenn Sie sich beim Angeln unsicher sind oder spezielle W\u00fcnsche haben (Teambildung, Firmen, Kurse, etc.), gibt es M\u00f6glichkeiten f\u00fcr gef\u00fchrte Angeltouren, die von den Unternehmern, die sich im Resort befinden, ma\u00dfgeschneidert werden. Dies kann das kleine Extra sein, das ben\u00f6tigt wird, um beim Angeln erfolgreich zu sein.<\/p>\n<p>F\u00fcr diejenigen unter Ihnen, die aus dem S\u00fcden kommen, bieten wir n\u00f6rdliche Natur (und doch so nah) und f\u00fcr diejenigen unter Ihnen, die aus dem Norden kommen, bieten wir tats\u00e4chlich den ersten Kontakt im Landesinneren mit Arten wie Brassen und Schleien.<\/p>\n<p>Wenn die Familie in den Urlaub f\u00e4hrt und das Angeln mit anderen Aktivit\u00e4ten kombiniert werden soll, ist Orsa optimal! Wir sind der n\u00f6rdliche Teil des Siljan-Gebiets, das landesweit f\u00fcr sein reiches kulturelles und touristisches Angebot bekannt ist (wer kennt den Mittsommer in Dalarna nicht?).<\/p>\n<p>Einen familienfreundlichen Ort gibt es kaum, also landschaftlich reizvoll und so gut erreichbar.<\/p>\n<p>Wir hei\u00dfen Sie herzlich willkommen!<\/p>\n<\/div><\/section><br \/>\n<\/p><\/div>\n<style type=\"text\/css\" data-created_by=\"avia_inline_auto\" id=\"style-css-av-aupcw0-b252b444939f1c6223e79e5b57074446\">\n.flex_column.av-aupcw0-b252b444939f1c6223e79e5b57074446{\n-webkit-border-radius:0px 0px 0px 0px;\n-moz-border-radius:0px 0px 0px 0px;\nborder-radius:0px 0px 0px 0px;\npadding:0px 0px 0px 0px;\n}\n<\/style>\n<div class='flex_column av-aupcw0-b252b444939f1c6223e79e5b57074446 av_one_half  avia-builder-el-5  el_after_av_one_half  avia-builder-el-last  flex_column_div av-zero-column-padding column-top-margin'     ><section  class='av_textblock_section av-kgf1e6kl-253ba1d13068f8db85f0ad3cf08f701d'  itemscope=\"itemscope\" itemtype=\"https:\/\/schema.org\/CreativeWork\" ><div class='avia_textblock'  itemprop=\"text\" ><h2>Kontaktangaben<\/h2>\n<p><strong>Orsa Fisheries Conservation Area Association<\/strong><br \/>\nFiskarnsv\u00e4g 3<br \/>\n794 31 Orsa<\/p>\n<p>Telefon: +46 (0)73-027 03 63<br \/>\nE-Mail-Adresse: anders43454@telia.com<\/p>\n<\/div><\/section><br \/>\n<br \/>\n<div  class='avia-button-wrap avia-button-center  avia-builder-el-8  el_after_av_codeblock  avia-builder-el-last ' >\n<style type=\"text\/css\" data-created_by=\"avia_inline_auto\" id=\"style-css-av-kgf1wc7j-f36d446e7ee74d1b6f67dceb5e47ee93\">\n#top #wrap_all .avia-button.av-kgf1wc7j-f36d446e7ee74d1b6f67dceb5e47ee93{\ncolor:#ffffff;\n-webkit-transition:all 0.4s ease-in-out;\n-moz-transition:all 0.4s ease-in-out;\n-ms-transition:all 0.4s ease-in-out;\n-o-transition:all 0.4s ease-in-out;\ntransition:all 0.4s ease-in-out;\n}\n#top #wrap_all .avia-button.av-kgf1wc7j-f36d446e7ee74d1b6f67dceb5e47ee93:hover{\ncolor:#ffffff;\n-webkit-transition:all 0.4s ease-in-out;\n-moz-transition:all 0.4s ease-in-out;\n-ms-transition:all 0.4s ease-in-out;\n-o-transition:all 0.4s ease-in-out;\ntransition:all 0.4s ease-in-out;\n}\n<\/style>\n<a href='http:\/\/ofvo.nu\/' class='avia-color-theme-color avia-button avia-button-fullwidth av-kgf1wc7j-f36d446e7ee74d1b6f67dceb5e47ee93 avia-icon_select-yes-left-icon avia-color-theme-color' ><span class='avia_button_icon avia_button_icon_left' aria-hidden='true' data-av_icon='\ue832' data-av_iconfont='entypo-fontello'><\/span><span class='avia_iconbox_title' >  Besuchen Sie unsere Website<\/span><span class='avia_button_background avia-button avia-button-fullwidth avia-color-theme-color-highlight'><\/span><\/a><\/div><\/p><\/div><\/p>\n","protected":false},"excerpt":{"rendered":"","protected":false},"author":3,"featured_media":5804,"parent":0,"menu_order":0,"comment_status":"closed","ping_status":"closed","template":"","meta":{"footnotes":""},"categories":[70],"tags":[],"class_list":["post-6606","page","type-page","status-publish","has-post-thumbnail","hentry","category-aktivitaten-in-orsa"],"_links":{"self":[{"href":"https:\/\/visitorsa.se\/de\/wp-json\/wp\/v2\/pages\/6606","targetHints":{"allow":["GET"]}}],"collection":[{"href":"https:\/\/visitorsa.se\/de\/wp-json\/wp\/v2\/pages"}],"about":[{"href":"https:\/\/visitorsa.se\/de\/wp-json\/wp\/v2\/types\/page"}],"author":[{"embeddable":true,"href":"https:\/\/visitorsa.se\/de\/wp-json\/wp\/v2\/users\/3"}],"replies":[{"embeddable":true,"href":"https:\/\/visitorsa.se\/de\/wp-json\/wp\/v2\/comments?post=6606"}],"version-history":[{"count":3,"href":"https:\/\/visitorsa.se\/de\/wp-json\/wp\/v2\/pages\/6606\/revisions"}],"predecessor-version":[{"id":7617,"href":"https:\/\/visitorsa.se\/de\/wp-json\/wp\/v2\/pages\/6606\/revisions\/7617"}],"wp:featuredmedia":[{"embeddable":true,"href":"https:\/\/visitorsa.se\/de\/wp-json\/wp\/v2\/media\/5804"}],"wp:attachment":[{"href":"https:\/\/visitorsa.se\/de\/wp-json\/wp\/v2\/media?parent=6606"}],"wp:term":[{"taxonomy":"category","embeddable":true,"href":"https:\/\/visitorsa.se\/de\/wp-json\/wp\/v2\/categories?post=6606"},{"taxonomy":"post_tag","embeddable":true,"href":"https:\/\/visitorsa.se\/de\/wp-json\/wp\/v2\/tags?post=6606"}],"curies":[{"name":"wp","href":"https:\/\/api.w.org\/{rel}","templated":true}]}}